{"id":264,"date":"2018-01-21T12:18:58","date_gmt":"2018-01-21T11:18:58","guid":{"rendered":"https:\/\/ent2d.ac-bordeaux.fr\/disciplines\/electrotechnique\/?page_id=264"},"modified":"2024-07-24T16:10:36","modified_gmt":"2024-07-24T14:10:36","slug":"outils-numeriques","status":"publish","type":"page","link":"https:\/\/ent2d.ac-bordeaux.fr\/disciplines\/electrotechnique\/outils-numeriques\/","title":{"rendered":"Outils num\u00e9riques"},"content":{"rendered":"<p style=\"text-align: center\"><strong><a href=\"https:\/\/ent2d.ac-bordeaux.fr\/disciplines\/maintenance\/wp-content\/uploads\/sites\/21\/2018\/01\/weintair.png\"><img loading=\"lazy\" decoding=\"async\" class=\"aligncenter size-medium wp-image-371\" src=\"https:\/\/ent2d.ac-bordeaux.fr\/disciplines\/maintenance\/wp-content\/uploads\/sites\/21\/2018\/01\/weintair-300x97.png\" alt=\"\" width=\"300\" height=\"97\" \/><\/a>\u00a0<\/strong><\/p>\n<h4 id=\"yui_3_17_2_1_1516553445529_1012\">\u00a0\u00a0\u00a0\u00a0\u00a0 Cr\u00e9ez des enqu\u00eates et des formulaires en toute simplicit\u00e9<\/h4>\n<p><a href=\"https:\/\/ent2d.ac-bordeaux.fr\/disciplines\/electrotechnique\/wp-content\/uploads\/sites\/20\/2018\/01\/google2bforms.jpg\"><img loading=\"lazy\" decoding=\"async\" class=\"wp-image-356 alignleft\" src=\"https:\/\/ent2d.ac-bordeaux.fr\/disciplines\/electrotechnique\/wp-content\/uploads\/sites\/20\/2018\/01\/google2bforms-300x100.jpg\" alt=\"\" width=\"198\" height=\"66\" srcset=\"https:\/\/ent2d.ac-bordeaux.fr\/disciplines\/electrotechnique\/wp-content\/uploads\/sites\/20\/2018\/01\/google2bforms-300x100.jpg 300w, https:\/\/ent2d.ac-bordeaux.fr\/disciplines\/electrotechnique\/wp-content\/uploads\/sites\/20\/2018\/01\/google2bforms-768x256.jpg 768w, https:\/\/ent2d.ac-bordeaux.fr\/disciplines\/electrotechnique\/wp-content\/uploads\/sites\/20\/2018\/01\/google2bforms-1024x341.jpg 1024w, https:\/\/ent2d.ac-bordeaux.fr\/disciplines\/electrotechnique\/wp-content\/uploads\/sites\/20\/2018\/01\/google2bforms.jpg 1497w\" sizes=\"auto, (max-width: 198px) 100vw, 198px\" \/><\/a><\/p>\n<div id=\"yui_3_17_2_1_1516553445529_1013\" class=\"editor-indent\">\n<h5 id=\"yui_3_17_2_1_1516553445529_1014\"><a id=\"yui_3_17_2_1_1516553445529_1015\" href=\"https:\/\/www.google.com\/intl\/fr_fr\/forms\/about\/\" target=\"_blank\" rel=\"noopener\">\u00a0 Google forms<\/a><\/h5>\n<h5>\u00a0<\/h5>\n<h5 style=\"text-align: center\">&#8212;&#8212;&#8212;&#8212;&#8212;&#8212;&#8212;&#8212;&#8212;&#8212;&#8212;&#8212;&#8212;<\/h5>\n<h5><strong><a href=\"https:\/\/ent2d.ac-bordeaux.fr\/disciplines\/electrotechnique\/wp-content\/uploads\/sites\/20\/2018\/01\/9ae4edc7.plickers-logo.png\"><img loading=\"lazy\" decoding=\"async\" class=\"size-full wp-image-357 alignleft\" src=\"https:\/\/ent2d.ac-bordeaux.fr\/disciplines\/electrotechnique\/wp-content\/uploads\/sites\/20\/2018\/01\/9ae4edc7.plickers-logo.png\" alt=\"\" width=\"127\" height=\"34\" \/><\/a>Plickers <\/strong> est une application multiplateforme permettant d\u2019interroger simultan\u00e9ment et individuellement \u00e0 une m\u00eame question de type ferm\u00e9 ou sondage tous les \u00e9l\u00e8ves d\u2019une classe en utilisant de simples \u00e9tiquettes en papier ou carton. Le traitement des r\u00e9ponses est instantan\u00e9.<\/h5>\n<p>http:\/\/www.cndp.fr\/crdp-dijon\/Evaluer-les-eleves-avec-Plickers.html<\/p>\n<p><a href=\"https:\/\/plickers.com\/\" target=\"_blank\" rel=\"noopener\">\u00a0 Plickers, scrutation imm\u00e9diate<\/a><\/p>\n<\/div>\n<p><iframe loading=\"lazy\" title=\"tutoriel Plickers\" width=\"500\" height=\"281\" src=\"https:\/\/www.youtube.com\/embed\/lJkmDqvM1fA?feature=oembed\" frameborder=\"0\" allow=\"accelerometer; autoplay; clipboard-write; encrypted-media; gyroscope; picture-in-picture; web-share\" referrerpolicy=\"strict-origin-when-cross-origin\" allowfullscreen><\/iframe><\/p>\n<div id=\"yui_3_17_2_1_1516553445529_1013\" class=\"editor-indent\">\n<h5 style=\"text-align: center\">&#8212;&#8212;&#8212;&#8212;&#8212;&#8212;&#8212;&#8212;&#8212;&#8212;&#8212;&#8212;&#8212;<\/h5>\n<h5><b><a href=\"https:\/\/ent2d.ac-bordeaux.fr\/disciplines\/electrotechnique\/wp-content\/uploads\/sites\/20\/2018\/01\/kahhot.jpg\"><img loading=\"lazy\" decoding=\"async\" class=\"wp-image-358 alignleft\" src=\"https:\/\/ent2d.ac-bordeaux.fr\/disciplines\/electrotechnique\/wp-content\/uploads\/sites\/20\/2018\/01\/kahhot-300x169.jpg\" alt=\"\" width=\"188\" height=\"106\" srcset=\"https:\/\/ent2d.ac-bordeaux.fr\/disciplines\/electrotechnique\/wp-content\/uploads\/sites\/20\/2018\/01\/kahhot-300x169.jpg 300w, https:\/\/ent2d.ac-bordeaux.fr\/disciplines\/electrotechnique\/wp-content\/uploads\/sites\/20\/2018\/01\/kahhot-768x432.jpg 768w, https:\/\/ent2d.ac-bordeaux.fr\/disciplines\/electrotechnique\/wp-content\/uploads\/sites\/20\/2018\/01\/kahhot-1024x576.jpg 1024w\" sizes=\"auto, (max-width: 188px) 100vw, 188px\" \/><\/a>Kahoot <\/b>est une application en ligne permettant de g\u00e9n\u00e9rer des QCM interactifs. Ces derniers, utilis\u00e9s en classe sur tablette, iphone ou ordinateur, donnent la possibilit\u00e9 aux \u00e9l\u00e8ves de s\u2019auto-\u00e9valuer, tout en visualisant en direct leur degr\u00e9 de r\u00e9ussite ainsi que celui de leurs camarades. Le syst\u00e8me est apparent\u00e9 \u00e0 celui des boitiers de vote et permet \u00e0 l\u2019enseignant d\u2019\u00e9valuer, pour chaque \u00e9l\u00e8ve, le degr\u00e9 d\u2019acquisition des contenus \u00e9tudi\u00e9s.<\/h5>\n<\/div>\n<h5><a href=\"https:\/\/getkahoot.com\/\" target=\"_blank\" rel=\"noopener\">\u00a0\u00a0\u00a0 KAHOOT, un QCM en ligne<br \/><\/a>\u00a0<a href=\"https:\/\/magistere.education.fr\/ac-bordeaux\/draftfile.php\/3730\/user\/draft\/612822561\/kahoot.pdf\">\u00a0\u00a0\u00a0\u00a0 Utiliser le site Kahoot pour cr\u00e9er des quiz interactifs<\/a><\/h5>\n<p style=\"text-align: center\">&#8212;&#8212;&#8212;&#8212;&#8212;&#8212;&#8212;&#8212;&#8212;&#8212;&#8212;&#8212;&#8212;<\/p>\n<div class=\"editor-indent\">\n<h5><strong><a href=\"https:\/\/ent2d.ac-bordeaux.fr\/disciplines\/electrotechnique\/wp-content\/uploads\/sites\/20\/2018\/01\/weintair.png\"><img loading=\"lazy\" decoding=\"async\" class=\"wp-image-359 alignleft\" src=\"https:\/\/ent2d.ac-bordeaux.fr\/disciplines\/electrotechnique\/wp-content\/uploads\/sites\/20\/2018\/01\/weintair-300x300.png\" alt=\"\" width=\"129\" height=\"129\" srcset=\"https:\/\/ent2d.ac-bordeaux.fr\/disciplines\/electrotechnique\/wp-content\/uploads\/sites\/20\/2018\/01\/weintair-300x300.png 300w, https:\/\/ent2d.ac-bordeaux.fr\/disciplines\/electrotechnique\/wp-content\/uploads\/sites\/20\/2018\/01\/weintair-150x150.png 150w, https:\/\/ent2d.ac-bordeaux.fr\/disciplines\/electrotechnique\/wp-content\/uploads\/sites\/20\/2018\/01\/weintair-768x769.png 768w, https:\/\/ent2d.ac-bordeaux.fr\/disciplines\/electrotechnique\/wp-content\/uploads\/sites\/20\/2018\/01\/weintair.png 826w\" sizes=\"auto, (max-width: 129px) 100vw, 129px\" \/><\/a><a href=\"http:\/\/www.weintair.com\/\" target=\"_blank\" rel=\"noopener\">Weintair<\/a><\/strong> est un outil qui permet au formateur de sonder mais aussi d&rsquo;\u00e9valuer ses apprenants en direct sur des notions abord\u00e9es pendant le cours. C&rsquo;est un outil simple d&rsquo;utilisation qui peut s&rsquo;utiliser sur diff\u00e9rents supports comme un PC, une tablette et un Smartphone. De plus, il ne n\u00e9cessite aucune connexion Internet, il suffit de se connecter sur le r\u00e9seau interne de la salle.<\/h5>\n<\/div>\n<div class=\"editor-indent\">\n<h5>\u00a0<\/h5>\n<h5>\u00a0<\/h5>\n<\/div>\n<div class=\"editor-indent\">\n<h3>\u00a0<\/h3>\n<\/div>\n<p><iframe loading=\"lazy\" title=\"Animer une s\u00e9quence avec weintair\" width=\"500\" height=\"281\" src=\"https:\/\/www.youtube.com\/embed\/HJAMIJ4dTDk?start=141&#038;feature=oembed\" frameborder=\"0\" allow=\"accelerometer; autoplay; clipboard-write; encrypted-media; gyroscope; picture-in-picture; web-share\" referrerpolicy=\"strict-origin-when-cross-origin\" allowfullscreen><\/iframe><\/p>\n<h5 style=\"text-align: center\">\u00a0&#8212;&#8212;&#8212;&#8212;&#8212;&#8212;&#8212;&#8212;&#8212;&#8212;&#8212;&#8212;&#8212;<\/h5>\n<h3><a href=\"https:\/\/genially.com\/fr\/\" target=\"_blank\" rel=\"noopener\"><img loading=\"lazy\" decoding=\"async\" class=\"wp-image-749 alignleft\" src=\"https:\/\/ent2d.ac-bordeaux.fr\/disciplines\/electrotechnique\/wp-content\/uploads\/sites\/20\/2024\/07\/Sans-titre-300x157.jpg\" alt=\"\" width=\"241\" height=\"126\" srcset=\"https:\/\/ent2d.ac-bordeaux.fr\/disciplines\/electrotechnique\/wp-content\/uploads\/sites\/20\/2024\/07\/Sans-titre-300x157.jpg 300w, https:\/\/ent2d.ac-bordeaux.fr\/disciplines\/electrotechnique\/wp-content\/uploads\/sites\/20\/2024\/07\/Sans-titre.jpg 310w\" sizes=\"auto, (max-width: 241px) 100vw, 241px\" \/><\/a> \u00a0\u00a0 \u00a0\u00a0 \u00a0\u00a0 \u00a0\u00a0 \u00a0<a href=\"https:\/\/genially.com\/fr\/\" target=\"_blank\" rel=\"noopener\"><img loading=\"lazy\" decoding=\"async\" class=\"alignnone  wp-image-745\" src=\"https:\/\/ent2d.ac-bordeaux.fr\/disciplines\/electrotechnique\/wp-content\/uploads\/sites\/20\/2024\/07\/Capture-decran-2024-07-24-155630-300x85.png\" alt=\"\" width=\"441\" height=\"125\" srcset=\"https:\/\/ent2d.ac-bordeaux.fr\/disciplines\/electrotechnique\/wp-content\/uploads\/sites\/20\/2024\/07\/Capture-decran-2024-07-24-155630-300x85.png 300w, https:\/\/ent2d.ac-bordeaux.fr\/disciplines\/electrotechnique\/wp-content\/uploads\/sites\/20\/2024\/07\/Capture-decran-2024-07-24-155630-768x218.png 768w, https:\/\/ent2d.ac-bordeaux.fr\/disciplines\/electrotechnique\/wp-content\/uploads\/sites\/20\/2024\/07\/Capture-decran-2024-07-24-155630.png 919w\" sizes=\"auto, (max-width: 441px) 100vw, 441px\" \/><\/a><\/h3>\n\n\n<figure class=\"wp-block-image size-full is-resized\"><a href=\"https:\/\/www.canva.com\/fr_fr\/creer\/infographies\/\"><img loading=\"lazy\" decoding=\"async\" width=\"259\" height=\"194\" src=\"https:\/\/ent2d.ac-bordeaux.fr\/disciplines\/electrotechnique\/wp-content\/uploads\/sites\/20\/2024\/07\/CANVA.jpg\" alt=\"\" class=\"wp-image-755\" style=\"width:283px;height:auto\" \/><\/a><\/figure>\n","protected":false},"excerpt":{"rendered":"<p>\u00a0 \u00a0\u00a0\u00a0\u00a0\u00a0 Cr\u00e9ez des enqu\u00eates et des formulaires en toute simplicit\u00e9 \u00a0 Google forms \u00a0 &#8212;&#8212;&#8212;&#8212;&#8212;&#8212;&#8212;&#8212;&#8212;&#8212;&#8212;&#8212;&#8212; Plickers est une application multiplateforme permettant d\u2019interroger simultan\u00e9ment et individuellement \u00e0 une m\u00eame question de type ferm\u00e9 ou sondage tous les \u00e9l\u00e8ves d\u2019une classe en utilisant de simples \u00e9tiquettes en papier ou carton. Le traitement des r\u00e9ponses est instantan\u00e9. &hellip; <\/p>\n<p><a class=\"more-link block-button\" href=\"https:\/\/ent2d.ac-bordeaux.fr\/disciplines\/electrotechnique\/outils-numeriques\/\">Lire la Suite &raquo;<\/a><\/p>\n","protected":false},"author":95,"featured_media":0,"parent":0,"menu_order":0,"comment_status":"closed","ping_status":"closed","template":"template-onecolumn.php","meta":{"footnotes":""},"class_list":["post-264","page","type-page","status-publish","hentry","nodate"],"_links":{"self":[{"href":"https:\/\/ent2d.ac-bordeaux.fr\/disciplines\/electrotechnique\/wp-json\/wp\/v2\/pages\/264","targetHints":{"allow":["GET"]}}],"collection":[{"href":"https:\/\/ent2d.ac-bordeaux.fr\/disciplines\/electrotechnique\/wp-json\/wp\/v2\/pages"}],"about":[{"href":"https:\/\/ent2d.ac-bordeaux.fr\/disciplines\/electrotechnique\/wp-json\/wp\/v2\/types\/page"}],"author":[{"embeddable":true,"href":"https:\/\/ent2d.ac-bordeaux.fr\/disciplines\/electrotechnique\/wp-json\/wp\/v2\/users\/95"}],"replies":[{"embeddable":true,"href":"https:\/\/ent2d.ac-bordeaux.fr\/disciplines\/electrotechnique\/wp-json\/wp\/v2\/comments?post=264"}],"version-history":[{"count":19,"href":"https:\/\/ent2d.ac-bordeaux.fr\/disciplines\/electrotechnique\/wp-json\/wp\/v2\/pages\/264\/revisions"}],"predecessor-version":[{"id":757,"href":"https:\/\/ent2d.ac-bordeaux.fr\/disciplines\/electrotechnique\/wp-json\/wp\/v2\/pages\/264\/revisions\/757"}],"wp:attachment":[{"href":"https:\/\/ent2d.ac-bordeaux.fr\/disciplines\/electrotechnique\/wp-json\/wp\/v2\/media?parent=264"}],"curies":[{"name":"wp","href":"https:\/\/api.w.org\/{rel}","templated":true}]}}