{"id":189,"date":"2018-01-20T16:12:26","date_gmt":"2018-01-20T15:12:26","guid":{"rendered":"https:\/\/ent2d.ac-bordeaux.fr\/disciplines\/electrotechnique\/?page_id=189"},"modified":"2024-07-24T11:14:31","modified_gmt":"2024-07-24T09:14:31","slug":"les-etablissements-dans-les-landes","status":"publish","type":"page","link":"https:\/\/ent2d.ac-bordeaux.fr\/disciplines\/electrotechnique\/presentation-de-la-filiere\/les-etablissements-dans-les-landes\/","title":{"rendered":"Les \u00e9tablissements dans Les Landes"},"content":{"rendered":"<table width=\"632\">\n<thead>\n<tr>\n<td style=\"text-align: center\" width=\"139\"><strong>\u00c9tablissement<\/strong><\/td>\n<td style=\"text-align: center\" colspan=\"2\" width=\"93\"><strong>Commune<\/strong><\/td>\n<td style=\"text-align: center\" colspan=\"7\" width=\"392\"><strong>Dipl\u00f4mes<\/strong><\/td>\n<\/tr>\n<tr>\n<td style=\"text-align: center\" colspan=\"3\" width=\"234\"><strong>SOUS STATUT SCOLAIRE et\/ou APPRENTISSAGE<br \/>\n<\/strong><\/td>\n<td style=\"text-align: center\" width=\"100\">CAP d\u2019\u00e9lectricien(ne)<\/td>\n<td style=\"text-align: center\" colspan=\"3\" width=\"65\">BAC PRO MELEC<\/td>\n<td style=\"text-align: center\" width=\"102\">BP d\u2019\u00e9lectricien(ne)<\/td>\n<td style=\"text-align: center\" colspan=\"2\" width=\"120\">MC Tech en r\u00e9seau \u00e9lectrique<\/td>\n<\/tr>\n<\/thead>\n<tbody>\n<tr>\n<td colspan=\"2\" width=\"143\"><a href=\"http:\/\/www.onisep.fr\/Ressources\/Univers-Lycee\/Lycees\/Nouvelle-Aquitaine\/Landes\/Lycee-professionnel-Saint-Exupery\">Lyc\u00e9e professionnel Saint-Exup\u00e9ry <\/a><\/td>\n<td width=\"89\">Parentis-en-Born<\/td>\n<td width=\"100\"><\/td>\n<td style=\"text-align: center\" colspan=\"3\" width=\"65\">X<\/td>\n<td width=\"102\"><\/td>\n<td colspan=\"2\" width=\"120\"><\/td>\n<\/tr>\n<tr>\n<td colspan=\"2\" width=\"143\"><a href=\"http:\/\/www.onisep.fr\/Ressources\/Univers-Lycee\/Lycees\/Nouvelle-Aquitaine\/Landes\/Lycee-polyvalent-Gaston-Crampe\">Lyc\u00e9e polyvalent Gaston Crampe <\/a><\/td>\n<td width=\"89\">Aire-sur-l&rsquo;Adour<\/td>\n<td width=\"100\"><\/td>\n<td style=\"text-align: center\" colspan=\"3\" width=\"65\">X<\/td>\n<td width=\"102\"><\/td>\n<td style=\"text-align: center\" colspan=\"2\" width=\"120\">X<\/td>\n<\/tr>\n<tr>\n<td colspan=\"2\" width=\"143\"><a href=\"http:\/\/www.onisep.fr\/Ressources\/Univers-Lycee\/Lycees\/Nouvelle-Aquitaine\/Landes\/Lycee-polyvalent-de-Borda\">Lyc\u00e9e polyvalent de Borda <\/a><\/td>\n<td width=\"89\">Dax<\/td>\n<td width=\"100\"><\/td>\n<td style=\"text-align: center\" colspan=\"3\" width=\"65\">X<\/td>\n<td width=\"102\"><\/td>\n<td colspan=\"2\" width=\"120\"><\/td>\n<\/tr>\n<tr>\n<td colspan=\"2\" width=\"143\"><a href=\"http:\/\/www.onisep.fr\/Ressources\/Univers-Lycee\/Lycees\/Nouvelle-Aquitaine\/Landes\/Lycee-professionnel-prive-Vincent-de-Paul\">Lyc\u00e9e professionnel priv\u00e9 Vincent de Paul <\/a><\/td>\n<td width=\"89\">Saint-Vincent-de-Paul<\/td>\n<td style=\"text-align: center\" width=\"100\">X<\/td>\n<td colspan=\"3\" width=\"65\"><\/td>\n<td width=\"102\"><\/td>\n<td colspan=\"2\" width=\"120\"><\/td>\n<\/tr>\n<tr>\n<td style=\"text-align: center\" colspan=\"3\" width=\"234\"><strong>APPRENTISSAGE<\/strong><\/td>\n<td colspan=\"7\" width=\"392\"><\/td>\n<\/tr>\n<tr>\n<td colspan=\"2\" width=\"143\"><a href=\"http:\/\/www.onisep.fr\/Ressources\/Univers-Lycee\/Lycees\/Nouvelle-Aquitaine\/Landes\/BTP-CFA-des-Landes\">BTP CFA des Landes <\/a><\/td>\n<td width=\"89\">Morcenx<\/td>\n<td style=\"text-align: center\" colspan=\"2\" width=\"105\">X<\/td>\n<td style=\"text-align: center\" width=\"57\">X<\/td>\n<td style=\"text-align: center\" colspan=\"3\" width=\"106\">X<\/td>\n<td width=\"118\"><\/td>\n<\/tr>\n<\/tbody>\n<\/table>\n","protected":false},"excerpt":{"rendered":"<p>\u00c9tablissement Commune Dipl\u00f4mes SOUS STATUT SCOLAIRE et\/ou APPRENTISSAGE CAP d\u2019\u00e9lectricien(ne) BAC PRO MELEC BP d\u2019\u00e9lectricien(ne) MC Tech en r\u00e9seau \u00e9lectrique Lyc\u00e9e professionnel Saint-Exup\u00e9ry Parentis-en-Born X Lyc\u00e9e polyvalent Gaston Crampe Aire-sur-l&rsquo;Adour X X Lyc\u00e9e polyvalent de Borda Dax X Lyc\u00e9e professionnel priv\u00e9 Vincent de Paul Saint-Vincent-de-Paul X APPRENTISSAGE BTP CFA des Landes Morcenx X X X<\/p>\n","protected":false},"author":95,"featured_media":0,"parent":63,"menu_order":0,"comment_status":"closed","ping_status":"closed","template":"","meta":{"footnotes":""},"class_list":["post-189","page","type-page","status-publish","hentry","nodate"],"_links":{"self":[{"href":"https:\/\/ent2d.ac-bordeaux.fr\/disciplines\/electrotechnique\/wp-json\/wp\/v2\/pages\/189","targetHints":{"allow":["GET"]}}],"collection":[{"href":"https:\/\/ent2d.ac-bordeaux.fr\/disciplines\/electrotechnique\/wp-json\/wp\/v2\/pages"}],"about":[{"href":"https:\/\/ent2d.ac-bordeaux.fr\/disciplines\/electrotechnique\/wp-json\/wp\/v2\/types\/page"}],"author":[{"embeddable":true,"href":"https:\/\/ent2d.ac-bordeaux.fr\/disciplines\/electrotechnique\/wp-json\/wp\/v2\/users\/95"}],"replies":[{"embeddable":true,"href":"https:\/\/ent2d.ac-bordeaux.fr\/disciplines\/electrotechnique\/wp-json\/wp\/v2\/comments?post=189"}],"version-history":[{"count":8,"href":"https:\/\/ent2d.ac-bordeaux.fr\/disciplines\/electrotechnique\/wp-json\/wp\/v2\/pages\/189\/revisions"}],"predecessor-version":[{"id":636,"href":"https:\/\/ent2d.ac-bordeaux.fr\/disciplines\/electrotechnique\/wp-json\/wp\/v2\/pages\/189\/revisions\/636"}],"up":[{"embeddable":true,"href":"https:\/\/ent2d.ac-bordeaux.fr\/disciplines\/electrotechnique\/wp-json\/wp\/v2\/pages\/63"}],"wp:attachment":[{"href":"https:\/\/ent2d.ac-bordeaux.fr\/disciplines\/electrotechnique\/wp-json\/wp\/v2\/media?parent=189"}],"curies":[{"name":"wp","href":"https:\/\/api.w.org\/{rel}","templated":true}]}}