{"id":185,"date":"2018-01-20T16:08:38","date_gmt":"2018-01-20T15:08:38","guid":{"rendered":"https:\/\/ent2d.ac-bordeaux.fr\/disciplines\/electrotechnique\/?page_id=185"},"modified":"2024-07-24T11:14:57","modified_gmt":"2024-07-24T09:14:57","slug":"les-etablissements-de-formation-dans-le-lot-et-garonne","status":"publish","type":"page","link":"https:\/\/ent2d.ac-bordeaux.fr\/disciplines\/electrotechnique\/presentation-de-la-filiere\/les-etablissements-de-formation-dans-le-lot-et-garonne\/","title":{"rendered":"Les \u00e9tablissements dans le Lot et Garonne"},"content":{"rendered":"<table width=\"632\">\n<thead>\n<tr>\n<td style=\"text-align: center\" width=\"140\"><strong>\u00c9tablissement<\/strong><\/td>\n<td style=\"text-align: center\" colspan=\"2\" width=\"92\"><strong>Commune<\/strong><\/td>\n<td style=\"text-align: center\" colspan=\"5\" width=\"392\"><strong>Dipl\u00f4mes<\/strong><\/td>\n<\/tr>\n<tr>\n<td style=\"text-align: center\" colspan=\"3\" width=\"234\"><strong>SOUS STATUT SCOLAIRE et\/ou APPRENTISSAGE<br \/>\n<\/strong><\/td>\n<td style=\"text-align: center\" width=\"97\">CAP d\u2019\u00e9lectricien(ne)<\/td>\n<td style=\"text-align: center\" width=\"67\">BAC PRO MELEC<\/td>\n<td style=\"text-align: center\" width=\"102\">BP d\u2019\u00e9lectricien(ne)<\/td>\n<td style=\"text-align: center\" colspan=\"2\" width=\"120\">MC T \u00c9nergies renouvelables<\/td>\n<\/tr>\n<\/thead>\n<tbody>\n<tr>\n<td colspan=\"2\" width=\"143\"><a href=\"http:\/\/www.onisep.fr\/Ressources\/Univers-Lycee\/Lycees\/Nouvelle-Aquitaine\/Lot-et-Garonne\/Lycee-polyvalent-Georges-Leygues-Louis-Couffignal2\">Lyc\u00e9e polyvalent Georges Leygues &#8211; Louis Couffignal <\/a><\/td>\n<td width=\"89\">Villeneuve-sur-Lot<\/td>\n<td style=\"text-align: center\" width=\"97\">X<\/td>\n<td width=\"67\"><\/td>\n<td colspan=\"2\" width=\"104\"><\/td>\n<td width=\"118\"><\/td>\n<\/tr>\n<tr>\n<td colspan=\"2\" width=\"143\"><a href=\"http:\/\/www.onisep.fr\/Ressources\/Univers-Lycee\/Lycees\/Nouvelle-Aquitaine\/Lot-et-Garonne\/Lycee-professionnel-Benoit-d-Azy\">Lyc\u00e9e professionnel Beno\u00eet d&rsquo;Azy <\/a><\/td>\n<td width=\"89\">Fumel<\/td>\n<td width=\"97\"><\/td>\n<td style=\"text-align: center\" width=\"67\">X<\/td>\n<td colspan=\"2\" width=\"104\"><\/td>\n<td width=\"118\"><\/td>\n<\/tr>\n<tr>\n<td colspan=\"2\" width=\"143\"><a href=\"http:\/\/www.onisep.fr\/Ressources\/Univers-Lycee\/Lycees\/Nouvelle-Aquitaine\/Lot-et-Garonne\/Lycee-professionnel-Jean-Monnet\">Lyc\u00e9e professionnel Jean Monnet <\/a><\/td>\n<td width=\"89\">Foulayronnes<\/td>\n<td width=\"97\"><\/td>\n<td style=\"text-align: center\" width=\"67\">X<\/td>\n<td colspan=\"2\" width=\"104\"><\/td>\n<td width=\"118\"><\/td>\n<\/tr>\n<tr>\n<td style=\"text-align: center\" colspan=\"3\" width=\"234\"><strong>APPRENTISSAGE<\/strong><\/td>\n<td colspan=\"5\" width=\"392\"><\/td>\n<\/tr>\n<tr>\n<td colspan=\"2\" width=\"143\"><a href=\"http:\/\/www.onisep.fr\/Ressources\/Univers-Lycee\/Lycees\/Nouvelle-Aquitaine\/Lot-et-Garonne\/BTP-CFA-du-Lot-et-Garonne\">BTP CFA du Lot-et-Garonne <\/a><\/td>\n<td width=\"89\">Agen<\/td>\n<td style=\"text-align: center\" width=\"97\">X<\/td>\n<td width=\"67\"><\/td>\n<td colspan=\"2\" width=\"104\"><\/td>\n<td width=\"118\"><\/td>\n<\/tr>\n<\/tbody>\n<\/table>\n","protected":false},"excerpt":{"rendered":"<p>\u00c9tablissement Commune Dipl\u00f4mes SOUS STATUT SCOLAIRE et\/ou APPRENTISSAGE CAP d\u2019\u00e9lectricien(ne) BAC PRO MELEC BP d\u2019\u00e9lectricien(ne) MC T \u00c9nergies renouvelables Lyc\u00e9e polyvalent Georges Leygues &#8211; Louis Couffignal Villeneuve-sur-Lot X Lyc\u00e9e professionnel Beno\u00eet d&rsquo;Azy Fumel X Lyc\u00e9e professionnel Jean Monnet Foulayronnes X APPRENTISSAGE BTP CFA du Lot-et-Garonne Agen X<\/p>\n","protected":false},"author":95,"featured_media":0,"parent":63,"menu_order":2,"comment_status":"closed","ping_status":"closed","template":"","meta":{"footnotes":""},"class_list":["post-185","page","type-page","status-publish","hentry","nodate"],"_links":{"self":[{"href":"https:\/\/ent2d.ac-bordeaux.fr\/disciplines\/electrotechnique\/wp-json\/wp\/v2\/pages\/185","targetHints":{"allow":["GET"]}}],"collection":[{"href":"https:\/\/ent2d.ac-bordeaux.fr\/disciplines\/electrotechnique\/wp-json\/wp\/v2\/pages"}],"about":[{"href":"https:\/\/ent2d.ac-bordeaux.fr\/disciplines\/electrotechnique\/wp-json\/wp\/v2\/types\/page"}],"author":[{"embeddable":true,"href":"https:\/\/ent2d.ac-bordeaux.fr\/disciplines\/electrotechnique\/wp-json\/wp\/v2\/users\/95"}],"replies":[{"embeddable":true,"href":"https:\/\/ent2d.ac-bordeaux.fr\/disciplines\/electrotechnique\/wp-json\/wp\/v2\/comments?post=185"}],"version-history":[{"count":7,"href":"https:\/\/ent2d.ac-bordeaux.fr\/disciplines\/electrotechnique\/wp-json\/wp\/v2\/pages\/185\/revisions"}],"predecessor-version":[{"id":637,"href":"https:\/\/ent2d.ac-bordeaux.fr\/disciplines\/electrotechnique\/wp-json\/wp\/v2\/pages\/185\/revisions\/637"}],"up":[{"embeddable":true,"href":"https:\/\/ent2d.ac-bordeaux.fr\/disciplines\/electrotechnique\/wp-json\/wp\/v2\/pages\/63"}],"wp:attachment":[{"href":"https:\/\/ent2d.ac-bordeaux.fr\/disciplines\/electrotechnique\/wp-json\/wp\/v2\/media?parent=185"}],"curies":[{"name":"wp","href":"https:\/\/api.w.org\/{rel}","templated":true}]}}