{"id":181,"date":"2018-01-19T00:15:12","date_gmt":"2018-01-18T23:15:12","guid":{"rendered":"https:\/\/ent2d.ac-bordeaux.fr\/disciplines\/electrotechnique\/?page_id=181"},"modified":"2024-07-24T11:12:30","modified_gmt":"2024-07-24T09:12:30","slug":"les-etablissements-de-formation-en-gironde","status":"publish","type":"page","link":"https:\/\/ent2d.ac-bordeaux.fr\/disciplines\/electrotechnique\/presentation-de-la-filiere\/les-etablissements-de-formation-en-gironde\/","title":{"rendered":"Les \u00e9tablissements en Gironde"},"content":{"rendered":"<table width=\"632\">\n<thead>\n<tr>\n<td width=\"141\">\n<p style=\"text-align: center\"><strong>\u00c9tablissement<\/strong><\/p>\n<\/td>\n<td style=\"text-align: center\" colspan=\"2\" width=\"86\"><strong>Commune<\/strong><\/td>\n<td style=\"text-align: center\" colspan=\"4\" width=\"397\"><strong>Dipl\u00f4mes<\/strong><\/td>\n<\/tr>\n<tr>\n<td style=\"text-align: center\" colspan=\"3\" width=\"229\"><strong>SOUS STATUT SCOLAIRE et\/ou APPRENTISSAGE<br \/>\n<\/strong><\/td>\n<td width=\"104\">\n<p style=\"text-align: center\">CAP d\u2019\u00e9lectricien(ne)<\/p>\n<\/td>\n<td width=\"66\">\n<p style=\"text-align: center\">BAC PRO MELEC<\/p>\n<\/td>\n<td width=\"102\">\n<p style=\"text-align: center\">BP d\u2019\u00e9lectricien(ne)<\/p>\n<\/td>\n<td width=\"120\">\n<p style=\"text-align: center\">MC T \u00c9nergies renouvelables<\/p>\n<\/td>\n<\/tr>\n<\/thead>\n<tbody>\n<tr>\n<td colspan=\"2\" width=\"144\"><a href=\"http:\/\/www.onisep.fr\/Ressources\/Univers-Lycee\/Lycees\/Nouvelle-Aquitaine\/Gironde\/Lycee-professionnel-Jacques-Brel\">Lyc\u00e9e professionnel Jacques Brel <\/a><\/td>\n<td width=\"83\">Lormont<\/td>\n<td style=\"text-align: center\" width=\"104\">X<\/td>\n<td style=\"text-align: center\" width=\"66\">X<\/td>\n<td width=\"102\"><\/td>\n<td width=\"120\"><\/td>\n<\/tr>\n<tr>\n<td colspan=\"2\" width=\"144\"><a href=\"http:\/\/www.onisep.fr\/Ressources\/Univers-Lycee\/Lycees\/Nouvelle-Aquitaine\/Gironde\/Lycee-professionnel-Charles-Peguy\">Lyc\u00e9e professionnel Charles P\u00e9guy <\/a><\/td>\n<td width=\"83\">Eysines<\/td>\n<td style=\"text-align: center\" width=\"104\">X<\/td>\n<td style=\"text-align: center\" width=\"66\">X<\/td>\n<td width=\"102\"><\/td>\n<td style=\"text-align: center\" width=\"120\">X<\/td>\n<\/tr>\n<tr>\n<td colspan=\"2\" width=\"144\"><a href=\"http:\/\/www.onisep.fr\/Ressources\/Univers-Lycee\/Lycees\/Nouvelle-Aquitaine\/Gironde\/Lycee-professionnel-Philadelphe-de-Gerde\">Lyc\u00e9e professionnel Philadelphe de Gerde <\/a><\/td>\n<td width=\"83\">Pessac<\/td>\n<td style=\"text-align: center\" width=\"104\">X<\/td>\n<td style=\"text-align: center\" width=\"66\">X<\/td>\n<td width=\"102\"><\/td>\n<td width=\"120\"><\/td>\n<\/tr>\n<tr>\n<td colspan=\"2\" width=\"144\"><a href=\"http:\/\/www.onisep.fr\/Ressources\/Univers-Lycee\/Lycees\/Nouvelle-Aquitaine\/Gironde\/Lycee-professionnel-Philippe-Cousteau\">Lyc\u00e9e professionnel Philippe Cousteau <\/a><\/td>\n<td width=\"83\">Saint-Andr\u00e9-de-Cubzac<\/td>\n<td style=\"text-align: center\" width=\"104\">X<\/td>\n<td style=\"text-align: center\" width=\"66\">X<\/td>\n<td width=\"102\"><\/td>\n<td width=\"120\"><\/td>\n<\/tr>\n<tr>\n<td colspan=\"2\" width=\"144\"><a href=\"http:\/\/www.onisep.fr\/Ressources\/Univers-Lycee\/Lycees\/Nouvelle-Aquitaine\/Gironde\/Lycee-professionnel-Tregey-Rive-de-Garonne\">Lyc\u00e9e professionnel Tr\u00e9gey Rive de Garonne <\/a><\/td>\n<td width=\"83\">Bordeaux<\/td>\n<td style=\"text-align: center\" width=\"104\">X<\/td>\n<td style=\"text-align: center\" width=\"66\">X<\/td>\n<td width=\"102\"><\/td>\n<td width=\"120\"><\/td>\n<\/tr>\n<tr>\n<td colspan=\"2\" width=\"144\"><a href=\"http:\/\/www.onisep.fr\/Ressources\/Univers-Lycee\/Lycees\/Nouvelle-Aquitaine\/Gironde\/Lycee-des-metiers-Condorcet\">Lyc\u00e9e des m\u00e9tiers Condorcet <\/a><\/td>\n<td width=\"83\">Arcachon<\/td>\n<td width=\"104\"><\/td>\n<td style=\"text-align: center\" width=\"66\">X<\/td>\n<td width=\"102\"><\/td>\n<td width=\"120\"><\/td>\n<\/tr>\n<tr>\n<td colspan=\"2\" width=\"144\"><a href=\"http:\/\/www.onisep.fr\/Ressources\/Univers-Lycee\/Lycees\/Nouvelle-Aquitaine\/Gironde\/Lycee-professionnel-Marcel-Dassault\">Lyc\u00e9e professionnel Marcel Dassault <\/a><\/td>\n<td width=\"83\">M\u00e9rignac<\/td>\n<td width=\"104\"><\/td>\n<td style=\"text-align: center\" width=\"66\">X<\/td>\n<td width=\"102\"><\/td>\n<td width=\"120\"><\/td>\n<\/tr>\n<tr>\n<td colspan=\"2\" width=\"144\"><a href=\"http:\/\/www.onisep.fr\/Ressources\/Univers-Lycee\/Lycees\/Nouvelle-Aquitaine\/Gironde\/Lycee-polyvalent-Gustave-Eiffel\">Lyc\u00e9e polyvalent Gustave Eiffel <\/a><\/td>\n<td width=\"83\">Bordeaux<\/td>\n<td width=\"104\"><\/td>\n<td style=\"text-align: center\" width=\"66\">X<\/td>\n<td width=\"102\"><\/td>\n<td width=\"120\"><\/td>\n<\/tr>\n<tr>\n<td colspan=\"2\" width=\"144\"><a href=\"http:\/\/www.onisep.fr\/Ressources\/Univers-Lycee\/Lycees\/Nouvelle-Aquitaine\/Gironde\/Lycee-polyvalent-Jean-Monnet\">Lyc\u00e9e polyvalent Jean Monnet <\/a><\/td>\n<td width=\"83\">Libourne<\/td>\n<td width=\"104\"><\/td>\n<td style=\"text-align: center\" width=\"66\">X<\/td>\n<td width=\"102\"><\/td>\n<td width=\"120\"><\/td>\n<\/tr>\n<tr>\n<td colspan=\"2\" width=\"144\"><a href=\"http:\/\/www.onisep.fr\/Ressources\/Univers-Lycee\/Lycees\/Nouvelle-Aquitaine\/Gironde\/Lycee-professionnel-Sud-Gironde\">Lyc\u00e9e professionnel Sud Gironde <\/a><\/td>\n<td width=\"83\">Langon<\/td>\n<td width=\"104\"><\/td>\n<td style=\"text-align: center\" width=\"66\">X<\/td>\n<td width=\"102\"><\/td>\n<td width=\"120\"><\/td>\n<\/tr>\n<tr>\n<td colspan=\"2\" width=\"144\"><a href=\"http:\/\/www.onisep.fr\/Ressources\/Univers-Lycee\/Lycees\/Nouvelle-Aquitaine\/Gironde\/Lycee-professionnel-prive-Sainte-Famille-Saintonge\">Lyc\u00e9e professionnel priv\u00e9 Sainte-Famille Saintonge <\/a><\/td>\n<td width=\"83\">Bordeaux<\/td>\n<td width=\"104\"><\/td>\n<td style=\"text-align: center\" width=\"66\">X<\/td>\n<td width=\"102\"><\/td>\n<td width=\"120\"><\/td>\n<\/tr>\n<tr>\n<td colspan=\"2\" width=\"144\"><a href=\"http:\/\/www.onisep.fr\/Ressources\/Univers-Lycee\/Lycees\/Nouvelle-Aquitaine\/Gironde\/Lycee-professionnel-Saint-Genes-La-Salle\">Lyc\u00e9e professionnel priv\u00e9 Saint-Gen\u00e8s La Salle <\/a><\/td>\n<td width=\"83\">Bordeaux<\/td>\n<td style=\"text-align: center\" width=\"104\">X<\/td>\n<td width=\"66\"><\/td>\n<td width=\"102\"><\/td>\n<td width=\"120\"><\/td>\n<\/tr>\n<tr>\n<td style=\"text-align: center\" colspan=\"3\" width=\"229\"><strong>APPRENTISSAGE<\/strong><\/td>\n<td colspan=\"4\" width=\"397\"><\/td>\n<\/tr>\n<tr>\n<td colspan=\"2\" width=\"144\"><a href=\"http:\/\/www.onisep.fr\/Ressources\/Univers-Lycee\/Lycees\/Nouvelle-Aquitaine\/Gironde\/CFA-du-lycee-Gustave-Eiffel\">CFA du lyc\u00e9e Gustave Eiffel <\/a><\/td>\n<td width=\"83\">Bordeaux<\/td>\n<td style=\"text-align: center\" width=\"104\">X<\/td>\n<td style=\"text-align: center\" width=\"66\">X<\/td>\n<td style=\"text-align: center\" width=\"102\">X<\/td>\n<td width=\"120\"><\/td>\n<\/tr>\n<tr>\n<td colspan=\"2\" width=\"144\"><a href=\"http:\/\/www.onisep.fr\/Ressources\/Univers-Lycee\/Lycees\/Nouvelle-Aquitaine\/Gironde\/CFA-des-Compagnons-du-Devoir-et-du-Tour-de-France2\">CFA des Compagnons du Devoir et du Tour de France <\/a><\/td>\n<td width=\"83\">Bordeaux<\/td>\n<td style=\"text-align: center\" width=\"104\">X<\/td>\n<td style=\"text-align: center\" width=\"66\">X<\/td>\n<td width=\"102\"><\/td>\n<td width=\"120\"><\/td>\n<\/tr>\n<\/tbody>\n<\/table>\n","protected":false},"excerpt":{"rendered":"<p>\u00c9tablissement Commune Dipl\u00f4mes SOUS STATUT SCOLAIRE et\/ou APPRENTISSAGE CAP d\u2019\u00e9lectricien(ne) BAC PRO MELEC BP d\u2019\u00e9lectricien(ne) MC T \u00c9nergies renouvelables Lyc\u00e9e professionnel Jacques Brel Lormont X X Lyc\u00e9e professionnel Charles P\u00e9guy Eysines X X X Lyc\u00e9e professionnel Philadelphe de Gerde Pessac X X Lyc\u00e9e professionnel Philippe Cousteau Saint-Andr\u00e9-de-Cubzac X X Lyc\u00e9e professionnel Tr\u00e9gey Rive de Garonne &hellip; <\/p>\n<p><a class=\"more-link block-button\" href=\"https:\/\/ent2d.ac-bordeaux.fr\/disciplines\/electrotechnique\/presentation-de-la-filiere\/les-etablissements-de-formation-en-gironde\/\">Lire la Suite &raquo;<\/a><\/p>\n","protected":false},"author":95,"featured_media":0,"parent":63,"menu_order":0,"comment_status":"closed","ping_status":"closed","template":"","meta":{"footnotes":""},"class_list":["post-181","page","type-page","status-publish","hentry","nodate"],"_links":{"self":[{"href":"https:\/\/ent2d.ac-bordeaux.fr\/disciplines\/electrotechnique\/wp-json\/wp\/v2\/pages\/181","targetHints":{"allow":["GET"]}}],"collection":[{"href":"https:\/\/ent2d.ac-bordeaux.fr\/disciplines\/electrotechnique\/wp-json\/wp\/v2\/pages"}],"about":[{"href":"https:\/\/ent2d.ac-bordeaux.fr\/disciplines\/electrotechnique\/wp-json\/wp\/v2\/types\/page"}],"author":[{"embeddable":true,"href":"https:\/\/ent2d.ac-bordeaux.fr\/disciplines\/electrotechnique\/wp-json\/wp\/v2\/users\/95"}],"replies":[{"embeddable":true,"href":"https:\/\/ent2d.ac-bordeaux.fr\/disciplines\/electrotechnique\/wp-json\/wp\/v2\/comments?post=181"}],"version-history":[{"count":6,"href":"https:\/\/ent2d.ac-bordeaux.fr\/disciplines\/electrotechnique\/wp-json\/wp\/v2\/pages\/181\/revisions"}],"predecessor-version":[{"id":634,"href":"https:\/\/ent2d.ac-bordeaux.fr\/disciplines\/electrotechnique\/wp-json\/wp\/v2\/pages\/181\/revisions\/634"}],"up":[{"embeddable":true,"href":"https:\/\/ent2d.ac-bordeaux.fr\/disciplines\/electrotechnique\/wp-json\/wp\/v2\/pages\/63"}],"wp:attachment":[{"href":"https:\/\/ent2d.ac-bordeaux.fr\/disciplines\/electrotechnique\/wp-json\/wp\/v2\/media?parent=181"}],"curies":[{"name":"wp","href":"https:\/\/api.w.org\/{rel}","templated":true}]}}