{"id":161,"date":"2018-01-18T18:29:17","date_gmt":"2018-01-18T17:29:17","guid":{"rendered":"https:\/\/ent2d.ac-bordeaux.fr\/disciplines\/electrotechnique\/?page_id=161"},"modified":"2018-01-18T18:44:18","modified_gmt":"2018-01-18T17:44:18","slug":"decouverte-des-metiers","status":"publish","type":"page","link":"https:\/\/ent2d.ac-bordeaux.fr\/disciplines\/electrotechnique\/orientation\/decouverte-des-metiers\/","title":{"rendered":"D\u00e9couverte des m\u00e9tiers et des formations"},"content":{"rendered":"<h3 class=\"r\"><a href=\"https:\/\/oniseptv.onisep.fr\/video\/bac-pro-metiers-de-l-electricite-et-de-ses-environnements-connectes\">Onisep TV : La Web TV sur les m\u00e9tiers et les formations<\/a><\/h3>\n<h4 class=\"navHorizontal\"><span id=\"ctl00_cphContentLeft_ViewRubrique1_lblRubriqueContent\"><span class=\"st\">Plate-forme vid\u00e9o de l&rsquo;<em>Onisep<\/em>, films sur les m\u00e9tiers, les formations, reportages, t\u00e9moignages de professionnels et d&rsquo;\u00e9l\u00e8ves au travail et en cours d&rsquo;\u00e9tudes.<\/span><\/span><\/h4>\n<ul>\n<li>Fiche dipl\u00f4me CAP d&rsquo;\u00e9lectricien<\/li>\n<li><a href=\"http:\/\/www.onisep.fr\/Ressources\/Univers-Formation\/Formations\/Lycees\/Bac-pro-Metiers-de-l-electricite-et-de-ses-environnements-connectes\">Fiche dipl\u00f4me bac pro MELEC<\/a><\/li>\n<li><a href=\"http:\/\/www.onisep.fr\/Ressources\/Univers-Formation\/Formations\/Lycees\/BP-Electricien-ne\">Fiche dipl\u00f4me BP d&rsquo;\u00e9lectricien<\/a><\/li>\n<li><a href=\"http:\/\/www.onisep.fr\/Ressources\/Univers-Formation\/Formations\/Post-bac\/MC-Technicien-en-energies-renouvelables-option-A-energie-electrique\">Fiche dipl\u00f4me MC technicien en \u00e9nergies renouvelables option A : \u00e9nergie \u00e9lectrique<\/a><\/li>\n<\/ul>\n","protected":false},"excerpt":{"rendered":"<p>Onisep TV : La Web TV sur les m\u00e9tiers et les formations Plate-forme vid\u00e9o de l&rsquo;Onisep, films sur les m\u00e9tiers, les formations, reportages, t\u00e9moignages de professionnels et d&rsquo;\u00e9l\u00e8ves au travail et en cours d&rsquo;\u00e9tudes. Fiche dipl\u00f4me CAP d&rsquo;\u00e9lectricien Fiche dipl\u00f4me bac pro MELEC Fiche dipl\u00f4me BP d&rsquo;\u00e9lectricien Fiche dipl\u00f4me MC technicien en \u00e9nergies renouvelables option &hellip; <\/p>\n<p><a class=\"more-link block-button\" href=\"https:\/\/ent2d.ac-bordeaux.fr\/disciplines\/electrotechnique\/orientation\/decouverte-des-metiers\/\">Lire la Suite &raquo;<\/a><\/p>\n","protected":false},"author":95,"featured_media":0,"parent":66,"menu_order":0,"comment_status":"closed","ping_status":"closed","template":"","meta":{"footnotes":""},"class_list":["post-161","page","type-page","status-publish","hentry","nodate"],"_links":{"self":[{"href":"https:\/\/ent2d.ac-bordeaux.fr\/disciplines\/electrotechnique\/wp-json\/wp\/v2\/pages\/161","targetHints":{"allow":["GET"]}}],"collection":[{"href":"https:\/\/ent2d.ac-bordeaux.fr\/disciplines\/electrotechnique\/wp-json\/wp\/v2\/pages"}],"about":[{"href":"https:\/\/ent2d.ac-bordeaux.fr\/disciplines\/electrotechnique\/wp-json\/wp\/v2\/types\/page"}],"author":[{"embeddable":true,"href":"https:\/\/ent2d.ac-bordeaux.fr\/disciplines\/electrotechnique\/wp-json\/wp\/v2\/users\/95"}],"replies":[{"embeddable":true,"href":"https:\/\/ent2d.ac-bordeaux.fr\/disciplines\/electrotechnique\/wp-json\/wp\/v2\/comments?post=161"}],"version-history":[{"count":8,"href":"https:\/\/ent2d.ac-bordeaux.fr\/disciplines\/electrotechnique\/wp-json\/wp\/v2\/pages\/161\/revisions"}],"predecessor-version":[{"id":169,"href":"https:\/\/ent2d.ac-bordeaux.fr\/disciplines\/electrotechnique\/wp-json\/wp\/v2\/pages\/161\/revisions\/169"}],"up":[{"embeddable":true,"href":"https:\/\/ent2d.ac-bordeaux.fr\/disciplines\/electrotechnique\/wp-json\/wp\/v2\/pages\/66"}],"wp:attachment":[{"href":"https:\/\/ent2d.ac-bordeaux.fr\/disciplines\/electrotechnique\/wp-json\/wp\/v2\/media?parent=161"}],"curies":[{"name":"wp","href":"https:\/\/api.w.org\/{rel}","templated":true}]}}