{"id":102,"date":"2017-07-10T15:15:21","date_gmt":"2017-07-10T13:15:21","guid":{"rendered":"https:\/\/ent2d.ac-bordeaux.fr\/disciplines\/electrotechnique\/?page_id=102"},"modified":"2024-07-24T11:06:42","modified_gmt":"2024-07-24T09:06:42","slug":"mc-ter","status":"publish","type":"page","link":"https:\/\/ent2d.ac-bordeaux.fr\/disciplines\/electrotechnique\/mc-ter\/","title":{"rendered":"MC (certificat de sp\u00e9cialisation) TECHNICIEN EN \u00c9NERGIES RENOUVELABLES"},"content":{"rendered":"<h4><img loading=\"lazy\" decoding=\"async\" class=\"wp-image-241 alignleft\" src=\"https:\/\/ent2d.ac-bordeaux.fr\/disciplines\/electrotechnique\/wp-content\/uploads\/sites\/20\/2018\/01\/2305-energie-champ-eoliennes-300x200.jpg\" alt=\"\" width=\"217\" height=\"144\" srcset=\"https:\/\/ent2d.ac-bordeaux.fr\/disciplines\/electrotechnique\/wp-content\/uploads\/sites\/20\/2018\/01\/2305-energie-champ-eoliennes-300x200.jpg 300w, https:\/\/ent2d.ac-bordeaux.fr\/disciplines\/electrotechnique\/wp-content\/uploads\/sites\/20\/2018\/01\/2305-energie-champ-eoliennes.jpg 600w\" sizes=\"auto, (max-width: 217px) 100vw, 217px\" \/><img loading=\"lazy\" decoding=\"async\" class=\"aligncenter wp-image-242\" src=\"https:\/\/ent2d.ac-bordeaux.fr\/disciplines\/electrotechnique\/wp-content\/uploads\/sites\/20\/2018\/01\/PV.jpg\" alt=\"\" width=\"249\" height=\"145\" \/><\/h4>\n<h4><span style=\"font-family: 'Arial',sans-serif;font-style: normal\">Le titulaire de ce dipl\u00f4me est un \u00e9lectricien ou un climaticien sp\u00e9cialis\u00e9 dans la mise en \u0153uvre d&rsquo;\u00e9quipements fonctionnant avec des \u00e9nergies renouvelables et permettant d&rsquo;am\u00e9liorer l&rsquo;efficacit\u00e9 \u00e9nerg\u00e9tique des b\u00e2timents. Ce technicien est capable d&rsquo;identifier les besoins du client, de v\u00e9rifier les faisabilit\u00e9s de l&rsquo;installation dimensionn\u00e9e par le bureau d&rsquo;\u00e9tude, de r\u00e9partir les activit\u00e9s au sein d&rsquo;une petite \u00e9quipe et assurer l&rsquo;interface avec les autres corps d&rsquo;\u00e9tat, d&rsquo;installer les \u00e9quipements, de raccorder l&rsquo;installation aux r\u00e9seaux, de faire les r\u00e9glages, les tests n\u00e9cessaires et la mise en service de l&rsquo;installation, de pr\u00e9senter le fonctionnement et l&rsquo;utilisation de l&rsquo;installation au client, d&rsquo;assurer la maintenance pr\u00e9ventive et correctrice de l&rsquo;installation.<\/span><\/h4>\n<h3><a href=\"http:\/\/eduscol.education.fr\/sti\/formations\/formations-mention-complementaire\/mention-complementaire-technicien-en-energies#presentation\"><strong>\u21d2 Pr\u00e9sentation, ressources, concours et examens<\/strong><\/a><\/h3>\n<h4><a href=\"http:\/\/eduscol.education.fr\/sti\/textes\/referentiel-mention-complementaire-technicien-en-energie-renouvelable\"><strong>\u21d2 R\u00e9f\u00e9rentiel du dipl\u00f4me<\/strong><\/a><\/h4>\n<h4><strong>Les \u00e9tablissements dans l&rsquo;acad\u00e9mie de Bordeaux :<\/strong><\/h4>\n<h4><strong>MC Technicien en \u00e9nergies renouvelables option A : \u00e9nergie \u00e9lectrique<\/strong><\/h4>\n<p>Statut de l&rsquo;\u00e9tablissement : public &#8211; Sous statut scolaire et apprentissage<\/p>\n<h4>Lyc\u00e9e professionnel Charles PEGUY &#8211; Eysines<\/h4>\n<p style=\"margin: 0cm\"><span style=\"font-family: 'Arial',sans-serif\">Adresse : 2 Rue du Coll\u00e8ge Technique, 33320 Eysines<br \/>\nT\u00e9l\u00e9phone : 05 56 16 12 05<\/span><\/p>\n<p style=\"margin: 0cm\"><span style=\"font-family: 'Arial',sans-serif\">https:\/\/www.lyceecharlespeguy.fr\/<\/span><\/p>\n<h4>Lyc\u00e9e professionnel MOLIERE<\/h4>\n<p>11 rue Moli\u00e8re<br \/>\nBP 107<br \/>\n64301 Orthez Cedex<br \/>\nT\u00e9l. : 05 59 69 42 77<br \/>\nSite : <a href=\"http:\/\/lycee-metiers-orthez.fr\">lycee-metiers-orthez.fr<\/a><\/p>\n<h4><strong>Lyc\u00e9e professionnel Saint-Joseph<\/strong><\/h4>\n<p>Statut de l&rsquo;\u00e9tablissement : priv\u00e9 sous contrat<\/p>\n<p><span class=\"adr\"> <span class=\"street-address\">1 route des Missionnaires<\/span><br \/>\n<span class=\"postal-code\">64240<\/span> <span class=\"locality\">Hasparren<\/span> <\/span><br \/>\n<abbr title=\"T\u00e9l\u00e9phone\">T\u00e9l.<\/abbr> : <span class=\"tel\">05 59 70 29 30<\/span><br \/>\nFax : 05 59 70 29 31<br \/>\nSite : <a class=\"url\" title=\"Acc\u00e9der au site du Lyc\u00e9e professionnel Saint-Joseph (nouvelle fen\u00eatre)\" href=\"http:\/\/www.st-joseph-hasparren.fr\" target=\"_blank\" rel=\"noopener v:url\">www.st-joseph-hasparren.fr<\/a><\/p>\n<h4><strong>MC Technicien en \u00e9nergies renouvelables option B : \u00e9nergie thermique<\/strong><\/h4>\n<h5><strong>BTP CFA des Pyr\u00e9n\u00e9es-Atlantiques<\/strong><\/h5>\n<p>Statut de l&rsquo;\u00e9tablissement : CFA priv\u00e9<\/p>\n<p><span class=\"adr\"> <span class=\"street-address\">36 avenue L\u00e9on Blum, Parc d&rsquo;activit\u00e9s Pau-Pyr\u00e9n\u00e9es<\/span><br \/>\n<span class=\"postal-code\">64000<\/span> <span class=\"locality\">Pau<\/span> <\/span><br \/>\n<abbr title=\"T\u00e9l\u00e9phone\">T\u00e9l.<\/abbr> : <span class=\"tel\">05 59 02 61 04<\/span><br \/>\nFax : 05 59 02 43 95<br \/>\n<abbr title=\"Courrier \u00e9lectronique\">M\u00e9l<\/abbr> : <a class=\"email\" href=\"mailto:cfabtp.pau@ccca-btp.fr\">cfabtp.pau@ccca-btp.fr<\/a><br \/>\nSite : <a class=\"url\" title=\"Acc\u00e9der au site du BTP CFA des Pyr\u00e9n\u00e9es-Atlantiques (nouvelle fen\u00eatre)\" href=\"http:\/\/www.btpcfa-aquitaine.fr\" target=\"_blank\" rel=\"noopener v:url\">www.btpcfa-aquitaine.fr<\/a><\/p>\n<p><strong>Admission<\/strong><\/p>\n<p>Exemples de formations requises:<\/p>\n<ul>\n<li><a href=\"http:\/\/www.onisep.fr\/Ressources\/Univers-Formation\/Formations\/Lycees\/Bac-pro-Metiers-de-l-electricite-et-de-ses-environnements-connectes\">Bac pro M\u00e9tiers de l&rsquo;\u00e9lectricit\u00e9 et de ses environnements connect\u00e9s<\/a><\/li>\n<li><a href=\"http:\/\/www.onisep.fr\/Ressources\/Univers-Formation\/Formations\/Lycees\/BP-Electricien-ne\">BP Electricien(ne)<\/a><\/li>\n<\/ul>\n","protected":false},"excerpt":{"rendered":"<p>Le titulaire de ce dipl\u00f4me est un \u00e9lectricien ou un climaticien sp\u00e9cialis\u00e9 dans la mise en \u0153uvre d&rsquo;\u00e9quipements fonctionnant avec des \u00e9nergies renouvelables et permettant d&rsquo;am\u00e9liorer l&rsquo;efficacit\u00e9 \u00e9nerg\u00e9tique des b\u00e2timents. Ce technicien est capable d&rsquo;identifier les besoins du client, de v\u00e9rifier les faisabilit\u00e9s de l&rsquo;installation dimensionn\u00e9e par le bureau d&rsquo;\u00e9tude, de r\u00e9partir les activit\u00e9s au &hellip; <\/p>\n<p><a class=\"more-link block-button\" href=\"https:\/\/ent2d.ac-bordeaux.fr\/disciplines\/electrotechnique\/mc-ter\/\">Lire la Suite &raquo;<\/a><\/p>\n","protected":false},"author":95,"featured_media":0,"parent":0,"menu_order":0,"comment_status":"closed","ping_status":"closed","template":"template-onecolumn.php","meta":{"footnotes":""},"class_list":["post-102","page","type-page","status-publish","hentry","nodate"],"_links":{"self":[{"href":"https:\/\/ent2d.ac-bordeaux.fr\/disciplines\/electrotechnique\/wp-json\/wp\/v2\/pages\/102","targetHints":{"allow":["GET"]}}],"collection":[{"href":"https:\/\/ent2d.ac-bordeaux.fr\/disciplines\/electrotechnique\/wp-json\/wp\/v2\/pages"}],"about":[{"href":"https:\/\/ent2d.ac-bordeaux.fr\/disciplines\/electrotechnique\/wp-json\/wp\/v2\/types\/page"}],"author":[{"embeddable":true,"href":"https:\/\/ent2d.ac-bordeaux.fr\/disciplines\/electrotechnique\/wp-json\/wp\/v2\/users\/95"}],"replies":[{"embeddable":true,"href":"https:\/\/ent2d.ac-bordeaux.fr\/disciplines\/electrotechnique\/wp-json\/wp\/v2\/comments?post=102"}],"version-history":[{"count":15,"href":"https:\/\/ent2d.ac-bordeaux.fr\/disciplines\/electrotechnique\/wp-json\/wp\/v2\/pages\/102\/revisions"}],"predecessor-version":[{"id":630,"href":"https:\/\/ent2d.ac-bordeaux.fr\/disciplines\/electrotechnique\/wp-json\/wp\/v2\/pages\/102\/revisions\/630"}],"wp:attachment":[{"href":"https:\/\/ent2d.ac-bordeaux.fr\/disciplines\/electrotechnique\/wp-json\/wp\/v2\/media?parent=102"}],"curies":[{"name":"wp","href":"https:\/\/api.w.org\/{rel}","templated":true}]}}