{"id":807,"date":"2020-08-28T17:40:26","date_gmt":"2020-08-28T15:40:26","guid":{"rendered":"https:\/\/ent2d.ac-bordeaux.fr\/disciplines\/economie-gestion\/?page_id=807"},"modified":"2020-08-28T17:47:51","modified_gmt":"2020-08-28T15:47:51","slug":"lyceeconnecte-fr","status":"publish","type":"page","link":"https:\/\/ent2d.ac-bordeaux.fr\/disciplines\/economie-gestion\/lyceeconnecte-fr\/","title":{"rendered":"Lyc\u00e9econnect\u00e9.fr"},"content":{"rendered":"\n<figure class=\"wp-block-image size-large\"><a href=\"https:\/\/lyceeconnecte.fr\/#\"><img loading=\"lazy\" decoding=\"async\" width=\"373\" height=\"135\" src=\"https:\/\/ent2d.ac-bordeaux.fr\/disciplines\/economie-gestion\/wp-content\/uploads\/sites\/31\/2020\/05\/image-lyc\u00e9e-connect\u00e9.png\" alt=\"\" class=\"wp-image-550\" srcset=\"https:\/\/ent2d.ac-bordeaux.fr\/disciplines\/economie-gestion\/wp-content\/uploads\/sites\/31\/2020\/05\/image-lyc\u00e9e-connect\u00e9.png 373w, https:\/\/ent2d.ac-bordeaux.fr\/disciplines\/economie-gestion\/wp-content\/uploads\/sites\/31\/2020\/05\/image-lyc\u00e9e-connect\u00e9-300x109.png 300w\" sizes=\"auto, (max-width: 373px) 100vw, 373px\" \/><\/a><\/figure>\n\n\n\n<p>\u00ab Lyc\u00e9e connect\u00e9 \u00bb est une nouvelle offre de services num\u00e9riques financ\u00e9e et mise en place par la R\u00e9gion Nouvelle-Aquitaine, \u00e0 destination de tous les lyc\u00e9es publics de Nouvelle-Aquitaine. C&#8217;est un \u00ab R\u00e9seau social \u00e9ducatif \u00bb \u00e0 d\u00e9couvrir et s&#8217;approprier d\u00e8s septembre. <a href=\"https:\/\/lyceeconnecte.fr\/lycee-connecte-une-nouvelle-offre-de-services-numeriques\">https:\/\/lyceeconnecte.fr\/lycee-connecte-une-nouvelle-offre-de-services-numeriques<\/a><\/p>\n","protected":false},"excerpt":{"rendered":"<p>\u00ab Lyc\u00e9e connect\u00e9 \u00bb est une nouvelle offre de services num\u00e9riques financ\u00e9e et mise en place par la R\u00e9gion Nouvelle-Aquitaine,<\/p>\n","protected":false},"author":957,"featured_media":0,"parent":0,"menu_order":0,"comment_status":"closed","ping_status":"closed","template":"","meta":{"_bbp_topic_count":0,"_bbp_reply_count":0,"_bbp_total_topic_count":0,"_bbp_total_reply_count":0,"_bbp_voice_count":0,"_bbp_anonymous_reply_count":0,"_bbp_topic_count_hidden":0,"_bbp_reply_count_hidden":0,"_bbp_forum_subforum_count":0,"footnotes":""},"class_list":["post-807","page","type-page","status-publish","hentry"],"_links":{"self":[{"href":"https:\/\/ent2d.ac-bordeaux.fr\/disciplines\/economie-gestion\/wp-json\/wp\/v2\/pages\/807","targetHints":{"allow":["GET"]}}],"collection":[{"href":"https:\/\/ent2d.ac-bordeaux.fr\/disciplines\/economie-gestion\/wp-json\/wp\/v2\/pages"}],"about":[{"href":"https:\/\/ent2d.ac-bordeaux.fr\/disciplines\/economie-gestion\/wp-json\/wp\/v2\/types\/page"}],"author":[{"embeddable":true,"href":"https:\/\/ent2d.ac-bordeaux.fr\/disciplines\/economie-gestion\/wp-json\/wp\/v2\/users\/957"}],"replies":[{"embeddable":true,"href":"https:\/\/ent2d.ac-bordeaux.fr\/disciplines\/economie-gestion\/wp-json\/wp\/v2\/comments?post=807"}],"version-history":[{"count":2,"href":"https:\/\/ent2d.ac-bordeaux.fr\/disciplines\/economie-gestion\/wp-json\/wp\/v2\/pages\/807\/revisions"}],"predecessor-version":[{"id":812,"href":"https:\/\/ent2d.ac-bordeaux.fr\/disciplines\/economie-gestion\/wp-json\/wp\/v2\/pages\/807\/revisions\/812"}],"wp:attachment":[{"href":"https:\/\/ent2d.ac-bordeaux.fr\/disciplines\/economie-gestion\/wp-json\/wp\/v2\/media?parent=807"}],"curies":[{"name":"wp","href":"https:\/\/api.w.org\/{rel}","templated":true}]}}