{"id":590,"date":"2020-05-22T16:32:03","date_gmt":"2020-05-22T14:32:03","guid":{"rendered":"https:\/\/ent2d.ac-bordeaux.fr\/disciplines\/economie-gestion\/?page_id=590"},"modified":"2020-05-22T16:40:33","modified_gmt":"2020-05-22T14:40:33","slug":"liens-videos-pour-creer-des-sequences","status":"publish","type":"page","link":"https:\/\/ent2d.ac-bordeaux.fr\/disciplines\/economie-gestion\/liens-videos-pour-creer-des-sequences\/","title":{"rendered":"Liens vid\u00e9os pour cr\u00e9er des s\u00e9quences"},"content":{"rendered":"\n<div class=\"wp-block-columns has-3-columns is-layout-flex wp-container-core-columns-is-layout-28f84493 wp-block-columns-is-layout-flex\">\n<div class=\"wp-block-column is-layout-flow wp-block-column-is-layout-flow\">\n<figure class=\"wp-block-image\"><a href=\"https:\/\/youtu.be\/LYTnq72_XzE\" target=\"_blank\" rel=\"noreferrer noopener\"><img loading=\"lazy\" decoding=\"async\" width=\"929\" height=\"570\" src=\"https:\/\/ent2d.ac-bordeaux.fr\/disciplines\/economie-gestion\/wp-content\/uploads\/sites\/31\/2020\/05\/image-vid\u00e9o-Pourquoi-faire-une-VAE.jpg\" alt=\"\" class=\"wp-image-592\" srcset=\"https:\/\/ent2d.ac-bordeaux.fr\/disciplines\/economie-gestion\/wp-content\/uploads\/sites\/31\/2020\/05\/image-vid\u00e9o-Pourquoi-faire-une-VAE.jpg 929w, https:\/\/ent2d.ac-bordeaux.fr\/disciplines\/economie-gestion\/wp-content\/uploads\/sites\/31\/2020\/05\/image-vid\u00e9o-Pourquoi-faire-une-VAE-300x184.jpg 300w, https:\/\/ent2d.ac-bordeaux.fr\/disciplines\/economie-gestion\/wp-content\/uploads\/sites\/31\/2020\/05\/image-vid\u00e9o-Pourquoi-faire-une-VAE-768x471.jpg 768w\" sizes=\"auto, (max-width: 929px) 100vw, 929px\" \/><\/a><figcaption> <strong>Emploi : pourquoi faire une VAE ? <\/strong><br><br><\/figcaption><\/figure>\n\n\n\n<figure class=\"wp-block-image is-resized\"><a href=\"https:\/\/www.youtube.com\/channel\/UCcMbTqxHccfeFVW-ok_0pyg\"><img loading=\"lazy\" decoding=\"async\" src=\"https:\/\/ent2d.ac-bordeaux.fr\/disciplines\/economie-gestion\/wp-content\/uploads\/sites\/31\/2020\/05\/image-chaine-youtube-Logistique-Gestion-LP-CEVERT-1.jpg\" alt=\"\" class=\"wp-image-598\" width=\"297\" height=\"179\" srcset=\"https:\/\/ent2d.ac-bordeaux.fr\/disciplines\/economie-gestion\/wp-content\/uploads\/sites\/31\/2020\/05\/image-chaine-youtube-Logistique-Gestion-LP-CEVERT-1.jpg 939w, https:\/\/ent2d.ac-bordeaux.fr\/disciplines\/economie-gestion\/wp-content\/uploads\/sites\/31\/2020\/05\/image-chaine-youtube-Logistique-Gestion-LP-CEVERT-1-300x182.jpg 300w, https:\/\/ent2d.ac-bordeaux.fr\/disciplines\/economie-gestion\/wp-content\/uploads\/sites\/31\/2020\/05\/image-chaine-youtube-Logistique-Gestion-LP-CEVERT-1-768x466.jpg 768w\" sizes=\"auto, (max-width: 297px) 100vw, 297px\" \/><\/a><figcaption> Cha\u00eene Youtube: <br>LOGISTIQUE GESTION LP CEVERT propose des vid\u00e9os p\u00e9dagogiques en : &#8211; LOGISTIQUE, &#8211; \u00c9CONOMIE-GESTION, &#8211; DROIT, &#8211; DES APPLICATIONS&#8230; <\/figcaption><\/figure>\n\n\n\n<p><\/p>\n<\/div>\n\n\n\n<div class=\"wp-block-column is-layout-flow wp-block-column-is-layout-flow\">\n<figure class=\"wp-block-image\"><img loading=\"lazy\" decoding=\"async\" width=\"963\" height=\"576\" src=\"https:\/\/ent2d.ac-bordeaux.fr\/disciplines\/economie-gestion\/wp-content\/uploads\/sites\/31\/2020\/05\/image-vid\u00e9o-d\u00e9veloppement-durable-Cerise-sur-le-gateau.jpg\" alt=\"\" class=\"wp-image-593\" srcset=\"https:\/\/ent2d.ac-bordeaux.fr\/disciplines\/economie-gestion\/wp-content\/uploads\/sites\/31\/2020\/05\/image-vid\u00e9o-d\u00e9veloppement-durable-Cerise-sur-le-gateau.jpg 963w, https:\/\/ent2d.ac-bordeaux.fr\/disciplines\/economie-gestion\/wp-content\/uploads\/sites\/31\/2020\/05\/image-vid\u00e9o-d\u00e9veloppement-durable-Cerise-sur-le-gateau-300x179.jpg 300w, https:\/\/ent2d.ac-bordeaux.fr\/disciplines\/economie-gestion\/wp-content\/uploads\/sites\/31\/2020\/05\/image-vid\u00e9o-d\u00e9veloppement-durable-Cerise-sur-le-gateau-768x459.jpg 768w\" sizes=\"auto, (max-width: 963px) 100vw, 963px\" \/><figcaption> Le D\u00e9veloppement Durable dans la PME de Mme MIRABELLE <br><br><\/figcaption><\/figure>\n\n\n\n<p><\/p>\n<\/div>\n\n\n\n<div class=\"wp-block-column is-layout-flow wp-block-column-is-layout-flow\"><\/div>\n<\/div>\n","protected":false},"excerpt":{"rendered":"","protected":false},"author":957,"featured_media":0,"parent":0,"menu_order":0,"comment_status":"closed","ping_status":"closed","template":"","meta":{"_bbp_topic_count":0,"_bbp_reply_count":0,"_bbp_total_topic_count":0,"_bbp_total_reply_count":0,"_bbp_voice_count":0,"_bbp_anonymous_reply_count":0,"_bbp_topic_count_hidden":0,"_bbp_reply_count_hidden":0,"_bbp_forum_subforum_count":0,"footnotes":""},"class_list":["post-590","page","type-page","status-publish","hentry"],"_links":{"self":[{"href":"https:\/\/ent2d.ac-bordeaux.fr\/disciplines\/economie-gestion\/wp-json\/wp\/v2\/pages\/590","targetHints":{"allow":["GET"]}}],"collection":[{"href":"https:\/\/ent2d.ac-bordeaux.fr\/disciplines\/economie-gestion\/wp-json\/wp\/v2\/pages"}],"about":[{"href":"https:\/\/ent2d.ac-bordeaux.fr\/disciplines\/economie-gestion\/wp-json\/wp\/v2\/types\/page"}],"author":[{"embeddable":true,"href":"https:\/\/ent2d.ac-bordeaux.fr\/disciplines\/economie-gestion\/wp-json\/wp\/v2\/users\/957"}],"replies":[{"embeddable":true,"href":"https:\/\/ent2d.ac-bordeaux.fr\/disciplines\/economie-gestion\/wp-json\/wp\/v2\/comments?post=590"}],"version-history":[{"count":6,"href":"https:\/\/ent2d.ac-bordeaux.fr\/disciplines\/economie-gestion\/wp-json\/wp\/v2\/pages\/590\/revisions"}],"predecessor-version":[{"id":602,"href":"https:\/\/ent2d.ac-bordeaux.fr\/disciplines\/economie-gestion\/wp-json\/wp\/v2\/pages\/590\/revisions\/602"}],"wp:attachment":[{"href":"https:\/\/ent2d.ac-bordeaux.fr\/disciplines\/economie-gestion\/wp-json\/wp\/v2\/media?parent=590"}],"curies":[{"name":"wp","href":"https:\/\/api.w.org\/{rel}","templated":true}]}}