{"id":557,"date":"2020-05-22T15:40:14","date_gmt":"2020-05-22T13:40:14","guid":{"rendered":"https:\/\/ent2d.ac-bordeaux.fr\/disciplines\/economie-gestion\/?page_id=557"},"modified":"2020-05-22T22:24:43","modified_gmt":"2020-05-22T20:24:43","slug":"mualisation-des-ressources","status":"publish","type":"page","link":"https:\/\/ent2d.ac-bordeaux.fr\/disciplines\/economie-gestion\/mualisation-des-ressources\/","title":{"rendered":"Mualisation des ressources"},"content":{"rendered":"\n<hr class=\"wp-block-separator is-style-wide\" \/>\n\n\n\n<h3 class=\"wp-block-heading\">Le Padlet de Marianick LAFARGUE<\/h3>\n\n\n\n<figure class=\"wp-block-image is-resized\"><a href=\"https:\/\/fr.padlet.com\/marianicklafargue\/mescreations\" target=\"_blank\" rel=\"noreferrer noopener\"><img loading=\"lazy\" decoding=\"async\" src=\"https:\/\/ent2d.ac-bordeaux.fr\/disciplines\/economie-gestion\/wp-content\/uploads\/sites\/31\/2020\/04\/site-\u00e9co-gestion-Mme-Lartigue1.jpg\" alt=\"\" class=\"wp-image-426\" width=\"454\" height=\"212\" srcset=\"https:\/\/ent2d.ac-bordeaux.fr\/disciplines\/economie-gestion\/wp-content\/uploads\/sites\/31\/2020\/04\/site-\u00e9co-gestion-Mme-Lartigue1.jpg 1024w, https:\/\/ent2d.ac-bordeaux.fr\/disciplines\/economie-gestion\/wp-content\/uploads\/sites\/31\/2020\/04\/site-\u00e9co-gestion-Mme-Lartigue1-300x140.jpg 300w, https:\/\/ent2d.ac-bordeaux.fr\/disciplines\/economie-gestion\/wp-content\/uploads\/sites\/31\/2020\/04\/site-\u00e9co-gestion-Mme-Lartigue1-768x358.jpg 768w\" sizes=\"auto, (max-width: 454px) 100vw, 454px\" \/><\/a><figcaption> <br>Marianick LAFARGUE enseignante au LP Dup\u00e9rier ST MEDARD EN JALLES participe \u00e0 l\u2019effort de partage dans le cadre de la continuit\u00e9 p\u00e9dagogique en mettant \u00e0 votre disposition ses cr\u00e9ations sur un padlet en GA et \u00e9conomie gestion ou \u00e9conomie droit. <\/figcaption><\/figure>\n\n\n\n<!--nextpage-->\n\n\n\n<p style=\"background-color:#9a495a\" class=\"has-text-color has-background has-medium-font-size has-very-light-gray-color\"><strong>PRODUCTIONS P\u00c9DAGOGIQUES<\/strong><\/p>\n\n\n\n<h6 class=\"wp-block-heading\" style=\"text-align:left\"> &#8220;Pr\u00e9paration de l&#8217;\u00e9preuve ponctuelle&#8221; &#8211; <br> M. Agoutborde <\/h6>\n\n\n\n<figure class=\"wp-block-image is-resized\"><a href=\"https:\/\/padlet-uploads.storage.googleapis.com\/227725860\/cc01aaf7f7e9ded6c7f2b0be8b4465ad\/METHODO_1_Le_paragraphe_argument_.pdf\"><img loading=\"lazy\" decoding=\"async\" src=\"https:\/\/ent2d.ac-bordeaux.fr\/disciplines\/economie-gestion\/wp-content\/uploads\/sites\/31\/2020\/05\/image-Je-redige-un-paragraphe-M-Agoutborde.jpg\" alt=\"\" class=\"wp-image-578\" width=\"292\" height=\"198\" srcset=\"https:\/\/ent2d.ac-bordeaux.fr\/disciplines\/economie-gestion\/wp-content\/uploads\/sites\/31\/2020\/05\/image-Je-redige-un-paragraphe-M-Agoutborde.jpg 803w, https:\/\/ent2d.ac-bordeaux.fr\/disciplines\/economie-gestion\/wp-content\/uploads\/sites\/31\/2020\/05\/image-Je-redige-un-paragraphe-M-Agoutborde-300x204.jpg 300w, https:\/\/ent2d.ac-bordeaux.fr\/disciplines\/economie-gestion\/wp-content\/uploads\/sites\/31\/2020\/05\/image-Je-redige-un-paragraphe-M-Agoutborde-768x522.jpg 768w\" sizes=\"auto, (max-width: 292px) 100vw, 292px\" \/><\/a><\/figure>\n\n\n\n<h6 class=\"wp-block-heading\" style=\"text-align:left\"> &#8220;Je fais mon brouillon&#8221; &#8211; M. Agoutborde <\/h6>\n\n\n\n<figure class=\"wp-block-image is-resized\"><a href=\"https:\/\/padlet-uploads.storage.googleapis.com\/227725860\/e30f362a57aa9bd2731de460ef7f701a\/METHODO_2_Faire_un_brouillon.pdf\"><img loading=\"lazy\" decoding=\"async\" src=\"https:\/\/ent2d.ac-bordeaux.fr\/disciplines\/economie-gestion\/wp-content\/uploads\/sites\/31\/2020\/05\/image-M-Agoutborde-Je-fais-un-brouillon.jpg\" alt=\"\" class=\"wp-image-584\" width=\"289\" height=\"172\" srcset=\"https:\/\/ent2d.ac-bordeaux.fr\/disciplines\/economie-gestion\/wp-content\/uploads\/sites\/31\/2020\/05\/image-M-Agoutborde-Je-fais-un-brouillon.jpg 799w, https:\/\/ent2d.ac-bordeaux.fr\/disciplines\/economie-gestion\/wp-content\/uploads\/sites\/31\/2020\/05\/image-M-Agoutborde-Je-fais-un-brouillon-300x179.jpg 300w, https:\/\/ent2d.ac-bordeaux.fr\/disciplines\/economie-gestion\/wp-content\/uploads\/sites\/31\/2020\/05\/image-M-Agoutborde-Je-fais-un-brouillon-768x459.jpg 768w\" sizes=\"auto, (max-width: 289px) 100vw, 289px\" \/><\/a><\/figure>\n\n\n\n<!--nextpage-->\n\n\n\n<p style=\"background-color:#6e499f\" class=\"has-text-color has-background has-medium-font-size has-very-light-gray-color\"><strong>Kahoot:  niveau 2nde Bac Pro<\/strong><\/p>\n\n\n\n<div class=\"wp-block-image\"><figure class=\"aligncenter is-resized\"><a href=\"https:\/\/create.kahoot.it\/share\/flux-reel-ou-financier\/93ad0a4b-b3e1-45fa-9b99-d84efe498702\" target=\"_blank\" rel=\"noreferrer noopener\"><img loading=\"lazy\" decoding=\"async\" src=\"https:\/\/ent2d.ac-bordeaux.fr\/disciplines\/economie-gestion\/wp-content\/uploads\/sites\/31\/2020\/05\/image-Kahoot-Mme-Lafargue.jpg\" alt=\"\" class=\"wp-image-563\" width=\"377\" height=\"481\" srcset=\"https:\/\/ent2d.ac-bordeaux.fr\/disciplines\/economie-gestion\/wp-content\/uploads\/sites\/31\/2020\/05\/image-Kahoot-Mme-Lafargue.jpg 472w, https:\/\/ent2d.ac-bordeaux.fr\/disciplines\/economie-gestion\/wp-content\/uploads\/sites\/31\/2020\/05\/image-Kahoot-Mme-Lafargue-235x300.jpg 235w\" sizes=\"auto, (max-width: 377px) 100vw, 377px\" \/><\/a><\/figure><\/div>\n\n\n\n<div class=\"wp-block-image\"><figure class=\"aligncenter is-resized\"><a href=\"https:\/\/create.kahoot.it\/share\/les-contrats\/babe9f7b-18e6-4b63-9221-98bfa04d7be5\" target=\"_blank\" rel=\"noreferrer noopener\"><img loading=\"lazy\" decoding=\"async\" src=\"https:\/\/ent2d.ac-bordeaux.fr\/disciplines\/economie-gestion\/wp-content\/uploads\/sites\/31\/2020\/05\/image-Kahoot-Mme-Lafargue2.jpg\" alt=\"\" class=\"wp-image-568\" width=\"407\" height=\"491\" srcset=\"https:\/\/ent2d.ac-bordeaux.fr\/disciplines\/economie-gestion\/wp-content\/uploads\/sites\/31\/2020\/05\/image-Kahoot-Mme-Lafargue2.jpg 475w, https:\/\/ent2d.ac-bordeaux.fr\/disciplines\/economie-gestion\/wp-content\/uploads\/sites\/31\/2020\/05\/image-Kahoot-Mme-Lafargue2-249x300.jpg 249w\" sizes=\"auto, (max-width: 407px) 100vw, 407px\" \/><\/a><\/figure><\/div>\n\n\n\n<div class=\"wp-block-image\"><figure class=\"aligncenter is-resized\"><a href=\"https:\/\/create.kahoot.it\/share\/les-agents-economiques-et-les-flux-d-echanges\/429b6d0e-b2b8-413f-9830-681d4ef9617c\" target=\"_blank\" rel=\"noreferrer noopener\"><img loading=\"lazy\" decoding=\"async\" src=\"https:\/\/ent2d.ac-bordeaux.fr\/disciplines\/economie-gestion\/wp-content\/uploads\/sites\/31\/2020\/05\/image-Kahoot-Mme-Chaulieu.jpg\" alt=\"\" class=\"wp-image-712\" width=\"382\" height=\"527\" srcset=\"https:\/\/ent2d.ac-bordeaux.fr\/disciplines\/economie-gestion\/wp-content\/uploads\/sites\/31\/2020\/05\/image-Kahoot-Mme-Chaulieu.jpg 477w, https:\/\/ent2d.ac-bordeaux.fr\/disciplines\/economie-gestion\/wp-content\/uploads\/sites\/31\/2020\/05\/image-Kahoot-Mme-Chaulieu-217x300.jpg 217w\" sizes=\"auto, (max-width: 382px) 100vw, 382px\" \/><\/a><\/figure><\/div>\n\n\n\n<p style=\"background-color:#6e499f\" class=\"has-text-color has-background has-medium-font-size has-very-light-gray-color\"><strong>Kahoot:  niveau 1\u00e8re Bac Pro<\/strong><\/p>\n\n\n\n<div class=\"wp-block-image\"><figure class=\"aligncenter is-resized\"><a href=\"https:\/\/create.kahoot.it\/details\/ecogestion-revision\/13dca53b-2c2e-4379-8814-60d6fd7f0a9e\" target=\"_blank\" rel=\"noreferrer noopener\"><img loading=\"lazy\" decoding=\"async\" src=\"https:\/\/ent2d.ac-bordeaux.fr\/disciplines\/economie-gestion\/wp-content\/uploads\/sites\/31\/2020\/05\/image-Kahoot-Mme-Delphigue.jpg\" alt=\"\" class=\"wp-image-575\" width=\"360\" height=\"447\" srcset=\"https:\/\/ent2d.ac-bordeaux.fr\/disciplines\/economie-gestion\/wp-content\/uploads\/sites\/31\/2020\/05\/image-Kahoot-Mme-Delphigue.jpg 476w, https:\/\/ent2d.ac-bordeaux.fr\/disciplines\/economie-gestion\/wp-content\/uploads\/sites\/31\/2020\/05\/image-Kahoot-Mme-Delphigue-242x300.jpg 242w\" sizes=\"auto, (max-width: 360px) 100vw, 360px\" \/><\/a><\/figure><\/div>\n\n\n\n<p style=\"background-color:#6e499f\" class=\"has-text-color has-background has-medium-font-size has-very-light-gray-color\"><strong>Kahoot:  niveau Tle Bac Pro<\/strong><\/p>\n\n\n\n<!--nextpage-->\n\n\n\n<p style=\"background-color:#4f92af\" class=\"has-text-color has-background has-medium-font-size has-very-light-gray-color\"><strong>Learningapps<\/strong><\/p>\n\n\n\n<figure class=\"wp-block-image is-resized\"><a href=\"https:\/\/learningapps.org\/display?v=pvejpvonk19\" target=\"_blank\" rel=\"noreferrer noopener\"><img loading=\"lazy\" decoding=\"async\" src=\"https:\/\/ent2d.ac-bordeaux.fr\/disciplines\/economie-gestion\/wp-content\/uploads\/sites\/31\/2020\/05\/image-Learning-apps-Les-agents-\u00e9co-300x158.jpg\" alt=\"\" class=\"wp-image-707\" width=\"365\" height=\"192\" srcset=\"https:\/\/ent2d.ac-bordeaux.fr\/disciplines\/economie-gestion\/wp-content\/uploads\/sites\/31\/2020\/05\/image-Learning-apps-Les-agents-\u00e9co-300x158.jpg 300w, https:\/\/ent2d.ac-bordeaux.fr\/disciplines\/economie-gestion\/wp-content\/uploads\/sites\/31\/2020\/05\/image-Learning-apps-Les-agents-\u00e9co-768x404.jpg 768w, https:\/\/ent2d.ac-bordeaux.fr\/disciplines\/economie-gestion\/wp-content\/uploads\/sites\/31\/2020\/05\/image-Learning-apps-Les-agents-\u00e9co.jpg 942w\" sizes=\"auto, (max-width: 365px) 100vw, 365px\" \/><\/a><figcaption>Les agents \u00e9conomiques<\/figcaption><\/figure>\n\n\n\n<!--nextpage-->\n\n\n\n<p style=\"background-color:#4c824e\" class=\"has-text-color has-background has-medium-font-size has-very-light-gray-color\"><strong>Educaplay<\/strong><\/p>\n\n\n\n<figure class=\"wp-block-image is-resized\"><a href=\"https:\/\/fr.educaplay.com\/ressources-pedagogiques\/5021412-m1_q1.html\" target=\"_blank\" rel=\"noreferrer noopener\"><img loading=\"lazy\" decoding=\"async\" src=\"https:\/\/ent2d.ac-bordeaux.fr\/disciplines\/economie-gestion\/wp-content\/uploads\/sites\/31\/2020\/05\/image-Educaplay-Mme-Laurent-Celine.jpg\" alt=\"\" class=\"wp-image-714\" width=\"408\" height=\"257\" srcset=\"https:\/\/ent2d.ac-bordeaux.fr\/disciplines\/economie-gestion\/wp-content\/uploads\/sites\/31\/2020\/05\/image-Educaplay-Mme-Laurent-Celine.jpg 975w, https:\/\/ent2d.ac-bordeaux.fr\/disciplines\/economie-gestion\/wp-content\/uploads\/sites\/31\/2020\/05\/image-Educaplay-Mme-Laurent-Celine-300x189.jpg 300w, https:\/\/ent2d.ac-bordeaux.fr\/disciplines\/economie-gestion\/wp-content\/uploads\/sites\/31\/2020\/05\/image-Educaplay-Mme-Laurent-Celine-768x484.jpg 768w\" sizes=\"auto, (max-width: 408px) 100vw, 408px\" \/><\/a><figcaption> M1 Q1<br>Comment se caract\u00e9rise un secteur d&#8217;activit\u00e9 ? <\/figcaption><\/figure>\n","protected":false},"excerpt":{"rendered":"<p>Le Padlet de Marianick LAFARGUE<\/p>\n","protected":false},"author":957,"featured_media":0,"parent":0,"menu_order":0,"comment_status":"closed","ping_status":"closed","template":"","meta":{"_bbp_topic_count":0,"_bbp_reply_count":0,"_bbp_total_topic_count":0,"_bbp_total_reply_count":0,"_bbp_voice_count":0,"_bbp_anonymous_reply_count":0,"_bbp_topic_count_hidden":0,"_bbp_reply_count_hidden":0,"_bbp_forum_subforum_count":0,"footnotes":""},"class_list":["post-557","page","type-page","status-publish","hentry"],"_links":{"self":[{"href":"https:\/\/ent2d.ac-bordeaux.fr\/disciplines\/economie-gestion\/wp-json\/wp\/v2\/pages\/557","targetHints":{"allow":["GET"]}}],"collection":[{"href":"https:\/\/ent2d.ac-bordeaux.fr\/disciplines\/economie-gestion\/wp-json\/wp\/v2\/pages"}],"about":[{"href":"https:\/\/ent2d.ac-bordeaux.fr\/disciplines\/economie-gestion\/wp-json\/wp\/v2\/types\/page"}],"author":[{"embeddable":true,"href":"https:\/\/ent2d.ac-bordeaux.fr\/disciplines\/economie-gestion\/wp-json\/wp\/v2\/users\/957"}],"replies":[{"embeddable":true,"href":"https:\/\/ent2d.ac-bordeaux.fr\/disciplines\/economie-gestion\/wp-json\/wp\/v2\/comments?post=557"}],"version-history":[{"count":26,"href":"https:\/\/ent2d.ac-bordeaux.fr\/disciplines\/economie-gestion\/wp-json\/wp\/v2\/pages\/557\/revisions"}],"predecessor-version":[{"id":726,"href":"https:\/\/ent2d.ac-bordeaux.fr\/disciplines\/economie-gestion\/wp-json\/wp\/v2\/pages\/557\/revisions\/726"}],"wp:attachment":[{"href":"https:\/\/ent2d.ac-bordeaux.fr\/disciplines\/economie-gestion\/wp-json\/wp\/v2\/media?parent=557"}],"curies":[{"name":"wp","href":"https:\/\/api.w.org\/{rel}","templated":true}]}}