{"id":372,"date":"2020-04-01T22:34:36","date_gmt":"2020-04-01T20:34:36","guid":{"rendered":"https:\/\/ent2d.ac-bordeaux.fr\/disciplines\/economie-gestion\/?page_id=372"},"modified":"2020-05-29T18:17:48","modified_gmt":"2020-05-29T16:17:48","slug":"continuite-pedagogique","status":"publish","type":"page","link":"https:\/\/ent2d.ac-bordeaux.fr\/disciplines\/economie-gestion\/continuite-pedagogique\/","title":{"rendered":"Continuit\u00e9 p\u00e9dagogique"},"content":{"rendered":"\n<p>Au regard de l&#8217;\u00e9volution des mesures de pr\u00e9caution li\u00e9es au COVID-19 et \u00e0 la fermeture des \u00e9tablissements scolaires aux \u00e9l\u00e8ves, nous vous proposons de retrouver regroup\u00e9es dans ce site des informations et ressources en lien avec la continuit\u00e9 p\u00e9dagogique.<\/p>\n\n\n\n<p>En 2019, lors des deux journ\u00e9es de formation, les formatrices vous ont pr\u00e9sent\u00e9 des outils. Dans le contexte actuel ceux-ci peuvent peut \u00eatre vous servir . Bien \u00e9videmment il en existe des centaines d&#8217;autres, la liste est non exhaustive.<br>Aussi, si vous utilisez d&#8217;autres ressources, n&#8217;h\u00e9sitez pas \u00e0 mutualiser en les partageant.<\/p>\n\n\n\n<p>Si vous avez des questions, vous pouvez joindre notre&nbsp; IEN Monsieur Grivaud (Jocelyn.Grivaud@ac-bordeaux.fr ) ou l&#8217;\u00e9quipe de formatrice \u00e9co-gestion ( ecogestionacbordeaux@gmail.com )<\/p>\n\n\n\n<p>Bon courage \u00e0 toutes et tous pour la suite. Prenez soin de vous!<\/p>\n\n\n\n<p><\/p>\n\n\n\n<hr class=\"wp-block-separator\" \/>\n\n\n\n<p style=\"background-color:#67507d\" class=\"has-text-color has-background has-drop-cap has-very-light-gray-color\"><strong>Continuit\u00e9 p\u00e9dagogique : faciliter le travail \u00e0 distance.<\/strong><br>Plateforme de services d\u2019\u00e9change et de collaboration du minist\u00e8re de l\u2019\u00e9ducation nationale.<\/p>\n\n\n\n<div class=\"wp-block-image\"><figure class=\"aligncenter is-resized\"><a href=\"https:\/\/apps-bordeaux.beta.education.fr\/services\" target=\"_blank\" rel=\"noreferrer noopener\"><img loading=\"lazy\" decoding=\"async\" src=\"https:\/\/ent2d.ac-bordeaux.fr\/disciplines\/economie-gestion\/wp-content\/uploads\/sites\/31\/2020\/05\/image-apps.education.jpg\" alt=\"\" class=\"wp-image-692\" width=\"702\" height=\"311\" srcset=\"https:\/\/ent2d.ac-bordeaux.fr\/disciplines\/economie-gestion\/wp-content\/uploads\/sites\/31\/2020\/05\/image-apps.education.jpg 1024w, https:\/\/ent2d.ac-bordeaux.fr\/disciplines\/economie-gestion\/wp-content\/uploads\/sites\/31\/2020\/05\/image-apps.education-300x133.jpg 300w, https:\/\/ent2d.ac-bordeaux.fr\/disciplines\/economie-gestion\/wp-content\/uploads\/sites\/31\/2020\/05\/image-apps.education-768x341.jpg 768w, https:\/\/ent2d.ac-bordeaux.fr\/disciplines\/economie-gestion\/wp-content\/uploads\/sites\/31\/2020\/05\/image-apps.education-1200x533.jpg 1200w\" sizes=\"auto, (max-width: 702px) 100vw, 702px\" \/><\/a><figcaption> Face aux adaptations rendues n\u00e9cessaires par la crise sanitaire COVID-19, le minist\u00e8re de l\u2019\u00c9ducation nationale et de la Jeunesse a acc\u00e9l\u00e9r\u00e9 le d\u00e9veloppement d\u2019<strong>une plateforme s\u00e9curis\u00e9e de services utiles \u00e0 l\u2019ensemble de ses personnels. <\/strong><\/figcaption><\/figure><\/div>\n\n\n\n<p style=\"background-color:#67507d\" class=\"has-text-color has-background has-drop-cap has-very-light-gray-color\"><strong>FAQ- VAD\u00c9M\u00c9CUM Continuit\u00e9 p\u00e9dagogique<\/strong><\/p>\n\n\n\n<p>Pr\u00e9sent\u00e9 sous forme de FAQ, il r\u00e9pond \u00e0 de nombreuses interrogations sur les PFMP, CCF, pr\u00e9paration aux examens..<\/p>\n\n\n\n<div class=\"wp-block-columns has-2-columns is-layout-flex wp-container-core-columns-is-layout-28f84493 wp-block-columns-is-layout-flex\">\n<div class=\"wp-block-column is-layout-flow wp-block-column-is-layout-flow\">\n<figure class=\"wp-block-image is-resized\"><a href=\"https:\/\/parcoursup.fr\/index.php?desc=covid19\" target=\"_blank\" rel=\"noreferrer noopener\"><img loading=\"lazy\" decoding=\"async\" src=\"https:\/\/ent2d.ac-bordeaux.fr\/disciplines\/economie-gestion\/wp-content\/uploads\/sites\/31\/2020\/05\/image-Parcoursup.jpg\" alt=\"\" class=\"wp-image-684\" width=\"287\" height=\"138\" srcset=\"https:\/\/ent2d.ac-bordeaux.fr\/disciplines\/economie-gestion\/wp-content\/uploads\/sites\/31\/2020\/05\/image-Parcoursup.jpg 1024w, https:\/\/ent2d.ac-bordeaux.fr\/disciplines\/economie-gestion\/wp-content\/uploads\/sites\/31\/2020\/05\/image-Parcoursup-300x145.jpg 300w, https:\/\/ent2d.ac-bordeaux.fr\/disciplines\/economie-gestion\/wp-content\/uploads\/sites\/31\/2020\/05\/image-Parcoursup-768x370.jpg 768w, https:\/\/ent2d.ac-bordeaux.fr\/disciplines\/economie-gestion\/wp-content\/uploads\/sites\/31\/2020\/05\/image-Parcoursup-1200x579.jpg 1200w\" sizes=\"auto, (max-width: 287px) 100vw, 287px\" \/><\/a><figcaption> <br>Covid-19 et Parcoursup 2020 : informations aux candidats <\/figcaption><\/figure>\n\n\n\n<figure class=\"wp-block-image\"><img loading=\"lazy\" decoding=\"async\" width=\"1024\" height=\"637\" src=\"https:\/\/ent2d.ac-bordeaux.fr\/disciplines\/economie-gestion\/wp-content\/uploads\/sites\/31\/2020\/05\/Faq-Je-suis-lyc\u00e9en-Pro.jpg\" alt=\"\" class=\"wp-image-701\" srcset=\"https:\/\/ent2d.ac-bordeaux.fr\/disciplines\/economie-gestion\/wp-content\/uploads\/sites\/31\/2020\/05\/Faq-Je-suis-lyc\u00e9en-Pro.jpg 1024w, https:\/\/ent2d.ac-bordeaux.fr\/disciplines\/economie-gestion\/wp-content\/uploads\/sites\/31\/2020\/05\/Faq-Je-suis-lyc\u00e9en-Pro-300x187.jpg 300w, https:\/\/ent2d.ac-bordeaux.fr\/disciplines\/economie-gestion\/wp-content\/uploads\/sites\/31\/2020\/05\/Faq-Je-suis-lyc\u00e9en-Pro-768x478.jpg 768w\" sizes=\"auto, (max-width: 1024px) 100vw, 1024px\" \/><\/figure>\n\n\n\n<div class=\"wp-block-file\"><a href=\"https:\/\/ent2d.ac-bordeaux.fr\/disciplines\/economie-gestion\/wp-content\/uploads\/sites\/31\/2020\/05\/Bac-Pro-2020-_-les-r\u00e9ponses-\u00e0-vos-questions-_-Minist\u00e8re-de-lEducation-Nationale-et-de-la-Jeunesse.pdf\">Bac Pro 2020 _ les r\u00e9ponses \u00e0 vos questions <\/a><a href=\"https:\/\/ent2d.ac-bordeaux.fr\/disciplines\/economie-gestion\/wp-content\/uploads\/sites\/31\/2020\/05\/Bac-Pro-2020-_-les-r\u00e9ponses-\u00e0-vos-questions-_-Minist\u00e8re-de-lEducation-Nationale-et-de-la-Jeunesse.pdf\" class=\"wp-block-file__button\" download>T\u00e9l\u00e9charger<\/a><\/div>\n<\/div>\n\n\n\n<div class=\"wp-block-column is-layout-flow wp-block-column-is-layout-flow\">\n<figure class=\"wp-block-image is-resized\"><img loading=\"lazy\" decoding=\"async\" src=\"https:\/\/ent2d.ac-bordeaux.fr\/disciplines\/economie-gestion\/wp-content\/uploads\/sites\/31\/2020\/05\/image-Vademecum-continuit\u00e9-p\u00e9da-1-avril-2020.jpg\" alt=\"\" class=\"wp-image-686\" width=\"249\" height=\"205\" srcset=\"https:\/\/ent2d.ac-bordeaux.fr\/disciplines\/economie-gestion\/wp-content\/uploads\/sites\/31\/2020\/05\/image-Vademecum-continuit\u00e9-p\u00e9da-1-avril-2020.jpg 795w, https:\/\/ent2d.ac-bordeaux.fr\/disciplines\/economie-gestion\/wp-content\/uploads\/sites\/31\/2020\/05\/image-Vademecum-continuit\u00e9-p\u00e9da-1-avril-2020-300x248.jpg 300w, https:\/\/ent2d.ac-bordeaux.fr\/disciplines\/economie-gestion\/wp-content\/uploads\/sites\/31\/2020\/05\/image-Vademecum-continuit\u00e9-p\u00e9da-1-avril-2020-768x634.jpg 768w\" sizes=\"auto, (max-width: 249px) 100vw, 249px\" \/><\/figure>\n\n\n\n<div class=\"wp-block-file alignright\"><a href=\"https:\/\/ent2d.ac-bordeaux.fr\/disciplines\/economie-gestion\/wp-content\/uploads\/sites\/31\/2020\/05\/coronavirus-covid-19-vademecum-continuit-p-dagogique-mise-jour-au-1er-avril-2020-66201.pdf\"><br>Vademecum-continuit\u00e9-p-dagogique-enseignant pro<\/a><a href=\"https:\/\/ent2d.ac-bordeaux.fr\/disciplines\/economie-gestion\/wp-content\/uploads\/sites\/31\/2020\/05\/coronavirus-covid-19-vademecum-continuit-p-dagogique-mise-jour-au-1er-avril-2020-66201.pdf\" class=\"wp-block-file__button\" download>T\u00e9l\u00e9charger<\/a><\/div>\n<\/div>\n<\/div>\n","protected":false},"excerpt":{"rendered":"<p>Au regard de l&#8217;\u00e9volution des mesures de pr\u00e9caution li\u00e9es au COVID-19 et \u00e0 la fermeture des \u00e9tablissements scolaires aux \u00e9l\u00e8ves,<\/p>\n","protected":false},"author":957,"featured_media":0,"parent":0,"menu_order":0,"comment_status":"closed","ping_status":"closed","template":"","meta":{"_bbp_topic_count":0,"_bbp_reply_count":0,"_bbp_total_topic_count":0,"_bbp_total_reply_count":0,"_bbp_voice_count":0,"_bbp_anonymous_reply_count":0,"_bbp_topic_count_hidden":0,"_bbp_reply_count_hidden":0,"_bbp_forum_subforum_count":0,"footnotes":""},"class_list":["post-372","page","type-page","status-publish","hentry"],"_links":{"self":[{"href":"https:\/\/ent2d.ac-bordeaux.fr\/disciplines\/economie-gestion\/wp-json\/wp\/v2\/pages\/372","targetHints":{"allow":["GET"]}}],"collection":[{"href":"https:\/\/ent2d.ac-bordeaux.fr\/disciplines\/economie-gestion\/wp-json\/wp\/v2\/pages"}],"about":[{"href":"https:\/\/ent2d.ac-bordeaux.fr\/disciplines\/economie-gestion\/wp-json\/wp\/v2\/types\/page"}],"author":[{"embeddable":true,"href":"https:\/\/ent2d.ac-bordeaux.fr\/disciplines\/economie-gestion\/wp-json\/wp\/v2\/users\/957"}],"replies":[{"embeddable":true,"href":"https:\/\/ent2d.ac-bordeaux.fr\/disciplines\/economie-gestion\/wp-json\/wp\/v2\/comments?post=372"}],"version-history":[{"count":24,"href":"https:\/\/ent2d.ac-bordeaux.fr\/disciplines\/economie-gestion\/wp-json\/wp\/v2\/pages\/372\/revisions"}],"predecessor-version":[{"id":763,"href":"https:\/\/ent2d.ac-bordeaux.fr\/disciplines\/economie-gestion\/wp-json\/wp\/v2\/pages\/372\/revisions\/763"}],"wp:attachment":[{"href":"https:\/\/ent2d.ac-bordeaux.fr\/disciplines\/economie-gestion\/wp-json\/wp\/v2\/media?parent=372"}],"curies":[{"name":"wp","href":"https:\/\/api.w.org\/{rel}","templated":true}]}}