{"id":288,"date":"2020-04-01T19:14:26","date_gmt":"2020-04-01T17:14:26","guid":{"rendered":"https:\/\/ent2d.ac-bordeaux.fr\/disciplines\/economie-gestion\/?page_id=288"},"modified":"2024-06-24T16:58:01","modified_gmt":"2024-06-24T14:58:01","slug":"sujets-dexamen","status":"publish","type":"page","link":"https:\/\/ent2d.ac-bordeaux.fr\/disciplines\/economie-gestion\/sujets-dexamen\/","title":{"rendered":"Sujets d&#8217;examen"},"content":{"rendered":"\n<figure class=\"wp-block-table is-style-stripes\"><table class=\"has-fixed-layout\"><tbody><tr><td>\n  <strong>SESSION<\/strong>\n  <\/td><td> <\/td><td class=\"has-text-align-center\" data-align=\"center\"><strong>Sujet<\/strong><\/td><td class=\"has-text-align-center\" data-align=\"center\"><strong>Corrig\u00e9<\/strong><\/td><td class=\"has-text-align-center\" data-align=\"center\"><strong>Grille d&#8217;\u00e9valuation<\/strong><\/td><\/tr><tr><td>2024<\/td><td>M\u00e9tropole<\/td><td class=\"has-text-align-center\" data-align=\"center\"><a href=\"https:\/\/ent2d.ac-bordeaux.fr\/disciplines\/economie-gestion\/wp-content\/uploads\/sites\/31\/2024\/06\/Eco-droit-1.pdf\" data-type=\"link\" data-id=\"https:\/\/ent2d.ac-bordeaux.fr\/disciplines\/economie-gestion\/wp-content\/uploads\/sites\/31\/2024\/06\/Eco-droit-1.pdf\">https:\/\/ent2d.ac-bordeaux.fr\/disciplines\/economie-gestion\/wp-content\/uploads\/sites\/31\/2024\/06\/Eco-droit-1.pdf<\/a><\/td><td class=\"has-text-align-center\" data-align=\"center\"><\/td><td class=\"has-text-align-center\" data-align=\"center\"><\/td><\/tr><tr><td>2023<\/td><td>M\u00e9tropole<\/td><td class=\"has-text-align-center\" data-align=\"center\"><a href=\"https:\/\/j4.cerpeg.fr\/images\/eco-droit_bac-tertiaire_E11\/2023_EcoDroit_SUJET_Metropole_Juin_Assolidaire.pdf\" data-type=\"URL\" data-id=\"https:\/\/j4.cerpeg.fr\/images\/eco-droit_bac-tertiaire_E11\/2023_EcoDroit_SUJET_Metropole_Juin_Assolidaire.pdf\" target=\"_blank\" rel=\"noreferrer noopener\">https:\/\/j4.cerpeg.fr\/images\/eco-droit_bac-tertiaire_E11\/2023_EcoDroit_SUJET_Metropole_Juin_Assolidaire.pdf<\/a><\/td><td class=\"has-text-align-center\" data-align=\"center\"><\/td><td class=\"has-text-align-center\" data-align=\"center\"><\/td><\/tr><tr><td>2023<\/td><td>Polyn\u00e9sie<\/td><td class=\"has-text-align-center\" data-align=\"center\"><a href=\"https:\/\/j4.cerpeg.fr\/images\/eco-droit_bac-tertiaire_E11\/2023_EcoDroit_JeansFolies_SUJET.pdf\" data-type=\"URL\" data-id=\"https:\/\/j4.cerpeg.fr\/images\/eco-droit_bac-tertiaire_E11\/2023_EcoDroit_JeansFolies_SUJET.pdf\" target=\"_blank\" rel=\"noreferrer noopener\">https:\/\/j4.cerpeg.fr\/images\/eco-droit_bac-tertiaire_E11\/2023_EcoDroit_JeansFolies_SUJET.pdf<\/a><\/td><td class=\"has-text-align-center\" data-align=\"center\"><\/td><td class=\"has-text-align-center\" data-align=\"center\"><\/td><\/tr><tr><td>2022<\/td><td>M\u00e9tropole<\/td><td class=\"has-text-align-center\" data-align=\"center\"><a href=\"https:\/\/j4.cerpeg.fr\/images\/eco-droit_bac-tertiaire_E11\/2022-EcoDroit_metropole_juin.pdf\" data-type=\"URL\" data-id=\"https:\/\/j4.cerpeg.fr\/images\/eco-droit_bac-tertiaire_E11\/2022-EcoDroit_metropole_juin.pdf\">https:\/\/j4.cerpeg.fr\/images\/eco-droit_bac-tertiaire_E11\/2022-EcoDroit_metropole_juin.pdf<\/a><\/td><td class=\"has-text-align-center\" data-align=\"center\"><a href=\"https:\/\/ent2d.ac-bordeaux.fr\/disciplines\/economie-gestion\/wp-content\/uploads\/sites\/31\/2023\/01\/ed_corrige12_22.pdf\" data-type=\"URL\" data-id=\"https:\/\/ent2d.ac-bordeaux.fr\/disciplines\/economie-gestion\/wp-content\/uploads\/sites\/31\/2023\/01\/ed_corrige12_22.pdf\">https:\/\/ent2d.ac-bordeaux.fr\/disciplines\/economie-gestion\/wp-content\/uploads\/sites\/31\/2023\/01\/ed_corrige12_22.pdf<\/a><\/td><td class=\"has-text-align-center\" data-align=\"center\"><a href=\"https:\/\/drive.google.com\/file\/d\/1IS6WFqYx6vD_ZR-ePr_B1O-NQ_RtD_MO\/view?usp=share_link\" data-type=\"URL\" data-id=\"https:\/\/drive.google.com\/file\/d\/1IS6WFqYx6vD_ZR-ePr_B1O-NQ_RtD_MO\/view?usp=share_link\">https:\/\/drive.google.com\/file\/d\/1IS6WFqYx6vD_ZR-ePr_B1O-NQ_RtD_MO\/view?usp=share_link<\/a><\/td><\/tr><tr><td>2022<\/td><td>Antilles<\/td><td class=\"has-text-align-center\" data-align=\"center\"><a href=\"https:\/\/j4.cerpeg.fr\/images\/eco-droit_bac-tertiaire_E11\/2022-EcoDroit_antille_juin.pdf\" data-type=\"URL\" data-id=\"https:\/\/j4.cerpeg.fr\/images\/eco-droit_bac-tertiaire_E11\/2022-EcoDroit_antille_juin.pdf\">https:\/\/j4.cerpeg.fr\/images\/eco-droit_bac-tertiaire_E11\/2022-EcoDroit_antille_juin.pdf<\/a><\/td><td class=\"has-text-align-center\" data-align=\"center\"><\/td><td class=\"has-text-align-center\" data-align=\"center\"><\/td><\/tr><tr><td> <\/td><\/tr><\/tbody><\/table><\/figure>\n\n\n\n\n\n\n\n<p><\/p>\n\n\n\n\n\n\n\n\n\n\n","protected":false},"excerpt":{"rendered":"<p>SESSION Sujet Corrig\u00e9 Grille d&#8217;\u00e9valuation 2024 M\u00e9tropole https:\/\/ent2d.ac-bordeaux.fr\/disciplines\/economie-gestion\/wp-content\/uploads\/sites\/31\/2024\/06\/Eco-droit-1.pdf 2023 M\u00e9tropole https:\/\/j4.cerpeg.fr\/images\/eco-droit_bac-tertiaire_E11\/2023_EcoDroit_SUJET_Metropole_Juin_Assolidaire.pdf 2023 Polyn\u00e9sie https:\/\/j4.cerpeg.fr\/images\/eco-droit_bac-tertiaire_E11\/2023_EcoDroit_JeansFolies_SUJET.pdf 2022 M\u00e9tropole https:\/\/j4.cerpeg.fr\/images\/eco-droit_bac-tertiaire_E11\/2022-EcoDroit_metropole_juin.pdf https:\/\/ent2d.ac-bordeaux.fr\/disciplines\/economie-gestion\/wp-content\/uploads\/sites\/31\/2023\/01\/ed_corrige12_22.pdf https:\/\/drive.google.com\/file\/d\/1IS6WFqYx6vD_ZR-ePr_B1O-NQ_RtD_MO\/view?usp=share_link 2022<\/p>\n","protected":false},"author":957,"featured_media":0,"parent":0,"menu_order":0,"comment_status":"closed","ping_status":"closed","template":"","meta":{"_bbp_topic_count":0,"_bbp_reply_count":0,"_bbp_total_topic_count":0,"_bbp_total_reply_count":0,"_bbp_voice_count":0,"_bbp_anonymous_reply_count":0,"_bbp_topic_count_hidden":0,"_bbp_reply_count_hidden":0,"_bbp_forum_subforum_count":0,"footnotes":""},"class_list":["post-288","page","type-page","status-publish","hentry"],"_links":{"self":[{"href":"https:\/\/ent2d.ac-bordeaux.fr\/disciplines\/economie-gestion\/wp-json\/wp\/v2\/pages\/288","targetHints":{"allow":["GET"]}}],"collection":[{"href":"https:\/\/ent2d.ac-bordeaux.fr\/disciplines\/economie-gestion\/wp-json\/wp\/v2\/pages"}],"about":[{"href":"https:\/\/ent2d.ac-bordeaux.fr\/disciplines\/economie-gestion\/wp-json\/wp\/v2\/types\/page"}],"author":[{"embeddable":true,"href":"https:\/\/ent2d.ac-bordeaux.fr\/disciplines\/economie-gestion\/wp-json\/wp\/v2\/users\/957"}],"replies":[{"embeddable":true,"href":"https:\/\/ent2d.ac-bordeaux.fr\/disciplines\/economie-gestion\/wp-json\/wp\/v2\/comments?post=288"}],"version-history":[{"count":16,"href":"https:\/\/ent2d.ac-bordeaux.fr\/disciplines\/economie-gestion\/wp-json\/wp\/v2\/pages\/288\/revisions"}],"predecessor-version":[{"id":1288,"href":"https:\/\/ent2d.ac-bordeaux.fr\/disciplines\/economie-gestion\/wp-json\/wp\/v2\/pages\/288\/revisions\/1288"}],"wp:attachment":[{"href":"https:\/\/ent2d.ac-bordeaux.fr\/disciplines\/economie-gestion\/wp-json\/wp\/v2\/media?parent=288"}],"curies":[{"name":"wp","href":"https:\/\/api.w.org\/{rel}","templated":true}]}}