{"id":283,"date":"2020-04-01T19:14:26","date_gmt":"2020-04-01T17:14:26","guid":{"rendered":"https:\/\/ent2d.ac-bordeaux.fr\/disciplines\/economie-gestion\/?page_id=283"},"modified":"2020-04-01T22:42:19","modified_gmt":"2020-04-01T20:42:19","slug":"parcours-mgistere","status":"publish","type":"page","link":"https:\/\/ent2d.ac-bordeaux.fr\/disciplines\/economie-gestion\/parcours-mgistere\/","title":{"rendered":"Parcours M@gist\u00e8re"},"content":{"rendered":"\n<p> Des\u00a0<em>parcours<\/em>\u00a0de qualit\u00e9 accompagn\u00e9s ou en auto-formation r\u00e9pondant \u00e0 vos besoins imm\u00e9diats de formation.\u00a0 <\/p>\n\n\n\n<figure class=\"wp-block-image\"><a href=\"https:\/\/magistere.education.fr\/local\/magistere_offers\/index.php?v=course\" target=\"_blank\" rel=\"noreferrer noopener\"><img loading=\"lazy\" decoding=\"async\" width=\"1024\" height=\"548\" src=\"https:\/\/ent2d.ac-bordeaux.fr\/disciplines\/economie-gestion\/wp-content\/uploads\/sites\/31\/2020\/04\/image-offre-de-parcoours-magistere.png\" alt=\"\" class=\"wp-image-377\" srcset=\"https:\/\/ent2d.ac-bordeaux.fr\/disciplines\/economie-gestion\/wp-content\/uploads\/sites\/31\/2020\/04\/image-offre-de-parcoours-magistere.png 1024w, https:\/\/ent2d.ac-bordeaux.fr\/disciplines\/economie-gestion\/wp-content\/uploads\/sites\/31\/2020\/04\/image-offre-de-parcoours-magistere-300x161.png 300w, https:\/\/ent2d.ac-bordeaux.fr\/disciplines\/economie-gestion\/wp-content\/uploads\/sites\/31\/2020\/04\/image-offre-de-parcoours-magistere-768x411.png 768w, https:\/\/ent2d.ac-bordeaux.fr\/disciplines\/economie-gestion\/wp-content\/uploads\/sites\/31\/2020\/04\/image-offre-de-parcoours-magistere-750x400.png 750w\" sizes=\"auto, (max-width: 1024px) 100vw, 1024px\" \/><\/a><figcaption>Choisissez une formation et inscrivez-vous avec votre adresse acad\u00e9mique.<\/figcaption><\/figure>\n","protected":false},"excerpt":{"rendered":"<p>Des\u00a0parcours\u00a0de qualit\u00e9 accompagn\u00e9s ou en auto-formation r\u00e9pondant \u00e0 vos besoins imm\u00e9diats de formation.\u00a0<\/p>\n","protected":false},"author":957,"featured_media":0,"parent":0,"menu_order":0,"comment_status":"closed","ping_status":"closed","template":"","meta":{"_bbp_topic_count":0,"_bbp_reply_count":0,"_bbp_total_topic_count":0,"_bbp_total_reply_count":0,"_bbp_voice_count":0,"_bbp_anonymous_reply_count":0,"_bbp_topic_count_hidden":0,"_bbp_reply_count_hidden":0,"_bbp_forum_subforum_count":0,"footnotes":""},"class_list":["post-283","page","type-page","status-publish","hentry"],"_links":{"self":[{"href":"https:\/\/ent2d.ac-bordeaux.fr\/disciplines\/economie-gestion\/wp-json\/wp\/v2\/pages\/283","targetHints":{"allow":["GET"]}}],"collection":[{"href":"https:\/\/ent2d.ac-bordeaux.fr\/disciplines\/economie-gestion\/wp-json\/wp\/v2\/pages"}],"about":[{"href":"https:\/\/ent2d.ac-bordeaux.fr\/disciplines\/economie-gestion\/wp-json\/wp\/v2\/types\/page"}],"author":[{"embeddable":true,"href":"https:\/\/ent2d.ac-bordeaux.fr\/disciplines\/economie-gestion\/wp-json\/wp\/v2\/users\/957"}],"replies":[{"embeddable":true,"href":"https:\/\/ent2d.ac-bordeaux.fr\/disciplines\/economie-gestion\/wp-json\/wp\/v2\/comments?post=283"}],"version-history":[{"count":2,"href":"https:\/\/ent2d.ac-bordeaux.fr\/disciplines\/economie-gestion\/wp-json\/wp\/v2\/pages\/283\/revisions"}],"predecessor-version":[{"id":378,"href":"https:\/\/ent2d.ac-bordeaux.fr\/disciplines\/economie-gestion\/wp-json\/wp\/v2\/pages\/283\/revisions\/378"}],"wp:attachment":[{"href":"https:\/\/ent2d.ac-bordeaux.fr\/disciplines\/economie-gestion\/wp-json\/wp\/v2\/media?parent=283"}],"curies":[{"name":"wp","href":"https:\/\/api.w.org\/{rel}","templated":true}]}}