{"id":268,"date":"2020-04-01T14:52:58","date_gmt":"2020-04-01T12:52:58","guid":{"rendered":"https:\/\/ent2d.ac-bordeaux.fr\/disciplines\/economie-gestion\/?page_id=268"},"modified":"2023-09-26T10:21:58","modified_gmt":"2023-09-26T08:21:58","slug":"calendrier-des-formations","status":"publish","type":"page","link":"https:\/\/ent2d.ac-bordeaux.fr\/disciplines\/economie-gestion\/calendrier-des-formations\/","title":{"rendered":"Calendrier des formations (s&#8217;inscrire)"},"content":{"rendered":"\n<h2 class=\"wp-block-heading\">Ann\u00e9e scolaire 2023 &#8211; 2024<\/h2>\n\n\n\n<p>Dans le cadre des enseignements d\u2019\u00e9conomie droit et d\u2019\u00e9conomie gestion, plusieurs formations auront<br>lieu cette ann\u00e9e. Elles s\u2019adressent \u00e0 l\u2019ensemble des enseignants P8013, P8038, P8039 et P8035<br>(anciennement P0096). Vous trouverez ci-apr\u00e8s les intitul\u00e9s des formations ainsi que les liens pour<br>vous inscrire.<\/p>\n\n\n\n<p>Deux formations d\u00e9partementales :<\/p>\n\n\n\n<p>1- Pr\u00e9sentation et exploitation d\u2019un escape-game en \u00e9conomie droit, niveau 1<\/p>\n\n\n\n<p>2 &#8211; Parcours de formation EDUCFI dans le cadre du d\u00e9ploiement du passeport Educfi en voie<br>professionnelle<\/p>\n\n\n\n<p>Attention : cl\u00f4ture des inscriptions le vendredi 29 septembre 2023.<\/p>\n\n\n\n<div data-wp-interactive=\"core\/file\" class=\"wp-block-file\"><object data-wp-bind--hidden=\"!state.hasPdfPreview\" hidden class=\"wp-block-file__embed\" data=\"https:\/\/ent2d.ac-bordeaux.fr\/disciplines\/economie-gestion\/wp-content\/uploads\/sites\/31\/2023\/09\/Courrier-pre\u0301sentation-formations-R2023-1.pdf\" type=\"application\/pdf\" style=\"width:100%;height:600px\" aria-label=\"Contenu embarqu\u00e9 Courrier-pre\u0301sentation-formations-R2023-1.\"><\/object><a id=\"wp-block-file--media-9f1a8fe9-5219-4e9f-8600-56b6df5b886d\" href=\"https:\/\/ent2d.ac-bordeaux.fr\/disciplines\/economie-gestion\/wp-content\/uploads\/sites\/31\/2023\/09\/Courrier-pre\u0301sentation-formations-R2023-1.pdf\">Courrier-pre\u0301sentation-formations-R2023-1<\/a><a href=\"https:\/\/ent2d.ac-bordeaux.fr\/disciplines\/economie-gestion\/wp-content\/uploads\/sites\/31\/2023\/09\/Courrier-pre\u0301sentation-formations-R2023-1.pdf\" class=\"wp-block-file__button wp-element-button\" download aria-describedby=\"wp-block-file--media-9f1a8fe9-5219-4e9f-8600-56b6df5b886d\">T\u00e9l\u00e9charger<\/a><\/div>\n\n\n\n<h2 class=\"wp-block-heading\">SESSION 2023<\/h2>\n\n\n\n<p>A la fin de l\u2019ann\u00e9e scolaire 2021 2022, vous nous avez fait remonter vos besoins en formation. Par cons\u00e9quent, cette ann\u00e9e, nous vous proposons dans le cadre des enseignements d\u2019\u00e9conomie droit et d\u2019\u00e9conomie gestion, plusieurs formations. Celles-ci s\u2019adressent \u00e0 l\u2019ensemble des enseignants : P8013, P8038, P8039, P0096. Vous trouverez ci-apr\u00e8s les intitul\u00e9s et les descriptifs des formations :<\/p>\n\n\n\n<p><br><span class=\"has-inline-color has-vivid-cyan-blue-color\"><strong>Deux formations d\u00e9partementales<\/strong><\/span> :<br><span class=\"has-inline-color has-vivid-cyan-blue-color\">1. De la s\u00e9quence \u00e0 l\u2019\u00e9preuve certificative en \u00e9conomie droit et\/ou \u00e9conomie gestion (1 jour)<\/span><br>o Pr\u00e9sentation de la nouvelle \u00e9preuve,<br>o Pr\u00e9sentation de s\u00e9ances en vue de la pr\u00e9paration \u00e0 l\u2019\u00e9preuve certificative,<br>o Construction d\u2019une s\u00e9ance en vue de la pr\u00e9paration \u00e0 l\u2019\u00e9preuve certificative en utilisant les s\u00e9ances<br>pr\u00e9sent\u00e9es,<br>o Proposition des fiches de m\u00e9thodologie.<br><span class=\"has-inline-color has-vivid-cyan-blue-color\">2. Pr\u00e9sentation d\u2019un escape-game en \u00e9conomie droit (1 jour)<\/span> &#8211; Le lundi 16 janvier 2023 au lyc\u00e9e Frederic Esteve de Mont de Marsan, le lundi 23 janvier 2023 au lyc\u00e9e Emile Combes de B\u00e8gles, le mardi 24 janvier au lyc\u00e9e Frederic Esteve de Mont de Marsan.<br>o Pr\u00e9sentation et exploitation d\u2019un d\u2019escape-game afin de pouvoir l\u2019investir dans d\u2019autres enseignements.<\/p>\n\n\n\n<p><br><strong><span class=\"has-inline-color has-vivid-cyan-blue-color\">Formation acad\u00e9mique au lyc\u00e9e Emile Combes de B\u00e8gles \u2013 Le jeudi 12 janvier 2023<\/span><\/strong><br><span class=\"has-inline-color has-vivid-cyan-blue-color\">1. Conf\u00e9rence de Madame Freleteau &#8211; Ma\u00eetre de conf\u00e9rences \u00e0 l\u2019Universit\u00e9 de Bordeaux. (9h30-12h)<\/span><br>o Les derni\u00e8res lois en mati\u00e8re de consommation. Evolutions sur le droit de la consommation ;<br>o Les contrats en relation avec le programme d\u2019\u00e9conomie droit et d\u2019\u00e9conomie gestion ;<br><span class=\"has-inline-color has-vivid-cyan-blue-color\">2. Conf\u00e9rence de Madame Lassort &#8211; Responsable Maison pour rebondir Nouvelle Aquitaine-Occitanie \/ Suez (14h-<br>16h30)<\/span><br>o Pr\u00e9sentation des notions : ESS, d\u00e9veloppement durable, RSE et \u00e9conomie circulaire.<br><\/p>\n\n\n\n<p><strong>Si vous souhaitez suivre ces formations vous pouvez vous pr\u00e9-inscrire, avant le jeudi 13 octobre, directement via le lien suivant. (Chaque onglet correspond \u00e0 une formation) :<\/strong><\/p>\n\n\n\n<p> <a href=\"https:\/\/docs.google.com\/spreadsheets\/d\/1C0obluxf_sBewuZ_JQ-uRfZV6H-xbr4y\/edit?usp=sharing&amp;ouid=107332880070107537189&amp;rtpof=true&amp;sd=true\">https:\/\/docs.google.com\/spreadsheets\/d\/1C0obluxf_sBewuZ_JQ-uRfZV6H-xbr4y\/edit?usp=sharing&amp;ouid=107332880070107537189&amp;rtpof=true&amp;sd=true<\/a><\/p>\n\n\n\n<h2 class=\"wp-block-heading\"><strong>SESSION 2022<\/strong><\/h2>\n\n\n\n<p class=\"has-vivid-red-color has-text-color\">Vous pouvez vous inscrire directement via le lien suivant <strong>avant le vendredi 11 mars 2022<\/strong> :<br><a href=\"https:\/\/docs.google.com\/spreadsheets\/d\/1n3j6_lxpEVUB454KBBm9uh9sTQ43bagmkn7WEnvf6rk\/edit?usp=sharing\" target=\"_blank\" rel=\"noreferrer noopener\">https:\/\/docs.google.com\/spreadsheets\/d\/1n3j6_lxpEVUB454KBBm9uh9sTQ43bagmkn7WEnvf6rk\/edit?usp=sharing<\/a><\/p>\n\n\n\n<p>Dans le cadre des enseignements d\u2019\u00e9conomie droit et d\u2019\u00e9conomie gestion, plusieurs formations auront lieu d\u2019ici la fin de l\u2019ann\u00e9e<br>scolaire. Pour l\u2019heure, les enseignants des classes de terminale, ont d\u00e9j\u00e0 eu une session de formation sur les nouvelles<br>\u00e9preuves de la session 2022. Ils ont \u00e9t\u00e9 identifi\u00e9s suite aux remont\u00e9es des \u00e9tablissements.<br>Les formations propos\u00e9es s\u2019adressent \u00e0 l\u2019ensemble des enseignants qui ont en charge l\u2019\u00e9conomie droit et\/ou l\u2019\u00e9conomie<br>gestion. Vous trouverez ci-apr\u00e8s leurs intitul\u00e9s et leurs descriptifs :<\/p>\n\n\n\n<div class=\"wp-block-columns is-layout-flex wp-container-core-columns-is-layout-28f84493 wp-block-columns-is-layout-flex\">\n<div class=\"wp-block-column has-very-light-gray-to-cyan-bluish-gray-gradient-background has-background is-layout-flow wp-block-column-is-layout-flow\" style=\"flex-basis:33.33%\">\n<p><\/p>\n\n\n\n<p><\/p>\n\n\n\n<p><\/p>\n\n\n\n<p><strong><span class=\"has-inline-color has-vivid-cyan-blue-color\">Formations destin\u00e9es \u00e0 tous les enseignants :<\/span><\/strong><\/p>\n<\/div>\n\n\n\n<div class=\"wp-block-column is-layout-flow wp-block-column-is-layout-flow\" style=\"flex-basis:66.66%\">\n<p>\u2756 Cr\u00e9ation de s\u00e9quence en \u00e9conomie droit \u2013 <strong><span class=\"has-inline-color has-vivid-red-color\">le lundi 4 avril 2022<\/span><\/strong><br>o R\u00e9pondre \u00e0 une question du module 5<br>o Rechercher et s\u00e9lectionner des ressources vari\u00e9es<br>o Proposer des fiches de m\u00e9thodologie<br>o Pr\u00e9parer les \u00e9l\u00e8ves \u00e0 l\u2019\u00e9preuve certificative<\/p>\n\n\n\n<p><br>\u2756 Cr\u00e9ation de s\u00e9quence en \u00e9conomie gestion \u2013<strong><span class=\"has-inline-color has-vivid-red-color\"> le lundi 11 avril 2022<\/span><\/strong><br>o R\u00e9pondre \u00e0 une question du module 4<br>o Rechercher et s\u00e9lectionner des ressources vari\u00e9es<br>o Proposer des fiches de m\u00e9thodologie<br>o Pr\u00e9parer les \u00e9l\u00e8ves \u00e0 l\u2019\u00e9preuve certificative<\/p>\n\n\n\n<p><br>\u2756 Pr\u00e9sentation d\u2019un Escape Game en \u00e9conomie droit (<strong><span class=\"has-inline-color has-vivid-red-color\">date \u00e0 d\u00e9terminer<\/span><\/strong>)<br>o Exploiter une forme d\u2019Escape Game afin de pouvoir l\u2019investir dans d\u2019autres enseignements<\/p>\n<\/div>\n<\/div>\n\n\n\n<div class=\"wp-block-columns is-layout-flex wp-container-core-columns-is-layout-28f84493 wp-block-columns-is-layout-flex\">\n<div class=\"wp-block-column has-very-light-gray-to-cyan-bluish-gray-gradient-background has-background is-layout-flow wp-block-column-is-layout-flow\" style=\"flex-basis:33.33%\">\n<p><strong><span class=\"has-inline-color has-vivid-cyan-blue-color\">Formations destin\u00e9es aux enseignants qui ont en charge les classes de seconde et de premi\u00e8re en priorit\u00e9 :<\/span><\/strong><\/p>\n<\/div>\n\n\n\n<div class=\"wp-block-column is-layout-flow wp-block-column-is-layout-flow\" style=\"flex-basis:66.66%\">\n<p>\u2756 Pr\u00e9parer les \u00e9l\u00e8ves \u00e0 la nouvelle \u00e9preuve d\u2019\u00e9conomie droit \u2013 <strong><span class=\"has-inline-color has-vivid-red-color\">le jeudi 7 avril<\/span><\/strong><br>o Conna\u00eetre le contexte de l\u2019\u00e9preuve<br>o Identifier les attentes de la partie 1<br>o Identifier les attentes de la partie 2<\/p>\n\n\n\n<p><br>\u2756 Pr\u00e9parer les \u00e9l\u00e8ves \u00e0 la nouvelle \u00e9preuve d\u2019\u00e9conomie gestion &#8211; <strong><span class=\"has-inline-color has-vivid-red-color\">le jeudi 7 avril<\/span><\/strong><br>o Conna\u00eetre le contexte de l\u2019\u00e9preuve<br>o Identifier les attentes de la partie 1<br>o Identifier les attentes de la partie 2<\/p>\n<\/div>\n<\/div>\n\n\n\n<hr class=\"wp-block-separator has-css-opacity\" \/>\n\n\n\n<h2 class=\"wp-block-heading\"><strong>SESSION 2019-2020<\/strong><\/h2>\n\n\n\n<figure class=\"wp-block-table is-style-stripes\"><table class=\"has-fixed-layout\"><tbody><tr><td><br><strong>Dates\/<\/strong><br><strong>horaires<\/strong><\/td><td> <strong>Type de <br>formation <\/strong><\/td><td><strong>Th\u00e8me de la<br>formation<\/strong><\/td><td><strong>Participants<\/strong><\/td><td><strong>Plateforme      <\/strong><\/td><\/tr><tr><td>08\/04\/2020<br>9h00-12h00<br><strong>et<\/strong><br>15\/04\/2020<br>9H00-12H00<br><\/td><td>             <br>        e-formation<\/td><td> <strong>&#8220;comment <\/strong><br><strong>enseigner <\/strong><br><strong>l&#8217;\u00e9conomie<\/strong><br><strong> gestion <\/strong><br><strong>\u00e0 distance&#8221;<\/strong> <\/td><td>max 15<br><em>(complet)<\/em><br><br><br><br><\/td><td><br><br><br>Via<br>La classe virtuelle<\/td><\/tr><tr><td>       <br>           <em>\u00e0 <br>  venir<\/em><br><br>(session de 1h30)<\/td><td>         e-formation<br>       <br>             (teaser)<br><a href=\"https:\/\/cutt.ly\/uyOwE3a\">https:\/\/cutt.ly\/uyOwE3a<\/a><\/td><td><strong>&#8220;Dynamiser son <br>enseignement <br>avec la<br>plateforme <br>Tactil\u00e9o&#8221;<\/strong><\/td><td>max 10<br><em>(inscription <br>en cours)<\/em><\/td><td> <br>Via<br>La classe virtuelle <\/td><\/tr><\/tbody><\/table><\/figure>\n\n\n\n<h2 class=\"wp-block-heading\"><\/h2>\n\n\n\n<h2 class=\"wp-block-heading\"><\/h2>\n\n\n\n<h2 class=\"wp-block-heading\"><\/h2>\n\n\n\n<h2 class=\"wp-block-heading\"><\/h2>\n","protected":false},"excerpt":{"rendered":"<p>Ann\u00e9e scolaire 2023 &#8211; 2024 Dans le cadre des enseignements d\u2019\u00e9conomie droit et d\u2019\u00e9conomie gestion, plusieurs formations aurontlieu cette ann\u00e9e.<\/p>\n","protected":false},"author":957,"featured_media":0,"parent":0,"menu_order":0,"comment_status":"closed","ping_status":"closed","template":"","meta":{"_bbp_topic_count":0,"_bbp_reply_count":0,"_bbp_total_topic_count":0,"_bbp_total_reply_count":0,"_bbp_voice_count":0,"_bbp_anonymous_reply_count":0,"_bbp_topic_count_hidden":0,"_bbp_reply_count_hidden":0,"_bbp_forum_subforum_count":0,"footnotes":""},"class_list":["post-268","page","type-page","status-publish","hentry"],"_links":{"self":[{"href":"https:\/\/ent2d.ac-bordeaux.fr\/disciplines\/economie-gestion\/wp-json\/wp\/v2\/pages\/268","targetHints":{"allow":["GET"]}}],"collection":[{"href":"https:\/\/ent2d.ac-bordeaux.fr\/disciplines\/economie-gestion\/wp-json\/wp\/v2\/pages"}],"about":[{"href":"https:\/\/ent2d.ac-bordeaux.fr\/disciplines\/economie-gestion\/wp-json\/wp\/v2\/types\/page"}],"author":[{"embeddable":true,"href":"https:\/\/ent2d.ac-bordeaux.fr\/disciplines\/economie-gestion\/wp-json\/wp\/v2\/users\/957"}],"replies":[{"embeddable":true,"href":"https:\/\/ent2d.ac-bordeaux.fr\/disciplines\/economie-gestion\/wp-json\/wp\/v2\/comments?post=268"}],"version-history":[{"count":27,"href":"https:\/\/ent2d.ac-bordeaux.fr\/disciplines\/economie-gestion\/wp-json\/wp\/v2\/pages\/268\/revisions"}],"predecessor-version":[{"id":1207,"href":"https:\/\/ent2d.ac-bordeaux.fr\/disciplines\/economie-gestion\/wp-json\/wp\/v2\/pages\/268\/revisions\/1207"}],"wp:attachment":[{"href":"https:\/\/ent2d.ac-bordeaux.fr\/disciplines\/economie-gestion\/wp-json\/wp\/v2\/media?parent=268"}],"curies":[{"name":"wp","href":"https:\/\/api.w.org\/{rel}","templated":true}]}}