{"id":1090,"date":"2022-05-16T09:59:43","date_gmt":"2022-05-16T07:59:43","guid":{"rendered":"https:\/\/ent2d.ac-bordeaux.fr\/disciplines\/economie-gestion\/?page_id=1090"},"modified":"2022-05-16T09:59:44","modified_gmt":"2022-05-16T07:59:44","slug":"eco-gestion-propositions-de-corriges-des-sujets-zeros-realises-par-les-groupes-de-formation","status":"publish","type":"page","link":"https:\/\/ent2d.ac-bordeaux.fr\/disciplines\/economie-gestion\/eco-gestion-propositions-de-corriges-des-sujets-zeros-realises-par-les-groupes-de-formation\/","title":{"rendered":"ECO-GESTION &#8211; Propositions de corrig\u00e9s des sujets z\u00e9ros r\u00e9alis\u00e9s par les groupes de formation"},"content":{"rendered":"\n<h2 class=\"wp-block-heading\">Sujet : <a rel=\"noreferrer noopener\" href=\"https:\/\/eduscol.education.fr\/document\/11393\/download\" target=\"_blank\">ESS et mutations de l\u2019\u00e9conomie \/ Pratiques num\u00e9riques<\/a><\/h2>\n\n\n\n<div class=\"wp-block-columns is-layout-flex wp-container-core-columns-is-layout-28f84493 wp-block-columns-is-layout-flex\">\n<div class=\"wp-block-column is-layout-flow wp-block-column-is-layout-flow\">\n<figure class=\"wp-block-image size-full is-resized\"><a href=\"https:\/\/docs.google.com\/document\/d\/1e1pUeUDTinh_aUi2abYf2HW9uP0n046Z\/edit?usp=sharing&amp;ouid=117492529822942831956&amp;rtpof=true&amp;sd=true\"><img loading=\"lazy\" decoding=\"async\" src=\"https:\/\/ent2d.ac-bordeaux.fr\/disciplines\/economie-gestion\/wp-content\/uploads\/sites\/31\/2022\/05\/numerique-1.png\" alt=\"\" class=\"wp-image-1097\" width=\"253\" height=\"359\" srcset=\"https:\/\/ent2d.ac-bordeaux.fr\/disciplines\/economie-gestion\/wp-content\/uploads\/sites\/31\/2022\/05\/numerique-1.png 476w, https:\/\/ent2d.ac-bordeaux.fr\/disciplines\/economie-gestion\/wp-content\/uploads\/sites\/31\/2022\/05\/numerique-1-211x300.png 211w\" sizes=\"auto, (max-width: 253px) 100vw, 253px\" \/><\/a><\/figure>\n<\/div>\n\n\n\n<div class=\"wp-block-column is-layout-flow wp-block-column-is-layout-flow\"><\/div>\n<\/div>\n\n\n\n<h2 class=\"wp-block-heading\">Sujet : <a rel=\"noreferrer noopener\" href=\"https:\/\/eduscol.education.fr\/document\/11399\/download\" target=\"_blank\">Impact du t\u00e9l\u00e9travail \/ Situation sanitaire<\/a><\/h2>\n\n\n\n<div class=\"wp-block-columns is-layout-flex wp-container-core-columns-is-layout-28f84493 wp-block-columns-is-layout-flex\">\n<div class=\"wp-block-column is-layout-flow wp-block-column-is-layout-flow\">\n<figure class=\"wp-block-image size-full is-resized\"><a href=\"https:\/\/docs.google.com\/document\/d\/1nLFvlZ6S_hkH81z3hau5YtRRk1JETLI7\/edit?usp=sharing&amp;ouid=117492529822942831956&amp;rtpof=true&amp;sd=true\"><img loading=\"lazy\" decoding=\"async\" src=\"https:\/\/ent2d.ac-bordeaux.fr\/disciplines\/economie-gestion\/wp-content\/uploads\/sites\/31\/2022\/05\/teletravail-sanitaire.png\" alt=\"\" class=\"wp-image-1091\" width=\"243\" height=\"346\" srcset=\"https:\/\/ent2d.ac-bordeaux.fr\/disciplines\/economie-gestion\/wp-content\/uploads\/sites\/31\/2022\/05\/teletravail-sanitaire.png 474w, https:\/\/ent2d.ac-bordeaux.fr\/disciplines\/economie-gestion\/wp-content\/uploads\/sites\/31\/2022\/05\/teletravail-sanitaire-210x300.png 210w\" sizes=\"auto, (max-width: 243px) 100vw, 243px\" \/><\/a><\/figure>\n\n\n\n<figure class=\"wp-block-image size-full is-resized\"><a href=\"https:\/\/drive.google.com\/file\/d\/1teXYMTFt49mwE3IRkhyeZ2ttwh76GpJB\/view?usp=sharing\"><img loading=\"lazy\" decoding=\"async\" src=\"https:\/\/ent2d.ac-bordeaux.fr\/disciplines\/economie-gestion\/wp-content\/uploads\/sites\/31\/2022\/05\/Teletravail3.png\" alt=\"\" class=\"wp-image-1095\" width=\"227\" height=\"297\" srcset=\"https:\/\/ent2d.ac-bordeaux.fr\/disciplines\/economie-gestion\/wp-content\/uploads\/sites\/31\/2022\/05\/Teletravail3.png 405w, https:\/\/ent2d.ac-bordeaux.fr\/disciplines\/economie-gestion\/wp-content\/uploads\/sites\/31\/2022\/05\/Teletravail3-229x300.png 229w\" sizes=\"auto, (max-width: 227px) 100vw, 227px\" \/><\/a><\/figure>\n<\/div>\n\n\n\n<div class=\"wp-block-column is-layout-flow wp-block-column-is-layout-flow\">\n<figure class=\"wp-block-image size-full is-resized\"><a href=\"https:\/\/docs.google.com\/document\/d\/1AOXZdYqotFGtkw7N-by4NyBpY60yhJOP\/edit?usp=sharing&amp;ouid=117492529822942831956&amp;rtpof=true&amp;sd=true\"><img loading=\"lazy\" decoding=\"async\" src=\"https:\/\/ent2d.ac-bordeaux.fr\/disciplines\/economie-gestion\/wp-content\/uploads\/sites\/31\/2022\/05\/TELETRAVAIL-SANITAIRE1.png\" alt=\"\" class=\"wp-image-1093\" width=\"240\" height=\"311\" srcset=\"https:\/\/ent2d.ac-bordeaux.fr\/disciplines\/economie-gestion\/wp-content\/uploads\/sites\/31\/2022\/05\/TELETRAVAIL-SANITAIRE1.png 491w, https:\/\/ent2d.ac-bordeaux.fr\/disciplines\/economie-gestion\/wp-content\/uploads\/sites\/31\/2022\/05\/TELETRAVAIL-SANITAIRE1-231x300.png 231w\" sizes=\"auto, (max-width: 240px) 100vw, 240px\" \/><\/a><\/figure>\n\n\n\n<figure class=\"wp-block-image size-full is-resized\"><a href=\"https:\/\/drive.google.com\/file\/d\/1WUhHEKkXncHJvAi8NsHy-O4yLHrWK9bB\/view?usp=sharing\"><img loading=\"lazy\" decoding=\"async\" src=\"https:\/\/ent2d.ac-bordeaux.fr\/disciplines\/economie-gestion\/wp-content\/uploads\/sites\/31\/2022\/05\/teletravail.png\" alt=\"\" class=\"wp-image-1098\" width=\"252\" height=\"355\" srcset=\"https:\/\/ent2d.ac-bordeaux.fr\/disciplines\/economie-gestion\/wp-content\/uploads\/sites\/31\/2022\/05\/teletravail.png 595w, https:\/\/ent2d.ac-bordeaux.fr\/disciplines\/economie-gestion\/wp-content\/uploads\/sites\/31\/2022\/05\/teletravail-213x300.png 213w\" sizes=\"auto, (max-width: 252px) 100vw, 252px\" \/><\/a><\/figure>\n<\/div>\n<\/div>\n\n\n\n<h2 class=\"wp-block-heading\">Sujet : <a rel=\"noreferrer noopener\" href=\"https:\/\/eduscol.education.fr\/document\/11405\/download\" target=\"_blank\">D\u00e9marche de RSE \/ Travailleur ind\u00e9pendant\u00a0<\/a><\/h2>\n\n\n\n<div class=\"wp-block-columns is-layout-flex wp-container-core-columns-is-layout-28f84493 wp-block-columns-is-layout-flex\">\n<div class=\"wp-block-column is-layout-flow wp-block-column-is-layout-flow\">\n<figure class=\"wp-block-image size-full is-resized\"><a href=\"https:\/\/drive.google.com\/file\/d\/1Ckj2z0Q0ybx-g8y7hJUDr_1aH4nYtWCd\/view?usp=sharing\"><img loading=\"lazy\" decoding=\"async\" src=\"https:\/\/ent2d.ac-bordeaux.fr\/disciplines\/economie-gestion\/wp-content\/uploads\/sites\/31\/2022\/05\/production-RSE.png\" alt=\"\" class=\"wp-image-1092\" width=\"237\" height=\"342\" srcset=\"https:\/\/ent2d.ac-bordeaux.fr\/disciplines\/economie-gestion\/wp-content\/uploads\/sites\/31\/2022\/05\/production-RSE.png 392w, https:\/\/ent2d.ac-bordeaux.fr\/disciplines\/economie-gestion\/wp-content\/uploads\/sites\/31\/2022\/05\/production-RSE-208x300.png 208w\" sizes=\"auto, (max-width: 237px) 100vw, 237px\" \/><\/a><\/figure>\n<\/div>\n\n\n\n<div class=\"wp-block-column is-layout-flow wp-block-column-is-layout-flow\"><\/div>\n<\/div>\n","protected":false},"excerpt":{"rendered":"<p>Sujet : ESS et mutations de l\u2019\u00e9conomie \/ Pratiques num\u00e9riques Sujet : Impact du t\u00e9l\u00e9travail \/ Situation sanitaire Sujet :<\/p>\n","protected":false},"author":957,"featured_media":0,"parent":0,"menu_order":0,"comment_status":"closed","ping_status":"closed","template":"","meta":{"_bbp_topic_count":0,"_bbp_reply_count":0,"_bbp_total_topic_count":0,"_bbp_total_reply_count":0,"_bbp_voice_count":0,"_bbp_anonymous_reply_count":0,"_bbp_topic_count_hidden":0,"_bbp_reply_count_hidden":0,"_bbp_forum_subforum_count":0,"footnotes":""},"class_list":["post-1090","page","type-page","status-publish","hentry"],"_links":{"self":[{"href":"https:\/\/ent2d.ac-bordeaux.fr\/disciplines\/economie-gestion\/wp-json\/wp\/v2\/pages\/1090","targetHints":{"allow":["GET"]}}],"collection":[{"href":"https:\/\/ent2d.ac-bordeaux.fr\/disciplines\/economie-gestion\/wp-json\/wp\/v2\/pages"}],"about":[{"href":"https:\/\/ent2d.ac-bordeaux.fr\/disciplines\/economie-gestion\/wp-json\/wp\/v2\/types\/page"}],"author":[{"embeddable":true,"href":"https:\/\/ent2d.ac-bordeaux.fr\/disciplines\/economie-gestion\/wp-json\/wp\/v2\/users\/957"}],"replies":[{"embeddable":true,"href":"https:\/\/ent2d.ac-bordeaux.fr\/disciplines\/economie-gestion\/wp-json\/wp\/v2\/comments?post=1090"}],"version-history":[{"count":3,"href":"https:\/\/ent2d.ac-bordeaux.fr\/disciplines\/economie-gestion\/wp-json\/wp\/v2\/pages\/1090\/revisions"}],"predecessor-version":[{"id":1099,"href":"https:\/\/ent2d.ac-bordeaux.fr\/disciplines\/economie-gestion\/wp-json\/wp\/v2\/pages\/1090\/revisions\/1099"}],"wp:attachment":[{"href":"https:\/\/ent2d.ac-bordeaux.fr\/disciplines\/economie-gestion\/wp-json\/wp\/v2\/media?parent=1090"}],"curies":[{"name":"wp","href":"https:\/\/api.w.org\/{rel}","templated":true}]}}