{"id":1072,"date":"2022-05-16T09:27:30","date_gmt":"2022-05-16T07:27:30","guid":{"rendered":"https:\/\/ent2d.ac-bordeaux.fr\/disciplines\/economie-gestion\/?page_id=1072"},"modified":"2022-05-16T10:54:46","modified_gmt":"2022-05-16T08:54:46","slug":"eco-droit-propositions-de-corriges-des-sujets-zeros-realises-par-les-groupes-de-formation","status":"publish","type":"page","link":"https:\/\/ent2d.ac-bordeaux.fr\/disciplines\/economie-gestion\/eco-droit-propositions-de-corriges-des-sujets-zeros-realises-par-les-groupes-de-formation\/","title":{"rendered":"ECO-DROIT &#8211; Propositions de corrig\u00e9s des sujets z\u00e9ros r\u00e9alis\u00e9s par les groupes de formation"},"content":{"rendered":"\n<hr class=\"wp-block-separator\" \/>\n\n\n\n<h2 class=\"wp-block-heading\">Sujet : Le r\u00f4le de l&#8217;\u00e9tat dans l&#8217;\u00e9conomie<\/h2>\n\n\n\n<div class=\"wp-block-columns is-layout-flex wp-container-core-columns-is-layout-28f84493 wp-block-columns-is-layout-flex\">\n<div class=\"wp-block-column is-layout-flow wp-block-column-is-layout-flow\">\n<figure class=\"wp-block-image size-full is-resized\"><a href=\"https:\/\/docs.google.com\/document\/d\/1HPQ7lsrepgWIVVNstu5BOyiF45b9ktip\/edit?usp=sharing&amp;ouid=117492529822942831956&amp;rtpof=true&amp;sd=true\"><img loading=\"lazy\" decoding=\"async\" src=\"https:\/\/ent2d.ac-bordeaux.fr\/disciplines\/economie-gestion\/wp-content\/uploads\/sites\/31\/2022\/05\/le-role-de-l-etat.png\" alt=\"\" class=\"wp-image-1074\" width=\"252\" height=\"355\" srcset=\"https:\/\/ent2d.ac-bordeaux.fr\/disciplines\/economie-gestion\/wp-content\/uploads\/sites\/31\/2022\/05\/le-role-de-l-etat.png 596w, https:\/\/ent2d.ac-bordeaux.fr\/disciplines\/economie-gestion\/wp-content\/uploads\/sites\/31\/2022\/05\/le-role-de-l-etat-213x300.png 213w\" sizes=\"auto, (max-width: 252px) 100vw, 252px\" \/><\/a><\/figure>\n\n\n\n<figure class=\"wp-block-image size-full is-resized\"><a href=\"https:\/\/docs.google.com\/document\/d\/1FvLZZsIJPlcfBjrFmDqnGS2v-l2NL7s1\/edit?usp=sharing&amp;ouid=117492529822942831956&amp;rtpof=true&amp;sd=true\"><img loading=\"lazy\" decoding=\"async\" src=\"https:\/\/ent2d.ac-bordeaux.fr\/disciplines\/economie-gestion\/wp-content\/uploads\/sites\/31\/2022\/05\/role-etat.png\" alt=\"\" class=\"wp-image-1081\" width=\"262\" height=\"371\" srcset=\"https:\/\/ent2d.ac-bordeaux.fr\/disciplines\/economie-gestion\/wp-content\/uploads\/sites\/31\/2022\/05\/role-etat.png 478w, https:\/\/ent2d.ac-bordeaux.fr\/disciplines\/economie-gestion\/wp-content\/uploads\/sites\/31\/2022\/05\/role-etat-212x300.png 212w\" sizes=\"auto, (max-width: 262px) 100vw, 262px\" \/><\/a><\/figure>\n<\/div>\n\n\n\n<div class=\"wp-block-column is-layout-flow wp-block-column-is-layout-flow\">\n<figure class=\"wp-block-image size-full is-resized\"><a href=\"https:\/\/drive.google.com\/file\/d\/15fL9yxIUlF19ce6jbx_QMIYaT7F8b4Lm\/view?usp=sharing\"><img loading=\"lazy\" decoding=\"async\" src=\"https:\/\/ent2d.ac-bordeaux.fr\/disciplines\/economie-gestion\/wp-content\/uploads\/sites\/31\/2022\/05\/sujet-3-role-de-letat.png\" alt=\"\" class=\"wp-image-1077\" width=\"269\" height=\"346\" srcset=\"https:\/\/ent2d.ac-bordeaux.fr\/disciplines\/economie-gestion\/wp-content\/uploads\/sites\/31\/2022\/05\/sujet-3-role-de-letat.png 614w, https:\/\/ent2d.ac-bordeaux.fr\/disciplines\/economie-gestion\/wp-content\/uploads\/sites\/31\/2022\/05\/sujet-3-role-de-letat-233x300.png 233w\" sizes=\"auto, (max-width: 269px) 100vw, 269px\" \/><\/a><\/figure>\n\n\n\n<figure class=\"wp-block-image size-full is-resized\"><a href=\"https:\/\/docs.google.com\/document\/d\/1gX89s8tbYXizh07_9MAEayrUf4briGmh\/edit?usp=sharing&amp;ouid=117492529822942831956&amp;rtpof=true&amp;sd=true\"><img loading=\"lazy\" decoding=\"async\" src=\"https:\/\/ent2d.ac-bordeaux.fr\/disciplines\/economie-gestion\/wp-content\/uploads\/sites\/31\/2022\/05\/eco-droit-Velo.png\" alt=\"\" class=\"wp-image-1108\" width=\"266\" height=\"375\" srcset=\"https:\/\/ent2d.ac-bordeaux.fr\/disciplines\/economie-gestion\/wp-content\/uploads\/sites\/31\/2022\/05\/eco-droit-Velo.png 478w, https:\/\/ent2d.ac-bordeaux.fr\/disciplines\/economie-gestion\/wp-content\/uploads\/sites\/31\/2022\/05\/eco-droit-Velo-212x300.png 212w\" sizes=\"auto, (max-width: 266px) 100vw, 266px\" \/><\/a><\/figure>\n<\/div>\n<\/div>\n\n\n\n<h2 class=\"wp-block-heading\">Sujet : Impact du Num\u00e9rique sur l&#8217;activit\u00e9 de l&#8217;entreprise<\/h2>\n\n\n\n<div class=\"wp-block-columns is-layout-flex wp-container-core-columns-is-layout-28f84493 wp-block-columns-is-layout-flex\">\n<div class=\"wp-block-column is-layout-flow wp-block-column-is-layout-flow\">\n<figure class=\"wp-block-image size-full is-resized\"><a href=\"https:\/\/docs.google.com\/document\/d\/1yLnVHGv4toXDciuunPLiPNKzK9GrV3lv\/edit?usp=sharing&amp;ouid=117492529822942831956&amp;rtpof=true&amp;sd=true\"><img loading=\"lazy\" decoding=\"async\" src=\"https:\/\/ent2d.ac-bordeaux.fr\/disciplines\/economie-gestion\/wp-content\/uploads\/sites\/31\/2022\/05\/numerique.png\" alt=\"\" class=\"wp-image-1076\" width=\"258\" height=\"364\" srcset=\"https:\/\/ent2d.ac-bordeaux.fr\/disciplines\/economie-gestion\/wp-content\/uploads\/sites\/31\/2022\/05\/numerique.png 479w, https:\/\/ent2d.ac-bordeaux.fr\/disciplines\/economie-gestion\/wp-content\/uploads\/sites\/31\/2022\/05\/numerique-213x300.png 213w\" sizes=\"auto, (max-width: 258px) 100vw, 258px\" \/><\/a><\/figure>\n\n\n\n<figure class=\"wp-block-image size-full is-resized\"><a href=\"https:\/\/docs.google.com\/document\/d\/1mxtRHKtBOXnP0y1Ol0yoHYRcnGH7NZJv\/edit?usp=sharing&amp;ouid=117492529822942831956&amp;rtpof=true&amp;sd=true\"><img loading=\"lazy\" decoding=\"async\" src=\"https:\/\/ent2d.ac-bordeaux.fr\/disciplines\/economie-gestion\/wp-content\/uploads\/sites\/31\/2022\/05\/impact-numerique.png\" alt=\"\" class=\"wp-image-1082\" width=\"245\" height=\"346\" srcset=\"https:\/\/ent2d.ac-bordeaux.fr\/disciplines\/economie-gestion\/wp-content\/uploads\/sites\/31\/2022\/05\/impact-numerique.png 479w, https:\/\/ent2d.ac-bordeaux.fr\/disciplines\/economie-gestion\/wp-content\/uploads\/sites\/31\/2022\/05\/impact-numerique-213x300.png 213w\" sizes=\"auto, (max-width: 245px) 100vw, 245px\" \/><\/a><\/figure>\n<\/div>\n\n\n\n<div class=\"wp-block-column is-layout-flow wp-block-column-is-layout-flow\">\n<figure class=\"wp-block-image size-full is-resized\"><a href=\"https:\/\/docs.google.com\/document\/d\/13uYz8wuZuK-S4JM4-VqVkCiIq21u0DeT\/edit?usp=sharing&amp;ouid=117492529822942831956&amp;rtpof=true&amp;sd=true\"><img loading=\"lazy\" decoding=\"async\" src=\"https:\/\/ent2d.ac-bordeaux.fr\/disciplines\/economie-gestion\/wp-content\/uploads\/sites\/31\/2022\/05\/entreprise-Morel.png\" alt=\"\" class=\"wp-image-1075\" width=\"260\" height=\"369\" srcset=\"https:\/\/ent2d.ac-bordeaux.fr\/disciplines\/economie-gestion\/wp-content\/uploads\/sites\/31\/2022\/05\/entreprise-Morel.png 475w, https:\/\/ent2d.ac-bordeaux.fr\/disciplines\/economie-gestion\/wp-content\/uploads\/sites\/31\/2022\/05\/entreprise-Morel-211x300.png 211w\" sizes=\"auto, (max-width: 260px) 100vw, 260px\" \/><\/a><\/figure>\n\n\n\n<figure class=\"wp-block-image size-full is-resized\"><a href=\"https:\/\/docs.google.com\/document\/d\/1XC4YDzKvAMUVk1reTUnJYnhCIS3MlMHK\/edit?usp=sharing&amp;ouid=117492529822942831956&amp;rtpof=true&amp;sd=true\"><img loading=\"lazy\" decoding=\"async\" src=\"https:\/\/ent2d.ac-bordeaux.fr\/disciplines\/economie-gestion\/wp-content\/uploads\/sites\/31\/2022\/05\/eco-droit-impact-num.png\" alt=\"\" class=\"wp-image-1111\" width=\"231\" height=\"324\" srcset=\"https:\/\/ent2d.ac-bordeaux.fr\/disciplines\/economie-gestion\/wp-content\/uploads\/sites\/31\/2022\/05\/eco-droit-impact-num.png 482w, https:\/\/ent2d.ac-bordeaux.fr\/disciplines\/economie-gestion\/wp-content\/uploads\/sites\/31\/2022\/05\/eco-droit-impact-num-214x300.png 214w\" sizes=\"auto, (max-width: 231px) 100vw, 231px\" \/><\/a><\/figure>\n<\/div>\n<\/div>\n\n\n\n<h2 class=\"wp-block-heading\">Sujet : Production non marchande<\/h2>\n\n\n\n<div class=\"wp-block-columns is-layout-flex wp-container-core-columns-is-layout-28f84493 wp-block-columns-is-layout-flex\">\n<div class=\"wp-block-column is-layout-flow wp-block-column-is-layout-flow\">\n<figure class=\"wp-block-image size-full is-resized\"><a href=\"https:\/\/docs.google.com\/document\/d\/1UhGvAG-osEQey0Dc5BpWX3gjdVW29VV1\/edit?usp=sharing&amp;ouid=117492529822942831956&amp;rtpof=true&amp;sd=true\"><img loading=\"lazy\" decoding=\"async\" src=\"https:\/\/ent2d.ac-bordeaux.fr\/disciplines\/economie-gestion\/wp-content\/uploads\/sites\/31\/2022\/05\/non-marchand.png\" alt=\"\" class=\"wp-image-1084\" width=\"243\" height=\"344\" srcset=\"https:\/\/ent2d.ac-bordeaux.fr\/disciplines\/economie-gestion\/wp-content\/uploads\/sites\/31\/2022\/05\/non-marchand.png 478w, https:\/\/ent2d.ac-bordeaux.fr\/disciplines\/economie-gestion\/wp-content\/uploads\/sites\/31\/2022\/05\/non-marchand-212x300.png 212w\" sizes=\"auto, (max-width: 243px) 100vw, 243px\" \/><\/a><\/figure>\n<\/div>\n\n\n\n<div class=\"wp-block-column is-layout-flow wp-block-column-is-layout-flow\"><\/div>\n<\/div>\n","protected":false},"excerpt":{"rendered":"<p>Sujet : Le r\u00f4le de l&#8217;\u00e9tat dans l&#8217;\u00e9conomie Sujet : Impact du Num\u00e9rique sur l&#8217;activit\u00e9 de l&#8217;entreprise Sujet : Production<\/p>\n","protected":false},"author":957,"featured_media":0,"parent":0,"menu_order":0,"comment_status":"closed","ping_status":"closed","template":"","meta":{"_bbp_topic_count":0,"_bbp_reply_count":0,"_bbp_total_topic_count":0,"_bbp_total_reply_count":0,"_bbp_voice_count":0,"_bbp_anonymous_reply_count":0,"_bbp_topic_count_hidden":0,"_bbp_reply_count_hidden":0,"_bbp_forum_subforum_count":0,"footnotes":""},"class_list":["post-1072","page","type-page","status-publish","hentry"],"_links":{"self":[{"href":"https:\/\/ent2d.ac-bordeaux.fr\/disciplines\/economie-gestion\/wp-json\/wp\/v2\/pages\/1072","targetHints":{"allow":["GET"]}}],"collection":[{"href":"https:\/\/ent2d.ac-bordeaux.fr\/disciplines\/economie-gestion\/wp-json\/wp\/v2\/pages"}],"about":[{"href":"https:\/\/ent2d.ac-bordeaux.fr\/disciplines\/economie-gestion\/wp-json\/wp\/v2\/types\/page"}],"author":[{"embeddable":true,"href":"https:\/\/ent2d.ac-bordeaux.fr\/disciplines\/economie-gestion\/wp-json\/wp\/v2\/users\/957"}],"replies":[{"embeddable":true,"href":"https:\/\/ent2d.ac-bordeaux.fr\/disciplines\/economie-gestion\/wp-json\/wp\/v2\/comments?post=1072"}],"version-history":[{"count":8,"href":"https:\/\/ent2d.ac-bordeaux.fr\/disciplines\/economie-gestion\/wp-json\/wp\/v2\/pages\/1072\/revisions"}],"predecessor-version":[{"id":1112,"href":"https:\/\/ent2d.ac-bordeaux.fr\/disciplines\/economie-gestion\/wp-json\/wp\/v2\/pages\/1072\/revisions\/1112"}],"wp:attachment":[{"href":"https:\/\/ent2d.ac-bordeaux.fr\/disciplines\/economie-gestion\/wp-json\/wp\/v2\/media?parent=1072"}],"curies":[{"name":"wp","href":"https:\/\/api.w.org\/{rel}","templated":true}]}}