{"id":756,"date":"2025-08-28T09:24:42","date_gmt":"2025-08-28T07:24:42","guid":{"rendered":"https:\/\/ent2d.ac-bordeaux.fr\/disciplines\/ecole-inclusive\/?page_id=756"},"modified":"2025-08-28T14:41:57","modified_gmt":"2025-08-28T12:41:57","slug":"pole-dappui-a-la-scolarite-pas","status":"publish","type":"page","link":"https:\/\/ent2d.ac-bordeaux.fr\/disciplines\/ecole-inclusive\/pole-dappui-a-la-scolarite-pas\/","title":{"rendered":"P\u00f4le d&rsquo;appui \u00e0 la scolarit\u00e9 (PAS)"},"content":{"rendered":"\n<p>Un dispositif nouveau au service de la r\u00e9ussite de tous les \u00e9l\u00e8ves ayant des besoins sp\u00e9cifiques, mobilisable par les parents et les enseignants.<\/p>\n\n\n\n<h3 class=\"wp-block-heading\">Le PAS, une aide rapide pour les \u00e9l\u00e8ves<\/h3>\n\n\n\n<p>L\u2019objectif du PAS est d\u2019am\u00e9liorer l\u2019accueil et le suivi des \u00e9l\u00e8ves qui expriment des besoins particuliers \u00e0 l\u2019\u00e9cole, de la maternelle au lyc\u00e9e (publics ou priv\u00e9s sous contrat) de son secteur g\u00e9ographique, en construisant des r\u00e9ponses rapides, p\u00e9dagogiques, \u00e9ducatives et sociales.<\/p>\n\n\n\n<h3 class=\"wp-block-heading\">Une \u00e9quipe d\u00e9di\u00e9e qui coordonne un r\u00e9seau de partenaires<\/h3>\n\n\n\n<h4 class=\"wp-block-heading\">L\u2019\u00e9quipe du PAS se compose :<\/h4>\n\n\n\n<ul class=\"wp-block-list\">\n<li>d\u2019un bin\u00f4me enseignant coordonnateur\/\u00e9ducateur sp\u00e9cialis\u00e9,<\/li>\n\n\n\n<li>d&rsquo;un gestionnaire des AESH, d&rsquo;un AESH-r\u00e9f\u00e9rent<\/li>\n<\/ul>\n\n\n\n<h4 class=\"wp-block-heading\">Chaque PAS est pilot\u00e9 par :<\/h4>\n\n\n\n<ul class=\"wp-block-list\">\n<li>un chef d\u2019\u00e9tablissement,<\/li>\n\n\n\n<li>un inspecteur,<\/li>\n\n\n\n<li>un directeur d\u2019\u00e9tablissement m\u00e9dico-social.<\/li>\n<\/ul>\n\n\n\n<h4 class=\"wp-block-heading\">L\u2019\u00e9quipe du PAS peut :<\/h4>\n\n\n\n<ul class=\"wp-block-list\">\n<li>intervenir directement aupr\u00e8s des \u00e9l\u00e8ves \u00e0 besoins particuliers<\/li>\n\n\n\n<li>mobiliser, au sein de l\u2019\u00e9ducation nationale ou des \u00e9tablissements m\u00e9dico-sociaux, diff\u00e9rents professionnels :\n<ul class=\"wp-block-list\">\n<li>de la p\u00e9dagogie et des apprentissages,<\/li>\n\n\n\n<li>de l\u2019\u00e9ducation sp\u00e9cialis\u00e9e,<\/li>\n\n\n\n<li>du soin et de la r\u00e9\u00e9ducation.<\/li>\n<\/ul>\n<\/li>\n\n\n\n<li>accompagner les d\u00e9marches vers la reconnaissance d\u2019un handicap.<\/li>\n<\/ul>\n\n\n\n<div data-wp-interactive=\"core\/file\" class=\"wp-block-file\"><object data-wp-bind--hidden=\"!state.hasPdfPreview\" hidden class=\"wp-block-file__embed\" data=\"https:\/\/ent2d.ac-bordeaux.fr\/disciplines\/ecole-inclusive\/wp-content\/uploads\/sites\/70\/2025\/08\/Plaquette-PAS-2-1.pdf\" type=\"application\/pdf\" style=\"width:100%;height:600px\" aria-label=\"Contenu embarqu\u00e9 Plaquette-PAS-2-1.\"><\/object><a id=\"wp-block-file--media-d932e3ab-f8bf-420d-bd81-560d10fa1293\" href=\"https:\/\/ent2d.ac-bordeaux.fr\/disciplines\/ecole-inclusive\/wp-content\/uploads\/sites\/70\/2025\/08\/Plaquette-PAS-2-1.pdf\">Plaquette-PAS-2-1<\/a><a href=\"https:\/\/ent2d.ac-bordeaux.fr\/disciplines\/ecole-inclusive\/wp-content\/uploads\/sites\/70\/2025\/08\/Plaquette-PAS-2-1.pdf\" class=\"wp-block-file__button wp-element-button\" download aria-describedby=\"wp-block-file--media-d932e3ab-f8bf-420d-bd81-560d10fa1293\">T\u00e9l\u00e9charger<\/a><\/div>\n\n\n\n<div class=\"wp-block-file\"><a id=\"wp-block-file--media-9503f736-4c41-4c73-a577-abb8edc21b3e\" href=\"https:\/\/ent2d.ac-bordeaux.fr\/disciplines\/ecole-inclusive\/wp-content\/uploads\/sites\/70\/2025\/08\/contact-PAS.jpg\">contact-PAS<\/a><a href=\"https:\/\/ent2d.ac-bordeaux.fr\/disciplines\/ecole-inclusive\/wp-content\/uploads\/sites\/70\/2025\/08\/contact-PAS.jpg\" class=\"wp-block-file__button wp-element-button\" download aria-describedby=\"wp-block-file--media-9503f736-4c41-4c73-a577-abb8edc21b3e\">T\u00e9l\u00e9charger<\/a><\/div>\n","protected":false},"excerpt":{"rendered":"<p>Un dispositif nouveau au service de la r\u00e9ussite de tous les \u00e9l\u00e8ves ayant des besoins sp\u00e9cifiques, mobilisable par les parents et les enseignants. Le PAS, une aide rapide pour les \u00e9l\u00e8ves L\u2019objectif du PAS est d\u2019am\u00e9liorer l\u2019accueil et le suivi des \u00e9l\u00e8ves qui expriment des besoins particuliers \u00e0 l\u2019\u00e9cole, de la maternelle au lyc\u00e9e (publics &hellip; <\/p>\n<p><a class=\"more-link btn\" href=\"https:\/\/ent2d.ac-bordeaux.fr\/disciplines\/ecole-inclusive\/pole-dappui-a-la-scolarite-pas\/\">Lire la suite<\/a><\/p>\n","protected":false},"author":1380,"featured_media":0,"parent":0,"menu_order":0,"comment_status":"closed","ping_status":"closed","template":"","meta":{"footnotes":""},"class_list":["post-756","page","type-page","status-publish","hentry","nodate","item-wrap"],"_links":{"self":[{"href":"https:\/\/ent2d.ac-bordeaux.fr\/disciplines\/ecole-inclusive\/wp-json\/wp\/v2\/pages\/756","targetHints":{"allow":["GET"]}}],"collection":[{"href":"https:\/\/ent2d.ac-bordeaux.fr\/disciplines\/ecole-inclusive\/wp-json\/wp\/v2\/pages"}],"about":[{"href":"https:\/\/ent2d.ac-bordeaux.fr\/disciplines\/ecole-inclusive\/wp-json\/wp\/v2\/types\/page"}],"author":[{"embeddable":true,"href":"https:\/\/ent2d.ac-bordeaux.fr\/disciplines\/ecole-inclusive\/wp-json\/wp\/v2\/users\/1380"}],"replies":[{"embeddable":true,"href":"https:\/\/ent2d.ac-bordeaux.fr\/disciplines\/ecole-inclusive\/wp-json\/wp\/v2\/comments?post=756"}],"version-history":[{"count":8,"href":"https:\/\/ent2d.ac-bordeaux.fr\/disciplines\/ecole-inclusive\/wp-json\/wp\/v2\/pages\/756\/revisions"}],"predecessor-version":[{"id":770,"href":"https:\/\/ent2d.ac-bordeaux.fr\/disciplines\/ecole-inclusive\/wp-json\/wp\/v2\/pages\/756\/revisions\/770"}],"wp:attachment":[{"href":"https:\/\/ent2d.ac-bordeaux.fr\/disciplines\/ecole-inclusive\/wp-json\/wp\/v2\/media?parent=756"}],"curies":[{"name":"wp","href":"https:\/\/api.w.org\/{rel}","templated":true}]}}