{"id":6,"date":"2020-07-03T17:16:26","date_gmt":"2020-07-03T15:16:26","guid":{"rendered":"https:\/\/ent2d.ac-bordeaux.fr\/disciplines\/ecole-inclusive\/?page_id=6"},"modified":"2023-03-28T10:03:16","modified_gmt":"2023-03-28T08:03:16","slug":"presentation","status":"publish","type":"page","link":"https:\/\/ent2d.ac-bordeaux.fr\/disciplines\/ecole-inclusive\/presentation\/","title":{"rendered":"INFORMATION SEMAINE"},"content":{"rendered":"\n<div class=\"wp-block-image is-style-rounded\"><figure class=\"aligncenter size-full is-resized\"><a href=\"https:\/\/ent2d.ac-bordeaux.fr\/disciplines\/ecole-inclusive\/atout-pour-tous\/\"><img loading=\"lazy\" decoding=\"async\" src=\"https:\/\/ent2d.ac-bordeaux.fr\/disciplines\/ecole-inclusive\/wp-content\/uploads\/sites\/70\/2023\/03\/image-8-edited.png\" alt=\"\" class=\"wp-image-497\" width=\"350\" height=\"160\" \/><\/a><\/figure><\/div>\n\n\n\n<p><span style=\"color:#030d72\" class=\"has-inline-color\"><strong>POUR QUI ?<\/strong><br>Les \u00e9l\u00e8ves et les \u00e9tudiants en situation de handicap ne trouvant pas de r\u00e9ponse \u00e0 leurs demandes dans les dispositifs de droit commun.<\/span><\/p>\n\n\n\n<p><span style=\"color:#050447\" class=\"has-inline-color\"><strong>POUR R\u00c9PONDRE \u00c0 QUELLE SITUATION OU \u00c0 QUEL BESOIN ?<\/strong><br>Pour r\u00e9ussir ses \u00e9tudes et son insertion professionnelle, LA CONVENTION vient en compl\u00e9ment des aides de droit commun.<\/span><\/p>\n\n\n\n<div class=\"wp-block-image\"><figure class=\"aligncenter size-full is-resized\"><img loading=\"lazy\" decoding=\"async\" src=\"https:\/\/ent2d.ac-bordeaux.fr\/disciplines\/ecole-inclusive\/wp-content\/uploads\/sites\/70\/2023\/03\/eic.png\" alt=\"\" class=\"wp-image-625\" width=\"141\" height=\"58\" srcset=\"https:\/\/ent2d.ac-bordeaux.fr\/disciplines\/ecole-inclusive\/wp-content\/uploads\/sites\/70\/2023\/03\/eic.png 561w, https:\/\/ent2d.ac-bordeaux.fr\/disciplines\/ecole-inclusive\/wp-content\/uploads\/sites\/70\/2023\/03\/eic-300x123.png 300w\" sizes=\"auto, (max-width: 141px) 100vw, 141px\" \/><\/figure><\/div>\n\n\n\n<div class=\"wp-block-image\"><figure class=\"aligncenter size-full is-resized\"><a href=\"https:\/\/youtu.be\/zDpfvdHoWUU\" target=\"_blank\" rel=\"noopener\"><img loading=\"lazy\" decoding=\"async\" src=\"https:\/\/ent2d.ac-bordeaux.fr\/disciplines\/ecole-inclusive\/wp-content\/uploads\/sites\/70\/2023\/03\/Marion.png\" alt=\"\" class=\"wp-image-596\" width=\"225\" height=\"162\" srcset=\"https:\/\/ent2d.ac-bordeaux.fr\/disciplines\/ecole-inclusive\/wp-content\/uploads\/sites\/70\/2023\/03\/Marion.png 493w, https:\/\/ent2d.ac-bordeaux.fr\/disciplines\/ecole-inclusive\/wp-content\/uploads\/sites\/70\/2023\/03\/Marion-300x217.png 300w\" sizes=\"auto, (max-width: 225px) 100vw, 225px\" \/><\/a><\/figure><\/div>\n","protected":false},"excerpt":{"rendered":"<p>POUR QUI ?Les \u00e9l\u00e8ves et les \u00e9tudiants en situation de handicap ne trouvant pas de r\u00e9ponse \u00e0 leurs demandes dans les dispositifs de droit commun. POUR R\u00c9PONDRE \u00c0 QUELLE SITUATION OU \u00c0 QUEL BESOIN ?Pour r\u00e9ussir ses \u00e9tudes et son insertion professionnelle, LA CONVENTION vient en compl\u00e9ment des aides de droit commun.<\/p>\n","protected":false},"author":1380,"featured_media":497,"parent":0,"menu_order":0,"comment_status":"closed","ping_status":"closed","template":"","meta":{"footnotes":""},"class_list":["post-6","page","type-page","status-publish","has-post-thumbnail","hentry","nodate","item-wrap"],"_links":{"self":[{"href":"https:\/\/ent2d.ac-bordeaux.fr\/disciplines\/ecole-inclusive\/wp-json\/wp\/v2\/pages\/6","targetHints":{"allow":["GET"]}}],"collection":[{"href":"https:\/\/ent2d.ac-bordeaux.fr\/disciplines\/ecole-inclusive\/wp-json\/wp\/v2\/pages"}],"about":[{"href":"https:\/\/ent2d.ac-bordeaux.fr\/disciplines\/ecole-inclusive\/wp-json\/wp\/v2\/types\/page"}],"author":[{"embeddable":true,"href":"https:\/\/ent2d.ac-bordeaux.fr\/disciplines\/ecole-inclusive\/wp-json\/wp\/v2\/users\/1380"}],"replies":[{"embeddable":true,"href":"https:\/\/ent2d.ac-bordeaux.fr\/disciplines\/ecole-inclusive\/wp-json\/wp\/v2\/comments?post=6"}],"version-history":[{"count":19,"href":"https:\/\/ent2d.ac-bordeaux.fr\/disciplines\/ecole-inclusive\/wp-json\/wp\/v2\/pages\/6\/revisions"}],"predecessor-version":[{"id":662,"href":"https:\/\/ent2d.ac-bordeaux.fr\/disciplines\/ecole-inclusive\/wp-json\/wp\/v2\/pages\/6\/revisions\/662"}],"wp:featuredmedia":[{"embeddable":true,"href":"https:\/\/ent2d.ac-bordeaux.fr\/disciplines\/ecole-inclusive\/wp-json\/wp\/v2\/media\/497"}],"wp:attachment":[{"href":"https:\/\/ent2d.ac-bordeaux.fr\/disciplines\/ecole-inclusive\/wp-json\/wp\/v2\/media?parent=6"}],"curies":[{"name":"wp","href":"https:\/\/api.w.org\/{rel}","templated":true}]}}