{"id":461,"date":"2023-03-22T14:22:54","date_gmt":"2023-03-22T13:22:54","guid":{"rendered":"https:\/\/ent2d.ac-bordeaux.fr\/disciplines\/ecole-inclusive\/?page_id=461"},"modified":"2023-03-23T09:46:45","modified_gmt":"2023-03-23T08:46:45","slug":"atout-pour-tous","status":"publish","type":"page","link":"https:\/\/ent2d.ac-bordeaux.fr\/disciplines\/ecole-inclusive\/atout-pour-tous\/","title":{"rendered":"ATOUTS POUR TOUS"},"content":{"rendered":"\n<div class=\"wp-block-image\"><figure class=\"aligncenter size-full\"><a href=\"https:\/\/ent2d.ac-bordeaux.fr\/disciplines\/ecole-inclusive\/wp-content\/uploads\/sites\/70\/2023\/03\/PLAQUETTE-v5.pdf\" target=\"_blank\" rel=\"noopener\"><img loading=\"lazy\" decoding=\"async\" width=\"415\" height=\"574\" src=\"https:\/\/ent2d.ac-bordeaux.fr\/disciplines\/ecole-inclusive\/wp-content\/uploads\/sites\/70\/2023\/03\/image-8.png\" alt=\"\" class=\"wp-image-466\" srcset=\"https:\/\/ent2d.ac-bordeaux.fr\/disciplines\/ecole-inclusive\/wp-content\/uploads\/sites\/70\/2023\/03\/image-8.png 415w, https:\/\/ent2d.ac-bordeaux.fr\/disciplines\/ecole-inclusive\/wp-content\/uploads\/sites\/70\/2023\/03\/image-8-217x300.png 217w\" sizes=\"auto, (max-width: 415px) 100vw, 415px\" \/><\/a><\/figure><\/div>\n\n\n\n<p class=\"has-text-align-center\"><strong><span class=\"has-inline-color has-vivid-cyan-blue-color\">DEMANDE DE SUBVENTION <\/span><\/strong><\/p>\n\n\n\n<p>Vous avez deux possibilit\u00e9s :<\/p>\n\n\n\n<p>Via le document un document \u00e0 t\u00e9l\u00e9charger et \u00e0 nous adresser <\/p>\n\n\n\n<figure class=\"wp-block-image size-full is-resized\"><a href=\"https:\/\/ent2d.ac-bordeaux.fr\/disciplines\/ecole-inclusive\/wp-content\/uploads\/sites\/70\/2023\/03\/DEMANDE-SUBVENTION-APT.doc\" target=\"_blank\" rel=\"noopener\"><img loading=\"lazy\" decoding=\"async\" src=\"https:\/\/ent2d.ac-bordeaux.fr\/disciplines\/ecole-inclusive\/wp-content\/uploads\/sites\/70\/2023\/03\/image-9.png\" alt=\"\" class=\"wp-image-474\" width=\"64\" height=\"78\" \/><\/a><\/figure>\n\n\n\n<p>Via le questionnaire en ligne en suivent le lien ci-dessous<\/p>\n\n\n\n<figure class=\"wp-block-image size-full is-resized\"><a href=\"https:\/\/ppe.orion.education.fr\/nouvelleaquitaine\/itw\/answer\/s\/nJPOtjWJZx\/k\/APT\" target=\"_blank\" rel=\"noopener\"><img loading=\"lazy\" decoding=\"async\" src=\"https:\/\/ent2d.ac-bordeaux.fr\/disciplines\/ecole-inclusive\/wp-content\/uploads\/sites\/70\/2023\/03\/image-10.png\" alt=\"\" class=\"wp-image-475\" width=\"74\" height=\"87\" \/><\/a><\/figure>\n\n\n\n<div class=\"wp-block-image\"><figure class=\"aligncenter size-full is-resized\"><img loading=\"lazy\" decoding=\"async\" src=\"https:\/\/ent2d.ac-bordeaux.fr\/disciplines\/ecole-inclusive\/wp-content\/uploads\/sites\/70\/2023\/03\/image-11.png\" alt=\"\" class=\"wp-image-480\" width=\"186\" height=\"189\" \/><\/figure><\/div>\n\n\n\n<div class=\"wp-block-image\"><figure class=\"aligncenter size-full is-resized\"><img loading=\"lazy\" decoding=\"async\" src=\"https:\/\/ent2d.ac-bordeaux.fr\/disciplines\/ecole-inclusive\/wp-content\/uploads\/sites\/70\/2023\/03\/Capture-33.png\" alt=\"\" class=\"wp-image-502\" width=\"689\" height=\"147\" srcset=\"https:\/\/ent2d.ac-bordeaux.fr\/disciplines\/ecole-inclusive\/wp-content\/uploads\/sites\/70\/2023\/03\/Capture-33.png 801w, https:\/\/ent2d.ac-bordeaux.fr\/disciplines\/ecole-inclusive\/wp-content\/uploads\/sites\/70\/2023\/03\/Capture-33-300x64.png 300w, https:\/\/ent2d.ac-bordeaux.fr\/disciplines\/ecole-inclusive\/wp-content\/uploads\/sites\/70\/2023\/03\/Capture-33-768x164.png 768w\" sizes=\"auto, (max-width: 689px) 100vw, 689px\" \/><\/figure><\/div>\n","protected":false},"excerpt":{"rendered":"<p>DEMANDE DE SUBVENTION Vous avez deux possibilit\u00e9s : Via le document un document \u00e0 t\u00e9l\u00e9charger et \u00e0 nous adresser Via le questionnaire en ligne en suivent le lien ci-dessous<\/p>\n","protected":false},"author":1380,"featured_media":0,"parent":0,"menu_order":3,"comment_status":"closed","ping_status":"closed","template":"","meta":{"footnotes":""},"class_list":["post-461","page","type-page","status-publish","hentry","nodate","item-wrap"],"_links":{"self":[{"href":"https:\/\/ent2d.ac-bordeaux.fr\/disciplines\/ecole-inclusive\/wp-json\/wp\/v2\/pages\/461","targetHints":{"allow":["GET"]}}],"collection":[{"href":"https:\/\/ent2d.ac-bordeaux.fr\/disciplines\/ecole-inclusive\/wp-json\/wp\/v2\/pages"}],"about":[{"href":"https:\/\/ent2d.ac-bordeaux.fr\/disciplines\/ecole-inclusive\/wp-json\/wp\/v2\/types\/page"}],"author":[{"embeddable":true,"href":"https:\/\/ent2d.ac-bordeaux.fr\/disciplines\/ecole-inclusive\/wp-json\/wp\/v2\/users\/1380"}],"replies":[{"embeddable":true,"href":"https:\/\/ent2d.ac-bordeaux.fr\/disciplines\/ecole-inclusive\/wp-json\/wp\/v2\/comments?post=461"}],"version-history":[{"count":12,"href":"https:\/\/ent2d.ac-bordeaux.fr\/disciplines\/ecole-inclusive\/wp-json\/wp\/v2\/pages\/461\/revisions"}],"predecessor-version":[{"id":504,"href":"https:\/\/ent2d.ac-bordeaux.fr\/disciplines\/ecole-inclusive\/wp-json\/wp\/v2\/pages\/461\/revisions\/504"}],"wp:attachment":[{"href":"https:\/\/ent2d.ac-bordeaux.fr\/disciplines\/ecole-inclusive\/wp-json\/wp\/v2\/media?parent=461"}],"curies":[{"name":"wp","href":"https:\/\/api.w.org\/{rel}","templated":true}]}}