{"id":421,"date":"2023-03-20T16:09:52","date_gmt":"2023-03-20T15:09:52","guid":{"rendered":"https:\/\/ent2d.ac-bordeaux.fr\/disciplines\/ecole-inclusive\/?page_id=421"},"modified":"2023-03-23T11:06:07","modified_gmt":"2023-03-23T10:06:07","slug":"agesh","status":"publish","type":"page","link":"https:\/\/ent2d.ac-bordeaux.fr\/disciplines\/ecole-inclusive\/parcours-de-scolarisation-des-eleves\/agesh\/","title":{"rendered":"AGESH"},"content":{"rendered":"\n<p>Application de gestion des \u00e9l\u00e8ves en situation de handicap<\/p>\n\n\n\n<p>Cette application permets aux Enseignants R\u00e9f\u00e9rents d&rsquo;\u00c9l\u00e8ve en Situation de Handicap (ERESH) de suivre les dossiers au plus pr\u00eat. <\/p>\n\n\n\n<p>Elle n&rsquo;est accessible que par l&rsquo;ERESH et l&rsquo;IEN SEI (Inspecteur \u00c9cole Inclusive).<\/p>\n","protected":false},"excerpt":{"rendered":"<p>Application de gestion des \u00e9l\u00e8ves en situation de handicap Cette application permets aux Enseignants R\u00e9f\u00e9rents d&rsquo;\u00c9l\u00e8ve en Situation de Handicap (ERESH) de suivre les dossiers au plus pr\u00eat. Elle n&rsquo;est accessible que par l&rsquo;ERESH et l&rsquo;IEN SEI (Inspecteur \u00c9cole Inclusive).<\/p>\n","protected":false},"author":1380,"featured_media":0,"parent":226,"menu_order":3,"comment_status":"closed","ping_status":"closed","template":"","meta":{"footnotes":""},"class_list":["post-421","page","type-page","status-publish","hentry","nodate","item-wrap"],"_links":{"self":[{"href":"https:\/\/ent2d.ac-bordeaux.fr\/disciplines\/ecole-inclusive\/wp-json\/wp\/v2\/pages\/421","targetHints":{"allow":["GET"]}}],"collection":[{"href":"https:\/\/ent2d.ac-bordeaux.fr\/disciplines\/ecole-inclusive\/wp-json\/wp\/v2\/pages"}],"about":[{"href":"https:\/\/ent2d.ac-bordeaux.fr\/disciplines\/ecole-inclusive\/wp-json\/wp\/v2\/types\/page"}],"author":[{"embeddable":true,"href":"https:\/\/ent2d.ac-bordeaux.fr\/disciplines\/ecole-inclusive\/wp-json\/wp\/v2\/users\/1380"}],"replies":[{"embeddable":true,"href":"https:\/\/ent2d.ac-bordeaux.fr\/disciplines\/ecole-inclusive\/wp-json\/wp\/v2\/comments?post=421"}],"version-history":[{"count":2,"href":"https:\/\/ent2d.ac-bordeaux.fr\/disciplines\/ecole-inclusive\/wp-json\/wp\/v2\/pages\/421\/revisions"}],"predecessor-version":[{"id":509,"href":"https:\/\/ent2d.ac-bordeaux.fr\/disciplines\/ecole-inclusive\/wp-json\/wp\/v2\/pages\/421\/revisions\/509"}],"up":[{"embeddable":true,"href":"https:\/\/ent2d.ac-bordeaux.fr\/disciplines\/ecole-inclusive\/wp-json\/wp\/v2\/pages\/226"}],"wp:attachment":[{"href":"https:\/\/ent2d.ac-bordeaux.fr\/disciplines\/ecole-inclusive\/wp-json\/wp\/v2\/media?parent=421"}],"curies":[{"name":"wp","href":"https:\/\/api.w.org\/{rel}","templated":true}]}}