{"id":410,"date":"2023-03-20T15:56:44","date_gmt":"2023-03-20T14:56:44","guid":{"rendered":"https:\/\/ent2d.ac-bordeaux.fr\/disciplines\/ecole-inclusive\/?page_id=410"},"modified":"2023-03-30T13:47:04","modified_gmt":"2023-03-30T11:47:04","slug":"parcours-et-insertion","status":"publish","type":"page","link":"https:\/\/ent2d.ac-bordeaux.fr\/disciplines\/ecole-inclusive\/parcours-et-insertion\/","title":{"rendered":"PARCOURS ET INSERTION"},"content":{"rendered":"\n<p><strong>Parcours Pro \u00e0 Venir et Handicap<\/strong> permets de trouver une formation ou un lieu de stage pour les \u00e9l\u00e8ves ou les \u00e9tudiants en situation de handicap.<\/p>\n\n\n\n<div class=\"wp-block-image is-style-rounded\"><figure class=\"aligncenter size-full is-resized\"><a href=\"https:\/\/view.genial.ly\/631f279298239200187757a8\" target=\"_blank\" rel=\"noopener\"><img loading=\"lazy\" decoding=\"async\" src=\"https:\/\/ent2d.ac-bordeaux.fr\/disciplines\/ecole-inclusive\/wp-content\/uploads\/sites\/70\/2023\/03\/image-7.png\" alt=\"\" class=\"wp-image-453\" width=\"398\" height=\"209\" srcset=\"https:\/\/ent2d.ac-bordeaux.fr\/disciplines\/ecole-inclusive\/wp-content\/uploads\/sites\/70\/2023\/03\/image-7.png 1024w, https:\/\/ent2d.ac-bordeaux.fr\/disciplines\/ecole-inclusive\/wp-content\/uploads\/sites\/70\/2023\/03\/image-7-300x158.png 300w, https:\/\/ent2d.ac-bordeaux.fr\/disciplines\/ecole-inclusive\/wp-content\/uploads\/sites\/70\/2023\/03\/image-7-768x405.png 768w\" sizes=\"auto, (max-width: 398px) 100vw, 398px\" \/><\/a><\/figure><\/div>\n\n\n\n<div class=\"wp-block-image\"><figure class=\"aligncenter size-full is-resized\"><img loading=\"lazy\" decoding=\"async\" src=\"https:\/\/ent2d.ac-bordeaux.fr\/disciplines\/ecole-inclusive\/wp-content\/uploads\/sites\/70\/2023\/03\/eic.png\" alt=\"\" class=\"wp-image-625\" width=\"156\" height=\"64\" srcset=\"https:\/\/ent2d.ac-bordeaux.fr\/disciplines\/ecole-inclusive\/wp-content\/uploads\/sites\/70\/2023\/03\/eic.png 561w, https:\/\/ent2d.ac-bordeaux.fr\/disciplines\/ecole-inclusive\/wp-content\/uploads\/sites\/70\/2023\/03\/eic-300x123.png 300w\" sizes=\"auto, (max-width: 156px) 100vw, 156px\" \/><\/figure><\/div>\n\n\n\n<h4 class=\"wp-block-heading\"><span class=\"has-inline-color has-vivid-cyan-blue-color\"><strong>Dispositif renforc\u00e9 d&rsquo;accompagnement \u00e0 l&rsquo;orientation professionnelle d&rsquo;\u00e9l\u00e8ve en situation de handicap<\/strong><\/span><\/h4>\n\n\n\n<div class=\"wp-block-file\"><a href=\"https:\/\/ent2d.ac-bordeaux.fr\/disciplines\/ecole-inclusive\/wp-content\/uploads\/sites\/70\/2023\/03\/F7-Dispositif-renforce-daccompagnement-orientation-pro-ESH.pdf\">F7 Dispositif renforc\u00e9 d\u2019accompagnement orientation pro ESH<\/a><a href=\"https:\/\/ent2d.ac-bordeaux.fr\/disciplines\/ecole-inclusive\/wp-content\/uploads\/sites\/70\/2023\/03\/F7-Dispositif-renforce-daccompagnement-orientation-pro-ESH.pdf\" class=\"wp-block-file__button\" download>T\u00e9l\u00e9charger<\/a><\/div>\n\n\n\n<div class=\"wp-block-image\"><figure class=\"aligncenter size-full is-resized\"><img loading=\"lazy\" decoding=\"async\" src=\"https:\/\/ent2d.ac-bordeaux.fr\/disciplines\/ecole-inclusive\/wp-content\/uploads\/sites\/70\/2023\/03\/eic.png\" alt=\"\" class=\"wp-image-625\" width=\"156\" height=\"64\" srcset=\"https:\/\/ent2d.ac-bordeaux.fr\/disciplines\/ecole-inclusive\/wp-content\/uploads\/sites\/70\/2023\/03\/eic.png 561w, https:\/\/ent2d.ac-bordeaux.fr\/disciplines\/ecole-inclusive\/wp-content\/uploads\/sites\/70\/2023\/03\/eic-300x123.png 300w\" sizes=\"auto, (max-width: 156px) 100vw, 156px\" \/><\/figure><\/div>\n\n\n\n<figure class=\"wp-block-image size-full\"><img loading=\"lazy\" decoding=\"async\" width=\"183\" height=\"54\" src=\"https:\/\/ent2d.ac-bordeaux.fr\/disciplines\/ecole-inclusive\/wp-content\/uploads\/sites\/70\/2023\/03\/inserjeunes.png\" alt=\"\" class=\"wp-image-676\" \/><\/figure>\n\n\n\n<p><strong><span class=\"has-inline-color has-vivid-cyan-blue-color\">Trouver la formation professionnelle qui vous correspond le mieux pour entrer dan<\/span><\/strong><strong><span class=\"has-inline-color has-vivid-cyan-blue-color\">s le monde du travail !<\/span><\/strong><\/p>\n\n\n\n<p><a href=\"https:\/\/www.inserjeunes.education.gouv.fr\/diffusion\/accueil\" data-type=\"URL\" data-id=\"https:\/\/www.inserjeunes.education.gouv.fr\/diffusion\/accueil\" target=\"_blank\" rel=\"noreferrer noopener\">https:\/\/www.inserjeunes.education.gouv.fr\/diffusion\/accueil<\/a><\/p>\n","protected":false},"excerpt":{"rendered":"<p>Parcours Pro \u00e0 Venir et Handicap permets de trouver une formation ou un lieu de stage pour les \u00e9l\u00e8ves ou les \u00e9tudiants en situation de handicap. Dispositif renforc\u00e9 d&rsquo;accompagnement \u00e0 l&rsquo;orientation professionnelle d&rsquo;\u00e9l\u00e8ve en situation de handicap Trouver la formation professionnelle qui vous correspond le mieux pour entrer dans le monde du travail ! https:\/\/www.inserjeunes.education.gouv.fr\/diffusion\/accueil<\/p>\n","protected":false},"author":1380,"featured_media":0,"parent":0,"menu_order":4,"comment_status":"closed","ping_status":"closed","template":"","meta":{"footnotes":""},"class_list":["post-410","page","type-page","status-publish","hentry","nodate","item-wrap"],"_links":{"self":[{"href":"https:\/\/ent2d.ac-bordeaux.fr\/disciplines\/ecole-inclusive\/wp-json\/wp\/v2\/pages\/410","targetHints":{"allow":["GET"]}}],"collection":[{"href":"https:\/\/ent2d.ac-bordeaux.fr\/disciplines\/ecole-inclusive\/wp-json\/wp\/v2\/pages"}],"about":[{"href":"https:\/\/ent2d.ac-bordeaux.fr\/disciplines\/ecole-inclusive\/wp-json\/wp\/v2\/types\/page"}],"author":[{"embeddable":true,"href":"https:\/\/ent2d.ac-bordeaux.fr\/disciplines\/ecole-inclusive\/wp-json\/wp\/v2\/users\/1380"}],"replies":[{"embeddable":true,"href":"https:\/\/ent2d.ac-bordeaux.fr\/disciplines\/ecole-inclusive\/wp-json\/wp\/v2\/comments?post=410"}],"version-history":[{"count":9,"href":"https:\/\/ent2d.ac-bordeaux.fr\/disciplines\/ecole-inclusive\/wp-json\/wp\/v2\/pages\/410\/revisions"}],"predecessor-version":[{"id":678,"href":"https:\/\/ent2d.ac-bordeaux.fr\/disciplines\/ecole-inclusive\/wp-json\/wp\/v2\/pages\/410\/revisions\/678"}],"wp:attachment":[{"href":"https:\/\/ent2d.ac-bordeaux.fr\/disciplines\/ecole-inclusive\/wp-json\/wp\/v2\/media?parent=410"}],"curies":[{"name":"wp","href":"https:\/\/api.w.org\/{rel}","templated":true}]}}