{"id":367,"date":"2023-03-20T14:33:43","date_gmt":"2023-03-20T13:33:43","guid":{"rendered":"https:\/\/ent2d.ac-bordeaux.fr\/disciplines\/ecole-inclusive\/?page_id=367"},"modified":"2023-05-02T10:40:34","modified_gmt":"2023-05-02T08:40:34","slug":"lpi","status":"publish","type":"page","link":"https:\/\/ent2d.ac-bordeaux.fr\/disciplines\/ecole-inclusive\/parcours-de-scolarisation-des-eleves\/lpi\/","title":{"rendered":"LPI"},"content":{"rendered":"\n<p>Le livret de parcours inclusif est une application qui propose des r\u00e9ponses p\u00e9dagogiques aux besoins \u00e9ducatifs particuliers des \u00e9l\u00e8ves, et ceci, avant la mise en \u0153uvre ou dans le cadre de la mise en \u0153uvre d\u2019un programme personnalis\u00e9 de r\u00e9ussite \u00e9ducative (PPRE), d\u2019un plan d\u2019accompagnement personnalis\u00e9 (PAP), d\u2019un projet d\u2019accueil individualis\u00e9 (PAI) ou d\u2019un projet personnalis\u00e9 de scolarisation (PPS).<\/p>\n\n\n\n<p><strong>Lien Eduscol :<\/strong><\/p>\n\n\n\n<p><a href=\"https:\/\/eduscol.education.fr\/2506\/le-livret-de-parcours-inclusif-lpi\">Le livret de parcours inclusif (LPI) | \u00e9duscol | Minist\u00e8re de l&rsquo;\u00c9ducation nationale et de la Jeunesse &#8211; Direction g\u00e9n\u00e9rale de l&rsquo;enseignement scolaire (education.fr)<\/a><\/p>\n\n\n\n<p><strong>Les fiches acad\u00e9miques :<\/strong><\/p>\n\n\n\n<p><a href=\"https:\/\/ent2d.ac-bordeaux.fr\/disciplines\/ecole-inclusive\/ressources\/fiches-outils\/\"> LPI <span class=\"has-inline-color has-vivid-cyan-blue-color\">\u2013 Service \u00c9cole Inclusive de l&rsquo;Acad\u00e9mie de Bordeaux (ac-bordeaux.fr)<\/span> <\/a><\/p>\n","protected":false},"excerpt":{"rendered":"<p>Le livret de parcours inclusif est une application qui propose des r\u00e9ponses p\u00e9dagogiques aux besoins \u00e9ducatifs particuliers des \u00e9l\u00e8ves, et ceci, avant la mise en \u0153uvre ou dans le cadre de la mise en \u0153uvre d\u2019un programme personnalis\u00e9 de r\u00e9ussite \u00e9ducative (PPRE), d\u2019un plan d\u2019accompagnement personnalis\u00e9 (PAP), d\u2019un projet d\u2019accueil individualis\u00e9 (PAI) ou d\u2019un projet &hellip; <\/p>\n<p><a class=\"more-link btn\" href=\"https:\/\/ent2d.ac-bordeaux.fr\/disciplines\/ecole-inclusive\/parcours-de-scolarisation-des-eleves\/lpi\/\">Lire la suite<\/a><\/p>\n","protected":false},"author":1380,"featured_media":655,"parent":226,"menu_order":1,"comment_status":"closed","ping_status":"closed","template":"","meta":{"footnotes":""},"class_list":["post-367","page","type-page","status-publish","has-post-thumbnail","hentry","nodate","item-wrap"],"_links":{"self":[{"href":"https:\/\/ent2d.ac-bordeaux.fr\/disciplines\/ecole-inclusive\/wp-json\/wp\/v2\/pages\/367","targetHints":{"allow":["GET"]}}],"collection":[{"href":"https:\/\/ent2d.ac-bordeaux.fr\/disciplines\/ecole-inclusive\/wp-json\/wp\/v2\/pages"}],"about":[{"href":"https:\/\/ent2d.ac-bordeaux.fr\/disciplines\/ecole-inclusive\/wp-json\/wp\/v2\/types\/page"}],"author":[{"embeddable":true,"href":"https:\/\/ent2d.ac-bordeaux.fr\/disciplines\/ecole-inclusive\/wp-json\/wp\/v2\/users\/1380"}],"replies":[{"embeddable":true,"href":"https:\/\/ent2d.ac-bordeaux.fr\/disciplines\/ecole-inclusive\/wp-json\/wp\/v2\/comments?post=367"}],"version-history":[{"count":10,"href":"https:\/\/ent2d.ac-bordeaux.fr\/disciplines\/ecole-inclusive\/wp-json\/wp\/v2\/pages\/367\/revisions"}],"predecessor-version":[{"id":699,"href":"https:\/\/ent2d.ac-bordeaux.fr\/disciplines\/ecole-inclusive\/wp-json\/wp\/v2\/pages\/367\/revisions\/699"}],"up":[{"embeddable":true,"href":"https:\/\/ent2d.ac-bordeaux.fr\/disciplines\/ecole-inclusive\/wp-json\/wp\/v2\/pages\/226"}],"wp:featuredmedia":[{"embeddable":true,"href":"https:\/\/ent2d.ac-bordeaux.fr\/disciplines\/ecole-inclusive\/wp-json\/wp\/v2\/media\/655"}],"wp:attachment":[{"href":"https:\/\/ent2d.ac-bordeaux.fr\/disciplines\/ecole-inclusive\/wp-json\/wp\/v2\/media?parent=367"}],"curies":[{"name":"wp","href":"https:\/\/api.w.org\/{rel}","templated":true}]}}