{"id":354,"date":"2023-03-20T14:20:32","date_gmt":"2023-03-20T13:20:32","guid":{"rendered":"https:\/\/ent2d.ac-bordeaux.fr\/disciplines\/ecole-inclusive\/?page_id=354"},"modified":"2023-03-24T16:04:48","modified_gmt":"2023-03-24T15:04:48","slug":"webinaires","status":"publish","type":"page","link":"https:\/\/ent2d.ac-bordeaux.fr\/disciplines\/ecole-inclusive\/formations\/webinaires\/","title":{"rendered":"Webinaires"},"content":{"rendered":"\n<p>Les rendez-vous de l\u2019inclusion proposent un espace d\u2019\u00e9change r\u00e9gulier permettant de r\u00e9pondre aux questions relatives \u00e0 l\u2019\u00e9cole inclusive.<\/p>\n\n\n\n<ul class=\"wp-block-list\"><li><strong>POUR QUI ?<\/strong> <\/li><\/ul>\n\n\n\n<p class=\"has-text-align-left\">Pour l\u2019ensemble des personnels d\u2019encadrement de l\u2019acad\u00e9mie de Bordeaux,<br>Inspecteurs 1er et 2nd degr\u00e9, chefs d\u2019\u00e9tablissement.<\/p>\n\n\n\n<ul class=\"wp-block-list\"><li><strong>POURQUOI ?<\/strong><\/li><\/ul>\n\n\n\n<p>Cet espace de r\u00e9flexion, d\u2019information et de formation a pour objectif une meilleure acculturation des cadres \u00e0 l\u2019inclusion afin d\u2019en accompagner le pilotage.&nbsp;<\/p>\n\n\n\n<ul class=\"wp-block-list\"><li><strong>COMMENT ?<\/strong><\/li><\/ul>\n\n\n\n<p>Un format court !<\/p>\n\n\n\n<p>45 min&nbsp;<\/p>\n\n\n\n<p>15 min de pr\u00e9sentation sur une th\u00e9matique annonc\u00e9e,&nbsp;<\/p>\n\n\n\n<p>30 min d\u2019\u00e9changes et de partage.&nbsp;<\/p>\n\n\n\n<p>Tous les 15 jours, le mardi, de 17h15 \u00e0 18h<\/p>\n\n\n\n<h4 class=\"wp-block-heading\"><span style=\"color:#048807\" class=\"has-inline-color\">Enregistrements et documents<\/span><\/h4>\n\n\n\n<p><span style=\"color:#029804\" class=\"has-inline-color\">L\u2019outil ci-dessous vous permettra de retrouver les webinaires enregistr\u00e9s et les document associ\u00e9s<\/span>.<\/p>\n\n\n\n<div class=\"wp-block-image\"><figure class=\"aligncenter size-thumbnail is-resized\"><a href=\"https:\/\/view.genial.ly\/63d8d98a6afabf0011b52f49\" target=\"_blank\" rel=\"noopener\"><img loading=\"lazy\" decoding=\"async\" src=\"https:\/\/ent2d.ac-bordeaux.fr\/disciplines\/ecole-inclusive\/wp-content\/uploads\/sites\/70\/2023\/03\/image-1-150x150.png\" alt=\"\" class=\"wp-image-361\" width=\"192\" height=\"192\" \/><\/a><\/figure><\/div>\n","protected":false},"excerpt":{"rendered":"<p>Les rendez-vous de l\u2019inclusion proposent un espace d\u2019\u00e9change r\u00e9gulier permettant de r\u00e9pondre aux questions relatives \u00e0 l\u2019\u00e9cole inclusive. POUR QUI ? Pour l\u2019ensemble des personnels d\u2019encadrement de l\u2019acad\u00e9mie de Bordeaux,Inspecteurs 1er et 2nd degr\u00e9, chefs d\u2019\u00e9tablissement. POURQUOI ? Cet espace de r\u00e9flexion, d\u2019information et de formation a pour objectif une meilleure acculturation des cadres \u00e0 &hellip; <\/p>\n<p><a class=\"more-link btn\" href=\"https:\/\/ent2d.ac-bordeaux.fr\/disciplines\/ecole-inclusive\/formations\/webinaires\/\">Lire la suite<\/a><\/p>\n","protected":false},"author":1380,"featured_media":0,"parent":17,"menu_order":4,"comment_status":"closed","ping_status":"closed","template":"","meta":{"footnotes":""},"class_list":["post-354","page","type-page","status-publish","hentry","nodate","item-wrap"],"_links":{"self":[{"href":"https:\/\/ent2d.ac-bordeaux.fr\/disciplines\/ecole-inclusive\/wp-json\/wp\/v2\/pages\/354","targetHints":{"allow":["GET"]}}],"collection":[{"href":"https:\/\/ent2d.ac-bordeaux.fr\/disciplines\/ecole-inclusive\/wp-json\/wp\/v2\/pages"}],"about":[{"href":"https:\/\/ent2d.ac-bordeaux.fr\/disciplines\/ecole-inclusive\/wp-json\/wp\/v2\/types\/page"}],"author":[{"embeddable":true,"href":"https:\/\/ent2d.ac-bordeaux.fr\/disciplines\/ecole-inclusive\/wp-json\/wp\/v2\/users\/1380"}],"replies":[{"embeddable":true,"href":"https:\/\/ent2d.ac-bordeaux.fr\/disciplines\/ecole-inclusive\/wp-json\/wp\/v2\/comments?post=354"}],"version-history":[{"count":9,"href":"https:\/\/ent2d.ac-bordeaux.fr\/disciplines\/ecole-inclusive\/wp-json\/wp\/v2\/pages\/354\/revisions"}],"predecessor-version":[{"id":594,"href":"https:\/\/ent2d.ac-bordeaux.fr\/disciplines\/ecole-inclusive\/wp-json\/wp\/v2\/pages\/354\/revisions\/594"}],"up":[{"embeddable":true,"href":"https:\/\/ent2d.ac-bordeaux.fr\/disciplines\/ecole-inclusive\/wp-json\/wp\/v2\/pages\/17"}],"wp:attachment":[{"href":"https:\/\/ent2d.ac-bordeaux.fr\/disciplines\/ecole-inclusive\/wp-json\/wp\/v2\/media?parent=354"}],"curies":[{"name":"wp","href":"https:\/\/api.w.org\/{rel}","templated":true}]}}