{"id":343,"date":"2023-03-20T12:34:08","date_gmt":"2023-03-20T11:34:08","guid":{"rendered":"https:\/\/ent2d.ac-bordeaux.fr\/disciplines\/ecole-inclusive\/?page_id=343"},"modified":"2023-03-27T13:59:43","modified_gmt":"2023-03-27T11:59:43","slug":"les-prei","status":"publish","type":"page","link":"https:\/\/ent2d.ac-bordeaux.fr\/disciplines\/ecole-inclusive\/les-prei\/","title":{"rendered":"LES PREI"},"content":{"rendered":"\n<h4 class=\"wp-block-heading\"><strong><span class=\"has-inline-color has-luminous-vivid-orange-color\">P<\/span><\/strong>rofesseurs <strong><span class=\"has-inline-color has-luminous-vivid-orange-color\">R<\/span><\/strong>essource <strong><span class=\"has-inline-color has-luminous-vivid-orange-color\">\u00c9<\/span><\/strong>cole <strong><span class=\"has-inline-color has-luminous-vivid-orange-color\">I<\/span><\/strong>nclusive<\/h4>\n\n\n\n<p><strong>Missions :<\/strong><\/p>\n\n\n\n<ul class=\"wp-block-list\"><li>Accompagner les enseignants qui en font la demande<\/li><li>D\u00e9velopper les ressources p\u00e9dagogiques en mutualisant les pratiques<\/li><li>Animer des sessions de formations<\/li><\/ul>\n\n\n\n<h3 class=\"wp-block-heading\"><strong><span class=\"has-inline-color has-luminous-vivid-orange-color\">CARTE DES PREI par ZAP<\/span><\/strong><\/h3>\n\n\n\n<figure class=\"wp-block-image size-full\"><a href=\"http:\/\/umap.openstreetmap.fr\/fr\/map\/ecole-inclusive-etablissements-dexercice-des-deten_879613#8\/44.216\/-0.176\" target=\"_blank\" rel=\"noopener\"><img loading=\"lazy\" decoding=\"async\" width=\"378\" height=\"433\" src=\"https:\/\/ent2d.ac-bordeaux.fr\/disciplines\/ecole-inclusive\/wp-content\/uploads\/sites\/70\/2023\/03\/carte-1.png\" alt=\"\" class=\"wp-image-348\" srcset=\"https:\/\/ent2d.ac-bordeaux.fr\/disciplines\/ecole-inclusive\/wp-content\/uploads\/sites\/70\/2023\/03\/carte-1.png 378w, https:\/\/ent2d.ac-bordeaux.fr\/disciplines\/ecole-inclusive\/wp-content\/uploads\/sites\/70\/2023\/03\/carte-1-262x300.png 262w\" sizes=\"auto, (max-width: 378px) 100vw, 378px\" \/><\/a><\/figure>\n\n\n\n<div class=\"wp-block-file\"><a href=\"https:\/\/ent2d.ac-bordeaux.fr\/disciplines\/ecole-inclusive\/wp-content\/uploads\/sites\/70\/2023\/03\/F12-Mode-demploi-Carte.pdf\">F12 Mode d&#8217;emploi Carte<\/a><a href=\"https:\/\/ent2d.ac-bordeaux.fr\/disciplines\/ecole-inclusive\/wp-content\/uploads\/sites\/70\/2023\/03\/F12-Mode-demploi-Carte.pdf\" class=\"wp-block-file__button\" download>T\u00e9l\u00e9charger<\/a><\/div>\n","protected":false},"excerpt":{"rendered":"<p>Professeurs Ressource \u00c9cole Inclusive Missions : Accompagner les enseignants qui en font la demande D\u00e9velopper les ressources p\u00e9dagogiques en mutualisant les pratiques Animer des sessions de formations CARTE DES PREI par ZAP<\/p>\n","protected":false},"author":1380,"featured_media":0,"parent":0,"menu_order":1,"comment_status":"closed","ping_status":"closed","template":"","meta":{"footnotes":""},"class_list":["post-343","page","type-page","status-publish","hentry","nodate","item-wrap"],"_links":{"self":[{"href":"https:\/\/ent2d.ac-bordeaux.fr\/disciplines\/ecole-inclusive\/wp-json\/wp\/v2\/pages\/343","targetHints":{"allow":["GET"]}}],"collection":[{"href":"https:\/\/ent2d.ac-bordeaux.fr\/disciplines\/ecole-inclusive\/wp-json\/wp\/v2\/pages"}],"about":[{"href":"https:\/\/ent2d.ac-bordeaux.fr\/disciplines\/ecole-inclusive\/wp-json\/wp\/v2\/types\/page"}],"author":[{"embeddable":true,"href":"https:\/\/ent2d.ac-bordeaux.fr\/disciplines\/ecole-inclusive\/wp-json\/wp\/v2\/users\/1380"}],"replies":[{"embeddable":true,"href":"https:\/\/ent2d.ac-bordeaux.fr\/disciplines\/ecole-inclusive\/wp-json\/wp\/v2\/comments?post=343"}],"version-history":[{"count":8,"href":"https:\/\/ent2d.ac-bordeaux.fr\/disciplines\/ecole-inclusive\/wp-json\/wp\/v2\/pages\/343\/revisions"}],"predecessor-version":[{"id":632,"href":"https:\/\/ent2d.ac-bordeaux.fr\/disciplines\/ecole-inclusive\/wp-json\/wp\/v2\/pages\/343\/revisions\/632"}],"wp:attachment":[{"href":"https:\/\/ent2d.ac-bordeaux.fr\/disciplines\/ecole-inclusive\/wp-json\/wp\/v2\/media?parent=343"}],"curies":[{"name":"wp","href":"https:\/\/api.w.org\/{rel}","templated":true}]}}