{"id":340,"date":"2023-03-20T12:31:53","date_gmt":"2023-03-20T11:31:53","guid":{"rendered":"https:\/\/ent2d.ac-bordeaux.fr\/disciplines\/ecole-inclusive\/?page_id=340"},"modified":"2023-10-06T16:18:23","modified_gmt":"2023-10-06T14:18:23","slug":"les-aesh","status":"publish","type":"page","link":"https:\/\/ent2d.ac-bordeaux.fr\/disciplines\/ecole-inclusive\/pial-academiques\/les-aesh\/","title":{"rendered":"Les AESH"},"content":{"rendered":"\n<h3 class=\"wp-block-heading\"><mark class=\"has-inline-color has-vivid-cyan-blue-color\">L&rsquo; affectation<\/mark><\/h3>\n\n\n\n<p><mark class=\"has-inline-color has-vivid-cyan-blue-color\">L\u2019affectation est effectu\u00e9e au niveau du PIAL (p\u00f4le inclusif et d\u2019accompagnement localis\u00e9). Elle est g\u00e9r\u00e9e administrativement par les DSDEN.<\/mark><\/p>\n\n\n\n<p><mark class=\"has-inline-color has-vivid-cyan-blue-color\">Pour postuler au poste d\u2019AESH, il faut soit :<\/mark><\/p>\n\n\n\n<ul class=\"wp-block-list\">\n<li><mark class=\"has-inline-color has-vivid-cyan-blue-color\">\u00catre titulaire d\u2019un baccalaur\u00e9at ou d\u2019un dipl\u00f4me de niveau 4,<\/mark><\/li>\n\n\n\n<li><mark class=\"has-inline-color has-vivid-cyan-blue-color\">\u00catre titulaire d&rsquo;un dipl\u00f4me dans le domaine de l&rsquo;aide \u00e0 la personne,<\/mark><\/li>\n\n\n\n<li><mark class=\"has-inline-color has-vivid-cyan-blue-color\">Avoir une exp\u00e9rience d&rsquo;accompagnement de personne en situation de handicap d&rsquo;au moins 9 mois.<\/mark><\/li>\n<\/ul>\n\n\n\n<h3 class=\"wp-block-heading\"><mark style=\"color:#035584\" class=\"has-inline-color\">Activit\u00e9s majeures<\/mark><\/h3>\n\n\n\n<ul class=\"wp-block-list\">\n<li><mark style=\"color:#035584\" class=\"has-inline-color\">Accompagne les \u00e9l\u00e8ves dans l&rsquo;acc\u00e8s aux activit\u00e9s d&rsquo;apprentissage (sous la responsabilit\u00e9 de l&rsquo;enseignant),<\/mark><\/li>\n\n\n\n<li><mark style=\"color:#035584\" class=\"has-inline-color\">Accompagne les \u00e9l\u00e8ves dans les actes de la vie quotidienne,<\/mark><\/li>\n\n\n\n<li><mark style=\"color:#035584\" class=\"has-inline-color\">Accompagne les \u00e9l\u00e8ves dans les activit\u00e9s de la vie sociale et relationnelle,<\/mark><\/li>\n\n\n\n<li><mark style=\"color:#035584\" class=\"has-inline-color\">Participe de fait aux \u00c9quipes de Suivi de Scolarisation (ESS),<\/mark><\/li>\n\n\n\n<li><mark style=\"color:#035584\" class=\"has-inline-color\">Aide \u00e0 la prise de m\u00e9dicaments et aux gestes techniques sp\u00e9cifiques (<strong>Dans le cadre du projet d&rsquo;accueil individualis\u00e9 &#8211; PAI<\/strong><\/mark><mark class=\"has-inline-color has-vivid-red-color\">)<\/mark><\/li>\n<\/ul>\n\n\n<div class=\"wp-block-image\">\n<figure class=\"aligncenter size-full is-resized\"><a href=\"https:\/\/ent2d.ac-bordeaux.fr\/disciplines\/ecole-inclusive\/wp-content\/uploads\/sites\/70\/2023\/03\/Fiche-AESH.pdf\" target=\"_blank\" rel=\"noopener\"><img loading=\"lazy\" decoding=\"async\" src=\"https:\/\/ent2d.ac-bordeaux.fr\/disciplines\/ecole-inclusive\/wp-content\/uploads\/sites\/70\/2023\/03\/image-3.png\" alt=\"\" class=\"wp-image-372\" width=\"161\" height=\"235\" srcset=\"https:\/\/ent2d.ac-bordeaux.fr\/disciplines\/ecole-inclusive\/wp-content\/uploads\/sites\/70\/2023\/03\/image-3.png 599w, https:\/\/ent2d.ac-bordeaux.fr\/disciplines\/ecole-inclusive\/wp-content\/uploads\/sites\/70\/2023\/03\/image-3-206x300.png 206w\" sizes=\"auto, (max-width: 161px) 100vw, 161px\" \/><\/a><\/figure>\n<\/div>\n\n\n<h4 class=\"wp-block-heading\"><strong><span class=\"has-inline-color has-luminous-vivid-orange-color\">Guide de l&rsquo;Accompagnant des \u00c9l\u00e8ves en Situation de Handicap<\/span><\/strong><\/h4>\n\n\n\n<div class=\"wp-block-file\"><a href=\"https:\/\/ent2d.ac-bordeaux.fr\/disciplines\/ecole-inclusive\/wp-content\/uploads\/sites\/70\/2023\/04\/guide-de-l-accompagnant-des-l-ves-en-situation-de-handicap-aesh-17230_0.pdf\">guide-de-l-accompagnant-des-l-ves-en-situation-de-handicap-aesh&#8211;17230_0<\/a><a href=\"https:\/\/ent2d.ac-bordeaux.fr\/disciplines\/ecole-inclusive\/wp-content\/uploads\/sites\/70\/2023\/04\/guide-de-l-accompagnant-des-l-ves-en-situation-de-handicap-aesh-17230_0.pdf\" class=\"wp-block-file__button\" download>T\u00e9l\u00e9charger<\/a><\/div>\n","protected":false},"excerpt":{"rendered":"<p>L&rsquo; affectation L\u2019affectation est effectu\u00e9e au niveau du PIAL (p\u00f4le inclusif et d\u2019accompagnement localis\u00e9). Elle est g\u00e9r\u00e9e administrativement par les DSDEN. Pour postuler au poste d\u2019AESH, il faut soit : Activit\u00e9s majeures Guide de l&rsquo;Accompagnant des \u00c9l\u00e8ves en Situation de Handicap<\/p>\n","protected":false},"author":1380,"featured_media":0,"parent":22,"menu_order":2,"comment_status":"closed","ping_status":"closed","template":"","meta":{"footnotes":""},"class_list":["post-340","page","type-page","status-publish","hentry","nodate","item-wrap"],"_links":{"self":[{"href":"https:\/\/ent2d.ac-bordeaux.fr\/disciplines\/ecole-inclusive\/wp-json\/wp\/v2\/pages\/340","targetHints":{"allow":["GET"]}}],"collection":[{"href":"https:\/\/ent2d.ac-bordeaux.fr\/disciplines\/ecole-inclusive\/wp-json\/wp\/v2\/pages"}],"about":[{"href":"https:\/\/ent2d.ac-bordeaux.fr\/disciplines\/ecole-inclusive\/wp-json\/wp\/v2\/types\/page"}],"author":[{"embeddable":true,"href":"https:\/\/ent2d.ac-bordeaux.fr\/disciplines\/ecole-inclusive\/wp-json\/wp\/v2\/users\/1380"}],"replies":[{"embeddable":true,"href":"https:\/\/ent2d.ac-bordeaux.fr\/disciplines\/ecole-inclusive\/wp-json\/wp\/v2\/comments?post=340"}],"version-history":[{"count":12,"href":"https:\/\/ent2d.ac-bordeaux.fr\/disciplines\/ecole-inclusive\/wp-json\/wp\/v2\/pages\/340\/revisions"}],"predecessor-version":[{"id":742,"href":"https:\/\/ent2d.ac-bordeaux.fr\/disciplines\/ecole-inclusive\/wp-json\/wp\/v2\/pages\/340\/revisions\/742"}],"up":[{"embeddable":true,"href":"https:\/\/ent2d.ac-bordeaux.fr\/disciplines\/ecole-inclusive\/wp-json\/wp\/v2\/pages\/22"}],"wp:attachment":[{"href":"https:\/\/ent2d.ac-bordeaux.fr\/disciplines\/ecole-inclusive\/wp-json\/wp\/v2\/media?parent=340"}],"curies":[{"name":"wp","href":"https:\/\/api.w.org\/{rel}","templated":true}]}}