{"id":22,"date":"2020-07-03T17:30:35","date_gmt":"2020-07-03T15:30:35","guid":{"rendered":"https:\/\/ent2d.ac-bordeaux.fr\/disciplines\/ecole-inclusive\/?page_id=22"},"modified":"2023-03-20T12:31:12","modified_gmt":"2023-03-20T11:31:12","slug":"pial-academiques","status":"publish","type":"page","link":"https:\/\/ent2d.ac-bordeaux.fr\/disciplines\/ecole-inclusive\/pial-academiques\/","title":{"rendered":"LES PIAL"},"content":{"rendered":"\n<p>Les p\u00f4les inclusifs d\u2019accompagnement localis\u00e9s (<strong>PIAL<\/strong>) sont une nouvelle forme d\u2019organisation. Ils favorisent la coordination des ressources au plus pr\u00e8s des \u00e9l\u00e8ves en situation de handicap (les aides humaines, p\u00e9dagogiques, \u00e9ducatives, et, \u00e0 terme, th\u00e9rapeutiques) pour une meilleure prise en compte de leurs besoins. (<em>education.gouv.fr &#8211; Le PIAL<\/em>)<\/p>\n\n\n\n<p>La mise en \u0153uvre est d\u00e9partementale et d\u00e9pend du service \u00e9cole inclusive de chaque DSDEN sous la responsabilit\u00e9 de l\u2019IA DASEN.<\/p>\n","protected":false},"excerpt":{"rendered":"<p>Les p\u00f4les inclusifs d\u2019accompagnement localis\u00e9s (PIAL) sont une nouvelle forme d\u2019organisation. Ils favorisent la coordination des ressources au plus pr\u00e8s des \u00e9l\u00e8ves en situation de handicap (les aides humaines, p\u00e9dagogiques, \u00e9ducatives, et, \u00e0 terme, th\u00e9rapeutiques) pour une meilleure prise en compte de leurs besoins. (education.gouv.fr &#8211; Le PIAL) La mise en \u0153uvre est d\u00e9partementale et &hellip; <\/p>\n<p><a class=\"more-link btn\" href=\"https:\/\/ent2d.ac-bordeaux.fr\/disciplines\/ecole-inclusive\/pial-academiques\/\">Lire la suite<\/a><\/p>\n","protected":false},"author":1380,"featured_media":0,"parent":0,"menu_order":2,"comment_status":"closed","ping_status":"closed","template":"","meta":{"footnotes":""},"class_list":["post-22","page","type-page","status-publish","hentry","nodate","item-wrap"],"_links":{"self":[{"href":"https:\/\/ent2d.ac-bordeaux.fr\/disciplines\/ecole-inclusive\/wp-json\/wp\/v2\/pages\/22","targetHints":{"allow":["GET"]}}],"collection":[{"href":"https:\/\/ent2d.ac-bordeaux.fr\/disciplines\/ecole-inclusive\/wp-json\/wp\/v2\/pages"}],"about":[{"href":"https:\/\/ent2d.ac-bordeaux.fr\/disciplines\/ecole-inclusive\/wp-json\/wp\/v2\/types\/page"}],"author":[{"embeddable":true,"href":"https:\/\/ent2d.ac-bordeaux.fr\/disciplines\/ecole-inclusive\/wp-json\/wp\/v2\/users\/1380"}],"replies":[{"embeddable":true,"href":"https:\/\/ent2d.ac-bordeaux.fr\/disciplines\/ecole-inclusive\/wp-json\/wp\/v2\/comments?post=22"}],"version-history":[{"count":4,"href":"https:\/\/ent2d.ac-bordeaux.fr\/disciplines\/ecole-inclusive\/wp-json\/wp\/v2\/pages\/22\/revisions"}],"predecessor-version":[{"id":339,"href":"https:\/\/ent2d.ac-bordeaux.fr\/disciplines\/ecole-inclusive\/wp-json\/wp\/v2\/pages\/22\/revisions\/339"}],"wp:attachment":[{"href":"https:\/\/ent2d.ac-bordeaux.fr\/disciplines\/ecole-inclusive\/wp-json\/wp\/v2\/media?parent=22"}],"curies":[{"name":"wp","href":"https:\/\/api.w.org\/{rel}","templated":true}]}}