{"id":108,"date":"2020-07-04T20:53:19","date_gmt":"2020-07-04T18:53:19","guid":{"rendered":"https:\/\/ent2d.ac-bordeaux.fr\/disciplines\/ecole-inclusive\/?page_id=108"},"modified":"2023-03-27T14:02:10","modified_gmt":"2023-03-27T12:02:10","slug":"cap-ecole-inclusive","status":"publish","type":"page","link":"https:\/\/ent2d.ac-bordeaux.fr\/disciplines\/ecole-inclusive\/ressources\/cap-ecole-inclusive\/","title":{"rendered":"CAP \u00c9cole inclusive"},"content":{"rendered":"\n<p>Vous accueillez dans votre classe des \u00e9l\u00e8ves \u00e0 besoins \u00e9ducatifs particuliers ou en situation de handicap ? Ce site, con\u00e7u par des enseignants et des experts scientifiques, a pour but d\u2019accompagner la communaut\u00e9 \u00e9ducative dans la scolarisation de tous les \u00e9l\u00e8ves. Vous y trouverez des outils d\u2019observation pour cerner les difficult\u00e9s des \u00e9l\u00e8ves, ainsi que des propositions et des ressources pour adapter votre enseignement \u00e0 tous.<\/p>\n\n\n\n<figure class=\"wp-block-image size-full\"><a href=\"https:\/\/www.reseau-canope.fr\/cap-ecole-inclusive\" target=\"_blank\" rel=\"noopener\"><img loading=\"lazy\" decoding=\"async\" width=\"444\" height=\"201\" src=\"https:\/\/ent2d.ac-bordeaux.fr\/disciplines\/ecole-inclusive\/wp-content\/uploads\/sites\/70\/2023\/03\/image-6.png\" alt=\"\" class=\"wp-image-442\" srcset=\"https:\/\/ent2d.ac-bordeaux.fr\/disciplines\/ecole-inclusive\/wp-content\/uploads\/sites\/70\/2023\/03\/image-6.png 444w, https:\/\/ent2d.ac-bordeaux.fr\/disciplines\/ecole-inclusive\/wp-content\/uploads\/sites\/70\/2023\/03\/image-6-300x136.png 300w\" sizes=\"auto, (max-width: 444px) 100vw, 444px\" \/><\/a><\/figure>\n\n\n<div class=\"wp-block-file\"><span style=\"color: #000080\"><strong><a style=\"color: #000080\" href=\"https:\/\/ent2d.ac-bordeaux.fr\/disciplines\/ecole-inclusive\/wp-content\/uploads\/sites\/70\/2020\/07\/DGESCO.pdf\" target=\"_blank\" rel=\"noopener\">Guide Cap \u00e9cole inclusive<\/a><\/strong><\/span><a class=\"wp-block-file__button\" href=\"https:\/\/ent2d.ac-bordeaux.fr\/disciplines\/ecole-inclusive\/wp-content\/uploads\/sites\/70\/2020\/07\/DGESCO.pdf\" target=\"_blank\" rel=\"noopener\">T\u00e9l\u00e9charger<\/a><\/div>","protected":false},"excerpt":{"rendered":"<p>Vous accueillez dans votre classe des \u00e9l\u00e8ves \u00e0 besoins \u00e9ducatifs particuliers ou en situation de handicap ? Ce site, con\u00e7u par des enseignants et des experts scientifiques, a pour but d\u2019accompagner la communaut\u00e9 \u00e9ducative dans la scolarisation de tous les \u00e9l\u00e8ves. Vous y trouverez des outils d\u2019observation pour cerner les difficult\u00e9s des \u00e9l\u00e8ves, ainsi que &hellip; <\/p>\n<p><a class=\"more-link btn\" href=\"https:\/\/ent2d.ac-bordeaux.fr\/disciplines\/ecole-inclusive\/ressources\/cap-ecole-inclusive\/\">Lire la suite<\/a><\/p>\n","protected":false},"author":1380,"featured_media":0,"parent":27,"menu_order":0,"comment_status":"closed","ping_status":"closed","template":"","meta":{"footnotes":""},"class_list":["post-108","page","type-page","status-publish","hentry","nodate","item-wrap"],"_links":{"self":[{"href":"https:\/\/ent2d.ac-bordeaux.fr\/disciplines\/ecole-inclusive\/wp-json\/wp\/v2\/pages\/108","targetHints":{"allow":["GET"]}}],"collection":[{"href":"https:\/\/ent2d.ac-bordeaux.fr\/disciplines\/ecole-inclusive\/wp-json\/wp\/v2\/pages"}],"about":[{"href":"https:\/\/ent2d.ac-bordeaux.fr\/disciplines\/ecole-inclusive\/wp-json\/wp\/v2\/types\/page"}],"author":[{"embeddable":true,"href":"https:\/\/ent2d.ac-bordeaux.fr\/disciplines\/ecole-inclusive\/wp-json\/wp\/v2\/users\/1380"}],"replies":[{"embeddable":true,"href":"https:\/\/ent2d.ac-bordeaux.fr\/disciplines\/ecole-inclusive\/wp-json\/wp\/v2\/comments?post=108"}],"version-history":[{"count":8,"href":"https:\/\/ent2d.ac-bordeaux.fr\/disciplines\/ecole-inclusive\/wp-json\/wp\/v2\/pages\/108\/revisions"}],"predecessor-version":[{"id":633,"href":"https:\/\/ent2d.ac-bordeaux.fr\/disciplines\/ecole-inclusive\/wp-json\/wp\/v2\/pages\/108\/revisions\/633"}],"up":[{"embeddable":true,"href":"https:\/\/ent2d.ac-bordeaux.fr\/disciplines\/ecole-inclusive\/wp-json\/wp\/v2\/pages\/27"}],"wp:attachment":[{"href":"https:\/\/ent2d.ac-bordeaux.fr\/disciplines\/ecole-inclusive\/wp-json\/wp\/v2\/media?parent=108"}],"curies":[{"name":"wp","href":"https:\/\/api.w.org\/{rel}","templated":true}]}}