{"id":22,"date":"2017-09-19T12:51:15","date_gmt":"2017-09-19T10:51:15","guid":{"rendered":"https:\/\/ent2d.ac-bordeaux.fr\/disciplines\/documentation\/?page_id=22"},"modified":"2024-10-11T14:09:40","modified_gmt":"2024-10-11T12:09:40","slug":"ia-ipr-evs","status":"publish","type":"page","link":"https:\/\/ent2d.ac-bordeaux.fr\/disciplines\/documentation\/ia-ipr-evs\/","title":{"rendered":"IA-IPR EVS"},"content":{"rendered":"<h1 style=\"text-align: justify\">Les IA-IPR Etablissement et Vie Scolaire de l&#8217;Acad\u00e9mie de Bordeaux<\/h1>\n<ul>\n<li style=\"text-align: justify\">Monsieur Fr\u00e9d\u00e9ric BLEUZE<\/li>\n<li>Madame V\u00e9ronique CARAYON<\/li>\n<li>Madame Dominique CHARRAZAC<\/li>\n<li style=\"text-align: justify\">Monsieur J\u00e9r\u00f4me CLEMENT<\/li>\n<li>Madame Martine RUMEAU<\/li>\n<\/ul>\n<h5 style=\"text-align: justify\">R\u00e9partition des dossiers acad\u00e9miques\u00a0 :<\/h5>\n<ul>\n<li style=\"text-align: justify\"><strong>Madame CHARRAZAC<\/strong> et <strong>Monsieur CLEMENT<\/strong> : suivi des dossiers acad\u00e9miques relatifs aux conseillers principaux d&#8217;\u00e9ducation.<\/li>\n<li style=\"text-align: justify\"><strong>Monsieur BLEUZE<\/strong> et <strong>Madame CARAYON<\/strong>\u00a0: suivi des dossiers acad\u00e9miques relatifs aux professeurs documentalistes.<\/li>\n<\/ul>\n<h5>R\u00e9partition des dossiers transversaux\u00a0 :<\/h5>\n<ul>\n<li><strong>Monsieur BLEUZE<\/strong> est membre du groupe de pilotage acad\u00e9mique <strong>EMI<\/strong> et en charge du dossier des internats d&#8217;excellence ;<\/li>\n<li><strong>Madame CARAYON<\/strong> est membre du <strong>CAESCE<\/strong> et suit les <strong>dispositifs relais<\/strong> ;<\/li>\n<li><strong>Madame CHARRAZAC<\/strong> est <strong>DAFPE<\/strong> et <strong>co-doyenne du coll\u00e8ge des IA-IPR<\/strong> ;<\/li>\n<li><strong>Monsieur CLEMENT<\/strong> est membre du comit\u00e9 de pilotage acad\u00e9mique du <strong>Carr\u00e9 r\u00e9galien<\/strong> ;<\/li>\n<\/ul>\n<h5>R\u00e9partition territoriale :<\/h5>\n<p><img loading=\"lazy\" decoding=\"async\" class=\"aligncenter size-full wp-image-3117\" src=\"https:\/\/ent2d.ac-bordeaux.fr\/disciplines\/documentation\/wp-content\/uploads\/sites\/27\/2024\/10\/IA-IPR-24-25.jpg\" alt=\"\" width=\"827\" height=\"680\" srcset=\"https:\/\/ent2d.ac-bordeaux.fr\/disciplines\/documentation\/wp-content\/uploads\/sites\/27\/2024\/10\/IA-IPR-24-25.jpg 827w, https:\/\/ent2d.ac-bordeaux.fr\/disciplines\/documentation\/wp-content\/uploads\/sites\/27\/2024\/10\/IA-IPR-24-25-300x247.jpg 300w, https:\/\/ent2d.ac-bordeaux.fr\/disciplines\/documentation\/wp-content\/uploads\/sites\/27\/2024\/10\/IA-IPR-24-25-768x631.jpg 768w\" sizes=\"auto, (max-width: 827px) 100vw, 827px\" \/><\/p>\n<p style=\"text-align: center\">\n<p><a href=\"https:\/\/ent2d.ac-bordeaux.fr\/disciplines\/documentation\/decoupage-des-zap-de-gironde\/\"><strong>&gt;&gt; Tableau et carte du nouveau d\u00e9coupage des ZAP de Gironde<\/strong><\/a><\/p>\n<h6>Interlocutrices pour l&#8217;animation du r\u00e9seau des coordinateurs ZAP et toute question concernant l&#8217;accompagnement professionnel :<\/h6>\n<ul>\n<li>Madame Sophie CHEKROUN : chargcpe@ac-bordeaux.fr<\/li>\n<li>Madame <span class=\"gI\" style=\"font-size: inherit\">Marie VANHULLE : chargdoc@ac-bordeaux.fr<\/span><\/li>\n<\/ul>\n<p>Madame Sophie CHEKROUN, charg\u00e9e de Mission d\u2019Inspection assure le suivi des CPE contractuels et du PAF CPE.<\/p>\n<blockquote>\n<h2><a href=\"https:\/\/ent2d.ac-bordeaux.fr\/disciplines\/documentation\/wp-content\/uploads\/sites\/27\/2020\/10\/Lettre-EVS-24-25.pdf\" target=\"_blank\" rel=\"noopener noreferrer\">Inspection | Lettre de rentr\u00e9e 2024<\/a><\/h2>\n<\/blockquote>\n","protected":false},"excerpt":{"rendered":"<p>Les IA-IPR Etablissement et Vie Scolaire de l&#8217;Acad\u00e9mie de Bordeaux Monsieur Fr\u00e9d\u00e9ric BLEUZE Madame V\u00e9ronique CARAYON Madame Dominique CHARRAZAC Monsieur<\/p>\n","protected":false},"author":231,"featured_media":0,"parent":0,"menu_order":1,"comment_status":"closed","ping_status":"closed","template":"","meta":{"footnotes":""},"class_list":["post-22","page","type-page","status-publish","hentry"],"_links":{"self":[{"href":"https:\/\/ent2d.ac-bordeaux.fr\/disciplines\/documentation\/wp-json\/wp\/v2\/pages\/22","targetHints":{"allow":["GET"]}}],"collection":[{"href":"https:\/\/ent2d.ac-bordeaux.fr\/disciplines\/documentation\/wp-json\/wp\/v2\/pages"}],"about":[{"href":"https:\/\/ent2d.ac-bordeaux.fr\/disciplines\/documentation\/wp-json\/wp\/v2\/types\/page"}],"author":[{"embeddable":true,"href":"https:\/\/ent2d.ac-bordeaux.fr\/disciplines\/documentation\/wp-json\/wp\/v2\/users\/231"}],"replies":[{"embeddable":true,"href":"https:\/\/ent2d.ac-bordeaux.fr\/disciplines\/documentation\/wp-json\/wp\/v2\/comments?post=22"}],"version-history":[{"count":27,"href":"https:\/\/ent2d.ac-bordeaux.fr\/disciplines\/documentation\/wp-json\/wp\/v2\/pages\/22\/revisions"}],"predecessor-version":[{"id":3118,"href":"https:\/\/ent2d.ac-bordeaux.fr\/disciplines\/documentation\/wp-json\/wp\/v2\/pages\/22\/revisions\/3118"}],"wp:attachment":[{"href":"https:\/\/ent2d.ac-bordeaux.fr\/disciplines\/documentation\/wp-json\/wp\/v2\/media?parent=22"}],"curies":[{"name":"wp","href":"https:\/\/api.w.org\/{rel}","templated":true}]}}