{"id":57,"date":"2018-12-21T12:40:27","date_gmt":"2018-12-21T11:40:27","guid":{"rendered":"https:\/\/ent2d.ac-bordeaux.fr\/disciplines\/dgemc\/?page_id=57"},"modified":"2018-12-21T12:40:27","modified_gmt":"2018-12-21T11:40:27","slug":"regards-croises-programmes-dautres-enseignements-en-terminale-l","status":"publish","type":"page","link":"https:\/\/ent2d.ac-bordeaux.fr\/disciplines\/dgemc\/regards-croises-programmes-dautres-enseignements-en-terminale-l\/","title":{"rendered":"Regards crois\u00e9s : programmes d&rsquo;autres enseignements en Terminale L"},"content":{"rendered":"<p style=\"text-align: justify\">L&rsquo;enseignement de DGEMC s&rsquo;articule de fa\u00e7on coh\u00e9rente avec les autres enseignements suivis par les \u00e9l\u00e8ves de terminale L.<\/p>\n<p style=\"text-align: justify\">Nous proposons ci-dessous trois \u00ab\u00a0regards crois\u00e9s\u00a0\u00bb pour mettre en perspective cette articulation entre DGEMC\u00a0 et plusieurs de ces enseignements.<\/p>\n<ul>\n<li>L&rsquo;enseignement de philosophie ; une contribution de Mateusz Panko, enseignant de philosophie ;<\/li>\n<\/ul>\n<p><a href=\"https:\/\/ent2d.ac-bordeaux.fr\/disciplines\/dgemc\/?page_id=256&amp;preview=true\">Regards crois\u00e9s DGEMC\/Philosophie<\/a><\/p>\n<ul>\n<li>L&rsquo;enseignement d&rsquo;histoire et g\u00e9ographie<\/li>\n<\/ul>\n<p><a href=\"https:\/\/ent2d.ac-bordeaux.fr\/disciplines\/dgemc\/?page_id=265&amp;preview=true\">Regards crois\u00e9s DGEMC \/ Histoire et G\u00e9ographie<\/a><\/p>\n<ul>\n<li>L&rsquo;enseignement d&rsquo;\u00e9ducation morale et civique<\/li>\n<\/ul>\n<p><a href=\"https:\/\/ent2d.ac-bordeaux.fr\/disciplines\/dgemc\/regards-croises-emc-dgemc\/\">Regards crois\u00e9s DGEMC \/ EMC<\/a><\/p>\n","protected":false},"excerpt":{"rendered":"<p>L&rsquo;enseignement de DGEMC s&rsquo;articule de fa\u00e7on coh\u00e9rente avec les autres enseignements suivis par les \u00e9l\u00e8ves de terminale L. Nous proposons ci-dessous trois \u00ab\u00a0regards crois\u00e9s\u00a0\u00bb pour mettre en perspective cette articulation entre DGEMC\u00a0 et plusieurs de ces enseignements. L&rsquo;enseignement de philosophie ; une contribution de Mateusz Panko, enseignant de philosophie ; Regards crois\u00e9s DGEMC\/Philosophie L&rsquo;enseignement d&rsquo;histoire &hellip; <a href=\"https:\/\/ent2d.ac-bordeaux.fr\/disciplines\/dgemc\/regards-croises-programmes-dautres-enseignements-en-terminale-l\/\" class=\"more-link\">Continuer la lecture<span class=\"screen-reader-text\"> de &laquo;&nbsp;Regards crois\u00e9s : programmes d&rsquo;autres enseignements en Terminale L&nbsp;&raquo;<\/span><\/a><\/p>\n","protected":false},"author":22,"featured_media":0,"parent":0,"menu_order":0,"comment_status":"closed","ping_status":"closed","template":"","meta":{"footnotes":""},"class_list":["post-57","page","type-page","status-publish","hentry"],"_links":{"self":[{"href":"https:\/\/ent2d.ac-bordeaux.fr\/disciplines\/dgemc\/wp-json\/wp\/v2\/pages\/57","targetHints":{"allow":["GET"]}}],"collection":[{"href":"https:\/\/ent2d.ac-bordeaux.fr\/disciplines\/dgemc\/wp-json\/wp\/v2\/pages"}],"about":[{"href":"https:\/\/ent2d.ac-bordeaux.fr\/disciplines\/dgemc\/wp-json\/wp\/v2\/types\/page"}],"author":[{"embeddable":true,"href":"https:\/\/ent2d.ac-bordeaux.fr\/disciplines\/dgemc\/wp-json\/wp\/v2\/users\/22"}],"replies":[{"embeddable":true,"href":"https:\/\/ent2d.ac-bordeaux.fr\/disciplines\/dgemc\/wp-json\/wp\/v2\/comments?post=57"}],"version-history":[{"count":10,"href":"https:\/\/ent2d.ac-bordeaux.fr\/disciplines\/dgemc\/wp-json\/wp\/v2\/pages\/57\/revisions"}],"predecessor-version":[{"id":324,"href":"https:\/\/ent2d.ac-bordeaux.fr\/disciplines\/dgemc\/wp-json\/wp\/v2\/pages\/57\/revisions\/324"}],"wp:attachment":[{"href":"https:\/\/ent2d.ac-bordeaux.fr\/disciplines\/dgemc\/wp-json\/wp\/v2\/media?parent=57"}],"curies":[{"name":"wp","href":"https:\/\/api.w.org\/{rel}","templated":true}]}}