{"id":51,"date":"2018-12-21T12:39:34","date_gmt":"2018-12-21T11:39:34","guid":{"rendered":"https:\/\/ent2d.ac-bordeaux.fr\/disciplines\/dgemc\/?page_id=51"},"modified":"2018-12-21T12:39:34","modified_gmt":"2018-12-21T11:39:34","slug":"le-programme-de-dgemc","status":"publish","type":"page","link":"https:\/\/ent2d.ac-bordeaux.fr\/disciplines\/dgemc\/le-programme-de-dgemc\/","title":{"rendered":"Le programme de DGEMC"},"content":{"rendered":"<p style=\"text-align: justify\">Deux\u00a0<strong>documents de r\u00e9f\u00e9rence<\/strong> permettent de d\u00e9couvrir cet enseignement.<\/p>\n<ul>\n<li style=\"text-align: justify\">\u00a0le <a href=\"http:\/\/www.education.gouv.fr\/pid25535\/bulletin_officiel.html?cid_bo=57524\">bulletin Officiel n\u00b0 8 du 13 octobre 2011\u00a0<\/a>pr\u00e9sente le programme de DGEMC (note de service n\u00b0 2012-005 du 5-1-2012) : toutes les branches du droit sont abord\u00e9es en 22 th\u00e8mes organis\u00e9s en 3 rubriques.\u00a0 Les th\u00e8mes retenus ont \u00e9t\u00e9 choisis de mani\u00e8re\u00a0 \u00e0 montrer comment le droit se saisit des questions de soci\u00e9t\u00e9 et des grands enjeux du monde contemporain.<\/li>\n<\/ul>\n<p><img loading=\"lazy\" decoding=\"async\" class=\"alignnone size-medium wp-image-240 aligncenter\" src=\"https:\/\/ent2d.ac-bordeaux.fr\/disciplines\/dgemc\/wp-content\/uploads\/sites\/10\/2018\/02\/arborescence_programme-300x244.jpg\" alt=\"\" width=\"300\" height=\"244\" srcset=\"https:\/\/ent2d.ac-bordeaux.fr\/disciplines\/dgemc\/wp-content\/uploads\/sites\/10\/2018\/02\/arborescence_programme-300x244.jpg 300w, https:\/\/ent2d.ac-bordeaux.fr\/disciplines\/dgemc\/wp-content\/uploads\/sites\/10\/2018\/02\/arborescence_programme.jpg 600w\" sizes=\"auto, (max-width: 300px) 85vw, 300px\" \/><\/p>\n<p>Le programme comprend 3 colonnes :<\/p>\n<p><img loading=\"lazy\" decoding=\"async\" class=\"alignnone size-medium wp-image-242 aligncenter\" src=\"https:\/\/ent2d.ac-bordeaux.fr\/disciplines\/dgemc\/wp-content\/uploads\/sites\/10\/2018\/02\/structure_programme-300x162.jpg\" alt=\"\" width=\"300\" height=\"162\" srcset=\"https:\/\/ent2d.ac-bordeaux.fr\/disciplines\/dgemc\/wp-content\/uploads\/sites\/10\/2018\/02\/structure_programme-300x162.jpg 300w, https:\/\/ent2d.ac-bordeaux.fr\/disciplines\/dgemc\/wp-content\/uploads\/sites\/10\/2018\/02\/structure_programme.jpg 665w\" sizes=\"auto, (max-width: 300px) 85vw, 300px\" \/><\/p>\n<ul>\n<li style=\"text-align: justify\">Un document intitul\u00e9 \u00ab\u00a0<a href=\"http:\/\/eduscol.education.fr\/cid59321\/presentation.html#lien0\">L&rsquo;esprit du programme<\/a>\u00a0\u00bb est publi\u00e9 sur le site EDUSCOL\u00a0 : il pr\u00e9cise qu&rsquo;il s&rsquo;agit d&rsquo;une initiation au droit, entendue comme une \u00ab\u00a0d\u00e9couverte de la discipline juridique, de son r\u00f4le, de sa m\u00e9thode\u00a0\u00bb, dans lequel est \u00ab\u00a0privil\u00e9gi\u00e9e une approche inductive\u00a0\u00bb au sens o\u00f9 le programme sera mis en oeuvre \u00e0 l&rsquo;aide d&rsquo;exemples, de situations concr\u00e8tes, \u00ab\u00a0sans souci ni vis\u00e9e d&rsquo;exhaustivit\u00e9\u00a0\u00bb mais en lien avec des \u00ab\u00a0sujets cibl\u00e9s et embl\u00e9matiques de probl\u00e8mes qui nourrissent aujourd&rsquo;hui la r\u00e9flexion juridique\u00a0\u00bb.<\/li>\n<\/ul>\n<p>&nbsp;<\/p>\n","protected":false},"excerpt":{"rendered":"<p>Deux\u00a0documents de r\u00e9f\u00e9rence permettent de d\u00e9couvrir cet enseignement. \u00a0le bulletin Officiel n\u00b0 8 du 13 octobre 2011\u00a0pr\u00e9sente le programme de DGEMC (note de service n\u00b0 2012-005 du 5-1-2012) : toutes les branches du droit sont abord\u00e9es en 22 th\u00e8mes organis\u00e9s en 3 rubriques.\u00a0 Les th\u00e8mes retenus ont \u00e9t\u00e9 choisis de mani\u00e8re\u00a0 \u00e0 montrer comment le &hellip; <a href=\"https:\/\/ent2d.ac-bordeaux.fr\/disciplines\/dgemc\/le-programme-de-dgemc\/\" class=\"more-link\">Continuer la lecture<span class=\"screen-reader-text\"> de &laquo;&nbsp;Le programme de DGEMC&nbsp;&raquo;<\/span><\/a><\/p>\n","protected":false},"author":22,"featured_media":0,"parent":0,"menu_order":0,"comment_status":"closed","ping_status":"closed","template":"","meta":{"footnotes":""},"class_list":["post-51","page","type-page","status-publish","hentry"],"_links":{"self":[{"href":"https:\/\/ent2d.ac-bordeaux.fr\/disciplines\/dgemc\/wp-json\/wp\/v2\/pages\/51","targetHints":{"allow":["GET"]}}],"collection":[{"href":"https:\/\/ent2d.ac-bordeaux.fr\/disciplines\/dgemc\/wp-json\/wp\/v2\/pages"}],"about":[{"href":"https:\/\/ent2d.ac-bordeaux.fr\/disciplines\/dgemc\/wp-json\/wp\/v2\/types\/page"}],"author":[{"embeddable":true,"href":"https:\/\/ent2d.ac-bordeaux.fr\/disciplines\/dgemc\/wp-json\/wp\/v2\/users\/22"}],"replies":[{"embeddable":true,"href":"https:\/\/ent2d.ac-bordeaux.fr\/disciplines\/dgemc\/wp-json\/wp\/v2\/comments?post=51"}],"version-history":[{"count":11,"href":"https:\/\/ent2d.ac-bordeaux.fr\/disciplines\/dgemc\/wp-json\/wp\/v2\/pages\/51\/revisions"}],"predecessor-version":[{"id":311,"href":"https:\/\/ent2d.ac-bordeaux.fr\/disciplines\/dgemc\/wp-json\/wp\/v2\/pages\/51\/revisions\/311"}],"wp:attachment":[{"href":"https:\/\/ent2d.ac-bordeaux.fr\/disciplines\/dgemc\/wp-json\/wp\/v2\/media?parent=51"}],"curies":[{"name":"wp","href":"https:\/\/api.w.org\/{rel}","templated":true}]}}