{"id":48,"date":"2018-12-21T12:40:27","date_gmt":"2018-12-21T11:40:27","guid":{"rendered":"https:\/\/ent2d.ac-bordeaux.fr\/disciplines\/dgemc\/?page_id=48"},"modified":"2018-12-21T12:40:27","modified_gmt":"2018-12-21T11:40:27","slug":"quels-debouches-post-bac","status":"publish","type":"page","link":"https:\/\/ent2d.ac-bordeaux.fr\/disciplines\/dgemc\/quels-debouches-post-bac\/","title":{"rendered":"Quels d\u00e9bouch\u00e9s post-bac ?"},"content":{"rendered":"<p style=\"text-align: justify\"><strong>Plusieurs types de poursuite d&rsquo;\u00e9tude dans le domaine juridique sont propos\u00e9s en Nouvelle Aquitaine.<br \/>\n<\/strong><\/p>\n<ul>\n<li>En <a href=\"https:\/\/ent2d.ac-bordeaux.fr\/disciplines\/dgemc\/?page_id=142&amp;preview=true\">BTS\/IUT<\/a><\/li>\n<li>En <a href=\"https:\/\/ent2d.ac-bordeaux.fr\/disciplines\/dgemc\/?page_id=146&amp;preview=true\">CPGE<\/a><\/li>\n<li>A <a href=\"https:\/\/ent2d.ac-bordeaux.fr\/disciplines\/dgemc\/?page_id=144&amp;preview=true\">l&rsquo;universit\u00e9<\/a><\/li>\n<\/ul>\n<p>Un site incontournable approfondit et compl\u00e8te de fa\u00e7on actualis\u00e9e cette rubrique :<a href=\"http:\/\/www.onisep.fr\/Pres-de-chez-vous\/Nouvelle-Aquitaine\/Bordeaux\/Infos-pratiques\"> www.onisep.fr<\/a><\/p>\n<p style=\"text-align: justify\">\n","protected":false},"excerpt":{"rendered":"<p>Plusieurs types de poursuite d&rsquo;\u00e9tude dans le domaine juridique sont propos\u00e9s en Nouvelle Aquitaine. En BTS\/IUT En CPGE A l&rsquo;universit\u00e9 Un site incontournable approfondit et compl\u00e8te de fa\u00e7on actualis\u00e9e cette rubrique : www.onisep.fr<\/p>\n","protected":false},"author":22,"featured_media":0,"parent":0,"menu_order":0,"comment_status":"closed","ping_status":"closed","template":"","meta":{"footnotes":""},"class_list":["post-48","page","type-page","status-publish","hentry"],"_links":{"self":[{"href":"https:\/\/ent2d.ac-bordeaux.fr\/disciplines\/dgemc\/wp-json\/wp\/v2\/pages\/48","targetHints":{"allow":["GET"]}}],"collection":[{"href":"https:\/\/ent2d.ac-bordeaux.fr\/disciplines\/dgemc\/wp-json\/wp\/v2\/pages"}],"about":[{"href":"https:\/\/ent2d.ac-bordeaux.fr\/disciplines\/dgemc\/wp-json\/wp\/v2\/types\/page"}],"author":[{"embeddable":true,"href":"https:\/\/ent2d.ac-bordeaux.fr\/disciplines\/dgemc\/wp-json\/wp\/v2\/users\/22"}],"replies":[{"embeddable":true,"href":"https:\/\/ent2d.ac-bordeaux.fr\/disciplines\/dgemc\/wp-json\/wp\/v2\/comments?post=48"}],"version-history":[{"count":5,"href":"https:\/\/ent2d.ac-bordeaux.fr\/disciplines\/dgemc\/wp-json\/wp\/v2\/pages\/48\/revisions"}],"predecessor-version":[{"id":281,"href":"https:\/\/ent2d.ac-bordeaux.fr\/disciplines\/dgemc\/wp-json\/wp\/v2\/pages\/48\/revisions\/281"}],"wp:attachment":[{"href":"https:\/\/ent2d.ac-bordeaux.fr\/disciplines\/dgemc\/wp-json\/wp\/v2\/media?parent=48"}],"curies":[{"name":"wp","href":"https:\/\/api.w.org\/{rel}","templated":true}]}}