{"id":45,"date":"2018-12-21T12:40:27","date_gmt":"2018-12-21T11:40:27","guid":{"rendered":"https:\/\/ent2d.ac-bordeaux.fr\/disciplines\/dgemc\/?page_id=45"},"modified":"2018-12-21T12:40:27","modified_gmt":"2018-12-21T11:40:27","slug":"qui-lenseigne","status":"publish","type":"page","link":"https:\/\/ent2d.ac-bordeaux.fr\/disciplines\/dgemc\/qui-lenseigne\/","title":{"rendered":"Qui l&rsquo;enseigne ?"},"content":{"rendered":"<p style=\"text-align: justify\">L&rsquo;enseignement de DGEMC est assur\u00e9 par des <strong>enseignants habilit\u00e9s<\/strong>.<\/p>\n<p style=\"text-align: justify\">Le<strong> cadre juridique<\/strong> <strong>national<\/strong> et<strong> les modalit\u00e9s de mise en oeuvre de la proc\u00e9dure dans l&rsquo;acad\u00e9mie de Bordeaux<\/strong> sont pr\u00e9sent\u00e9es dans les deux rubriques ci-dessous.<\/p>\n<ul>\n<li>Des profils :\u00a0 <a href=\"https:\/\/ent2d.ac-bordeaux.fr\/disciplines\/dgemc\/?page_id=282&amp;preview=true\">les textes officiels<\/a><\/li>\n<li><a href=\"https:\/\/ent2d.ac-bordeaux.fr\/disciplines\/dgemc\/?page_id=287&amp;preview=true\">L&rsquo;habilitation \u00e0 l&rsquo;enseignement de DGEMC<\/a><\/li>\n<\/ul>\n<p style=\"text-align: justify\">A noter : l&rsquo;universit\u00e9 de Nanterre propose un Dipl\u00f4me d&rsquo;universit\u00e9 (<a href=\"https:\/\/www.parisnanterre.fr\/offre-de-formation-\/diplome-d-universite-droit-economie-et-gestion-br-mention-droit-et-grands-enjeux-du-monde-contemporain-537957.kjsp\">DU mention DGEMC<\/a>)<\/p>\n","protected":false},"excerpt":{"rendered":"<p>L&rsquo;enseignement de DGEMC est assur\u00e9 par des enseignants habilit\u00e9s. Le cadre juridique national et les modalit\u00e9s de mise en oeuvre de la proc\u00e9dure dans l&rsquo;acad\u00e9mie de Bordeaux sont pr\u00e9sent\u00e9es dans les deux rubriques ci-dessous. Des profils :\u00a0 les textes officiels L&rsquo;habilitation \u00e0 l&rsquo;enseignement de DGEMC A noter : l&rsquo;universit\u00e9 de Nanterre propose un Dipl\u00f4me d&rsquo;universit\u00e9 &hellip; <a href=\"https:\/\/ent2d.ac-bordeaux.fr\/disciplines\/dgemc\/qui-lenseigne\/\" class=\"more-link\">Continuer la lecture<span class=\"screen-reader-text\"> de &laquo;&nbsp;Qui l&rsquo;enseigne ?&nbsp;&raquo;<\/span><\/a><\/p>\n","protected":false},"author":22,"featured_media":0,"parent":0,"menu_order":0,"comment_status":"closed","ping_status":"closed","template":"","meta":{"footnotes":""},"class_list":["post-45","page","type-page","status-publish","hentry"],"_links":{"self":[{"href":"https:\/\/ent2d.ac-bordeaux.fr\/disciplines\/dgemc\/wp-json\/wp\/v2\/pages\/45","targetHints":{"allow":["GET"]}}],"collection":[{"href":"https:\/\/ent2d.ac-bordeaux.fr\/disciplines\/dgemc\/wp-json\/wp\/v2\/pages"}],"about":[{"href":"https:\/\/ent2d.ac-bordeaux.fr\/disciplines\/dgemc\/wp-json\/wp\/v2\/types\/page"}],"author":[{"embeddable":true,"href":"https:\/\/ent2d.ac-bordeaux.fr\/disciplines\/dgemc\/wp-json\/wp\/v2\/users\/22"}],"replies":[{"embeddable":true,"href":"https:\/\/ent2d.ac-bordeaux.fr\/disciplines\/dgemc\/wp-json\/wp\/v2\/comments?post=45"}],"version-history":[{"count":9,"href":"https:\/\/ent2d.ac-bordeaux.fr\/disciplines\/dgemc\/wp-json\/wp\/v2\/pages\/45\/revisions"}],"predecessor-version":[{"id":297,"href":"https:\/\/ent2d.ac-bordeaux.fr\/disciplines\/dgemc\/wp-json\/wp\/v2\/pages\/45\/revisions\/297"}],"wp:attachment":[{"href":"https:\/\/ent2d.ac-bordeaux.fr\/disciplines\/dgemc\/wp-json\/wp\/v2\/media?parent=45"}],"curies":[{"name":"wp","href":"https:\/\/api.w.org\/{rel}","templated":true}]}}