{"id":42,"date":"2018-12-21T12:40:52","date_gmt":"2018-12-21T11:40:52","guid":{"rendered":"https:\/\/ent2d.ac-bordeaux.fr\/disciplines\/dgemc\/?page_id=42"},"modified":"2018-12-21T12:40:52","modified_gmt":"2018-12-21T11:40:52","slug":"une-specialite-de-terminale-l","status":"publish","type":"page","link":"https:\/\/ent2d.ac-bordeaux.fr\/disciplines\/dgemc\/une-specialite-de-terminale-l\/","title":{"rendered":"Une sp\u00e9cialit\u00e9 de Terminale L"},"content":{"rendered":"<p style=\"text-align: justify\">L\u2019enseignement de sp\u00e9cialit\u00e9 intitul\u00e9 \u00ab Droit et Grands Enjeux de Monde Contemporain \u00bb (DGEMC) est propos\u00e9 aux \u00e9l\u00e8ves de terminale de la s\u00e9rie Litt\u00e9raire \u00e0 compter de la <strong>rentr\u00e9e 2012<\/strong>.<\/p>\n<p style=\"text-align: justify\">Cet enseignement doit permettre aux \u00e9l\u00e8ves qui choisiront de le suivre d\u2019\u00e9largir leurs comp\u00e9tences et leurs perspectives en \u00e9tant <strong>mieux pr\u00e9par\u00e9s \u00e0 une poursuite d\u2019\u00e9tudes sup\u00e9rieures en droit ou en sciences politiques<\/strong>.<\/p>\n<p style=\"text-align: justify\">Pour autant, <strong>il ne s\u2019agit pas d\u2019une prop\u00e9deutique \u00e0 ces \u00e9tudes post bac<\/strong>.<\/p>\n<p style=\"text-align: justify\">L\u2019objectif est d\u2019<strong>initier les \u00e9l\u00e8ves au droit<\/strong> \u00e0 travers certains grands enjeux du monde contemporain afin de d\u00e9couvrir une nouvelle discipline, son r\u00f4le et sa m\u00e9thode. Pour cela, une <strong>approche concr\u00e8te des situations juridiques<\/strong> sera privil\u00e9gi\u00e9e.<\/p>\n<p style=\"text-align: justify\">Les th\u00e8mes du programme permettent d\u2019<strong>aborder les<\/strong> <strong>diff\u00e9rentes branches du droit<\/strong> (droit public, droit priv\u00e9, droit international etc.). Ils ont \u00e9t\u00e9 choisis dans la perspective de permettre aux \u00e9l\u00e8ves de <strong>comprendre la mani\u00e8re sp\u00e9cifique dont le droit saisit, structure et r\u00e9gule des questions fondamentales de soci\u00e9t\u00e9<\/strong>.<\/p>\n<p>Le<strong> programme DGEMC<\/strong> (arr\u00eat\u00e9 du 12-7-2011) a \u00e9t\u00e9 publi\u00e9 dans le <a href=\"http:\/\/www.education.gouv.fr\/pid25535\/bulletin_officiel.html?cid_bo=57524\">Bulletin officiel sp\u00e9cial n\u00b0 8 du 13 octobre 2011<\/a>.<\/p>\n<p style=\"text-align: justify\">Pour aller plus loin, il est possible de consulter les deux rubriques suivantes qui pr\u00e9sentent :<\/p>\n<ul>\n<li>La <a href=\"https:\/\/ent2d.ac-bordeaux.fr\/disciplines\/dgemc\/?page_id=136&amp;preview=true\">grille horaire et les coefficients<\/a><\/li>\n<li>La <a href=\"https:\/\/ent2d.ac-bordeaux.fr\/disciplines\/dgemc\/?page_id=138&amp;preview=true\">liste des \u00e9tablissements<\/a> proposant l&rsquo;enseignement dans l&rsquo;acad\u00e9mie de Bordeaux<\/li>\n<\/ul>\n","protected":false},"excerpt":{"rendered":"<p>L\u2019enseignement de sp\u00e9cialit\u00e9 intitul\u00e9 \u00ab Droit et Grands Enjeux de Monde Contemporain \u00bb (DGEMC) est propos\u00e9 aux \u00e9l\u00e8ves de terminale de la s\u00e9rie Litt\u00e9raire \u00e0 compter de la rentr\u00e9e 2012. Cet enseignement doit permettre aux \u00e9l\u00e8ves qui choisiront de le suivre d\u2019\u00e9largir leurs comp\u00e9tences et leurs perspectives en \u00e9tant mieux pr\u00e9par\u00e9s \u00e0 une poursuite d\u2019\u00e9tudes &hellip; <a href=\"https:\/\/ent2d.ac-bordeaux.fr\/disciplines\/dgemc\/une-specialite-de-terminale-l\/\" class=\"more-link\">Continuer la lecture<span class=\"screen-reader-text\"> de &laquo;&nbsp;Une sp\u00e9cialit\u00e9 de Terminale L&nbsp;&raquo;<\/span><\/a><\/p>\n","protected":false},"author":22,"featured_media":0,"parent":0,"menu_order":0,"comment_status":"closed","ping_status":"closed","template":"","meta":{"footnotes":""},"class_list":["post-42","page","type-page","status-publish","hentry"],"_links":{"self":[{"href":"https:\/\/ent2d.ac-bordeaux.fr\/disciplines\/dgemc\/wp-json\/wp\/v2\/pages\/42","targetHints":{"allow":["GET"]}}],"collection":[{"href":"https:\/\/ent2d.ac-bordeaux.fr\/disciplines\/dgemc\/wp-json\/wp\/v2\/pages"}],"about":[{"href":"https:\/\/ent2d.ac-bordeaux.fr\/disciplines\/dgemc\/wp-json\/wp\/v2\/types\/page"}],"author":[{"embeddable":true,"href":"https:\/\/ent2d.ac-bordeaux.fr\/disciplines\/dgemc\/wp-json\/wp\/v2\/users\/22"}],"replies":[{"embeddable":true,"href":"https:\/\/ent2d.ac-bordeaux.fr\/disciplines\/dgemc\/wp-json\/wp\/v2\/comments?post=42"}],"version-history":[{"count":6,"href":"https:\/\/ent2d.ac-bordeaux.fr\/disciplines\/dgemc\/wp-json\/wp\/v2\/pages\/42\/revisions"}],"predecessor-version":[{"id":305,"href":"https:\/\/ent2d.ac-bordeaux.fr\/disciplines\/dgemc\/wp-json\/wp\/v2\/pages\/42\/revisions\/305"}],"wp:attachment":[{"href":"https:\/\/ent2d.ac-bordeaux.fr\/disciplines\/dgemc\/wp-json\/wp\/v2\/media?parent=42"}],"curies":[{"name":"wp","href":"https:\/\/api.w.org\/{rel}","templated":true}]}}