{"id":282,"date":"2018-12-21T12:39:34","date_gmt":"2018-12-21T11:39:34","guid":{"rendered":"https:\/\/ent2d.ac-bordeaux.fr\/disciplines\/dgemc\/?page_id=282"},"modified":"2018-12-21T12:39:34","modified_gmt":"2018-12-21T11:39:34","slug":"des-profils-les-textes-officiels","status":"publish","type":"page","link":"https:\/\/ent2d.ac-bordeaux.fr\/disciplines\/dgemc\/des-profils-les-textes-officiels\/","title":{"rendered":"Des profils : les textes officiels"},"content":{"rendered":"<p style=\"text-align: justify\">La <strong>note de service n\u00b0 2011-178 du 30-9-2011<\/strong> parue dans le BO du 6 octobre 2011 pr\u00e9cise <strong>la prise en charge p\u00e9dagogique<\/strong> de la sp\u00e9cialit\u00e9 de TL Droit et grands enjeux du monde contemporain (DGEMC).<\/p>\n<p style=\"text-align: justify\">Ce document sp\u00e9cifie\u00a0:<\/p>\n<p style=\"text-align: justify\">&#8211;\u00a0 <strong>la condition de dipl\u00f4me<\/strong>\u00a0;<\/p>\n<p style=\"text-align: justify\">&#8211; \u00a0<strong>les disciplines de recrutement pour l\u2019enseignement DGEMC<\/strong>.<\/p>\n<p style=\"text-align: justify\">\u00a0 \u00ab\u00a0Le programme requiert de solides comp\u00e9tences juridiques, notamment en droit public. Le profil recherch\u00e9 sera celui d&rsquo;enseignants de lyc\u00e9e titulaires d&rsquo;une licence de droit ou d&rsquo;un dipl\u00f4me d&rsquo;institut d&rsquo;\u00e9tudes politiques, issus des sections \u00e9conomie et gestion, sciences \u00e9conomiques et sociales, histoire et g\u00e9ographie, sans exclure d&rsquo;autres disciplines\u00a0\u00bb. <em>(Extrait)<\/em><\/p>\n<p>72 professeurs ont \u00e9t\u00e9 habilit\u00e9s dans l&rsquo;acad\u00e9mie de Bordeaux entre 2012 et 2016 selon la r\u00e9partition indiqu\u00e9e ci-dessous.<\/p>\n<p><!--more--><\/p>\n<p>En bleu, est pr\u00e9cis\u00e9e la r\u00e9partition des enseignants DGEMC au cours de l\u2019ann\u00e9e scolaire 2015-2016.<\/p>\n<table>\n<tbody>\n<tr>\n<td width=\"169\">Professeurs habilit\u00e9s<\/td>\n<td width=\"155\">Public<\/td>\n<td width=\"153\">priv\u00e9<\/td>\n<td width=\"143\">TOTAL<\/td>\n<\/tr>\n<tr>\n<td width=\"169\">24<\/td>\n<td width=\"155\">8 <span style=\"color: #0000ff\">(3)<\/span><\/td>\n<td width=\"153\">1 <span style=\"color: #0000ff\">(1)<\/span><\/td>\n<td width=\"143\">9<span style=\"color: #0000ff\"> (4)<\/span><\/td>\n<\/tr>\n<tr>\n<td width=\"169\">33<\/td>\n<td width=\"155\">29 <span style=\"color: #0000ff\">(14)<\/span><\/td>\n<td width=\"153\">9 <span style=\"color: #0000ff\">(8)<\/span><\/td>\n<td width=\"143\">36 <span style=\"color: #0000ff\">(22)<\/span><\/td>\n<\/tr>\n<tr>\n<td width=\"169\">40<\/td>\n<td width=\"155\">5 <span style=\"color: #0000ff\">(2)<\/span><\/td>\n<td width=\"153\">0<\/td>\n<td width=\"143\">5 <span style=\"color: #0000ff\">(2)<\/span><\/td>\n<\/tr>\n<tr>\n<td width=\"169\">47<\/td>\n<td width=\"155\">5 <span style=\"color: #0000ff\">(5)<\/span><\/td>\n<td width=\"153\">0<\/td>\n<td width=\"143\">5 <span style=\"color: #0000ff\">(5)<\/span><\/td>\n<\/tr>\n<tr>\n<td width=\"169\">64<\/td>\n<td width=\"155\">11 <span style=\"color: #0000ff\">(6)<\/span><\/td>\n<td width=\"153\">4 <span style=\"color: #0000ff\">(3)<\/span><\/td>\n<td width=\"143\">15 <span style=\"color: #0000ff\">(9)<\/span><\/td>\n<\/tr>\n<tr>\n<td width=\"169\">TOTAL<\/td>\n<td width=\"155\">58 <span style=\"color: #0000ff\">(30)<\/span><\/td>\n<td width=\"153\">14 <span style=\"color: #0000ff\">(12)<\/span><\/td>\n<td width=\"143\">72 <span style=\"color: #0000ff\">(42)<\/span><\/td>\n<\/tr>\n<tr>\n<td width=\"169\">ECONOMIE GESTION<\/td>\n<td width=\"155\">37 <span style=\"color: #0000ff\">(20)<\/span><\/td>\n<td width=\"153\">6 <span style=\"color: #0000ff\">(6)<\/span><\/td>\n<td width=\"143\">44 <span style=\"color: #0000ff\">(26)<\/span><\/td>\n<\/tr>\n<tr>\n<td width=\"169\">SES<\/td>\n<td width=\"155\">11<span style=\"color: #0000ff\"> (5)<\/span><\/td>\n<td width=\"153\">5 <span style=\"color: #0000ff\">(4)<\/span><\/td>\n<td width=\"143\">16 <span style=\"color: #0000ff\">(9)<\/span><\/td>\n<\/tr>\n<tr>\n<td width=\"169\">PHILOSOPHIE<\/td>\n<td width=\"155\">7 <span style=\"color: #0000ff\">(4)<\/span><\/td>\n<td width=\"153\">1<\/td>\n<td width=\"143\">8 <span style=\"color: #0000ff\">(4)<\/span><\/td>\n<\/tr>\n<tr>\n<td width=\"169\">HISTOIRE GEOGRAPHIE<\/td>\n<td width=\"155\">2 <span style=\"color: #0000ff\">(1)<\/span><\/td>\n<td width=\"153\">1 <span style=\"color: #0000ff\">(1)<\/span><\/td>\n<td width=\"143\">3<span style=\"color: #0000ff\"> (2)<\/span><\/td>\n<\/tr>\n<tr>\n<td width=\"169\">ARTS<\/td>\n<td width=\"155\">0<\/td>\n<td width=\"153\">1 <span style=\"color: #0000ff\">(1)<\/span><\/td>\n<td width=\"143\">1 <span style=\"color: #0000ff\">(1)<\/span><\/td>\n<\/tr>\n<tr>\n<td width=\"169\">STMS<\/td>\n<td width=\"155\">1<\/td>\n<td width=\"153\">0<\/td>\n<td width=\"143\">1<\/td>\n<\/tr>\n<tr>\n<td width=\"169\">TOTAL<\/td>\n<td width=\"155\">58 <span style=\"color: #0000ff\">(30)<\/span><\/td>\n<td width=\"153\">14 <span style=\"color: #0000ff\">(12)<\/span><\/td>\n<td width=\"143\">72 <span style=\"color: #0000ff\">(42)<\/span><\/td>\n<\/tr>\n<\/tbody>\n<\/table>\n","protected":false},"excerpt":{"rendered":"<p>La note de service n\u00b0 2011-178 du 30-9-2011 parue dans le BO du 6 octobre 2011 pr\u00e9cise la prise en charge p\u00e9dagogique de la sp\u00e9cialit\u00e9 de TL Droit et grands enjeux du monde contemporain (DGEMC). Ce document sp\u00e9cifie\u00a0: &#8211;\u00a0 la condition de dipl\u00f4me\u00a0; &#8211; \u00a0les disciplines de recrutement pour l\u2019enseignement DGEMC. \u00a0 \u00ab\u00a0Le programme requiert &hellip; <a href=\"https:\/\/ent2d.ac-bordeaux.fr\/disciplines\/dgemc\/des-profils-les-textes-officiels\/\" class=\"more-link\">Continuer la lecture<span class=\"screen-reader-text\"> de &laquo;&nbsp;Des profils : les textes officiels&nbsp;&raquo;<\/span><\/a><\/p>\n","protected":false},"author":24,"featured_media":0,"parent":0,"menu_order":0,"comment_status":"closed","ping_status":"closed","template":"","meta":{"footnotes":""},"class_list":["post-282","page","type-page","status-publish","hentry"],"_links":{"self":[{"href":"https:\/\/ent2d.ac-bordeaux.fr\/disciplines\/dgemc\/wp-json\/wp\/v2\/pages\/282","targetHints":{"allow":["GET"]}}],"collection":[{"href":"https:\/\/ent2d.ac-bordeaux.fr\/disciplines\/dgemc\/wp-json\/wp\/v2\/pages"}],"about":[{"href":"https:\/\/ent2d.ac-bordeaux.fr\/disciplines\/dgemc\/wp-json\/wp\/v2\/types\/page"}],"author":[{"embeddable":true,"href":"https:\/\/ent2d.ac-bordeaux.fr\/disciplines\/dgemc\/wp-json\/wp\/v2\/users\/24"}],"replies":[{"embeddable":true,"href":"https:\/\/ent2d.ac-bordeaux.fr\/disciplines\/dgemc\/wp-json\/wp\/v2\/comments?post=282"}],"version-history":[{"count":4,"href":"https:\/\/ent2d.ac-bordeaux.fr\/disciplines\/dgemc\/wp-json\/wp\/v2\/pages\/282\/revisions"}],"predecessor-version":[{"id":286,"href":"https:\/\/ent2d.ac-bordeaux.fr\/disciplines\/dgemc\/wp-json\/wp\/v2\/pages\/282\/revisions\/286"}],"wp:attachment":[{"href":"https:\/\/ent2d.ac-bordeaux.fr\/disciplines\/dgemc\/wp-json\/wp\/v2\/media?parent=282"}],"curies":[{"name":"wp","href":"https:\/\/api.w.org\/{rel}","templated":true}]}}