{"id":180,"date":"2018-12-21T12:40:26","date_gmt":"2018-12-21T11:40:26","guid":{"rendered":"https:\/\/ent2d.ac-bordeaux.fr\/disciplines\/dgemc\/?page_id=180"},"modified":"2018-12-21T12:40:26","modified_gmt":"2018-12-21T11:40:26","slug":"liens-vers-des-faits-dactualite","status":"publish","type":"page","link":"https:\/\/ent2d.ac-bordeaux.fr\/disciplines\/dgemc\/liens-vers-des-faits-dactualite\/","title":{"rendered":"Liens vers des faits d&rsquo;actualit\u00e9"},"content":{"rendered":"<p><img loading=\"lazy\" decoding=\"async\" class=\"alignnone size-full wp-image-372 aligncenter\" src=\"https:\/\/ent2d.ac-bordeaux.fr\/disciplines\/dgemc\/wp-content\/uploads\/sites\/10\/2018\/04\/presse3.jpg\" alt=\"\" width=\"330\" height=\"153\" \/><\/p>\n<p style=\"text-align: justify\">Nous proposons ici une s\u00e9lection de faits d\u2019actualit\u00e9 qui peuvent constituer, pour les enseignants de DGEMC, <strong>des pistes et des sources pour construire une s\u00e9quence de cours ou accompagner les \u00e9l\u00e8ves dans la d\u00e9marche de construction de leur dossier-projet<\/strong>.<\/p>\n<p>&nbsp;<\/p>\n","protected":false},"excerpt":{"rendered":"<p>Nous proposons ici une s\u00e9lection de faits d\u2019actualit\u00e9 qui peuvent constituer, pour les enseignants de DGEMC, des pistes et des sources pour construire une s\u00e9quence de cours ou accompagner les \u00e9l\u00e8ves dans la d\u00e9marche de construction de leur dossier-projet. &nbsp;<\/p>\n","protected":false},"author":22,"featured_media":0,"parent":0,"menu_order":0,"comment_status":"closed","ping_status":"closed","template":"","meta":{"footnotes":""},"class_list":["post-180","page","type-page","status-publish","hentry"],"_links":{"self":[{"href":"https:\/\/ent2d.ac-bordeaux.fr\/disciplines\/dgemc\/wp-json\/wp\/v2\/pages\/180","targetHints":{"allow":["GET"]}}],"collection":[{"href":"https:\/\/ent2d.ac-bordeaux.fr\/disciplines\/dgemc\/wp-json\/wp\/v2\/pages"}],"about":[{"href":"https:\/\/ent2d.ac-bordeaux.fr\/disciplines\/dgemc\/wp-json\/wp\/v2\/types\/page"}],"author":[{"embeddable":true,"href":"https:\/\/ent2d.ac-bordeaux.fr\/disciplines\/dgemc\/wp-json\/wp\/v2\/users\/22"}],"replies":[{"embeddable":true,"href":"https:\/\/ent2d.ac-bordeaux.fr\/disciplines\/dgemc\/wp-json\/wp\/v2\/comments?post=180"}],"version-history":[{"count":2,"href":"https:\/\/ent2d.ac-bordeaux.fr\/disciplines\/dgemc\/wp-json\/wp\/v2\/pages\/180\/revisions"}],"predecessor-version":[{"id":375,"href":"https:\/\/ent2d.ac-bordeaux.fr\/disciplines\/dgemc\/wp-json\/wp\/v2\/pages\/180\/revisions\/375"}],"wp:attachment":[{"href":"https:\/\/ent2d.ac-bordeaux.fr\/disciplines\/dgemc\/wp-json\/wp\/v2\/media?parent=180"}],"curies":[{"name":"wp","href":"https:\/\/api.w.org\/{rel}","templated":true}]}}