{"id":157,"date":"2018-12-21T12:39:34","date_gmt":"2018-12-21T11:39:34","guid":{"rendered":"https:\/\/ent2d.ac-bordeaux.fr\/disciplines\/dgemc\/?page_id=157"},"modified":"2018-12-21T12:39:34","modified_gmt":"2018-12-21T11:39:34","slug":"fiches-eduscol","status":"publish","type":"page","link":"https:\/\/ent2d.ac-bordeaux.fr\/disciplines\/dgemc\/fiches-eduscol\/","title":{"rendered":"Fiches Eduscol"},"content":{"rendered":"<p style=\"text-align: justify\">Des <strong>ressources p\u00e9dagogiques<\/strong> ont \u00e9t\u00e9 publi\u00e9es en 2012 \u00e0 l&rsquo;attention des enseignants du secondaire <strong>en rapport avec les 22 th\u00e8mes du programme.<\/strong><\/p>\n<ul>\n<li>Des fiches th\u00e9matiques sont gratuitement accessibles en t\u00e9l\u00e9chargement sur <a href=\"http:\/\/eduscol.education.fr\/cid59321\/droit-et-grands-enjeux-du-monde-contemporain.html#lien2\">EDUSCOL<\/a>.<\/li>\n<li>Un ouvrage est \u00e9galement propos\u00e9\u00a0 \u00e0 la vente sur le site de <a href=\"http:\/\/www.ladocumentationfrancaise.fr\/catalogue\/9782110091383\/index.shtml\">la documentation fran\u00e7aise<\/a>.<\/li>\n<\/ul>\n<p>&nbsp;<\/p>\n<p>&nbsp;<\/p>\n<p>&nbsp;<\/p>\n","protected":false},"excerpt":{"rendered":"<p>Des ressources p\u00e9dagogiques ont \u00e9t\u00e9 publi\u00e9es en 2012 \u00e0 l&rsquo;attention des enseignants du secondaire en rapport avec les 22 th\u00e8mes du programme. Des fiches th\u00e9matiques sont gratuitement accessibles en t\u00e9l\u00e9chargement sur EDUSCOL. Un ouvrage est \u00e9galement propos\u00e9\u00a0 \u00e0 la vente sur le site de la documentation fran\u00e7aise. &nbsp; &nbsp; &nbsp;<\/p>\n","protected":false},"author":22,"featured_media":0,"parent":0,"menu_order":0,"comment_status":"closed","ping_status":"closed","template":"","meta":{"footnotes":""},"class_list":["post-157","page","type-page","status-publish","hentry"],"_links":{"self":[{"href":"https:\/\/ent2d.ac-bordeaux.fr\/disciplines\/dgemc\/wp-json\/wp\/v2\/pages\/157","targetHints":{"allow":["GET"]}}],"collection":[{"href":"https:\/\/ent2d.ac-bordeaux.fr\/disciplines\/dgemc\/wp-json\/wp\/v2\/pages"}],"about":[{"href":"https:\/\/ent2d.ac-bordeaux.fr\/disciplines\/dgemc\/wp-json\/wp\/v2\/types\/page"}],"author":[{"embeddable":true,"href":"https:\/\/ent2d.ac-bordeaux.fr\/disciplines\/dgemc\/wp-json\/wp\/v2\/users\/22"}],"replies":[{"embeddable":true,"href":"https:\/\/ent2d.ac-bordeaux.fr\/disciplines\/dgemc\/wp-json\/wp\/v2\/comments?post=157"}],"version-history":[{"count":4,"href":"https:\/\/ent2d.ac-bordeaux.fr\/disciplines\/dgemc\/wp-json\/wp\/v2\/pages\/157\/revisions"}],"predecessor-version":[{"id":314,"href":"https:\/\/ent2d.ac-bordeaux.fr\/disciplines\/dgemc\/wp-json\/wp\/v2\/pages\/157\/revisions\/314"}],"wp:attachment":[{"href":"https:\/\/ent2d.ac-bordeaux.fr\/disciplines\/dgemc\/wp-json\/wp\/v2\/media?parent=157"}],"curies":[{"name":"wp","href":"https:\/\/api.w.org\/{rel}","templated":true}]}}