{"id":146,"date":"2018-12-21T12:39:34","date_gmt":"2018-12-21T11:39:34","guid":{"rendered":"https:\/\/ent2d.ac-bordeaux.fr\/disciplines\/dgemc\/?page_id=146"},"modified":"2018-12-21T12:39:34","modified_gmt":"2018-12-21T11:39:34","slug":"cpge","status":"publish","type":"page","link":"https:\/\/ent2d.ac-bordeaux.fr\/disciplines\/dgemc\/cpge\/","title":{"rendered":"CPGE"},"content":{"rendered":"<p><u>La Classe Pr\u00e9paratoire aux Grandes Ecoles ( CPGE ) Economie, droit et gestion, fili\u00e8re D1<\/u><\/p>\n<ul>\n<li style=\"text-align: justify\">\u00a0C\u2019est quoi ?<\/li>\n<\/ul>\n<p style=\"text-align: justify\">Seule classe pr\u00e9paratoire qui propose une sp\u00e9cialisation en droit.<\/p>\n<p style=\"text-align: justify\">C\u2019est une fili\u00e8re qui associe un enseignement de classe pr\u00e9paratoire en lyc\u00e9e avec une formation universitaire.<\/p>\n<p style=\"text-align: justify\">Il s\u2019agit de pr\u00e9parer des concours d\u2019entr\u00e9e \u00e0 de Grandes Ecoles et de valider parall\u00e8lement les 2 premi\u00e8res ann\u00e9es de licence de droit ou d\u2019AES ( Administration Economique et Sociale ).<\/p>\n<ul>\n<li>\u00a0Quelle formation ?<\/li>\n<\/ul>\n<p>Pendant 3 jours en moyenne, cours \u00e0 l\u2019universit\u00e9.<\/p>\n<p>Au lyc\u00e9e : culture g\u00e9n\u00e9rale, langue vivante, \u00e9conomie, droit civil, droit public<\/p>\n<ul>\n<li>\u00a0Quelles poursuites d\u2019\u00e9tude possibles ?<\/li>\n<\/ul>\n<p>\u00b0 Par concours :<\/p>\n<p>-\u00c9cole normale sup\u00e9rieure de Rennes ( <a href=\"http:\/\/www.onisep.fr\/Ressources\/Univers-Postbac\/Postbac\/Bretagne\/Ille-et-Vilaine\/ENS-Cachan-antenne-de-Bretagne\">ENS Rennes<\/a>), d\u00e9partement \u00e9conomie, droit et gestion<\/p>\n<p>&#8211;<a href=\"http:\/\/www.onisep.fr\/Choisir-mes-etudes\/Apres-le-bac\/Principaux-domaines-d-etudes\/Les-ecoles-de-commerce\">\u00c9coles de commerce<\/a>.<\/p>\n<p>-\u00c9cole nationale des assurances<\/p>\n<p>-Instituts d&rsquo;\u00e9tudes politiques<\/p>\n<p style=\"text-align: justify\">&#8211;<a href=\"http:\/\/www.onisep.fr\/Ressources\/Univers-Postbac\/Postbac\/Ile-de-France\/Hauts-de-Seine\/CELSA-Ecole-des-hautes-etudes-en-sciences-de-l-information-et-de-la-communication-Universite-Paris-Sorbonne\">Celsa<\/a> ( Ecole des Hautes Etudes en sciences de l\u2019information et de la communication )\u00a0 avec un acc\u00e8s en L3 information et communication.<\/p>\n<p style=\"text-align: justify\">-Licence 3 puis Masters de droit ou AES<\/p>\n<ul>\n<li>\u00a0O\u00f9 en Nouvelle Aquitaine ?<\/li>\n<\/ul>\n<p>A Bordeaux, au lyc\u00e9e Gustave Eiffel.<\/p>\n<p>&nbsp;<\/p>\n","protected":false},"excerpt":{"rendered":"<p>La Classe Pr\u00e9paratoire aux Grandes Ecoles ( CPGE ) Economie, droit et gestion, fili\u00e8re D1 \u00a0C\u2019est quoi ? Seule classe pr\u00e9paratoire qui propose une sp\u00e9cialisation en droit. C\u2019est une fili\u00e8re qui associe un enseignement de classe pr\u00e9paratoire en lyc\u00e9e avec une formation universitaire. Il s\u2019agit de pr\u00e9parer des concours d\u2019entr\u00e9e \u00e0 de Grandes Ecoles et &hellip; <a href=\"https:\/\/ent2d.ac-bordeaux.fr\/disciplines\/dgemc\/cpge\/\" class=\"more-link\">Continuer la lecture<span class=\"screen-reader-text\"> de &laquo;&nbsp;CPGE&nbsp;&raquo;<\/span><\/a><\/p>\n","protected":false},"author":22,"featured_media":0,"parent":0,"menu_order":0,"comment_status":"closed","ping_status":"closed","template":"","meta":{"footnotes":""},"class_list":["post-146","page","type-page","status-publish","hentry"],"_links":{"self":[{"href":"https:\/\/ent2d.ac-bordeaux.fr\/disciplines\/dgemc\/wp-json\/wp\/v2\/pages\/146","targetHints":{"allow":["GET"]}}],"collection":[{"href":"https:\/\/ent2d.ac-bordeaux.fr\/disciplines\/dgemc\/wp-json\/wp\/v2\/pages"}],"about":[{"href":"https:\/\/ent2d.ac-bordeaux.fr\/disciplines\/dgemc\/wp-json\/wp\/v2\/types\/page"}],"author":[{"embeddable":true,"href":"https:\/\/ent2d.ac-bordeaux.fr\/disciplines\/dgemc\/wp-json\/wp\/v2\/users\/22"}],"replies":[{"embeddable":true,"href":"https:\/\/ent2d.ac-bordeaux.fr\/disciplines\/dgemc\/wp-json\/wp\/v2\/comments?post=146"}],"version-history":[{"count":4,"href":"https:\/\/ent2d.ac-bordeaux.fr\/disciplines\/dgemc\/wp-json\/wp\/v2\/pages\/146\/revisions"}],"predecessor-version":[{"id":273,"href":"https:\/\/ent2d.ac-bordeaux.fr\/disciplines\/dgemc\/wp-json\/wp\/v2\/pages\/146\/revisions\/273"}],"wp:attachment":[{"href":"https:\/\/ent2d.ac-bordeaux.fr\/disciplines\/dgemc\/wp-json\/wp\/v2\/media?parent=146"}],"curies":[{"name":"wp","href":"https:\/\/api.w.org\/{rel}","templated":true}]}}