{"id":144,"date":"2018-12-21T12:40:52","date_gmt":"2018-12-21T11:40:52","guid":{"rendered":"https:\/\/ent2d.ac-bordeaux.fr\/disciplines\/dgemc\/?page_id=144"},"modified":"2018-12-21T12:40:52","modified_gmt":"2018-12-21T11:40:52","slug":"universite","status":"publish","type":"page","link":"https:\/\/ent2d.ac-bordeaux.fr\/disciplines\/dgemc\/universite\/","title":{"rendered":"Universit\u00e9"},"content":{"rendered":"<p><strong><u>La licence de Droit<\/u><\/strong><\/p>\n<ul>\n<li>\u00a0C\u2019est quoi ?<\/li>\n<\/ul>\n<p style=\"text-align: justify\">La licence en droit assure dans tous les domaines du droit &#8211; droit priv\u00e9, droit public, droit interne, droit communautaire, droit international, histoire du droit et des institutions &#8211; une formation g\u00e9n\u00e9raliste fondamentale et, en L3, une ouverture \u00e0 un d\u00e9but de sp\u00e9cialisation.<\/p>\n<ul>\n<li>\u00a0Quelle formation ?<\/li>\n<\/ul>\n<p>Licence Droit et Langues ( s\u00e9lective )<\/p>\n<p>Licence Administration Publique<\/p>\n<p>Licence Droit et Sciences politiques<\/p>\n<p>Licence Droit<\/p>\n<ul>\n<li>Quelles poursuites d\u2019\u00e9tude possibles ?<\/li>\n<\/ul>\n<p style=\"text-align: justify\">\u00b0 Masters de recherche ou professionnels dans tous les domaines du droit.<\/p>\n<p style=\"text-align: justify\">\u00b0 Concours : Institut d\u2019Etudes Politiques \/ concours cat\u00e9gorie B de la Fonction Publique\u2026<\/p>\n<ul>\n<li>\u00a0 O\u00f9 en Nouvelle Aquitaine ?<\/li>\n<\/ul>\n<p>Les facult\u00e9s de Droit et Sciences politiques \/ Sciences sociales de Bordeaux, Pau, Poitiers, La Rochelle, Limoges\u2026<\/p>\n<p>&nbsp;<\/p>\n<p>&nbsp;<\/p>\n","protected":false},"excerpt":{"rendered":"<p>La licence de Droit \u00a0C\u2019est quoi ? La licence en droit assure dans tous les domaines du droit &#8211; droit priv\u00e9, droit public, droit interne, droit communautaire, droit international, histoire du droit et des institutions &#8211; une formation g\u00e9n\u00e9raliste fondamentale et, en L3, une ouverture \u00e0 un d\u00e9but de sp\u00e9cialisation. \u00a0Quelle formation ? Licence Droit &hellip; <a href=\"https:\/\/ent2d.ac-bordeaux.fr\/disciplines\/dgemc\/universite\/\" class=\"more-link\">Continuer la lecture<span class=\"screen-reader-text\"> de &laquo;&nbsp;Universit\u00e9&nbsp;&raquo;<\/span><\/a><\/p>\n","protected":false},"author":22,"featured_media":0,"parent":0,"menu_order":0,"comment_status":"closed","ping_status":"closed","template":"","meta":{"footnotes":""},"class_list":["post-144","page","type-page","status-publish","hentry"],"_links":{"self":[{"href":"https:\/\/ent2d.ac-bordeaux.fr\/disciplines\/dgemc\/wp-json\/wp\/v2\/pages\/144","targetHints":{"allow":["GET"]}}],"collection":[{"href":"https:\/\/ent2d.ac-bordeaux.fr\/disciplines\/dgemc\/wp-json\/wp\/v2\/pages"}],"about":[{"href":"https:\/\/ent2d.ac-bordeaux.fr\/disciplines\/dgemc\/wp-json\/wp\/v2\/types\/page"}],"author":[{"embeddable":true,"href":"https:\/\/ent2d.ac-bordeaux.fr\/disciplines\/dgemc\/wp-json\/wp\/v2\/users\/22"}],"replies":[{"embeddable":true,"href":"https:\/\/ent2d.ac-bordeaux.fr\/disciplines\/dgemc\/wp-json\/wp\/v2\/comments?post=144"}],"version-history":[{"count":3,"href":"https:\/\/ent2d.ac-bordeaux.fr\/disciplines\/dgemc\/wp-json\/wp\/v2\/pages\/144\/revisions"}],"predecessor-version":[{"id":275,"href":"https:\/\/ent2d.ac-bordeaux.fr\/disciplines\/dgemc\/wp-json\/wp\/v2\/pages\/144\/revisions\/275"}],"wp:attachment":[{"href":"https:\/\/ent2d.ac-bordeaux.fr\/disciplines\/dgemc\/wp-json\/wp\/v2\/media?parent=144"}],"curies":[{"name":"wp","href":"https:\/\/api.w.org\/{rel}","templated":true}]}}