{"id":834,"date":"2020-11-16T17:19:54","date_gmt":"2020-11-16T16:19:54","guid":{"rendered":"https:\/\/ent2d.ac-bordeaux.fr\/disciplines\/corps-inspection-voie-professionnelle\/?page_id=834"},"modified":"2022-12-15T16:52:22","modified_gmt":"2022-12-15T15:52:22","slug":"dispositifs-daccompagnement-du-chef-doeuvre","status":"publish","type":"page","link":"https:\/\/ent2d.ac-bordeaux.fr\/disciplines\/corps-inspection-voie-professionnelle\/dispositifs-daccompagnement-du-chef-doeuvre\/","title":{"rendered":"Dispositifs d&#8217;accompagnement"},"content":{"rendered":"\n<h1 class=\"wp-block-heading\">Le &#8220;kit pour d\u00e9buter&#8221; <\/h1>\n\n\n\n<p>Vous y trouverez en <strong>t\u00e9l\u00e9chargement un lot d&#8217;outils comment\u00e9s par leurs auteurs<\/strong>. Ce kit permet de d\u00e9marrer (les premi\u00e8res s\u00e9ances) la d\u00e9marche de r\u00e9alisation du chef d&#8217;oeuvre.<\/p>\n\n\n\n<p>Vous y trouverez \u00e9galement, notamment <strong>un lien vers la FAQ Acad\u00e9mique<\/strong> r\u00e9alis\u00e9e sur la base des retours du groupe de formateurs. <\/p>\n\n\n\n<figure class=\"wp-block-image size-full\"><a href=\"https:\/\/mon.lyceeconnecte.fr\/welcome\"><img loading=\"lazy\" decoding=\"async\" width=\"1024\" height=\"576\" src=\"https:\/\/ent2d.ac-bordeaux.fr\/disciplines\/corps-inspection-voie-professionnelle\/wp-content\/uploads\/sites\/52\/2022\/12\/DRCO.jpg\" alt=\"\" class=\"wp-image-1028\" srcset=\"https:\/\/ent2d.ac-bordeaux.fr\/disciplines\/corps-inspection-voie-professionnelle\/wp-content\/uploads\/sites\/52\/2022\/12\/DRCO.jpg 1024w, https:\/\/ent2d.ac-bordeaux.fr\/disciplines\/corps-inspection-voie-professionnelle\/wp-content\/uploads\/sites\/52\/2022\/12\/DRCO-300x169.jpg 300w, https:\/\/ent2d.ac-bordeaux.fr\/disciplines\/corps-inspection-voie-professionnelle\/wp-content\/uploads\/sites\/52\/2022\/12\/DRCO-768x432.jpg 768w\" sizes=\"auto, (max-width: 1024px) 100vw, 1024px\" \/><\/a><\/figure>\n\n\n\n<p class=\"has-text-align-center\"><\/p>\n\n\n\n<h1 class=\"wp-block-heading\">Un <strong><a rel=\"noreferrer noopener\" href=\"https:\/\/magistere.education.fr\/ac-bordeaux\/course\/view.php?id=9998\" target=\"_blank\">parcours M@gist\u00e8re <\/a><\/strong><\/h1>\n\n\n\n<p><span class=\"has-inline-color has-black-color\"><strong>Le <a rel=\"noreferrer noopener\" href=\"https:\/\/magistere.education.fr\/ac-bordeaux\/course\/view.php?id=9998\" target=\"_blank\">parcours M@gist\u00e8re<\/a> a une double ambition :<\/strong><br>\u2022 <strong>Court terme :<\/strong> Accompagner et outiller les \u00e9quipes dans la pr\u00e9paration, le suivi, l\u2019\u00e9valuation et la valorisation du chef d\u2019oeuvre;<br>\u2022<strong> Long terme :<\/strong> Partager des exp\u00e9riences \u00e0 travers une partie collaborative ainsi qu\u2019une partie t\u00e9moignages. Cette partie \u00e0 vocation \u00e0 s\u2019enrichir dans le temps. A  cet effet, merci de nous faire parvenir vos capsules vid\u00e9os, reportages photos, t\u00e9moignages audios, etc&#8230; par mail : jerome.prouzat@ac-bordeaux.fr et\/ou jean-pierre.meau@ac-bordeaux.fr <\/span><\/p>\n\n\n\n<p><\/p>\n\n\n\n<h1 class=\"wp-block-heading\"><span class=\"has-inline-color has-black-color\">T<strong>\u00e9moignages<\/strong> <strong>vid\u00e9os<\/strong> :<\/span><\/h1>\n\n\n\n<ul class=\"wp-block-list\"><li>&#8220;<a href=\"https:\/\/www.youtube.com\/playlist?list=PLptWY262drthtS7bddwThD0jkLMda7nDR\"> Dans les coulisses du chef-d\u2019\u0153uvre <\/a>&#8220;<\/li><li><a href=\"https:\/\/tube-bordeaux.beta.education.fr\/videos\/watch\/4f0df09e-059f-40d7-b610-7cef33221c16\">https:\/\/tube-bordeaux.beta.education.fr\/videos\/watch\/4f0df09e-059f-40d7-b610-7cef33221c16<\/a> <\/li><li><\/li><\/ul>\n\n\n\n<p><\/p>\n\n\n\n<p><\/p>\n\n\n\n<p><\/p>\n\n\n\n<p><\/p>\n","protected":false},"excerpt":{"rendered":"<p>Le &#8220;kit pour d\u00e9buter&#8221; Vous y trouverez en t\u00e9l\u00e9chargement un lot d&#8217;outils comment\u00e9s par leurs auteurs. Ce kit permet de d\u00e9marrer (les premi\u00e8res s\u00e9ances) la d\u00e9marche de r\u00e9alisation du chef &#8230;<\/p>\n","protected":false},"author":250,"featured_media":0,"parent":0,"menu_order":0,"comment_status":"closed","ping_status":"closed","template":"","meta":{"footnotes":""},"class_list":["post-834","page","type-page","status-publish","hentry"],"_links":{"self":[{"href":"https:\/\/ent2d.ac-bordeaux.fr\/disciplines\/corps-inspection-voie-professionnelle\/wp-json\/wp\/v2\/pages\/834","targetHints":{"allow":["GET"]}}],"collection":[{"href":"https:\/\/ent2d.ac-bordeaux.fr\/disciplines\/corps-inspection-voie-professionnelle\/wp-json\/wp\/v2\/pages"}],"about":[{"href":"https:\/\/ent2d.ac-bordeaux.fr\/disciplines\/corps-inspection-voie-professionnelle\/wp-json\/wp\/v2\/types\/page"}],"author":[{"embeddable":true,"href":"https:\/\/ent2d.ac-bordeaux.fr\/disciplines\/corps-inspection-voie-professionnelle\/wp-json\/wp\/v2\/users\/250"}],"replies":[{"embeddable":true,"href":"https:\/\/ent2d.ac-bordeaux.fr\/disciplines\/corps-inspection-voie-professionnelle\/wp-json\/wp\/v2\/comments?post=834"}],"version-history":[{"count":40,"href":"https:\/\/ent2d.ac-bordeaux.fr\/disciplines\/corps-inspection-voie-professionnelle\/wp-json\/wp\/v2\/pages\/834\/revisions"}],"predecessor-version":[{"id":1044,"href":"https:\/\/ent2d.ac-bordeaux.fr\/disciplines\/corps-inspection-voie-professionnelle\/wp-json\/wp\/v2\/pages\/834\/revisions\/1044"}],"wp:attachment":[{"href":"https:\/\/ent2d.ac-bordeaux.fr\/disciplines\/corps-inspection-voie-professionnelle\/wp-json\/wp\/v2\/media?parent=834"}],"curies":[{"name":"wp","href":"https:\/\/api.w.org\/{rel}","templated":true}]}}