{"id":515,"date":"2020-04-22T18:17:22","date_gmt":"2020-04-22T16:17:22","guid":{"rendered":"https:\/\/ent2d.ac-bordeaux.fr\/disciplines\/corps-inspection-voie-profesionnelle\/?page_id=515"},"modified":"2024-08-31T00:07:02","modified_gmt":"2024-08-30T22:07:02","slug":"les-sites-disciplinaires","status":"publish","type":"page","link":"https:\/\/ent2d.ac-bordeaux.fr\/disciplines\/corps-inspection-voie-professionnelle\/les-sites-disciplinaires\/","title":{"rendered":"Les sites disciplinaires"},"content":{"rendered":"\n<figure class=\"wp-block-table aligncenter\"><table><tbody><tr><td>\n  \n  Discipline \/ fili\u00e8re\n  \n  <\/td><td class=\"has-text-align-center\" data-align=\"center\">\n  \n  IEN(s) en charge\n  \n  <\/td><td>\n  \n  adresse\n  \n  <\/td><\/tr><tr><td>      Anglais-Lettres      <\/td><td class=\"has-text-align-center\" data-align=\"center\">\n  \n  P. POTTEZ\n  \n  <\/td><td>\n  \n  <a href=\"https:\/\/ent2d.ac-bordeaux.fr\/disciplines\/anglaisvoiepro\/\">https:\/\/ent2d.ac-bordeaux.fr\/disciplines\/anglaisvoiepro\/<\/a>\n  \n  \n  <\/td><\/tr><tr><td>\n  \n  Lettres-Histoire\/G\u00e9ographie\n  \n  <\/td><td class=\"has-text-align-center\" data-align=\"center\">\n  \n  F. BARRIE, C. JACQUELIN,\n  J. JAUZE\n  \n  <\/td><td>\n  \n  <a href=\"https:\/\/ent2d.ac-bordeaux.fr\/disciplines\/lettres-histoire\/\">https:\/\/ent2d.ac-bordeaux.fr\/disciplines\/lettres-histoire\/<\/a>\n  \n  \n  <\/td><\/tr><tr><td>\n  \n  \u00c9lectronique Syst\u00e8mes Num\u00e9riques\n  \n  <\/td><td class=\"has-text-align-center\" data-align=\"center\">\n  \n  S. GOY\n  \n  <\/td><td>\n  \n  <a href=\"https:\/\/ent2d.ac-bordeaux.fr\/disciplines\/systemesnumeriquesenlp\/\">https:\/\/ent2d.ac-bordeaux.fr\/disciplines\/systemesnumeriquesenlp\/<\/a>\n  \n  \n  <\/td><\/tr><tr><td>\n  \n  Commerce \/ Vente \/ Accueil\n  \n  <\/td><td class=\"has-text-align-center\" data-align=\"center\">      K. HADDAD, L. SANZ-RAMOS      <\/td><td>\n  \n  <a href=\"https:\/\/ent2d.ac-bordeaux.fr\/disciplines\/commerce-vente\/\">https:\/\/ent2d.ac-bordeaux.fr\/disciplines\/commerce-vente\/<\/a>\n  \n  <\/td><\/tr><tr><td>\n  \n  Math-sciences\n  \n  <\/td><td class=\"has-text-align-center\" data-align=\"center\">\n  \n  F GUIRAL &#8211; S TAUZIN\n  \n  <\/td><td>\n  \n  <a href=\"https:\/\/ent2d.ac-bordeaux.fr\/disciplines\/maths-sciences\/\">https:\/\/ent2d.ac-bordeaux.fr\/disciplines\/maths-sciences\/<\/a>\n  \n  \n  <\/td><\/tr><tr><td>\n  \n  Chaudronnerie\n  \n  <\/td><td class=\"has-text-align-center\" data-align=\"center\">      JP M\u00c9AU      <\/td><td>\n  \n  <a href=\"https:\/\/ent2d.ac-bordeaux.fr\/disciplines\/chaudronnerie\/\">https:\/\/ent2d.ac-bordeaux.fr\/disciplines\/chaudronnerie\/<\/a>\n  \n  <\/td><\/tr><tr><td>\n  \n  CIRAS\n  \n  <\/td><td class=\"has-text-align-center\" data-align=\"center\">      JP M\u00c9AU     <\/td><td>\n  \n  <a href=\"https:\/\/ent2d.ac-bordeaux.fr\/disciplines\/ciras\/\">https:\/\/ent2d.ac-bordeaux.fr\/disciplines\/ciras\/<\/a>\n  \n  <\/td><\/tr><tr><td>\n  \n  STI Voie Pro\n  \n  <\/td><td class=\"has-text-align-center\" data-align=\"center\">\n  \n  STI\n  \n  <\/td><td>\n  \n  <a href=\"https:\/\/ent2d.ac-bordeaux.fr\/disciplines\/sti-voie-pro\/\">https:\/\/ent2d.ac-bordeaux.fr\/disciplines\/sti-voie-pro\/<\/a>\n  \n  <\/td><\/tr><tr><td>\n  \n  Fili\u00e8re H\u00f4tellerie-restauration-Tourisme\n  \n  <\/td><td class=\"has-text-align-center\" data-align=\"center\">\n  \n  J. MUZARD\n  \n  <\/td><td>\n  \n  <a href=\"https:\/\/ent2d.ac-bordeaux.fr\/disciplines\/hotellerie\/\">https:\/\/ent2d.ac-bordeaux.fr\/disciplines\/hotellerie\/<\/a>\n  \n  <\/td><\/tr><tr><td>      Fili\u00e8re les m\u00e9tiers de   l\u2019alimentation      <br><br>\u00c9conomie et Gestion<\/td><td class=\"has-text-align-center\" data-align=\"center\">\n  \n  J. GRIVAUD\n  \n  <\/td><td>      <a href=\"https:\/\/ent2d.ac-bordeaux.fr\/disciplines\/alimentation\/\">https:\/\/ent2d.ac-bordeaux.fr\/disciplines\/alimentation\/<\/a>      <br><br>      <a href=\"https:\/\/ent2d.ac-bordeaux.fr\/disciplines\/economie-gestion\/\">https:\/\/ent2d.ac-bordeaux.fr\/disciplines\/economie-gestion\/<\/a><\/td><\/tr><tr><td>\n  \n  Site acad\u00e9mique SEGPA\n  \n  <\/td><td class=\"has-text-align-center\" data-align=\"center\">\n  \n  J. GRIVAUD\n  \n  <\/td><td>      <a href=\"https:\/\/www.ac-bordeaux.fr\/enseignement-general-et-professionnel-adaptes-122104\" target=\"_blank\" rel=\"noreferrer noopener\">https:\/\/ent2d.ac-bordeaux.fr\/disciplines\/segpa\/<\/a>      <\/td><\/tr><tr><td>Gestion Administration<\/td><td class=\"has-text-align-center\" data-align=\"center\">V. DUCROS<\/td><td>              <a href=\"https:\/\/ent2d.ac-bordeaux.fr\/disciplines\/gestion-administration\/\">https:\/\/ent2d.ac-bordeaux.fr\/disciplines\/gestion-administration\/<\/a><\/td><\/tr><tr><td>Logistique et Transport<\/td><td class=\"has-text-align-center\" data-align=\"center\">V. DUCROS<\/td><td><a href=\"https:\/\/ent2d.ac-bordeaux.fr\/disciplines\/logistique-transport\/\">https:\/\/ent2d.ac-bordeaux.fr\/disciplines\/logistique-transport\/<\/a><\/td><\/tr><tr><td>MELEC<\/td><td class=\"has-text-align-center\" data-align=\"center\">F. METH\u00c9E<\/td><td><a href=\"https:\/\/ent2d.ac-bordeaux.fr\/disciplines\/electrotechnique\/\" target=\"_blank\" rel=\"noreferrer noopener\">https:\/\/ent2d.ac-bordeaux.fr\/disciplines\/electrotechnique\/ <\/a><\/td><\/tr><tr><td>Maintenance Industrielle<\/td><td class=\"has-text-align-center\" data-align=\"center\">F. METH\u00c9E<\/td><td><a href=\"https:\/\/ent2d.ac-bordeaux.fr\/disciplines\/maintenance\/\" target=\"_blank\" rel=\"noreferrer noopener\">https:\/\/ent2d.ac-bordeaux.fr\/disciplines\/maintenance\/<\/a><\/td><\/tr><tr><td>Syst\u00e8mes Num\u00e9riques<\/td><td class=\"has-text-align-center\" data-align=\"center\">S. GOY<\/td><td><a href=\"https:\/\/ent2d.ac-bordeaux.fr\/disciplines\/systemesnumeriquesenlp\/\" target=\"_blank\" rel=\"noreferrer noopener\">https:\/\/ent2d.ac-bordeaux.fr\/disciplines\/systemesnumeriquesenlp\/<\/a> <\/td><\/tr><tr><td>3\u00e8me Pr\u00e9pa M\u00e9tiers<\/td><td class=\"has-text-align-center\" data-align=\"center\">F. METH\u00c9E<\/td><td><a href=\"https:\/\/ent2d.ac-bordeaux.fr\/disciplines\/3pm\/\">https:\/\/ent2d.ac-bordeaux.fr\/disciplines\/3pm\/<\/a><\/td><\/tr><\/tbody><\/table><\/figure>\n","protected":false},"excerpt":{"rendered":"<p>Discipline \/ fili\u00e8re IEN(s) en charge adresse Anglais-Lettres P. POTTEZ https:\/\/ent2d.ac-bordeaux.fr\/disciplines\/anglaisvoiepro\/ Lettres-Histoire\/G\u00e9ographie F. BARRIE, C. JACQUELIN, J. JAUZE https:\/\/ent2d.ac-bordeaux.fr\/disciplines\/lettres-histoire\/ \u00c9lectronique Syst\u00e8mes Num\u00e9riques S. GOY https:\/\/ent2d.ac-bordeaux.fr\/disciplines\/systemesnumeriquesenlp\/ Commerce \/ Vente \/ Accueil &#8230;<\/p>\n","protected":false},"author":250,"featured_media":0,"parent":0,"menu_order":0,"comment_status":"closed","ping_status":"closed","template":"template-fullwidth.php","meta":{"footnotes":""},"class_list":["post-515","page","type-page","status-publish","hentry"],"_links":{"self":[{"href":"https:\/\/ent2d.ac-bordeaux.fr\/disciplines\/corps-inspection-voie-professionnelle\/wp-json\/wp\/v2\/pages\/515","targetHints":{"allow":["GET"]}}],"collection":[{"href":"https:\/\/ent2d.ac-bordeaux.fr\/disciplines\/corps-inspection-voie-professionnelle\/wp-json\/wp\/v2\/pages"}],"about":[{"href":"https:\/\/ent2d.ac-bordeaux.fr\/disciplines\/corps-inspection-voie-professionnelle\/wp-json\/wp\/v2\/types\/page"}],"author":[{"embeddable":true,"href":"https:\/\/ent2d.ac-bordeaux.fr\/disciplines\/corps-inspection-voie-professionnelle\/wp-json\/wp\/v2\/users\/250"}],"replies":[{"embeddable":true,"href":"https:\/\/ent2d.ac-bordeaux.fr\/disciplines\/corps-inspection-voie-professionnelle\/wp-json\/wp\/v2\/comments?post=515"}],"version-history":[{"count":10,"href":"https:\/\/ent2d.ac-bordeaux.fr\/disciplines\/corps-inspection-voie-professionnelle\/wp-json\/wp\/v2\/pages\/515\/revisions"}],"predecessor-version":[{"id":1238,"href":"https:\/\/ent2d.ac-bordeaux.fr\/disciplines\/corps-inspection-voie-professionnelle\/wp-json\/wp\/v2\/pages\/515\/revisions\/1238"}],"wp:attachment":[{"href":"https:\/\/ent2d.ac-bordeaux.fr\/disciplines\/corps-inspection-voie-professionnelle\/wp-json\/wp\/v2\/media?parent=515"}],"curies":[{"name":"wp","href":"https:\/\/api.w.org\/{rel}","templated":true}]}}