{"id":1142,"date":"2024-08-24T21:56:04","date_gmt":"2024-08-24T19:56:04","guid":{"rendered":"https:\/\/ent2d.ac-bordeaux.fr\/disciplines\/corps-inspection-voie-professionnelle\/?page_id=1142"},"modified":"2024-08-24T21:56:04","modified_gmt":"2024-08-24T19:56:04","slug":"3eme-prepa-metiers","status":"publish","type":"page","link":"https:\/\/ent2d.ac-bordeaux.fr\/disciplines\/corps-inspection-voie-professionnelle\/3eme-prepa-metiers\/","title":{"rendered":"3\u00e8me Pr\u00e9pa M\u00e9tiers"},"content":{"rendered":"","protected":false},"excerpt":{"rendered":"","protected":false},"author":2268,"featured_media":0,"parent":0,"menu_order":0,"comment_status":"closed","ping_status":"closed","template":"","meta":{"footnotes":""},"class_list":["post-1142","page","type-page","status-publish","hentry"],"_links":{"self":[{"href":"https:\/\/ent2d.ac-bordeaux.fr\/disciplines\/corps-inspection-voie-professionnelle\/wp-json\/wp\/v2\/pages\/1142","targetHints":{"allow":["GET"]}}],"collection":[{"href":"https:\/\/ent2d.ac-bordeaux.fr\/disciplines\/corps-inspection-voie-professionnelle\/wp-json\/wp\/v2\/pages"}],"about":[{"href":"https:\/\/ent2d.ac-bordeaux.fr\/disciplines\/corps-inspection-voie-professionnelle\/wp-json\/wp\/v2\/types\/page"}],"author":[{"embeddable":true,"href":"https:\/\/ent2d.ac-bordeaux.fr\/disciplines\/corps-inspection-voie-professionnelle\/wp-json\/wp\/v2\/users\/2268"}],"replies":[{"embeddable":true,"href":"https:\/\/ent2d.ac-bordeaux.fr\/disciplines\/corps-inspection-voie-professionnelle\/wp-json\/wp\/v2\/comments?post=1142"}],"version-history":[{"count":1,"href":"https:\/\/ent2d.ac-bordeaux.fr\/disciplines\/corps-inspection-voie-professionnelle\/wp-json\/wp\/v2\/pages\/1142\/revisions"}],"predecessor-version":[{"id":1143,"href":"https:\/\/ent2d.ac-bordeaux.fr\/disciplines\/corps-inspection-voie-professionnelle\/wp-json\/wp\/v2\/pages\/1142\/revisions\/1143"}],"wp:attachment":[{"href":"https:\/\/ent2d.ac-bordeaux.fr\/disciplines\/corps-inspection-voie-professionnelle\/wp-json\/wp\/v2\/media?parent=1142"}],"curies":[{"name":"wp","href":"https:\/\/api.w.org\/{rel}","templated":true}]}}