{"id":1139,"date":"2024-08-24T21:54:54","date_gmt":"2024-08-24T19:54:54","guid":{"rendered":"https:\/\/ent2d.ac-bordeaux.fr\/disciplines\/corps-inspection-voie-professionnelle\/?page_id=1139"},"modified":"2024-08-24T21:54:55","modified_gmt":"2024-08-24T19:54:55","slug":"evolution-des-progres-et-des-acquis-des-eleves","status":"publish","type":"page","link":"https:\/\/ent2d.ac-bordeaux.fr\/disciplines\/corps-inspection-voie-professionnelle\/evolution-des-progres-et-des-acquis-des-eleves\/","title":{"rendered":"\u00c9volution des progr\u00e8s et des acquis des \u00e9l\u00e8ves"},"content":{"rendered":"","protected":false},"excerpt":{"rendered":"","protected":false},"author":2268,"featured_media":0,"parent":0,"menu_order":0,"comment_status":"closed","ping_status":"closed","template":"","meta":{"footnotes":""},"class_list":["post-1139","page","type-page","status-publish","hentry"],"_links":{"self":[{"href":"https:\/\/ent2d.ac-bordeaux.fr\/disciplines\/corps-inspection-voie-professionnelle\/wp-json\/wp\/v2\/pages\/1139","targetHints":{"allow":["GET"]}}],"collection":[{"href":"https:\/\/ent2d.ac-bordeaux.fr\/disciplines\/corps-inspection-voie-professionnelle\/wp-json\/wp\/v2\/pages"}],"about":[{"href":"https:\/\/ent2d.ac-bordeaux.fr\/disciplines\/corps-inspection-voie-professionnelle\/wp-json\/wp\/v2\/types\/page"}],"author":[{"embeddable":true,"href":"https:\/\/ent2d.ac-bordeaux.fr\/disciplines\/corps-inspection-voie-professionnelle\/wp-json\/wp\/v2\/users\/2268"}],"replies":[{"embeddable":true,"href":"https:\/\/ent2d.ac-bordeaux.fr\/disciplines\/corps-inspection-voie-professionnelle\/wp-json\/wp\/v2\/comments?post=1139"}],"version-history":[{"count":1,"href":"https:\/\/ent2d.ac-bordeaux.fr\/disciplines\/corps-inspection-voie-professionnelle\/wp-json\/wp\/v2\/pages\/1139\/revisions"}],"predecessor-version":[{"id":1140,"href":"https:\/\/ent2d.ac-bordeaux.fr\/disciplines\/corps-inspection-voie-professionnelle\/wp-json\/wp\/v2\/pages\/1139\/revisions\/1140"}],"wp:attachment":[{"href":"https:\/\/ent2d.ac-bordeaux.fr\/disciplines\/corps-inspection-voie-professionnelle\/wp-json\/wp\/v2\/media?parent=1139"}],"curies":[{"name":"wp","href":"https:\/\/api.w.org\/{rel}","templated":true}]}}