{"id":55,"date":"2017-02-16T15:53:54","date_gmt":"2017-02-16T14:53:54","guid":{"rendered":"https:\/\/ent2d.ac-bordeaux.fr\/disciplines\/commerce-vente\/?page_id=55"},"modified":"2025-06-07T17:56:35","modified_gmt":"2025-06-07T15:56:35","slug":"les-formations-professionnelles-de-niveau-iv-et-v-en-vente-commerce-sur-lacademie-de-bordeaux","status":"publish","type":"page","link":"https:\/\/ent2d.ac-bordeaux.fr\/disciplines\/commerce-vente\/apprendre-la-vente-laccueil-et-le-commerce-dans-lacademie-de-bordeaux\/les-formations-professionnelles-de-niveau-iv-et-v-en-vente-commerce-sur-lacademie-de-bordeaux\/","title":{"rendered":"Les formations professionnelles de niveau 4 en Vente Commerce sur l&rsquo;acad\u00e9mie de Bordeaux"},"content":{"rendered":"<p>Retrouvez\u00a0 ici toute l&rsquo;offre acad\u00e9mique des formations professionnelles en vente-commerce-accueil sur le niveau Baccalaur\u00e9at<\/p>\n<p style=\"text-align: center\"><span style=\"font-size: 14pt\"><strong>Les Baccalaur\u00e9ats Professionnels :<\/strong><\/span><\/p>\n<p style=\"text-align: left\"><span style=\"font-size: 10pt\"><strong><span style=\"color: #339966\">Bac Pro M\u00e9tiers de l&rsquo;Accueil<br \/>\n<\/span><\/strong><\/span><\/p>\n<p style=\"text-align: left\">Ce Bac pro forme des Charg\u00e9s d&rsquo;accueil pouvant exercer dans de nombreuses organisations, aussi bien publiques que priv\u00e9es et \u00e0 vocation commerciale ou non commerciale. Ax\u00e9 sur un champ de comp\u00e9tences assez large qui va de l&rsquo;accueil physique et t\u00e9l\u00e9phonique jusqu&rsquo;\u00e0 la remont\u00e9e d&rsquo;information vers la hi\u00e9rarchie.<\/p>\n<p style=\"text-align: left\">Pour en savoir plus : <a href=\"http:\/\/www.onisep.fr\/Ressources\/Univers-Formation\/Formations\/Lycees\/Bac-pro-Metiers-de-l-accueil-ex-bac-pro-Accueil-relation-clients-et-usagers\">Page d\u00e9di\u00e9e de l&rsquo;ONISEP<\/a><\/p>\n<p style=\"text-align: left\"><span style=\"font-size: 10pt\"><strong><span style=\"color: #339966\">Bac Pro M\u00e9tiers du Commerce et de la Vente Option A<br \/>\n<\/span><\/strong><\/span><\/p>\n<p style=\"text-align: left\">Ce bac pro forme des employ\u00e9s de commerce. Les comp\u00e9tences li\u00e9es \u00e0 ce dipl\u00f4me sont orient\u00e9es sur la gestion du point de vente (mise en rayon approvisionnement, implantation de produits, gestion commerciale&#8230;), son animation et la vente.<\/p>\n<p style=\"text-align: left\">Le titulaire du bac pro MCV option A a pour vocation de devenir un s\u00e9dentaire, \u0153uvrant dans un point de vente. Il utilise les outils et les moyens pour attirer le client.<\/p>\n<p style=\"text-align: left\">Pour en savoir plus : <a href=\"http:\/\/www.onisep.fr\/Ressources\/Univers-Formation\/Formations\/Lycees\/Bac-pro-Metiers-du-commerce-et-de-la-vente-option-A-animation-et-gestion-de-l-espace-commercial-ex-bac-pro-commerce\">Page d\u00e9di\u00e9e de l&rsquo;ONISEP<\/a><\/p>\n<p style=\"text-align: left\"><span style=\"font-size: 10pt\"><strong><span style=\"color: #339966\">Bac Pro M\u00e9tiers du Commerce et de la Vente Option B<\/span> <\/strong><\/span><\/p>\n<p style=\"text-align: left\">Ce bac pro forme des attach\u00e9s commerciaux pouvant exercer leur activit\u00e9 sous diff\u00e9rents statuts. Les comp\u00e9tences de ce dipl\u00f4me sont orient\u00e9es sur la n\u00e9gociation (cerner un client, lui proposer des solutions adapt\u00e9es,&#8230;) la prospection et la fid\u00e9lisation.<\/p>\n<p style=\"text-align: left\">Le titulaire du bac pro MCV option B n&rsquo;est g\u00e9n\u00e9ralement pas un s\u00e9dentaire (\u00e0 l\u2019exceptions de quelques domaines particulier comme l&rsquo;immobilier, la banque ou les concessions automobiles) c&rsquo;est lui qui se d\u00e9place \u00e0 la rencontre des clients.<\/p>\n<p style=\"text-align: left\">Pour en savoir plus : <a href=\"http:\/\/www.onisep.fr\/Ressources\/Univers-Formation\/Formations\/Lycees\/Bac-pro-Vente-prospection-negociation-suivi-de-clientele\">Page d\u00e9di\u00e9e de l&rsquo;ONISEP<\/a><\/p>\n<p>&nbsp;<\/p>\n<p style=\"text-align: center\"><span style=\"font-size: 14pt\"><strong>Les Mentions Compl\u00e9mentaires<\/strong><\/span><\/p>\n","protected":false},"excerpt":{"rendered":"<p>Retrouvez\u00a0 ici toute l&rsquo;offre acad\u00e9mique des formations professionnelles en vente-commerce-accueil sur le niveau Baccalaur\u00e9at Les Baccalaur\u00e9ats Professionnels : Bac Pro M\u00e9tiers de l&rsquo;Accueil Ce Bac pro forme des Charg\u00e9s d&rsquo;accueil pouvant exercer dans de nombreuses organisations, aussi bien publiques que priv\u00e9es et \u00e0 vocation commerciale ou non commerciale. Ax\u00e9 sur un champ de comp\u00e9tences assez &hellip; <\/p>\n<p><a class=\"more-link block-button\" href=\"https:\/\/ent2d.ac-bordeaux.fr\/disciplines\/commerce-vente\/apprendre-la-vente-laccueil-et-le-commerce-dans-lacademie-de-bordeaux\/les-formations-professionnelles-de-niveau-iv-et-v-en-vente-commerce-sur-lacademie-de-bordeaux\/\">Lire la Suite &raquo;<\/a><\/p>\n","protected":false},"author":51,"featured_media":0,"parent":328,"menu_order":0,"comment_status":"closed","ping_status":"closed","template":"","meta":{"_bbp_topic_count":0,"_bbp_reply_count":0,"_bbp_total_topic_count":0,"_bbp_total_reply_count":0,"_bbp_voice_count":0,"_bbp_anonymous_reply_count":0,"_bbp_topic_count_hidden":0,"_bbp_reply_count_hidden":0,"_bbp_forum_subforum_count":0,"footnotes":""},"class_list":["post-55","page","type-page","status-publish","hentry","nodate"],"_links":{"self":[{"href":"https:\/\/ent2d.ac-bordeaux.fr\/disciplines\/commerce-vente\/wp-json\/wp\/v2\/pages\/55","targetHints":{"allow":["GET"]}}],"collection":[{"href":"https:\/\/ent2d.ac-bordeaux.fr\/disciplines\/commerce-vente\/wp-json\/wp\/v2\/pages"}],"about":[{"href":"https:\/\/ent2d.ac-bordeaux.fr\/disciplines\/commerce-vente\/wp-json\/wp\/v2\/types\/page"}],"author":[{"embeddable":true,"href":"https:\/\/ent2d.ac-bordeaux.fr\/disciplines\/commerce-vente\/wp-json\/wp\/v2\/users\/51"}],"replies":[{"embeddable":true,"href":"https:\/\/ent2d.ac-bordeaux.fr\/disciplines\/commerce-vente\/wp-json\/wp\/v2\/comments?post=55"}],"version-history":[{"count":9,"href":"https:\/\/ent2d.ac-bordeaux.fr\/disciplines\/commerce-vente\/wp-json\/wp\/v2\/pages\/55\/revisions"}],"predecessor-version":[{"id":3665,"href":"https:\/\/ent2d.ac-bordeaux.fr\/disciplines\/commerce-vente\/wp-json\/wp\/v2\/pages\/55\/revisions\/3665"}],"up":[{"embeddable":true,"href":"https:\/\/ent2d.ac-bordeaux.fr\/disciplines\/commerce-vente\/wp-json\/wp\/v2\/pages\/328"}],"wp:attachment":[{"href":"https:\/\/ent2d.ac-bordeaux.fr\/disciplines\/commerce-vente\/wp-json\/wp\/v2\/media?parent=55"}],"curies":[{"name":"wp","href":"https:\/\/api.w.org\/{rel}","templated":true}]}}