{"id":485,"date":"2017-10-09T17:23:23","date_gmt":"2017-10-09T15:23:23","guid":{"rendered":"https:\/\/ent2d.ac-bordeaux.fr\/disciplines\/commerce-vente\/?page_id=485"},"modified":"2017-11-23T22:03:49","modified_gmt":"2017-11-23T21:03:49","slug":"departement-de-la-gironde","status":"publish","type":"page","link":"https:\/\/ent2d.ac-bordeaux.fr\/disciplines\/commerce-vente\/departement-de-la-gironde\/","title":{"rendered":"D\u00e9partement de la Gironde"},"content":{"rendered":"<p style=\"text-align: center\"><strong>GIRONDE (33)<\/strong><\/p>\n<p>&nbsp;<\/p>\n<table style=\"width: 626.217px\">\n<tbody>\n<tr>\n<td style=\"width: 130px;text-align: center\"><span style=\"font-size: 12pt;color: #3366ff\"><strong>Ville<\/strong><\/span><\/td>\n<td style=\"width: 244px;text-align: center\"><span style=\"font-size: 12pt;color: #3366ff\"><strong>Etablissement<\/strong><\/span><\/td>\n<td style=\"width: 216.217px;text-align: center\"><span style=\"font-size: 12pt;color: #3366ff\"><strong>Formations propos\u00e9es<\/strong><\/span><\/td>\n<\/tr>\n<tr>\n<td style=\"width: 130px\"><strong>Arcachon<\/strong><\/td>\n<td style=\"width: 244px\"><a href=\"https:\/\/lycee-condorcet-arcachon.fr\/\">Lyc\u00e9e Professionnel des m\u00e9tiers Condorcet<\/a><\/td>\n<td style=\"width: 216.217px\">\u00a0<a href=\"http:\/\/www.onisep.fr\/Ressources\/Univers-Formation\/Formations\/Lycees\/Bac-pro-Commerce\">Bac pro Commerce<\/a>, <a href=\"http:\/\/www.onisep.fr\/Ressources\/Univers-Formation\/Formations\/Lycees\/Bac-pro-Vente-prospection-negociation-suivi-de-clientele\">Bac pro Vente<\/a>,<\/td>\n<\/tr>\n<tr>\n<td style=\"width: 130px\"><strong>Bazas<\/strong><\/td>\n<td style=\"width: 244px\"><a href=\"https:\/\/www.lyceeanatoledemonzie33.fr\/\">Lyc\u00e9e Professionnel Anatole de Monzie<\/a><\/td>\n<td style=\"width: 216.217px\">\u00a0<a href=\"http:\/\/www.onisep.fr\/Ressources\/Univers-Formation\/Formations\/Lycees\/Bac-pro-Accueil-relation-clients-et-usagers\">Bac pro ARCU<\/a>,\u00a0<a href=\"http:\/\/www.onisep.fr\/Ressources\/Univers-Formation\/Formations\/Lycees\/Bac-pro-Commerce\">Bac pro Commerce<\/a>, <a href=\"http:\/\/www.onisep.fr\/Ressources\/Univers-Formation\/Formations\/Lycees\/Bac-pro-Vente-prospection-negociation-suivi-de-clientele\">Bac pro Vente<\/a>, <a href=\"http:\/\/www.onisep.fr\/Ressources\/Univers-Formation\/Formations\/Lycees\/CAP-Employe-de-commerce-multi-specialites\">CAP ECMS<\/a>, <a href=\"http:\/\/www.onisep.fr\/Ressources\/Univers-Formation\/Formations\/Lycees\/CAP-Employe-de-vente-specialise-option-A-produits-alimentaires\">CAP EVS A<\/a>, <a href=\"http:\/\/www.onisep.fr\/Ressources\/Univers-Formation\/Formations\/Lycees\/CAP-Employe-de-vente-specialise-option-B-produits-d-equipement-courant\">CAP EVS B<\/a><\/td>\n<\/tr>\n<tr>\n<td style=\"width: 130px\"><strong>Biganos\/Gujan Mestras<\/strong><\/td>\n<td style=\"width: 244px\"><a href=\"http:\/\/lyceedelamergujan.fr\/index.php\">Lyc\u00e9e Professionnel priv\u00e9 des m\u00e9tiers de la mer <\/a><\/td>\n<td style=\"width: 216.217px\">\u00a0<a href=\"http:\/\/www.onisep.fr\/Ressources\/Univers-Formation\/Formations\/Lycees\/Bac-pro-Accueil-relation-clients-et-usagers\">Bac pro ARCU<\/a>,\u00a0<a href=\"http:\/\/www.onisep.fr\/Ressources\/Univers-Formation\/Formations\/Lycees\/Bac-pro-Commerce\">Bac pro Commerce<\/a>, <a href=\"http:\/\/www.onisep.fr\/Ressources\/Univers-Formation\/Formations\/Lycees\/CAP-Employe-de-vente-specialise-option-B-produits-d-equipement-courant\">CAP EVS B<\/a><\/td>\n<\/tr>\n<tr>\n<td style=\"width: 130px\" rowspan=\"2\"><strong>Blanquefort<\/strong><\/td>\n<td style=\"width: 244px\"><a href=\"http:\/\/www.lycee-saintmichel33.com\/fr\/\">Lyc\u00e9e Professionnel priv\u00e9 Saint Michel<\/a><\/td>\n<td style=\"width: 216.217px\">\u00a0<a href=\"http:\/\/www.onisep.fr\/Ressources\/Univers-Formation\/Formations\/Lycees\/Bac-pro-Accueil-relation-clients-et-usagers\">Bac pro ARCU<\/a>, <a href=\"http:\/\/www.onisep.fr\/Ressources\/Univers-Formation\/Formations\/Post-bac\/MC-Accueil-reception\">MC Accueil R\u00e9c\u00e9ption<\/a><\/td>\n<\/tr>\n<tr>\n<td style=\"width: 244px\"><a href=\"http:\/\/saint-joseph.apprentis-auteuil.org\/\">Lyc\u00e9e Professionnel priv\u00e9 saint Joseph &#8211; Apprentis d&rsquo;Auteuil<\/a><\/td>\n<td style=\"width: 216.217px\"><a href=\"http:\/\/www.onisep.fr\/Ressources\/Univers-Formation\/Formations\/Lycees\/CAP-Employe-de-vente-specialise-option-C-services-a-la-clientele\">CAP EVS C<\/a><\/td>\n<\/tr>\n<tr>\n<td style=\"width: 130px\" rowspan=\"9\"><strong>Bordeaux<\/strong><\/td>\n<td style=\"width: 244px\">\u00a0<a href=\"http:\/\/www.lyceebremontier.fr\/\">Lyc\u00e9e Professionnel Nicolas Br\u00e9montier<\/a><\/td>\n<td style=\"width: 216.217px\">\u00a0<a href=\"http:\/\/www.onisep.fr\/Ressources\/Univers-Formation\/Formations\/Lycees\/Bac-pro-Accueil-relation-clients-et-usagers\">Bac pro ARCU<\/a>,\u00a0<a href=\"http:\/\/www.onisep.fr\/Ressources\/Univers-Formation\/Formations\/Lycees\/Bac-pro-Commerce\">Bac pro Commerce<\/a>, <a href=\"http:\/\/www.onisep.fr\/Ressources\/Univers-Formation\/Formations\/Lycees\/Bac-pro-Vente-prospection-negociation-suivi-de-clientele\">Bac pro Vente<\/a>,<\/td>\n<\/tr>\n<tr>\n<td style=\"width: 244px\"><a href=\"http:\/\/lplesmenuts33.blogspot.fr\/\">Lyc\u00e9e Professionnel des Menuts<\/a><\/td>\n<td style=\"width: 216.217px\">\u00a0<a href=\"http:\/\/www.onisep.fr\/Ressources\/Univers-Formation\/Formations\/Lycees\/Bac-pro-Accueil-relation-clients-et-usagers\">Bac pro ARCU<\/a>,\u00a0<a href=\"http:\/\/www.onisep.fr\/Ressources\/Univers-Formation\/Formations\/Lycees\/Bac-pro-Commerce\">Bac pro Commerce<\/a>, <a href=\"http:\/\/www.onisep.fr\/Ressources\/Univers-Formation\/Formations\/Lycees\/CAP-Employe-de-vente-specialise-option-B-produits-d-equipement-courant\">CAP EVS B<\/a><\/td>\n<\/tr>\n<tr>\n<td style=\"width: 244px\"><a href=\"http:\/\/www.lpp-saintaugustin.fr\/\">Lyc\u00e9e Professionnel priv\u00e9 Saint Augustin<\/a><\/td>\n<td style=\"width: 216.217px\"><a href=\"http:\/\/www.onisep.fr\/Ressources\/Univers-Formation\/Formations\/Lycees\/Bac-pro-Commerce\">Bac pro Commerce<\/a>,<\/td>\n<\/tr>\n<tr>\n<td style=\"width: 244px\"><a href=\"https:\/\/www.belorme.com\/\">Lyc\u00e9e\u00a0 Professionnel priv\u00e9 des m\u00e9tiers Bel-Orme<\/a><\/td>\n<td style=\"width: 216.217px\">\u00a0<a href=\"http:\/\/www.onisep.fr\/Ressources\/Univers-Formation\/Formations\/Lycees\/Bac-pro-Commerce\">Bac pro Commerce<\/a>, <a href=\"http:\/\/www.onisep.fr\/Ressources\/Univers-Formation\/Formations\/Lycees\/Bac-pro-Vente-prospection-negociation-suivi-de-clientele\">Bac pro Vente<\/a><\/td>\n<\/tr>\n<tr>\n<td style=\"width: 244px\"><a href=\"http:\/\/www.tregey.net\/\">Lyc\u00e9e Professionnel Tregey rives de Garonne<\/a><\/td>\n<td style=\"width: 216.217px\">\u00a0<a href=\"http:\/\/www.onisep.fr\/Ressources\/Univers-Formation\/Formations\/Lycees\/Bac-pro-Accueil-relation-clients-et-usagers\">Bac pro ARCU<\/a>,\u00a0<a href=\"http:\/\/www.onisep.fr\/Ressources\/Univers-Formation\/Formations\/Lycees\/Bac-pro-Commerce\">Bac pro Commerce<\/a>, <a href=\"http:\/\/www.onisep.fr\/Ressources\/Univers-Formation\/Formations\/Lycees\/Bac-pro-Vente-prospection-negociation-suivi-de-clientele\">Bac pro Vente<\/a>, <a href=\"http:\/\/www.onisep.fr\/Ressources\/Univers-Formation\/Formations\/Lycees\/CAP-Employe-de-vente-specialise-option-A-produits-alimentaires\">CAP EVS A<\/a>, <a href=\"http:\/\/www.onisep.fr\/Ressources\/Univers-Formation\/Formations\/Lycees\/CAP-Employe-de-vente-specialise-option-B-produits-d-equipement-courant\">CAP EVS B<\/a>, <a href=\"http:\/\/www.onisep.fr\/Ressources\/Univers-Formation\/Formations\/Post-bac\/MC-Accueil-dans-les-transports\">MC Accueil dans les transports<\/a><\/td>\n<\/tr>\n<tr>\n<td style=\"width: 244px\"><a href=\"http:\/\/www.lyceeleschartrons.fr\/\">Lyc\u00e9e Professionnel Les Chartrons<\/a><\/td>\n<td style=\"width: 216.217px\">\u00a0<a href=\"http:\/\/www.onisep.fr\/Ressources\/Univers-Formation\/Formations\/Lycees\/Bac-pro-Accueil-relation-clients-et-usagers\">Bac pro ARCU<\/a>,\u00a0<a href=\"http:\/\/www.onisep.fr\/Ressources\/Univers-Formation\/Formations\/Lycees\/Bac-pro-Commerce\">Bac pro Commerce<\/a>,\u00a0 <a href=\"http:\/\/www.onisep.fr\/Ressources\/Univers-Formation\/Formations\/Lycees\/CAP-Employe-de-vente-specialise-option-B-produits-d-equipement-courant\">CAP EVS B<\/a>, <a href=\"http:\/\/www.onisep.fr\/Ressources\/Univers-Formation\/Formations\/Lycees\/CAP-Employe-de-vente-specialise-option-D-produits-de-librairie-papeterie-presse\">CAP EVS D<\/a><\/td>\n<\/tr>\n<tr>\n<td style=\"width: 244px\"><a href=\"https:\/\/lpplaruche.fr\/\">Lyc\u00e9e Professionnel priv\u00e9 des m\u00e9tiers La Ruche<\/a><\/td>\n<td style=\"width: 216.217px\">\u00a0<a href=\"http:\/\/www.onisep.fr\/Ressources\/Univers-Formation\/Formations\/Lycees\/Bac-pro-Accueil-relation-clients-et-usagers\">Bac pro ARCU<\/a>,\u00a0<a href=\"http:\/\/www.onisep.fr\/Ressources\/Univers-Formation\/Formations\/Lycees\/Bac-pro-Commerce\">Bac pro Commerce<\/a>, <a href=\"http:\/\/www.onisep.fr\/Ressources\/Univers-Formation\/Formations\/Lycees\/Bac-pro-Vente-prospection-negociation-suivi-de-clientele\">Bac pro Vente<\/a>,<\/td>\n<\/tr>\n<tr>\n<td style=\"width: 244px\"><a href=\"http:\/\/lyceebeauderochas.fr.nf\/Bordeaux\/\">Lyc\u00e9e\u00a0Professionnel des m\u00e9tiers Alphonse Beau de Rochas<\/a><\/td>\n<td style=\"width: 216.217px\"><a href=\"http:\/\/lyceebeauderochas.fr.nf\/Bordeaux\/images\/lycee\/BAC-PRO-Vente-specialite-automobile.pdf\">Bac Pro Vente sp\u00e9cialit\u00e9 automobile<\/a><\/td>\n<\/tr>\n<tr>\n<td style=\"width: 244px\"><a href=\"http:\/\/www.saint-genes.com\/6-lycee-professionnel.html\">Ensemble scolaire Saint-Gen\u00e8s La Salle<\/a><\/td>\n<td style=\"width: 216.217px\"><a href=\"http:\/\/www.onisep.fr\/Ressources\/Univers-Formation\/Formations\/Lycees\/Bac-pro-Commerce\">Bac pro Commerce<\/a>, <a href=\"http:\/\/www.onisep.fr\/Ressources\/Univers-Formation\/Formations\/Lycees\/Bac-pro-Vente-prospection-negociation-suivi-de-clientele\">Bac pro Vente<\/a>,<\/td>\n<\/tr>\n<tr>\n<td style=\"width: 130px\"><strong>Camblane et Meynac<\/strong><\/td>\n<td style=\"width: 244px\"><a href=\"http:\/\/www.lp-flora-tristan.net\/\">Lyc\u00e9e Professionnel des m\u00e9tiers Flora tristan<\/a><\/td>\n<td style=\"width: 216.217px\"><a href=\"http:\/\/www.onisep.fr\/Ressources\/Univers-Formation\/Formations\/Lycees\/Bac-pro-Commerce\">Bac pro Commerce<\/a>,<\/td>\n<\/tr>\n<tr>\n<td style=\"width: 130px\"><strong>Eysines<\/strong><\/td>\n<td style=\"width: 244px\"><a href=\"http:\/\/www.erea-eysines.fr\/\">\u00c9tablissement R\u00e9gional d&rsquo;Enseignement Adapt\u00e9 La Plaine<\/a><\/td>\n<td style=\"width: 216.217px\">\u00a0<a href=\"http:\/\/www.onisep.fr\/Ressources\/Univers-Formation\/Formations\/Lycees\/Bac-pro-Accueil-relation-clients-et-usagers\">Bac pro ARCU<\/a>, <a href=\"http:\/\/www.onisep.fr\/Ressources\/Univers-Formation\/Formations\/Lycees\/CAP-Employe-de-vente-specialise-option-C-services-a-la-clientele\">CAP EVS C<\/a><\/td>\n<\/tr>\n<tr>\n<td style=\"width: 130px\"><strong>Libournes<\/strong><\/td>\n<td style=\"width: 244px\"><a href=\"http:\/\/www.lp-henribrulle.fr\/\">Lyc\u00e9e Professionnel Henri Brulle<\/a><\/td>\n<td style=\"width: 216.217px\">\u00a0<a href=\"http:\/\/www.onisep.fr\/Ressources\/Univers-Formation\/Formations\/Lycees\/Bac-pro-Accueil-relation-clients-et-usagers\">Bac pro ARCU<\/a>,\u00a0<a href=\"http:\/\/www.onisep.fr\/Ressources\/Univers-Formation\/Formations\/Lycees\/Bac-pro-Commerce\">Bac pro Commerce<\/a>, <a href=\"http:\/\/www.onisep.fr\/Ressources\/Univers-Formation\/Formations\/Lycees\/Bac-pro-Vente-prospection-negociation-suivi-de-clientele\">Bac pro Vente<\/a>, <a href=\"http:\/\/www.onisep.fr\/Ressources\/Univers-Formation\/Formations\/Lycees\/CAP-Employe-de-commerce-multi-specialites\">CAP ECMS<\/a>,<\/td>\n<\/tr>\n<tr>\n<td style=\"width: 130px\"><strong>M\u00e9rignac<\/strong><\/td>\n<td style=\"width: 244px\"><a href=\"http:\/\/www.lycee-pro-marcel-dassault.fr\/\">Lyc\u00e9e Professionnel Marcel dassault<\/a><\/td>\n<td style=\"width: 216.217px\">\u00a0<a href=\"http:\/\/www.onisep.fr\/Ressources\/Univers-Formation\/Formations\/Lycees\/Bac-pro-Accueil-relation-clients-et-usagers\">Bac pro ARCU<\/a>,\u00a0<a href=\"http:\/\/www.onisep.fr\/Ressources\/Univers-Formation\/Formations\/Lycees\/Bac-pro-Commerce\">Bac pro Commerce<\/a>,<\/td>\n<\/tr>\n<tr>\n<td style=\"width: 130px\"><strong>Pessac<\/strong><\/td>\n<td style=\"width: 244px\"><a href=\"http:\/\/www.lyceepro-pessac.fr\/\">Lyc\u00e9e Professionnel Philadelphe de Gerdre<\/a><\/td>\n<td style=\"width: 216.217px\"><a href=\"http:\/\/www.onisep.fr\/Ressources\/Univers-Formation\/Formations\/Lycees\/Bac-pro-Commerce\">Bac pro Commerce<\/a>, <a href=\"http:\/\/www.onisep.fr\/Ressources\/Univers-Formation\/Formations\/Lycees\/Bac-pro-Vente-prospection-negociation-suivi-de-clientele\">Bac pro Vente<\/a>, <a href=\"http:\/\/www.onisep.fr\/Ressources\/Univers-Formation\/Formations\/Lycees\/CAP-Employe-de-commerce-multi-specialites\">CAP ECMS<\/a>,<\/td>\n<\/tr>\n<tr>\n<td style=\"width: 130px\"><strong>Saint Andr\u00e9 de Cubzac<\/strong><\/td>\n<td style=\"width: 244px\"><a href=\"http:\/\/webetab.ac-bordeaux.fr\/lycee-philippe-cousteau\/\">Lyc\u00e9e Professionnel Philippe Cousteau<\/a><\/td>\n<td style=\"width: 216.217px\"><a href=\"http:\/\/www.onisep.fr\/Ressources\/Univers-Formation\/Formations\/Lycees\/Bac-pro-Commerce\">Bac pro Commerce<\/a>, <a href=\"http:\/\/www.onisep.fr\/Ressources\/Univers-Formation\/Formations\/Lycees\/Bac-pro-Vente-prospection-negociation-suivi-de-clientele\">Bac pro Vente<\/a>, <a href=\"http:\/\/www.onisep.fr\/Ressources\/Univers-Formation\/Formations\/Lycees\/CAP-Employe-de-vente-specialise-option-A-produits-alimentaires\">CAP EVS A<\/a>,<\/td>\n<\/tr>\n<tr>\n<td style=\"width: 130px\"><strong>Sainte Foy la Grande<\/strong><\/td>\n<td style=\"width: 244px\"><a href=\"http:\/\/lycee-foyen.fr\/\">Lyc\u00e9e Professionnel Paul Broca <\/a><\/td>\n<td style=\"width: 216.217px\"><a href=\"http:\/\/www.onisep.fr\/Ressources\/Univers-Formation\/Formations\/Lycees\/Bac-pro-Commerce\">Bac pro Commerce<\/a><a href=\"http:\/\/www.onisep.fr\/Ressources\/Univers-Formation\/Formations\/Lycees\/CAP-Employe-de-vente-specialise-option-B-produits-d-equipement-courant\">, <\/a><a href=\"http:\/\/www.onisep.fr\/Ressources\/Univers-Formation\/Formations\/Lycees\/CAP-Employe-de-vente-specialise-option-A-produits-alimentaires\">CAP EVS A<\/a>,<\/p>\n<p><a href=\"http:\/\/www.onisep.fr\/Ressources\/Univers-Formation\/Formations\/Lycees\/Bac-pro-Vente-prospection-negociation-suivi-de-clientele\">Bac pro Vente<\/a>,<\/td>\n<\/tr>\n<tr>\n<td style=\"width: 130px\"><strong>Talence<\/strong><\/td>\n<td style=\"width: 244px\"><a href=\"http:\/\/www.lvlouis.net\/\">Lyc\u00e9e Polyvalent Victor Louis<\/a><\/td>\n<td style=\"width: 216.217px\"><a href=\"http:\/\/www.onisep.fr\/Ressources\/Univers-Formation\/Formations\/Lycees\/Bac-pro-Commerce\">Bac pro Commerce<\/a>, <a href=\"http:\/\/www.onisep.fr\/Ressources\/Univers-Formation\/Formations\/Lycees\/Bac-pro-Vente-prospection-negociation-suivi-de-clientele\">Bac pro Vente<\/a>,<\/td>\n<\/tr>\n<\/tbody>\n<\/table>\n<p>&nbsp;<\/p>\n","protected":false},"excerpt":{"rendered":"<p>GIRONDE (33) &nbsp; Ville Etablissement Formations propos\u00e9es Arcachon Lyc\u00e9e Professionnel des m\u00e9tiers Condorcet \u00a0Bac pro Commerce, Bac pro Vente, Bazas Lyc\u00e9e Professionnel Anatole de Monzie \u00a0Bac pro ARCU,\u00a0Bac pro Commerce, Bac pro Vente, CAP ECMS, CAP EVS A, CAP EVS B Biganos\/Gujan Mestras Lyc\u00e9e Professionnel priv\u00e9 des m\u00e9tiers de la mer \u00a0Bac pro ARCU,\u00a0Bac pro &hellip; <\/p>\n<p><a class=\"more-link block-button\" href=\"https:\/\/ent2d.ac-bordeaux.fr\/disciplines\/commerce-vente\/departement-de-la-gironde\/\">Lire la Suite &raquo;<\/a><\/p>\n","protected":false},"author":51,"featured_media":0,"parent":0,"menu_order":0,"comment_status":"closed","ping_status":"closed","template":"","meta":{"_bbp_topic_count":0,"_bbp_reply_count":0,"_bbp_total_topic_count":0,"_bbp_total_reply_count":0,"_bbp_voice_count":0,"_bbp_anonymous_reply_count":0,"_bbp_topic_count_hidden":0,"_bbp_reply_count_hidden":0,"_bbp_forum_subforum_count":0,"footnotes":""},"class_list":["post-485","page","type-page","status-publish","hentry","nodate"],"_links":{"self":[{"href":"https:\/\/ent2d.ac-bordeaux.fr\/disciplines\/commerce-vente\/wp-json\/wp\/v2\/pages\/485","targetHints":{"allow":["GET"]}}],"collection":[{"href":"https:\/\/ent2d.ac-bordeaux.fr\/disciplines\/commerce-vente\/wp-json\/wp\/v2\/pages"}],"about":[{"href":"https:\/\/ent2d.ac-bordeaux.fr\/disciplines\/commerce-vente\/wp-json\/wp\/v2\/types\/page"}],"author":[{"embeddable":true,"href":"https:\/\/ent2d.ac-bordeaux.fr\/disciplines\/commerce-vente\/wp-json\/wp\/v2\/users\/51"}],"replies":[{"embeddable":true,"href":"https:\/\/ent2d.ac-bordeaux.fr\/disciplines\/commerce-vente\/wp-json\/wp\/v2\/comments?post=485"}],"version-history":[{"count":6,"href":"https:\/\/ent2d.ac-bordeaux.fr\/disciplines\/commerce-vente\/wp-json\/wp\/v2\/pages\/485\/revisions"}],"predecessor-version":[{"id":546,"href":"https:\/\/ent2d.ac-bordeaux.fr\/disciplines\/commerce-vente\/wp-json\/wp\/v2\/pages\/485\/revisions\/546"}],"wp:attachment":[{"href":"https:\/\/ent2d.ac-bordeaux.fr\/disciplines\/commerce-vente\/wp-json\/wp\/v2\/media?parent=485"}],"curies":[{"name":"wp","href":"https:\/\/api.w.org\/{rel}","templated":true}]}}