{"id":424,"date":"2017-10-05T09:47:54","date_gmt":"2017-10-05T07:47:54","guid":{"rendered":"https:\/\/ent2d.ac-bordeaux.fr\/disciplines\/commerce-vente\/?page_id=424"},"modified":"2017-10-10T16:00:28","modified_gmt":"2017-10-10T14:00:28","slug":"la-carte-des-formations-vente-commerce-de-lacademie-de-bordeaux","status":"publish","type":"page","link":"https:\/\/ent2d.ac-bordeaux.fr\/disciplines\/commerce-vente\/la-carte-des-formations-vente-commerce-de-lacademie-de-bordeaux\/","title":{"rendered":"La carte des formations vente commerce de l&rsquo;acad\u00e9mie de Bordeaux"},"content":{"rendered":"<p style=\"text-align: center\"><img loading=\"lazy\" decoding=\"async\" class=\"wp-image-491 size-full alignnone\" src=\"https:\/\/ent2d.ac-bordeaux.fr\/disciplines\/commerce-vente\/wp-content\/uploads\/sites\/15\/2017\/10\/Aquitaine2.png\" alt=\"\" usemap=\"#Aquitaine2\" width=\"737\" height=\"891\" srcset=\"https:\/\/ent2d.ac-bordeaux.fr\/disciplines\/commerce-vente\/wp-content\/uploads\/sites\/15\/2017\/10\/Aquitaine2.png 737w, https:\/\/ent2d.ac-bordeaux.fr\/disciplines\/commerce-vente\/wp-content\/uploads\/sites\/15\/2017\/10\/Aquitaine2-248x300.png 248w\" sizes=\"auto, (max-width: 737px) 100vw, 737px\" \/><span style=\"font-size: 14pt;color: #3366ff\"><strong>Cliquez sur le d\u00e9pa<\/strong><strong>rtement de votre choix pour avoir acc\u00e8s aux \u00e9tablissements et formations de ce dernier<\/strong><\/span><\/p>\n<p>Source de la carte : <img loading=\"lazy\" decoding=\"async\" class=\"size-full wp-image-520 alignright\" src=\"https:\/\/ent2d.ac-bordeaux.fr\/disciplines\/commerce-vente\/wp-content\/uploads\/sites\/15\/2017\/10\/source.png\" alt=\"\" width=\"338\" height=\"17\" srcset=\"https:\/\/ent2d.ac-bordeaux.fr\/disciplines\/commerce-vente\/wp-content\/uploads\/sites\/15\/2017\/10\/source.png 338w, https:\/\/ent2d.ac-bordeaux.fr\/disciplines\/commerce-vente\/wp-content\/uploads\/sites\/15\/2017\/10\/source-300x15.png 300w\" sizes=\"auto, (max-width: 338px) 100vw, 338px\" \/><\/p>\n<map id=\"Aquitaine2\" name=\"Aquitaine2\">\n<area title=\"D\u00e9partement de la dordogne\" alt=\"\" coords=\"553,6,415,161,411,185,415,264,477,274,494,324,652,342,723,250,720,188,688,156,689,79,553,6\" shape=\"poly\" href=\"https:\/\/ent2d.ac-bordeaux.fr\/disciplines\/commerce-vente\/departement-de-la-dordogne\/\" \/>\n<area title=\"D\u00e9partement du Lot et Garonne\" alt=\"\" coords=\"438,314,482,302,489,323,652,341,642,411,611,421,605,486,558,518,508,509,433,535,439,488,389,474,400,421,417,408,417,379,447,342,438,317\" shape=\"poly\" href=\"https:\/\/ent2d.ac-bordeaux.fr\/disciplines\/commerce-vente\/departement-du-lot-et-garonne\/\" \/>\n<area title=\"D\u00e9partement de la Gironde\" alt=\"\" coords=\"177,48,262,121,323,141,333,167,392,191,406,186,409,261,418,271,470,277,474,294,429,314,439,339,411,380,411,406,391,421,388,452,361,467,332,464,327,445,277,409,277,395,253,392,236,408,195,400,198,374,174,368,162,383,139,386,164,68,176,48\" shape=\"poly\" href=\"https:\/\/ent2d.ac-bordeaux.fr\/disciplines\/commerce-vente\/departement-de-la-gironde\/\" \/>\n<area title=\"D\u00e9partement des Landes\" alt=\"\" coords=\"139,391,168,388,179,373,191,380,191,400,242,411,255,397,268,397,274,414,314,439,326,445,330,462,364,465,388,462,394,471,429,491,429,550,405,544,385,542,365,559,367,568,365,597,358,638,345,656,305,656,255,661,215,668,158,668,142,677,89,659,141,392\" shape=\"poly\" href=\"https:\/\/ent2d.ac-bordeaux.fr\/disciplines\/commerce-vente\/departement-des-landes\/\" \/>\n<area title=\"D\u00e9partement des Pyr\u00e9n\u00e9es Atlantiques\" alt=\"\" coords=\"29,712,77,689,89,664,141,680,161,670,221,670,344,659,355,648,397,652,414,697,414,752,386,791,355,824,345,873,297,888,245,839,192,836,138,805,136,786,120,811,98,809,100,794,114,752,85,741,76,747,38,733,29,721\" shape=\"poly\" href=\"https:\/\/ent2d.ac-bordeaux.fr\/disciplines\/commerce-vente\/departement-des-pyrenees-atlantiques\/\" \/> <\/map>\n","protected":false},"excerpt":{"rendered":"<p>Cliquez sur le d\u00e9partement de votre choix pour avoir acc\u00e8s aux \u00e9tablissements et formations de ce dernier Source de la carte :<\/p>\n","protected":false},"author":51,"featured_media":0,"parent":0,"menu_order":0,"comment_status":"closed","ping_status":"closed","template":"","meta":{"_bbp_topic_count":0,"_bbp_reply_count":0,"_bbp_total_topic_count":0,"_bbp_total_reply_count":0,"_bbp_voice_count":0,"_bbp_anonymous_reply_count":0,"_bbp_topic_count_hidden":0,"_bbp_reply_count_hidden":0,"_bbp_forum_subforum_count":0,"footnotes":""},"class_list":["post-424","page","type-page","status-publish","hentry","nodate"],"_links":{"self":[{"href":"https:\/\/ent2d.ac-bordeaux.fr\/disciplines\/commerce-vente\/wp-json\/wp\/v2\/pages\/424","targetHints":{"allow":["GET"]}}],"collection":[{"href":"https:\/\/ent2d.ac-bordeaux.fr\/disciplines\/commerce-vente\/wp-json\/wp\/v2\/pages"}],"about":[{"href":"https:\/\/ent2d.ac-bordeaux.fr\/disciplines\/commerce-vente\/wp-json\/wp\/v2\/types\/page"}],"author":[{"embeddable":true,"href":"https:\/\/ent2d.ac-bordeaux.fr\/disciplines\/commerce-vente\/wp-json\/wp\/v2\/users\/51"}],"replies":[{"embeddable":true,"href":"https:\/\/ent2d.ac-bordeaux.fr\/disciplines\/commerce-vente\/wp-json\/wp\/v2\/comments?post=424"}],"version-history":[{"count":24,"href":"https:\/\/ent2d.ac-bordeaux.fr\/disciplines\/commerce-vente\/wp-json\/wp\/v2\/pages\/424\/revisions"}],"predecessor-version":[{"id":522,"href":"https:\/\/ent2d.ac-bordeaux.fr\/disciplines\/commerce-vente\/wp-json\/wp\/v2\/pages\/424\/revisions\/522"}],"wp:attachment":[{"href":"https:\/\/ent2d.ac-bordeaux.fr\/disciplines\/commerce-vente\/wp-json\/wp\/v2\/media?parent=424"}],"curies":[{"name":"wp","href":"https:\/\/api.w.org\/{rel}","templated":true}]}}