{"id":381,"date":"2017-07-11T15:16:57","date_gmt":"2017-07-11T13:16:57","guid":{"rendered":"https:\/\/ent2d.ac-bordeaux.fr\/disciplines\/commerce-vente\/?page_id=381"},"modified":"2017-07-11T15:19:44","modified_gmt":"2017-07-11T13:19:44","slug":"contact","status":"publish","type":"page","link":"https:\/\/ent2d.ac-bordeaux.fr\/disciplines\/commerce-vente\/contact\/","title":{"rendered":"Contacts"},"content":{"rendered":"<p>Pour toute remarque, demande d&rsquo;information ou transmission de donn\u00e9es \u00e0 diffuser sur le site, vous pouvez nous contacter aux adresses suivantes :<\/p>\n<p>&nbsp;<\/p>\n<p><strong>IEN en charge du site :<\/strong><\/p>\n<p>Kamel Haddad : <a href=\"mailto:kamel.haddad@ac-bordeaux.fr\">kamel.haddad@ac-bordeaux.fr<\/a><\/p>\n<p>Lucas Sanz-ramos : <a href=\"mailto:lucas.sanz-ramos@ac-bordeaux.fr\">lucas.sanz-ramos@ac-bordeaux.fr<\/a><\/p>\n<p>&nbsp;<\/p>\n<p><strong>Gestionnaire du site :<\/strong><\/p>\n<p>S\u00e9bastien M\u00e9t\u00e9reau : <a href=\"mailto:s.metereau@ac-bordeaux.fr\">s.metereau@ac-bordeaux.fr<\/a><\/p>\n<p>&nbsp;<\/p>\n","protected":false},"excerpt":{"rendered":"<p>Pour toute remarque, demande d&rsquo;information ou transmission de donn\u00e9es \u00e0 diffuser sur le site, vous pouvez nous contacter aux adresses suivantes : &nbsp; IEN en charge du site : Kamel Haddad : kamel.haddad@ac-bordeaux.fr Lucas Sanz-ramos : lucas.sanz-ramos@ac-bordeaux.fr &nbsp; Gestionnaire du site : S\u00e9bastien M\u00e9t\u00e9reau : s.metereau@ac-bordeaux.fr &nbsp;<\/p>\n","protected":false},"author":51,"featured_media":0,"parent":0,"menu_order":0,"comment_status":"closed","ping_status":"closed","template":"","meta":{"_bbp_topic_count":0,"_bbp_reply_count":0,"_bbp_total_topic_count":0,"_bbp_total_reply_count":0,"_bbp_voice_count":0,"_bbp_anonymous_reply_count":0,"_bbp_topic_count_hidden":0,"_bbp_reply_count_hidden":0,"_bbp_forum_subforum_count":0,"footnotes":""},"class_list":["post-381","page","type-page","status-publish","hentry","nodate"],"_links":{"self":[{"href":"https:\/\/ent2d.ac-bordeaux.fr\/disciplines\/commerce-vente\/wp-json\/wp\/v2\/pages\/381","targetHints":{"allow":["GET"]}}],"collection":[{"href":"https:\/\/ent2d.ac-bordeaux.fr\/disciplines\/commerce-vente\/wp-json\/wp\/v2\/pages"}],"about":[{"href":"https:\/\/ent2d.ac-bordeaux.fr\/disciplines\/commerce-vente\/wp-json\/wp\/v2\/types\/page"}],"author":[{"embeddable":true,"href":"https:\/\/ent2d.ac-bordeaux.fr\/disciplines\/commerce-vente\/wp-json\/wp\/v2\/users\/51"}],"replies":[{"embeddable":true,"href":"https:\/\/ent2d.ac-bordeaux.fr\/disciplines\/commerce-vente\/wp-json\/wp\/v2\/comments?post=381"}],"version-history":[{"count":3,"href":"https:\/\/ent2d.ac-bordeaux.fr\/disciplines\/commerce-vente\/wp-json\/wp\/v2\/pages\/381\/revisions"}],"predecessor-version":[{"id":385,"href":"https:\/\/ent2d.ac-bordeaux.fr\/disciplines\/commerce-vente\/wp-json\/wp\/v2\/pages\/381\/revisions\/385"}],"wp:attachment":[{"href":"https:\/\/ent2d.ac-bordeaux.fr\/disciplines\/commerce-vente\/wp-json\/wp\/v2\/media?parent=381"}],"curies":[{"name":"wp","href":"https:\/\/api.w.org\/{rel}","templated":true}]}}