{"id":3612,"date":"2025-03-29T11:58:17","date_gmt":"2025-03-29T10:58:17","guid":{"rendered":"https:\/\/ent2d.ac-bordeaux.fr\/disciplines\/commerce-vente\/?page_id=3612"},"modified":"2025-08-23T18:51:20","modified_gmt":"2025-08-23T16:51:20","slug":"parcours-y-ressources","status":"publish","type":"page","link":"https:\/\/ent2d.ac-bordeaux.fr\/disciplines\/commerce-vente\/exemple-de-page\/les-ressources-essentielles-par-niveau-et-par-specialite\/parcours-y-ressources\/","title":{"rendered":"Parcours Y : Ressources"},"content":{"rendered":"<h1 data-start=\"123\" data-end=\"179\"><strong>\ud83d\udccc Des ressources pour accompagner la mise en \u0153uvre<\/strong><\/h1>\n<p class=\"\" data-start=\"181\" data-end=\"437\">Pilot\u00e9 par le coll\u00e8ge des IEN \u00e9co-gestion de l\u2019acad\u00e9mie de Bordeaux, un groupe de formateurs a produit et mis \u00e0 disposition un ensemble de ressources p\u00e9dagogiques pour faciliter la mise en \u0153uvre du <strong data-start=\"379\" data-end=\"434\">Parcours diff\u00e9renci\u00e9 en classe de terminale Bac Pro<\/strong>.<\/p>\n<p class=\"\" data-start=\"439\" data-end=\"588\">Ces ressources ont \u00e9t\u00e9 enrichies gr\u00e2ce aux propositions d\u2019enseignants ayant particip\u00e9 aux formations organis\u00e9es sur ce th\u00e8me dans toute l\u2019acad\u00e9mie.<\/p>\n<h2 data-start=\"590\" data-end=\"626\">\ud83d\udd0d <strong data-start=\"596\" data-end=\"624\">D\u00e9couvrez nos ressources<\/strong><\/h2>\n<p class=\"\" data-start=\"628\" data-end=\"716\">Sur notre mur collaboratif, vous trouverez des contenus vari\u00e9s pour vous accompagner :<\/p>\n<p class=\"\" data-start=\"718\" data-end=\"1071\">\u2705 <strong data-start=\"720\" data-end=\"745\">Pr\u00e9sentation g\u00e9n\u00e9rale<\/strong> du Parcours diff\u00e9renci\u00e9<br data-start=\"769\" data-end=\"772\" \/>\u2705 Documents officiels et cadres de r\u00e9f\u00e9rence<br data-start=\"816\" data-end=\"819\" \/>\u2705 Ressources pour <strong data-start=\"837\" data-end=\"868\">l\u2019insertion professionnelle<\/strong><br data-start=\"868\" data-end=\"871\" \/>\u2705 Accompagnement des lyc\u00e9ens vers <strong data-start=\"905\" data-end=\"929\">le statut d\u2019\u00e9tudiant<\/strong><br data-start=\"929\" data-end=\"932\" \/>\u2705 D\u00e9veloppement des <strong data-start=\"952\" data-end=\"981\">comp\u00e9tences transversales<\/strong><br data-start=\"981\" data-end=\"984\" \/>\u2705 Activit\u00e9s p\u00e9dagogiques pour les disciplines <strong data-start=\"1030\" data-end=\"1045\">\u00e9co-gestion<\/strong> (sous forme d\u2019ateliers)<\/p>\n<p class=\"\" data-start=\"1073\" data-end=\"1128\"><span style=\"color: #ff0000\">\ud83d\udcc2<\/span><a href=\"https:\/\/padlet.com\/parcoursy33\/padlet-soutien-au-parcours-et-parcours-diff-renci-hpp5kg5x84l1ed8f\"> <strong data-start=\"1076\" data-end=\"1106\"><span style=\"color: #ff0000\">Acc\u00e9dez aux ressources ici<\/span><\/strong><span style=\"color: #ff0000\">\u00a0<\/span><\/a><\/p>\n<h2 data-start=\"1130\" data-end=\"1165\">\ud83d\ude4c <strong data-start=\"1136\" data-end=\"1163\">Un travail collaboratif<\/strong><\/h2>\n<p class=\"\" data-start=\"1167\" data-end=\"1387\">Nous remercions l\u2019ensemble des coll\u00e8gues qui ont contribu\u00e9 \u00e0 la production et au partage de ces ressources, et tout particuli\u00e8rement les formateurs qui ont investi de leur temps pour proposer des outils \u00ab\u00a0cl\u00e9s en main\u00a0\u00bb.<\/p>\n","protected":false},"excerpt":{"rendered":"<p>\ud83d\udccc Des ressources pour accompagner la mise en \u0153uvre Pilot\u00e9 par le coll\u00e8ge des IEN \u00e9co-gestion de l\u2019acad\u00e9mie de Bordeaux, un groupe de formateurs a produit et mis \u00e0 disposition un ensemble de ressources p\u00e9dagogiques pour faciliter la mise en \u0153uvre du Parcours diff\u00e9renci\u00e9 en classe de terminale Bac Pro. Ces ressources ont \u00e9t\u00e9 enrichies &hellip; <\/p>\n<p><a class=\"more-link block-button\" href=\"https:\/\/ent2d.ac-bordeaux.fr\/disciplines\/commerce-vente\/exemple-de-page\/les-ressources-essentielles-par-niveau-et-par-specialite\/parcours-y-ressources\/\">Lire la Suite &raquo;<\/a><\/p>\n","protected":false},"author":51,"featured_media":0,"parent":2810,"menu_order":0,"comment_status":"closed","ping_status":"closed","template":"","meta":{"_bbp_topic_count":0,"_bbp_reply_count":0,"_bbp_total_topic_count":0,"_bbp_total_reply_count":0,"_bbp_voice_count":0,"_bbp_anonymous_reply_count":0,"_bbp_topic_count_hidden":0,"_bbp_reply_count_hidden":0,"_bbp_forum_subforum_count":0,"footnotes":""},"class_list":["post-3612","page","type-page","status-publish","hentry","nodate"],"_links":{"self":[{"href":"https:\/\/ent2d.ac-bordeaux.fr\/disciplines\/commerce-vente\/wp-json\/wp\/v2\/pages\/3612","targetHints":{"allow":["GET"]}}],"collection":[{"href":"https:\/\/ent2d.ac-bordeaux.fr\/disciplines\/commerce-vente\/wp-json\/wp\/v2\/pages"}],"about":[{"href":"https:\/\/ent2d.ac-bordeaux.fr\/disciplines\/commerce-vente\/wp-json\/wp\/v2\/types\/page"}],"author":[{"embeddable":true,"href":"https:\/\/ent2d.ac-bordeaux.fr\/disciplines\/commerce-vente\/wp-json\/wp\/v2\/users\/51"}],"replies":[{"embeddable":true,"href":"https:\/\/ent2d.ac-bordeaux.fr\/disciplines\/commerce-vente\/wp-json\/wp\/v2\/comments?post=3612"}],"version-history":[{"count":3,"href":"https:\/\/ent2d.ac-bordeaux.fr\/disciplines\/commerce-vente\/wp-json\/wp\/v2\/pages\/3612\/revisions"}],"predecessor-version":[{"id":3691,"href":"https:\/\/ent2d.ac-bordeaux.fr\/disciplines\/commerce-vente\/wp-json\/wp\/v2\/pages\/3612\/revisions\/3691"}],"up":[{"embeddable":true,"href":"https:\/\/ent2d.ac-bordeaux.fr\/disciplines\/commerce-vente\/wp-json\/wp\/v2\/pages\/2810"}],"wp:attachment":[{"href":"https:\/\/ent2d.ac-bordeaux.fr\/disciplines\/commerce-vente\/wp-json\/wp\/v2\/media?parent=3612"}],"curies":[{"name":"wp","href":"https:\/\/api.w.org\/{rel}","templated":true}]}}