{"id":2726,"date":"2022-02-04T22:27:57","date_gmt":"2022-02-04T21:27:57","guid":{"rendered":"https:\/\/ent2d.ac-bordeaux.fr\/disciplines\/commerce-vente\/?page_id=2726"},"modified":"2022-02-05T14:47:32","modified_gmt":"2022-02-05T13:47:32","slug":"les-outils-diffuses-lors-des-formations-bac-pro-accueil-et-mcv-option-a-et-b","status":"publish","type":"page","link":"https:\/\/ent2d.ac-bordeaux.fr\/disciplines\/commerce-vente\/exemple-de-page\/les-outils-diffuses-lors-des-formations-bac-pro-accueil-et-mcv-option-a-et-b\/","title":{"rendered":"R\u00e9novation Bac Pro MA et MCV : les outils des formations"},"content":{"rendered":"<p>Retrouvez sur cette page l&rsquo;essentiel des outils diffus\u00e9s lors des formations acad\u00e9miques disciplinaires d\u00e9ploy\u00e9es entre 2020 et 2022. La plupart des questions que vous vous posez, que ce soit sur les sp\u00e9cificit\u00e9s li\u00e9es \u00e0 a r\u00e9novation ou sur les attendus autour des \u00e9valuations, trouverons leur r\u00e9ponse dans ces documents.<\/p>\n<p>La page sera mise \u00e0 jour au fur et \u00e0 mesure de la mise \u00e0 disposition des autres supports.<\/p>\n<p>&nbsp;<\/p>\n<table style=\"height: 219px\" width=\"580\">\n<tbody>\n<tr>\n<td style=\"width: 278.5px;text-align: center\">\n<p><div id=\"attachment_1719\" style=\"width: 160px\" class=\"wp-caption aligncenter\"><a href=\"https:\/\/ent2d.ac-bordeaux.fr\/disciplines\/commerce-vente\/wp-content\/uploads\/sites\/15\/2022\/02\/FORMATION-BCP-MCV-MA-octobre21-enseignants-terminale.pptx\" target=\"_blank\" rel=\"noopener\"><img loading=\"lazy\" decoding=\"async\" aria-describedby=\"caption-attachment-1719\" class=\"wp-image-1719 size-thumbnail\" src=\"https:\/\/ent2d.ac-bordeaux.fr\/disciplines\/commerce-vente\/wp-content\/uploads\/sites\/15\/2020\/04\/1200px-Microsoft_Office_PowerPoint_2018\u2013present.svg-150x150.png\" alt=\"\" width=\"150\" height=\"150\" \/><\/a><p id=\"caption-attachment-1719\" class=\"wp-caption-text\">Diaporama diffus\u00e9 lors de la J1 2021-2022<\/p><\/div><\/td>\n<td style=\"width: 278.5px;text-align: center\">\n<p><div id=\"attachment_1033\" style=\"width: 160px\" class=\"wp-caption aligncenter\"><a href=\"https:\/\/view.genial.ly\/61a725494e74610dd9fe1b34\/dossier-formation-decembre-2021-destinee-aux-enseignants-2nde-et-1ere\" target=\"_blank\" rel=\"noopener\"><img loading=\"lazy\" decoding=\"async\" aria-describedby=\"caption-attachment-1033\" class=\"wp-image-1033 size-thumbnail\" src=\"https:\/\/ent2d.ac-bordeaux.fr\/disciplines\/commerce-vente\/wp-content\/uploads\/sites\/15\/2019\/03\/01-150x150.png\" alt=\"\" width=\"150\" height=\"150\" \/><\/a><p id=\"caption-attachment-1033\" class=\"wp-caption-text\">Pr\u00e9sentation de la formation de d\u00e9cembre 2021 (\u00e0 destination des enseignants de seconde et de premi\u00e8re)<\/p><\/div><\/td>\n<\/tr>\n<tr>\n<td style=\"width: 278.5px;text-align: center\">\n<p><div id=\"attachment_1033\" style=\"width: 160px\" class=\"wp-caption aligncenter\"><a href=\"https:\/\/view.genial.ly\/5f79e115ff5a000cf0bdc99d\/vertical-infographic-infographie-travaux-professionnels\" target=\"_blank\" rel=\"noopener\"><img loading=\"lazy\" decoding=\"async\" aria-describedby=\"caption-attachment-1033\" class=\"wp-image-1033 size-thumbnail\" src=\"https:\/\/ent2d.ac-bordeaux.fr\/disciplines\/commerce-vente\/wp-content\/uploads\/sites\/15\/2019\/03\/01-150x150.png\" alt=\"\" width=\"150\" height=\"150\" \/><\/a><p id=\"caption-attachment-1033\" class=\"wp-caption-text\">Pr\u00e9sentation g\u00e9n\u00e9rale des travaux professionnels<\/p><\/div><\/td>\n<td style=\"width: 278.5px;text-align: center\">\n<p><div id=\"attachment_1033\" style=\"width: 160px\" class=\"wp-caption aligncenter\"><a href=\"https:\/\/view.genial.ly\/5f79e115ff5a000cf0bdc99d\/vertical-infographic-infographie-travaux-professionnels\" target=\"_blank\" rel=\"noopener\"><img loading=\"lazy\" decoding=\"async\" aria-describedby=\"caption-attachment-1033\" class=\"wp-image-1033 size-thumbnail\" src=\"https:\/\/ent2d.ac-bordeaux.fr\/disciplines\/commerce-vente\/wp-content\/uploads\/sites\/15\/2019\/03\/01-150x150.png\" alt=\"\" width=\"150\" height=\"150\" \/><\/a><p id=\"caption-attachment-1033\" class=\"wp-caption-text\">Exemples de travaux Professionnels en MA<\/p><\/div><\/td>\n<\/tr>\n<tr>\n<td style=\"width: 278.5px;text-align: center\">\n<p><div id=\"attachment_1033\" style=\"width: 160px\" class=\"wp-caption aligncenter\"><a href=\"https:\/\/view.genial.ly\/61a8cacb76c2560e2f8969f5\/interactive-image-tp-e32\" target=\"_blank\" rel=\"noopener\"><img loading=\"lazy\" decoding=\"async\" aria-describedby=\"caption-attachment-1033\" class=\"wp-image-1033 size-thumbnail\" src=\"https:\/\/ent2d.ac-bordeaux.fr\/disciplines\/commerce-vente\/wp-content\/uploads\/sites\/15\/2019\/03\/01-150x150.png\" alt=\"\" width=\"150\" height=\"150\" \/><\/a><p id=\"caption-attachment-1033\" class=\"wp-caption-text\">Exemples de travaux professionnels en MA (partie 2)<\/p><\/div><\/td>\n<td style=\"width: 278.5px\">\n<p><div id=\"attachment_1119\" style=\"width: 160px\" class=\"wp-caption aligncenter\"><a href=\"https:\/\/padlet.com\/thierryroulie33\/Bookmarks\" target=\"_blank\" rel=\"noopener\"><img loading=\"lazy\" decoding=\"async\" aria-describedby=\"caption-attachment-1119\" class=\"wp-image-1119 size-thumbnail\" src=\"https:\/\/ent2d.ac-bordeaux.fr\/disciplines\/commerce-vente\/wp-content\/uploads\/sites\/15\/2019\/05\/0045-150x150.png\" alt=\"\" width=\"150\" height=\"150\" \/><\/a><p id=\"caption-attachment-1119\" class=\"wp-caption-text\">Padlet r\u00e9unissant les restitutions des ateliers E31 et E32<\/p><\/div><\/td>\n<\/tr>\n<tr>\n<td style=\"width: 278.5px;text-align: center\">\n<div class=\"mceTemp\"><\/div>\n<p><div id=\"attachment_1033\" style=\"width: 160px\" class=\"wp-caption aligncenter\"><a href=\"https:\/\/view.genial.ly\/5fafe9b6f21b400d02d73844\/presentation-formation-bac-j1-20202021\" target=\"_blank\" rel=\"noopener\"><img loading=\"lazy\" decoding=\"async\" aria-describedby=\"caption-attachment-1033\" class=\"wp-image-1033 size-thumbnail\" src=\"https:\/\/ent2d.ac-bordeaux.fr\/disciplines\/commerce-vente\/wp-content\/uploads\/sites\/15\/2019\/03\/01-150x150.png\" alt=\"\" width=\"150\" height=\"150\" \/><\/a><p id=\"caption-attachment-1033\" class=\"wp-caption-text\">Rappel : G\u00e9nially de pr\u00e9sentation de la premi\u00e8re formation sur la r\u00e9novation 2020<\/p><\/div><\/td>\n<td style=\"width: 278.5px\">\n<p><div id=\"attachment_1033\" style=\"width: 160px\" class=\"wp-caption aligncenter\"><a href=\"https:\/\/view.genial.ly\/5feca02da666f40d7dc6f3b5\/presentation-formation-bac-j2-20202021\" target=\"_blank\" rel=\"noopener\"><img loading=\"lazy\" decoding=\"async\" aria-describedby=\"caption-attachment-1033\" class=\"wp-image-1033 size-thumbnail\" src=\"https:\/\/ent2d.ac-bordeaux.fr\/disciplines\/commerce-vente\/wp-content\/uploads\/sites\/15\/2019\/03\/01-150x150.png\" alt=\"\" width=\"150\" height=\"150\" \/><\/a><p id=\"caption-attachment-1033\" class=\"wp-caption-text\">Rappel : G\u00e9nially de pr\u00e9sentation de la seconde formation sur la r\u00e9novation 2020<\/p><\/div><\/td>\n<\/tr>\n<tr>\n<td style=\"width: 278.5px;text-align: center\" colspan=\"2\">\n<div id=\"attachment_1721\" style=\"width: 160px\" class=\"wp-caption aligncenter\"><a href=\"https:\/\/ent2d.ac-bordeaux.fr\/disciplines\/commerce-vente\/wp-content\/uploads\/sites\/15\/2022\/02\/FAQ.pdf\" target=\"_blank\" rel=\"noopener\"><img loading=\"lazy\" decoding=\"async\" aria-describedby=\"caption-attachment-1721\" class=\"wp-image-1721 size-thumbnail\" src=\"https:\/\/ent2d.ac-bordeaux.fr\/disciplines\/commerce-vente\/wp-content\/uploads\/sites\/15\/2020\/04\/1200px-PDF_file_icon.svg-150x150.png\" alt=\"\" width=\"150\" height=\"150\" \/><\/a><p id=\"caption-attachment-1721\" class=\"wp-caption-text\">La FAQ des Bac pro MA et MCV<\/p><\/div>\n<div class=\"mceTemp\"><\/div>\n<div class=\"mceTemp\"><\/div>\n<\/td>\n<\/tr>\n<\/tbody>\n<\/table>\n<p>&nbsp;<\/p>\n","protected":false},"excerpt":{"rendered":"<p>Retrouvez sur cette page l&rsquo;essentiel des outils diffus\u00e9s lors des formations acad\u00e9miques disciplinaires d\u00e9ploy\u00e9es entre 2020 et 2022. La plupart des questions que vous vous posez, que ce soit sur les sp\u00e9cificit\u00e9s li\u00e9es \u00e0 a r\u00e9novation ou sur les attendus autour des \u00e9valuations, trouverons leur r\u00e9ponse dans ces documents. La page sera mise \u00e0 jour &hellip; <\/p>\n<p><a class=\"more-link block-button\" href=\"https:\/\/ent2d.ac-bordeaux.fr\/disciplines\/commerce-vente\/exemple-de-page\/les-outils-diffuses-lors-des-formations-bac-pro-accueil-et-mcv-option-a-et-b\/\">Lire la Suite &raquo;<\/a><\/p>\n","protected":false},"author":51,"featured_media":0,"parent":11,"menu_order":0,"comment_status":"closed","ping_status":"closed","template":"","meta":{"_bbp_topic_count":0,"_bbp_reply_count":0,"_bbp_total_topic_count":0,"_bbp_total_reply_count":0,"_bbp_voice_count":0,"_bbp_anonymous_reply_count":0,"_bbp_topic_count_hidden":0,"_bbp_reply_count_hidden":0,"_bbp_forum_subforum_count":0,"footnotes":""},"class_list":["post-2726","page","type-page","status-publish","hentry","nodate"],"_links":{"self":[{"href":"https:\/\/ent2d.ac-bordeaux.fr\/disciplines\/commerce-vente\/wp-json\/wp\/v2\/pages\/2726","targetHints":{"allow":["GET"]}}],"collection":[{"href":"https:\/\/ent2d.ac-bordeaux.fr\/disciplines\/commerce-vente\/wp-json\/wp\/v2\/pages"}],"about":[{"href":"https:\/\/ent2d.ac-bordeaux.fr\/disciplines\/commerce-vente\/wp-json\/wp\/v2\/types\/page"}],"author":[{"embeddable":true,"href":"https:\/\/ent2d.ac-bordeaux.fr\/disciplines\/commerce-vente\/wp-json\/wp\/v2\/users\/51"}],"replies":[{"embeddable":true,"href":"https:\/\/ent2d.ac-bordeaux.fr\/disciplines\/commerce-vente\/wp-json\/wp\/v2\/comments?post=2726"}],"version-history":[{"count":4,"href":"https:\/\/ent2d.ac-bordeaux.fr\/disciplines\/commerce-vente\/wp-json\/wp\/v2\/pages\/2726\/revisions"}],"predecessor-version":[{"id":2742,"href":"https:\/\/ent2d.ac-bordeaux.fr\/disciplines\/commerce-vente\/wp-json\/wp\/v2\/pages\/2726\/revisions\/2742"}],"up":[{"embeddable":true,"href":"https:\/\/ent2d.ac-bordeaux.fr\/disciplines\/commerce-vente\/wp-json\/wp\/v2\/pages\/11"}],"wp:attachment":[{"href":"https:\/\/ent2d.ac-bordeaux.fr\/disciplines\/commerce-vente\/wp-json\/wp\/v2\/media?parent=2726"}],"curies":[{"name":"wp","href":"https:\/\/api.w.org\/{rel}","templated":true}]}}