{"id":26,"date":"2017-02-16T14:37:22","date_gmt":"2017-02-16T13:37:22","guid":{"rendered":"https:\/\/ent2d.ac-bordeaux.fr\/disciplines\/commerce-vente\/?page_id=26"},"modified":"2025-06-07T18:29:53","modified_gmt":"2025-06-07T16:29:53","slug":"les-grilles-devaluation-officielles","status":"publish","type":"page","link":"https:\/\/ent2d.ac-bordeaux.fr\/disciplines\/commerce-vente\/les-grilles-devaluation-officielles\/","title":{"rendered":"Les grilles d&rsquo;\u00e9valuation officielles et circulaires d&rsquo;organisation"},"content":{"rendered":"<p style=\"text-align: center\">Retrouvez ici l&rsquo;ensemble des grilles et documents officiels li\u00e9s \u00e0 nos formations.<\/p>\n<p style=\"text-align: center\"><span style=\"color: #ff0000\">Nouveau : <\/span><\/p>\n<p style=\"text-align: center\"><span style=\"color: #ff0000\">Les circulaires d&rsquo;organisation et aide \u00e0 la lecture des grilles du BCP MCV 2025 sont en ligne !<\/span><\/p>\n<p style=\"text-align: center\"><span style=\"color: #000000\">Les grilles du CAP EPC session 2022 (officielles) ainsi que les <span style=\"text-decoration: underline\"><strong>grilles officielles<\/strong><\/span> du bac pro Accueil ont \u00e9t\u00e9 ajout\u00e9es. Elles ne sont disponibles pour le moment qu&rsquo;en version standard PDF.<\/span><\/p>\n<p style=\"text-align: center\"><span style=\"color: #ff0000\"><span style=\"color: #000000\">Les grilles officielles d&rsquo;\u00e9valuation du BCP MCV et du CAP EPC sont disponibles sur cette page. Elles sont aux couleurs de l&rsquo;acad\u00e9mie et disponibles en version PDF (Fixe) ou MS Word (modifiable)<\/span><br \/>\n<\/span><\/p>\n<p style=\"text-align: center\"><span style=\"color: #000000\"><em>\u00a0<\/em><\/span><\/p>\n<p>&nbsp;<\/p>\n<p style=\"text-align: center\"><strong>BAC Pro MCV options A et B<\/strong><\/p>\n<p>&nbsp;<\/p>\n<p><a href=\"https:\/\/ent2d.ac-bordeaux.fr\/disciplines\/commerce-vente\/wp-content\/uploads\/sites\/15\/2025\/06\/Circulaire-BCP-MCVA-et-MCVB-2025.pdf\"><span style=\"color: #ff0000\">Circulaire d&rsquo;organisation du bac pro MCV session 2025 (nouveau)<\/span><\/a><\/p>\n<p><span style=\"color: #ff0000\"><a style=\"color: #ff0000\" href=\"https:\/\/ent2d.ac-bordeaux.fr\/disciplines\/commerce-vente\/wp-content\/uploads\/sites\/15\/2025\/06\/Grille-de-lecture-des-annexes.pdf\">Circulaire BCP MCVA et MCVB 2025 : Lecture des annexes<\/a><\/span><\/p>\n<p><a href=\"https:\/\/ent2d.ac-bordeaux.fr\/disciplines\/commerce-vente\/wp-content\/uploads\/sites\/15\/2021\/10\/Grille_E31_CCF_grille_Bordeaux.pdf\">Grille E31 CCF (format PDF)<\/a><\/p>\n<p><a href=\"https:\/\/ent2d.ac-bordeaux.fr\/disciplines\/commerce-vente\/wp-content\/uploads\/sites\/15\/2021\/10\/Grille_E31_CCF_grille_Bordeaux.docx\">Grille E31 CCF (format MS Word)<\/a><\/p>\n<p><a href=\"https:\/\/ent2d.ac-bordeaux.fr\/disciplines\/commerce-vente\/wp-content\/uploads\/sites\/15\/2021\/10\/Grille_E32_CCF_grille_Bordeaux.pdf\">Grille E32 CCF (format PDF)<\/a><\/p>\n<p><a href=\"https:\/\/ent2d.ac-bordeaux.fr\/disciplines\/commerce-vente\/wp-content\/uploads\/sites\/15\/2021\/10\/Grille_E32_CCF_grille_Bordeaux.docx\">Grille E32 CCF (format MS Word)<\/a><\/p>\n<p><a href=\"https:\/\/ent2d.ac-bordeaux.fr\/disciplines\/commerce-vente\/wp-content\/uploads\/sites\/15\/2020\/10\/E33-part1-CCF-Grille.docx\">Grille E33 situation 1 CCF (format PDF)<\/a><\/p>\n<p><a href=\"https:\/\/ent2d.ac-bordeaux.fr\/disciplines\/commerce-vente\/wp-content\/uploads\/sites\/15\/2020\/10\/E33-part1-CCF-Grille.pdf\">Grille E33 situation 1 CCF (format MS Word)<\/a><\/p>\n<p><a href=\"https:\/\/ent2d.ac-bordeaux.fr\/disciplines\/commerce-vente\/wp-content\/uploads\/sites\/15\/2023\/01\/ANNEXE8-Feuille-de-route_E33-2022.doc\">Feuille de route E33<\/a><\/p>\n<p><a href=\"https:\/\/ent2d.ac-bordeaux.fr\/disciplines\/commerce-vente\/wp-content\/uploads\/sites\/15\/2020\/10\/E33-part-2-CCF.pdf\">Grille E33 situation 2 CCF (format PDF)<\/a><\/p>\n<p><a href=\"https:\/\/ent2d.ac-bordeaux.fr\/disciplines\/commerce-vente\/wp-content\/uploads\/sites\/15\/2020\/10\/E33-part-2-CCF.docx\">Grille E33 situation 2 CCF (format MS Word)<\/a><\/p>\n<p style=\"text-align: center\"><strong>BAC Pro MA<\/strong><\/p>\n<p><a href=\"https:\/\/ent2d.ac-bordeaux.fr\/disciplines\/commerce-vente\/wp-content\/uploads\/sites\/15\/2022\/06\/ANNEXE-1-Verification-de-conformite-du-dossier-E31.pdf\">Document de v\u00e9rification de conformit\u00e9 du dossier E31<\/a><\/p>\n<p><a href=\"https:\/\/ent2d.ac-bordeaux.fr\/disciplines\/commerce-vente\/wp-content\/uploads\/sites\/15\/2022\/06\/ANNEXE-6-Verification-de-conformite-du-dossier-E32.pdf\">Document de v\u00e9rification de conformit\u00e9 du dossier E32<\/a><\/p>\n<p><a href=\"https:\/\/ent2d.ac-bordeaux.fr\/disciplines\/commerce-vente\/wp-content\/uploads\/sites\/15\/2022\/06\/ANNEXE-3-Fiches-sc\ufffd\ufffdnario.pdf\">Fiche sc\u00e9nario de Mise en Situation d&rsquo;Accueil<\/a><\/p>\n<p><a href=\"https:\/\/ent2d.ac-bordeaux.fr\/disciplines\/commerce-vente\/wp-content\/uploads\/sites\/15\/2022\/06\/ANNEXE-5-E31-GRILLE-DEVALUATION-PONCUTEL1.pdf\">Grille \u00c9preuve E31 Ponctuelle<\/a><\/p>\n<p><a href=\"https:\/\/ent2d.ac-bordeaux.fr\/disciplines\/commerce-vente\/wp-content\/uploads\/sites\/15\/2022\/06\/ANNEXE-9-E32-GRILLE-DEVALUATION-PONCTUEL.pdf\">Grille \u00c9preuve E32 Ponctuelle <\/a><\/p>\n<p><a href=\"https:\/\/ent2d.ac-bordeaux.fr\/disciplines\/commerce-vente\/wp-content\/uploads\/sites\/15\/2022\/11\/ANNEXE-4-E31-GRILLE-DEVALUATION-CCF.pdf\">Grille \u00c9preuve E31 CCF<\/a><\/p>\n<p><a href=\"https:\/\/ent2d.ac-bordeaux.fr\/disciplines\/commerce-vente\/wp-content\/uploads\/sites\/15\/2022\/11\/ANNEXE-8-E32-GRILLE-DEVALUATION-CCF.pdf\">Grille \u00c9preuve E32 CCF<\/a><\/p>\n<p>&nbsp;<\/p>\n<p style=\"text-align: center\"><strong>Projet<\/strong><\/p>\n<p><a href=\"https:\/\/ent2d.ac-bordeaux.fr\/disciplines\/commerce-vente\/wp-content\/uploads\/sites\/15\/2025\/06\/grille_devaluation_oral_du_projet_202x_bacpro_forme_ccf_vf-ACBDX.docx\">Bac pro : Grille d&rsquo;\u00e9valuation du projet en CCF<\/a><\/p>\n<p><a href=\"https:\/\/ent2d.ac-bordeaux.fr\/disciplines\/commerce-vente\/wp-content\/uploads\/sites\/15\/2025\/06\/grille_devaluation_oral_du_projet_202x_bacpro_forme_ponctuelle_vf-ACBDX.docx\">Bac pro : Grille d&rsquo;\u00e9valuation du projet en Ponctuel<\/a><\/p>\n<p><a href=\"https:\/\/ent2d.ac-bordeaux.fr\/disciplines\/commerce-vente\/wp-content\/uploads\/sites\/15\/2025\/06\/outil_daccompagnement_eval_projet_oral_bcp_2025_1_.xlsx\">Bac pro : Grille d&rsquo;aide au suivi du projet (proposition de l&rsquo;acad\u00e9mie de Versailles)<\/a><\/p>\n<p style=\"text-align: center\"><strong>Chef D&rsquo;oeuvre CAP<\/strong><\/p>\n<p><a href=\"https:\/\/ent2d.ac-bordeaux.fr\/disciplines\/commerce-vente\/wp-content\/uploads\/sites\/15\/2025\/06\/grille_evaluation_projet-AC-Bdx.docx\">Grille officielle de suivi (format Excel)<\/a><\/p>\n<p><a href=\"https:\/\/ent2d.ac-bordeaux.fr\/disciplines\/commerce-vente\/wp-content\/uploads\/sites\/15\/2025\/06\/grille_cap_evaluation_chef_d_oeuvre_ccf-ACBDX.docx\">CAP : Grille d&rsquo;\u00e9valuation du chef d&rsquo;oeuvre en CCF<\/a><\/p>\n<p><a href=\"https:\/\/ent2d.ac-bordeaux.fr\/disciplines\/commerce-vente\/wp-content\/uploads\/sites\/15\/2025\/06\/grille_cap_evaluation_chef_d_oeuvre_ponctuelle-ACBDX.docx\">CAP : Grille d&rsquo;\u00e9valuation du chef d&rsquo;oeuvre en ponctuel<\/a><\/p>\n<p style=\"text-align: center\"><span style=\"color: #000000\"><strong>CAP EPC<\/strong><\/span><\/p>\n<p><span style=\"color: #333399\"><a style=\"color: #333399\" href=\"https:\/\/ent2d.ac-bordeaux.fr\/disciplines\/commerce-vente\/wp-content\/uploads\/sites\/15\/2024\/03\/Circulaire-CAP-EPC-2024.pdf\">CIRCULAIRE D&rsquo;ORGANISATION DU CAP EPC 2024<\/a><\/span><\/p>\n<p><a href=\"https:\/\/ent2d.ac-bordeaux.fr\/disciplines\/commerce-vente\/wp-content\/uploads\/sites\/15\/2022\/03\/CAP-EPC-PONCTUEL-VERIF-CONFORMITE-Copie.pdf\">DOCUMENT DE V\u00c9RIFICATION DE CONFORMIT\u00c9 EN PONCTUEL<\/a><\/p>\n<p><a href=\"https:\/\/ent2d.ac-bordeaux.fr\/disciplines\/commerce-vente\/wp-content\/uploads\/sites\/15\/2022\/03\/CAP-EPC_GRILLE-EVALUATION_PONCTUEL_EP1.pdf\">CAP EPC GRILLE EVALUATION BLOC 1 &#8211; EP1 EN PONCTUEL<\/a><\/p>\n<p><a href=\"https:\/\/ent2d.ac-bordeaux.fr\/disciplines\/commerce-vente\/wp-content\/uploads\/sites\/15\/2022\/03\/CAP-EPC_GRILLE-EVALUATION_PONCTUEL_EP2.pdf\">CAP EPC GRILLE EVALUATION BLOC 2 &#8211; EP2 EN PONCTUEL<\/a><\/p>\n<p><a href=\"https:\/\/ent2d.ac-bordeaux.fr\/disciplines\/commerce-vente\/wp-content\/uploads\/sites\/15\/2022\/03\/CAP-EPC_GRILLE-EVALUATION_PONCTUEL_EP3.pdf\">CAP EPC GRILLE EVALUATION BLOC 3 &#8211; EP3 EN PONCTUEL<\/a><\/p>\n<p><a href=\"https:\/\/ent2d.ac-bordeaux.fr\/disciplines\/commerce-vente\/wp-content\/uploads\/sites\/15\/2022\/03\/CAP-EPC_GRILLE-EVALUATION_EP1_CCF.pdf\">CAP EPC GRILLE EVALUATION BLOC 1 &#8211; EP1 en CCF (Pdf)<\/a><\/p>\n<p><a href=\"https:\/\/ent2d.ac-bordeaux.fr\/disciplines\/commerce-vente\/wp-content\/uploads\/sites\/15\/2022\/03\/CAP-EPC_GRILLE-EVALUATION_EP2_CCF.pdf\">CAP EPC GRILLE EVALUATION BLOC 2 &#8211; EP2 en CCF (Pdf)<\/a><\/p>\n<p><a href=\"https:\/\/ent2d.ac-bordeaux.fr\/disciplines\/commerce-vente\/wp-content\/uploads\/sites\/15\/2022\/03\/CAP-EPC_GRILLE-EVALUATION_EP3_CCF.pdf\">CAP EPC GRILLE EVALUATION BLOC 3 &#8211; EP3 en CCF (Pdf)<\/a><\/p>\n<p style=\"text-align: left\">\n","protected":false},"excerpt":{"rendered":"<p>Retrouvez ici l&rsquo;ensemble des grilles et documents officiels li\u00e9s \u00e0 nos formations. Nouveau : Les circulaires d&rsquo;organisation et aide \u00e0 la lecture des grilles du BCP MCV 2025 sont en ligne ! Les grilles du CAP EPC session 2022 (officielles) ainsi que les grilles officielles du bac pro Accueil ont \u00e9t\u00e9 ajout\u00e9es. Elles ne sont &hellip; <\/p>\n<p><a class=\"more-link block-button\" href=\"https:\/\/ent2d.ac-bordeaux.fr\/disciplines\/commerce-vente\/les-grilles-devaluation-officielles\/\">Lire la Suite &raquo;<\/a><\/p>\n","protected":false},"author":51,"featured_media":0,"parent":0,"menu_order":0,"comment_status":"closed","ping_status":"closed","template":"","meta":{"_bbp_topic_count":0,"_bbp_reply_count":0,"_bbp_total_topic_count":0,"_bbp_total_reply_count":0,"_bbp_voice_count":0,"_bbp_anonymous_reply_count":0,"_bbp_topic_count_hidden":0,"_bbp_reply_count_hidden":0,"_bbp_forum_subforum_count":0,"footnotes":""},"class_list":["post-26","page","type-page","status-publish","hentry","nodate"],"_links":{"self":[{"href":"https:\/\/ent2d.ac-bordeaux.fr\/disciplines\/commerce-vente\/wp-json\/wp\/v2\/pages\/26","targetHints":{"allow":["GET"]}}],"collection":[{"href":"https:\/\/ent2d.ac-bordeaux.fr\/disciplines\/commerce-vente\/wp-json\/wp\/v2\/pages"}],"about":[{"href":"https:\/\/ent2d.ac-bordeaux.fr\/disciplines\/commerce-vente\/wp-json\/wp\/v2\/types\/page"}],"author":[{"embeddable":true,"href":"https:\/\/ent2d.ac-bordeaux.fr\/disciplines\/commerce-vente\/wp-json\/wp\/v2\/users\/51"}],"replies":[{"embeddable":true,"href":"https:\/\/ent2d.ac-bordeaux.fr\/disciplines\/commerce-vente\/wp-json\/wp\/v2\/comments?post=26"}],"version-history":[{"count":54,"href":"https:\/\/ent2d.ac-bordeaux.fr\/disciplines\/commerce-vente\/wp-json\/wp\/v2\/pages\/26\/revisions"}],"predecessor-version":[{"id":28,"href":"https:\/\/ent2d.ac-bordeaux.fr\/disciplines\/commerce-vente\/wp-json\/wp\/v2\/pages\/26\/revisions\/28"}],"wp:attachment":[{"href":"https:\/\/ent2d.ac-bordeaux.fr\/disciplines\/commerce-vente\/wp-json\/wp\/v2\/media?parent=26"}],"curies":[{"name":"wp","href":"https:\/\/api.w.org\/{rel}","templated":true}]}}