{"id":245,"date":"2017-06-05T14:22:39","date_gmt":"2017-06-05T12:22:39","guid":{"rendered":"https:\/\/ent2d.ac-bordeaux.fr\/disciplines\/commerce-vente\/?page_id=245"},"modified":"2021-01-09T15:40:52","modified_gmt":"2021-01-09T14:40:52","slug":"bac-pro-vente","status":"publish","type":"page","link":"https:\/\/ent2d.ac-bordeaux.fr\/disciplines\/commerce-vente\/les-ressources-pedagogiques\/ressources-thematiques\/bac-pro-vente\/","title":{"rendered":"Archives : Ressources Bac Pro Vente (Archiv\u00e9es &#8211; Attention, ces ressources ne correspondent pas au BP MCV, elles peuvent toutefois \u00eatre adapt\u00e9es dans certains cas)"},"content":{"rendered":"<p>Ressources diverses :<\/p>\n<p><a href=\"https:\/\/ent2d.ac-bordeaux.fr\/disciplines\/commerce-vente\/wp-content\/uploads\/sites\/15\/2017\/06\/Morpho-psychologie.docx\">Ressource sur la morphopsychologie (propos\u00e9 par St\u00e9phanie Devert)<\/a><\/p>\n<p><a href=\"https:\/\/ent2d.ac-bordeaux.fr\/disciplines\/commerce-vente\/wp-content\/uploads\/sites\/15\/2017\/06\/PP-la-morphopsychologie.pptx\">PP sur la morphopsychologie (propos\u00e9 par St\u00e9phanie Devert)<\/a><\/p>\n<p>Ressources en n\u00e9gociation :<\/p>\n<p>Ressources en prospection :<\/p>\n<p>Ressources en suivi de la client\u00e8le et fid\u00e9lisation :<\/p>\n<p>Ressources en mercatique :<\/p>\n<p><a href=\"https:\/\/ent2d.ac-bordeaux.fr\/disciplines\/commerce-vente\/wp-content\/uploads\/sites\/15\/2017\/06\/La-mercatique-dossier-\u00e9l\u00e8ve.docx\">La mercatique dossier \u00e9l\u00e8ve (propos\u00e9 par St\u00e9phanie devert)<br \/>\n<\/a><\/p>\n<p><a href=\"https:\/\/ent2d.ac-bordeaux.fr\/disciplines\/commerce-vente\/wp-content\/uploads\/sites\/15\/2017\/06\/La-mercatique-dossier-prof.docx\">La mercatique dossier prof (propos\u00e9 par St\u00e9phanie devert)<\/a><\/p>\n","protected":false},"excerpt":{"rendered":"<p>Ressources diverses : Ressource sur la morphopsychologie (propos\u00e9 par St\u00e9phanie Devert) PP sur la morphopsychologie (propos\u00e9 par St\u00e9phanie Devert) Ressources en n\u00e9gociation : Ressources en prospection : Ressources en suivi de la client\u00e8le et fid\u00e9lisation : Ressources en mercatique : La mercatique dossier \u00e9l\u00e8ve (propos\u00e9 par St\u00e9phanie devert) La mercatique dossier prof (propos\u00e9 par St\u00e9phanie &hellip; <\/p>\n<p><a class=\"more-link block-button\" href=\"https:\/\/ent2d.ac-bordeaux.fr\/disciplines\/commerce-vente\/les-ressources-pedagogiques\/ressources-thematiques\/bac-pro-vente\/\">Lire la Suite &raquo;<\/a><\/p>\n","protected":false},"author":51,"featured_media":0,"parent":236,"menu_order":0,"comment_status":"closed","ping_status":"closed","template":"","meta":{"_bbp_topic_count":0,"_bbp_reply_count":0,"_bbp_total_topic_count":0,"_bbp_total_reply_count":0,"_bbp_voice_count":0,"_bbp_anonymous_reply_count":0,"_bbp_topic_count_hidden":0,"_bbp_reply_count_hidden":0,"_bbp_forum_subforum_count":0,"footnotes":""},"class_list":["post-245","page","type-page","status-publish","hentry","nodate"],"_links":{"self":[{"href":"https:\/\/ent2d.ac-bordeaux.fr\/disciplines\/commerce-vente\/wp-json\/wp\/v2\/pages\/245","targetHints":{"allow":["GET"]}}],"collection":[{"href":"https:\/\/ent2d.ac-bordeaux.fr\/disciplines\/commerce-vente\/wp-json\/wp\/v2\/pages"}],"about":[{"href":"https:\/\/ent2d.ac-bordeaux.fr\/disciplines\/commerce-vente\/wp-json\/wp\/v2\/types\/page"}],"author":[{"embeddable":true,"href":"https:\/\/ent2d.ac-bordeaux.fr\/disciplines\/commerce-vente\/wp-json\/wp\/v2\/users\/51"}],"replies":[{"embeddable":true,"href":"https:\/\/ent2d.ac-bordeaux.fr\/disciplines\/commerce-vente\/wp-json\/wp\/v2\/comments?post=245"}],"version-history":[{"count":6,"href":"https:\/\/ent2d.ac-bordeaux.fr\/disciplines\/commerce-vente\/wp-json\/wp\/v2\/pages\/245\/revisions"}],"predecessor-version":[{"id":2222,"href":"https:\/\/ent2d.ac-bordeaux.fr\/disciplines\/commerce-vente\/wp-json\/wp\/v2\/pages\/245\/revisions\/2222"}],"up":[{"embeddable":true,"href":"https:\/\/ent2d.ac-bordeaux.fr\/disciplines\/commerce-vente\/wp-json\/wp\/v2\/pages\/236"}],"wp:attachment":[{"href":"https:\/\/ent2d.ac-bordeaux.fr\/disciplines\/commerce-vente\/wp-json\/wp\/v2\/media?parent=245"}],"curies":[{"name":"wp","href":"https:\/\/api.w.org\/{rel}","templated":true}]}}