{"id":231,"date":"2017-06-05T12:43:23","date_gmt":"2017-06-05T10:43:23","guid":{"rendered":"https:\/\/ent2d.ac-bordeaux.fr\/disciplines\/commerce-vente\/?page_id=231"},"modified":"2017-06-05T12:45:17","modified_gmt":"2017-06-05T10:45:17","slug":"ressources-transversales","status":"publish","type":"page","link":"https:\/\/ent2d.ac-bordeaux.fr\/disciplines\/commerce-vente\/les-ressources-pedagogiques\/ressources-transversales\/","title":{"rendered":"Ressources transversales"},"content":{"rendered":"<p>Retrouvez dans cette page des liens et des outils li\u00e9s \u00e0 nos pratiques et \u00e0 nos mati\u00e8res :<\/p>\n<p>Lien vers une action de la FCD en partenariat avec Coop de France sur la grande r\u00e9gion Nouvelle Aquitaine<\/p>\n<p>Cet accord pass\u00e9 entre les deux organisation est r\u00e9solument ax\u00e9 sur le d\u00e9veloppement durable. La page d\u00e9di\u00e9e de la FCD vous permettra d&rsquo;avoir une vision g\u00e9n\u00e9rale sur ce projet. Elle vous donne \u00e9galement acc\u00e8s \u00e0 des informations et statistiques sur la r\u00e9gion qui n&rsquo;attendent qu&rsquo;une exploitation p\u00e9dagogique pour gagner en valeur.<\/p>\n<p>Extrait du communiqu\u00e9 de presse de la FCD :<\/p>\n<blockquote>\n<p class=\"Default\" style=\"text-align: justify\"><span style=\"font-size: 11.0pt;font-family: 'Verdana','sans-serif'\">Apr\u00e8s plusieurs rencontres entre les agriculteurs coop\u00e9rateurs et les directeurs de magasins membres de Coop de France et de la FCD Nouvelle Aquitaine, une dynamique de projets partag\u00e9s s\u2019est vite install\u00e9e afin de mieux se conna\u00eetre et organiser des actions cr\u00e9atrices de valeur pour les fili\u00e8res locales. L\u2019objectif commun est bien de r\u00e9pondre aux attentes multiples des consommateurs qui cherchent des produits tra\u00e7ables, ayant un lien avec leurs territoires et r\u00e9pondant \u00e0 leurs aspirations citoyennes.<\/span><\/p>\n<p class=\"Default\" style=\"text-align: justify\"><span style=\"font-size: 11.0pt;font-family: 'Verdana','sans-serif'\">Les pratiques agricoles et industrielles des 270 coop\u00e9ratives et des 150 filiales de transformation r\u00e9gionales, s\u2019inscrivent dans des d\u00e9marches RSE recherch\u00e9es par les distributeurs. <\/span><\/p>\n<\/blockquote>\n<p>&nbsp;<\/p>\n","protected":false},"excerpt":{"rendered":"<p>Retrouvez dans cette page des liens et des outils li\u00e9s \u00e0 nos pratiques et \u00e0 nos mati\u00e8res : Lien vers une action de la FCD en partenariat avec Coop de France sur la grande r\u00e9gion Nouvelle Aquitaine Cet accord pass\u00e9 entre les deux organisation est r\u00e9solument ax\u00e9 sur le d\u00e9veloppement durable. La page d\u00e9di\u00e9e de &hellip; <\/p>\n<p><a class=\"more-link block-button\" href=\"https:\/\/ent2d.ac-bordeaux.fr\/disciplines\/commerce-vente\/les-ressources-pedagogiques\/ressources-transversales\/\">Lire la Suite &raquo;<\/a><\/p>\n","protected":false},"author":51,"featured_media":0,"parent":100,"menu_order":1,"comment_status":"closed","ping_status":"closed","template":"","meta":{"_bbp_topic_count":0,"_bbp_reply_count":0,"_bbp_total_topic_count":0,"_bbp_total_reply_count":0,"_bbp_voice_count":0,"_bbp_anonymous_reply_count":0,"_bbp_topic_count_hidden":0,"_bbp_reply_count_hidden":0,"_bbp_forum_subforum_count":0,"footnotes":""},"class_list":["post-231","page","type-page","status-publish","hentry","nodate"],"_links":{"self":[{"href":"https:\/\/ent2d.ac-bordeaux.fr\/disciplines\/commerce-vente\/wp-json\/wp\/v2\/pages\/231","targetHints":{"allow":["GET"]}}],"collection":[{"href":"https:\/\/ent2d.ac-bordeaux.fr\/disciplines\/commerce-vente\/wp-json\/wp\/v2\/pages"}],"about":[{"href":"https:\/\/ent2d.ac-bordeaux.fr\/disciplines\/commerce-vente\/wp-json\/wp\/v2\/types\/page"}],"author":[{"embeddable":true,"href":"https:\/\/ent2d.ac-bordeaux.fr\/disciplines\/commerce-vente\/wp-json\/wp\/v2\/users\/51"}],"replies":[{"embeddable":true,"href":"https:\/\/ent2d.ac-bordeaux.fr\/disciplines\/commerce-vente\/wp-json\/wp\/v2\/comments?post=231"}],"version-history":[{"count":1,"href":"https:\/\/ent2d.ac-bordeaux.fr\/disciplines\/commerce-vente\/wp-json\/wp\/v2\/pages\/231\/revisions"}],"predecessor-version":[{"id":233,"href":"https:\/\/ent2d.ac-bordeaux.fr\/disciplines\/commerce-vente\/wp-json\/wp\/v2\/pages\/231\/revisions\/233"}],"up":[{"embeddable":true,"href":"https:\/\/ent2d.ac-bordeaux.fr\/disciplines\/commerce-vente\/wp-json\/wp\/v2\/pages\/100"}],"wp:attachment":[{"href":"https:\/\/ent2d.ac-bordeaux.fr\/disciplines\/commerce-vente\/wp-json\/wp\/v2\/media?parent=231"}],"curies":[{"name":"wp","href":"https:\/\/api.w.org\/{rel}","templated":true}]}}